{"id":391894,"date":"2026-04-05T14:24:16","date_gmt":"2026-04-05T12:24:16","guid":{"rendered":"https:\/\/bogensportdiscount.ch\/produkt\/last-chance-portable-presses-pack-n-go-compound-bows-ata-25-48\/"},"modified":"2026-05-14T07:13:33","modified_gmt":"2026-05-14T05:13:33","slug":"lastchance-tragbare-bogenpresse-pack-n-go-compound-bogen-ata-25-48","status":"publish","type":"product","link":"https:\/\/bogensportdiscount.ch\/fr\/produit\/lastchance-tragbare-bogenpresse-pack-n-go-compound-bogen-ata-25-48\/","title":{"rendered":"LAST CHANCE PRESSES PORTABLES PACK N GO &#8211; ARC \u00c0 POULIES ATA 25&#8243;-48"},"content":{"rendered":"<p>La LASTCHANCE Pack N Go est une presse \u00e0 arc portable, con\u00e7ue sp\u00e9cialement pour les arcs \u00e0 poulies avec un axe \u00e0 axe (ATA) de 25&#8243; \u00e0 48&#8243;. Gr\u00e2ce \u00e0 sa conception compacte et l\u00e9g\u00e8re, elle se transporte facilement et peut \u00eatre utilis\u00e9e en dehors de l'atelier \u2013 id\u00e9ale pour la chasse, les parcours 3D ou les tournois.<\/p>\n<p>Avec la Pack N Go, les op\u00e9rations de service telles que le remplacement de corde et de c\u00e2ble, le montage du D-Loop ou le r\u00e9glage du syst\u00e8me de cam peuvent \u00eatre effectu\u00e9es en toute s\u00e9curit\u00e9 et sans assistance. La presse met l'arc sous tension de mani\u00e8re contr\u00f4l\u00e9e et m\u00e9nag\u00e9e, sans solliciter les branches ni les autres composants.<\/p>\n<ul>\n<li>Plage ATA : 25&#8243; \u00e0 48&#8243; \u2013 compatible avec la plupart des arcs \u00e0 poulies courants<\/li>\n<li>Design portable et compact pour une utilisation en d\u00e9placement<\/li>\n<li>Permet les travaux sur corde et c\u00e2ble en toute autonomie<\/li>\n<li>Aucun montage mural ni support suppl\u00e9mentaire requis<\/li>\n<\/ul>","protected":false},"excerpt":{"rendered":"<table>\n<tr>\n<th>Propri\u00e9t\u00e9<\/th>\n<th>Valeur<\/th>\n<\/tr>\n<tr>\n<td>Marque<\/td>\n<td>Last Chance<\/td>\n<\/tr>\n<tr>\n<td>Pays d'origine<\/td>\n<td>USA<\/td>\n<\/tr>\n<tr>\n<td>GTIN<\/td>\n<td>853510008000<\/td>\n<\/tr>\n<\/table>","protected":false},"featured_media":442836,"comment_status":"open","ping_status":"closed","template":"","meta":[],"product_brand":[499],"product_cat":[4121,4562,27444],"product_tag":[3546],"class_list":{"0":"post-391894","1":"product","2":"type-product","3":"status-publish","4":"has-post-thumbnail","6":"product_brand-lastchance","7":"product_cat-werkzeuge-training","8":"product_cat-portable-presses-bogenpresse-zubehoer-einzelteile-werkzeuge-training","9":"product_cat-bogenpresse-zubehoer-einzelteile","10":"product_tag-neuheit","11":"product_shipping_class-bsd-sperrgut","13":"first","14":"instock","15":"shipping-taxable","16":"purchasable","17":"product-type-simple"},"yoast_head":"<!-- This site is optimized with the Yoast SEO plugin v27.6 - https:\/\/yoast.com\/product\/yoast-seo-wordpress\/ -->\n<title>LAST CHANCE PORTABLE PRESSES PACK N GO - COMPOUNDBOGEN ATA 25&quot;-48 - Bogensportdiscount \u2013 B\u00f6gen, Pfeile, Targets &amp; Zubeh\u00f6r<\/title>\n<meta name=\"description\" content=\"LAST CHANCE PORTABLE PRESSES PACK N GO - COMPOUNDBOGEN ATA 25&quot;-48 g\u00fcnstig kaufen bei Bogensportdiscount \u2013 Top-Marken, schneller Versand aus der Schweiz.\" \/>\n<meta name=\"robots\" content=\"index, follow, max-snippet:-1, max-image-preview:large, max-video-preview:-1\" \/>\n<link rel=\"canonical\" href=\"https:\/\/bogensportdiscount.ch\/fr\/produit\/lastchance-tragbare-bogenpresse-pack-n-go-compound-bogen-ata-25-48\/\" \/>\n<meta property=\"og:locale\" content=\"fr_FR\" \/>\n<meta property=\"og:type\" content=\"article\" \/>\n<meta property=\"og:title\" content=\"LAST CHANCE PORTABLE PRESSES PACK N GO - COMPOUNDBOGEN ATA 25&quot;-48 - Bogensportdiscount \u2013 B\u00f6gen, Pfeile, Targets &amp; Zubeh\u00f6r\" \/>\n<meta property=\"og:description\" content=\"LAST CHANCE PORTABLE PRESSES PACK N GO - COMPOUNDBOGEN ATA 25&quot;-48 g\u00fcnstig kaufen bei Bogensportdiscount \u2013 Top-Marken, schneller Versand aus der Schweiz.\" \/>\n<meta property=\"og:url\" content=\"https:\/\/bogensportdiscount.ch\/fr\/produit\/lastchance-tragbare-bogenpresse-pack-n-go-compound-bogen-ata-25-48\/\" \/>\n<meta property=\"og:site_name\" content=\"Bogensportdiscount \u2013 B\u00f6gen, Pfeile, Targets &amp; Zubeh\u00f6r\" \/>\n<meta property=\"article:modified_time\" content=\"2026-05-14T05:13:33+00:00\" \/>\n<meta property=\"og:image\" content=\"https:\/\/bogensportdiscount.ch\/wp-content\/uploads\/bsm-images\/A018459_1.png\" \/>\n\t<meta property=\"og:image:width\" content=\"3526\" \/>\n\t<meta property=\"og:image:height\" content=\"1412\" \/>\n\t<meta property=\"og:image:type\" content=\"image\/png\" \/>\n<meta name=\"twitter:card\" content=\"summary_large_image\" \/>\n<meta name=\"twitter:label1\" content=\"Dur\u00e9e de lecture estim\u00e9e\" \/>\n\t<meta name=\"twitter:data1\" content=\"1 minute\" \/>\n<script type=\"application\/ld+json\" class=\"yoast-schema-graph\">{\"@context\":\"https:\\\/\\\/schema.org\",\"@graph\":[{\"@type\":\"WebPage\",\"@id\":\"https:\\\/\\\/bogensportdiscount.ch\\\/produkt\\\/lastchance-tragbare-bogenpresse-pack-n-go-compound-bogen-ata-25-48\\\/\",\"url\":\"https:\\\/\\\/bogensportdiscount.ch\\\/produkt\\\/lastchance-tragbare-bogenpresse-pack-n-go-compound-bogen-ata-25-48\\\/\",\"name\":\"LAST CHANCE PORTABLE PRESSES PACK N GO - COMPOUNDBOGEN ATA 25\\\"-48 - Bogensportdiscount \u2013 B\u00f6gen, Pfeile, Targets &amp; Zubeh\u00f6r\",\"isPartOf\":{\"@id\":\"https:\\\/\\\/bogensportdiscount.ch\\\/#website\"},\"primaryImageOfPage\":{\"@id\":\"https:\\\/\\\/bogensportdiscount.ch\\\/produkt\\\/lastchance-tragbare-bogenpresse-pack-n-go-compound-bogen-ata-25-48\\\/#primaryimage\"},\"image\":{\"@id\":\"https:\\\/\\\/bogensportdiscount.ch\\\/produkt\\\/lastchance-tragbare-bogenpresse-pack-n-go-compound-bogen-ata-25-48\\\/#primaryimage\"},\"thumbnailUrl\":\"https:\\\/\\\/bogensportdiscount.ch\\\/wp-content\\\/uploads\\\/bsm-images\\\/A018459_1.png\",\"datePublished\":\"2026-04-05T12:24:16+00:00\",\"dateModified\":\"2026-05-14T05:13:33+00:00\",\"description\":\"LAST CHANCE PORTABLE PRESSES PACK N GO - COMPOUNDBOGEN ATA 25\\\"-48 g\u00fcnstig kaufen bei Bogensportdiscount \u2013 Top-Marken, schneller Versand aus der Schweiz.\",\"breadcrumb\":{\"@id\":\"https:\\\/\\\/bogensportdiscount.ch\\\/produkt\\\/lastchance-tragbare-bogenpresse-pack-n-go-compound-bogen-ata-25-48\\\/#breadcrumb\"},\"inLanguage\":\"fr-FR\",\"potentialAction\":[{\"@type\":\"ReadAction\",\"target\":[\"https:\\\/\\\/bogensportdiscount.ch\\\/produkt\\\/lastchance-tragbare-bogenpresse-pack-n-go-compound-bogen-ata-25-48\\\/\"]}]},{\"@type\":\"ImageObject\",\"inLanguage\":\"fr-FR\",\"@id\":\"https:\\\/\\\/bogensportdiscount.ch\\\/produkt\\\/lastchance-tragbare-bogenpresse-pack-n-go-compound-bogen-ata-25-48\\\/#primaryimage\",\"url\":\"https:\\\/\\\/bogensportdiscount.ch\\\/wp-content\\\/uploads\\\/bsm-images\\\/A018459_1.png\",\"contentUrl\":\"https:\\\/\\\/bogensportdiscount.ch\\\/wp-content\\\/uploads\\\/bsm-images\\\/A018459_1.png\",\"width\":3526,\"height\":1412},{\"@type\":\"BreadcrumbList\",\"@id\":\"https:\\\/\\\/bogensportdiscount.ch\\\/produkt\\\/lastchance-tragbare-bogenpresse-pack-n-go-compound-bogen-ata-25-48\\\/#breadcrumb\",\"itemListElement\":[{\"@type\":\"ListItem\",\"position\":1,\"name\":\"Home\",\"item\":\"https:\\\/\\\/bogensportdiscount.ch\\\/\"},{\"@type\":\"ListItem\",\"position\":2,\"name\":\"Shop\",\"item\":\"https:\\\/\\\/bogensportdiscount.ch\\\/shop\\\/\"},{\"@type\":\"ListItem\",\"position\":3,\"name\":\"LAST CHANCE PORTABLE PRESSES PACK N GO &#8211; COMPOUND BOWS ATA 25&#8243;-48\"}]},{\"@type\":\"WebSite\",\"@id\":\"https:\\\/\\\/bogensportdiscount.ch\\\/#website\",\"url\":\"https:\\\/\\\/bogensportdiscount.ch\\\/\",\"name\":\"Bogensportdiscount\",\"description\":\"\",\"potentialAction\":[{\"@type\":\"SearchAction\",\"target\":{\"@type\":\"EntryPoint\",\"urlTemplate\":\"https:\\\/\\\/bogensportdiscount.ch\\\/?s={search_term_string}\"},\"query-input\":{\"@type\":\"PropertyValueSpecification\",\"valueRequired\":true,\"valueName\":\"search_term_string\"}}],\"inLanguage\":\"fr-FR\"}]}<\/script>\n<!-- \/ Yoast SEO plugin. -->","yoast_head_json":{"title":"LAST CHANCE PORTABLE PRESSES PACK N GO - COMPOUNDBOGEN ATA 25\"-48 - Bogensportdiscount \u2013 B\u00f6gen, Pfeile, Targets &amp; Zubeh\u00f6r","description":"LAST CHANCE PORTABLE PRESSES PACK N GO - COMPOUNDBOGEN ATA 25\"-48 g\u00fcnstig kaufen bei Bogensportdiscount \u2013 Top-Marken, schneller Versand aus der Schweiz.","robots":{"index":"index","follow":"follow","max-snippet":"max-snippet:-1","max-image-preview":"max-image-preview:large","max-video-preview":"max-video-preview:-1"},"canonical":"https:\/\/bogensportdiscount.ch\/fr\/produit\/lastchance-tragbare-bogenpresse-pack-n-go-compound-bogen-ata-25-48\/","og_locale":"fr_FR","og_type":"article","og_title":"LAST CHANCE PORTABLE PRESSES PACK N GO - COMPOUNDBOGEN ATA 25\"-48 - Bogensportdiscount \u2013 B\u00f6gen, Pfeile, Targets &amp; Zubeh\u00f6r","og_description":"LAST CHANCE PORTABLE PRESSES PACK N GO - COMPOUNDBOGEN ATA 25\"-48 g\u00fcnstig kaufen bei Bogensportdiscount \u2013 Top-Marken, schneller Versand aus der Schweiz.","og_url":"https:\/\/bogensportdiscount.ch\/fr\/produit\/lastchance-tragbare-bogenpresse-pack-n-go-compound-bogen-ata-25-48\/","og_site_name":"Bogensportdiscount \u2013 B\u00f6gen, Pfeile, Targets &amp; Zubeh\u00f6r","article_modified_time":"2026-05-14T05:13:33+00:00","og_image":[{"url":"https:\/\/bogensportdiscount.ch\/wp-content\/uploads\/bsm-images\/A018459_1.png","width":3526,"height":1412,"type":"image\/png"}],"twitter_card":"summary_large_image","twitter_misc":{"Dur\u00e9e de lecture estim\u00e9e":"1 minute"},"schema":{"@context":"https:\/\/schema.org","@graph":[{"@type":"WebPage","@id":"https:\/\/bogensportdiscount.ch\/produkt\/lastchance-tragbare-bogenpresse-pack-n-go-compound-bogen-ata-25-48\/","url":"https:\/\/bogensportdiscount.ch\/produkt\/lastchance-tragbare-bogenpresse-pack-n-go-compound-bogen-ata-25-48\/","name":"LAST CHANCE PORTABLE PRESSES PACK N GO - COMPOUNDBOGEN ATA 25\"-48 - Bogensportdiscount \u2013 B\u00f6gen, Pfeile, Targets &amp; Zubeh\u00f6r","isPartOf":{"@id":"https:\/\/bogensportdiscount.ch\/#website"},"primaryImageOfPage":{"@id":"https:\/\/bogensportdiscount.ch\/produkt\/lastchance-tragbare-bogenpresse-pack-n-go-compound-bogen-ata-25-48\/#primaryimage"},"image":{"@id":"https:\/\/bogensportdiscount.ch\/produkt\/lastchance-tragbare-bogenpresse-pack-n-go-compound-bogen-ata-25-48\/#primaryimage"},"thumbnailUrl":"https:\/\/bogensportdiscount.ch\/wp-content\/uploads\/bsm-images\/A018459_1.png","datePublished":"2026-04-05T12:24:16+00:00","dateModified":"2026-05-14T05:13:33+00:00","description":"LAST CHANCE PORTABLE PRESSES PACK N GO - COMPOUNDBOGEN ATA 25\"-48 g\u00fcnstig kaufen bei Bogensportdiscount \u2013 Top-Marken, schneller Versand aus der Schweiz.","breadcrumb":{"@id":"https:\/\/bogensportdiscount.ch\/produkt\/lastchance-tragbare-bogenpresse-pack-n-go-compound-bogen-ata-25-48\/#breadcrumb"},"inLanguage":"fr-FR","potentialAction":[{"@type":"ReadAction","target":["https:\/\/bogensportdiscount.ch\/produkt\/lastchance-tragbare-bogenpresse-pack-n-go-compound-bogen-ata-25-48\/"]}]},{"@type":"ImageObject","inLanguage":"fr-FR","@id":"https:\/\/bogensportdiscount.ch\/produkt\/lastchance-tragbare-bogenpresse-pack-n-go-compound-bogen-ata-25-48\/#primaryimage","url":"https:\/\/bogensportdiscount.ch\/wp-content\/uploads\/bsm-images\/A018459_1.png","contentUrl":"https:\/\/bogensportdiscount.ch\/wp-content\/uploads\/bsm-images\/A018459_1.png","width":3526,"height":1412},{"@type":"BreadcrumbList","@id":"https:\/\/bogensportdiscount.ch\/produkt\/lastchance-tragbare-bogenpresse-pack-n-go-compound-bogen-ata-25-48\/#breadcrumb","itemListElement":[{"@type":"ListItem","position":1,"name":"Home","item":"https:\/\/bogensportdiscount.ch\/"},{"@type":"ListItem","position":2,"name":"Shop","item":"https:\/\/bogensportdiscount.ch\/shop\/"},{"@type":"ListItem","position":3,"name":"LAST CHANCE PORTABLE PRESSES PACK N GO &#8211; COMPOUND BOWS ATA 25&#8243;-48"}]},{"@type":"WebSite","@id":"https:\/\/bogensportdiscount.ch\/#website","url":"https:\/\/bogensportdiscount.ch\/","name":"Bogensportdiscount","description":"","potentialAction":[{"@type":"SearchAction","target":{"@type":"EntryPoint","urlTemplate":"https:\/\/bogensportdiscount.ch\/?s={search_term_string}"},"query-input":{"@type":"PropertyValueSpecification","valueRequired":true,"valueName":"search_term_string"}}],"inLanguage":"fr-FR"}]}},"_links":{"self":[{"href":"https:\/\/bogensportdiscount.ch\/fr\/wp-json\/wp\/v2\/product\/391894","targetHints":{"allow":["GET"]}}],"collection":[{"href":"https:\/\/bogensportdiscount.ch\/fr\/wp-json\/wp\/v2\/product"}],"about":[{"href":"https:\/\/bogensportdiscount.ch\/fr\/wp-json\/wp\/v2\/types\/product"}],"replies":[{"embeddable":true,"href":"https:\/\/bogensportdiscount.ch\/fr\/wp-json\/wp\/v2\/comments?post=391894"}],"wp:featuredmedia":[{"embeddable":true,"href":"https:\/\/bogensportdiscount.ch\/fr\/wp-json\/wp\/v2\/media\/442836"}],"wp:attachment":[{"href":"https:\/\/bogensportdiscount.ch\/fr\/wp-json\/wp\/v2\/media?parent=391894"}],"wp:term":[{"taxonomy":"product_brand","embeddable":true,"href":"https:\/\/bogensportdiscount.ch\/fr\/wp-json\/wp\/v2\/product_brand?post=391894"},{"taxonomy":"product_cat","embeddable":true,"href":"https:\/\/bogensportdiscount.ch\/fr\/wp-json\/wp\/v2\/product_cat?post=391894"},{"taxonomy":"product_tag","embeddable":true,"href":"https:\/\/bogensportdiscount.ch\/fr\/wp-json\/wp\/v2\/product_tag?post=391894"}],"curies":[{"name":"wp","href":"https:\/\/api.w.org\/{rel}","templated":true}]}}