{"id":391890,"date":"2026-04-05T14:24:15","date_gmt":"2026-04-05T12:24:15","guid":{"rendered":"https:\/\/bogensportdiscount.ch\/produkt\/last-chance-bow-presses-ez-green-compound-bows-ata-28-48\/"},"modified":"2026-05-14T07:13:33","modified_gmt":"2026-05-14T05:13:33","slug":"last-chance-bogenpresse-ez-green-compound-bogen-ata-28-48","status":"publish","type":"product","link":"https:\/\/bogensportdiscount.ch\/fr\/produit\/last-chance-bogenpresse-ez-green-compound-bogen-ata-28-48\/","title":{"rendered":"LAST CHANCE BOW PRESSES EZ GREEN &#8211; ARC \u00c0 POULIES ATA 28&#8243;-48"},"content":{"rendered":"<p>La presse \u00e0 arc Last Chance EZ Green est con\u00e7ue pour les arcs \u00e0 poulies avec un entraxe (ATA) de 28&#8243; \u00e0 48&#8243;. Elle offre une base stable pour les travaux d'entretien et de r\u00e9glage sur l'arc et convient aussi bien pour une utilisation en atelier que dans un magasin sp\u00e9cialis\u00e9 de tir \u00e0 l'arc.<\/p>\n<p>Avec la EZ Green, il est possible de d\u00e9charger en toute s\u00e9curit\u00e9 la corde, les c\u00e2bles et les excentriques afin d'effectuer des travaux d'entretien tels que le remplacement de la corde ou des c\u00e2bles, le r\u00e9glage de l'allonge ainsi que le contr\u00f4le des excentriques.<\/p>\n<ul>\n<li>Plage ATA : 28&#8243; \u00e0 48&#8243;<\/li>\n<li>Adapt\u00e9 aux arcs \u00e0 poulies courants<\/li>\n<li>Construction stable pour l'atelier et le magasin<\/li>\n<li>Permet une d\u00e9charge s\u00e9curis\u00e9e de la corde et des c\u00e2bles<\/li>\n<\/ul>","protected":false},"excerpt":{"rendered":"<table>\n<tr>\n<th>Propri\u00e9t\u00e9<\/th>\n<th>Valeur<\/th>\n<\/tr>\n<tr>\n<td>Marque<\/td>\n<td>Last Chance<\/td>\n<\/tr>\n<tr>\n<td>Pays d'origine<\/td>\n<td>USA<\/td>\n<\/tr>\n<tr>\n<td>GTIN<\/td>\n<td>853372005216<\/td>\n<\/tr>\n<\/table>","protected":false},"featured_media":442843,"comment_status":"open","ping_status":"closed","template":"","meta":[],"product_brand":[499],"product_cat":[4121,4562,27444],"product_tag":[3546],"class_list":{"0":"post-391890","1":"product","2":"type-product","3":"status-publish","4":"has-post-thumbnail","6":"product_brand-lastchance","7":"product_cat-werkzeuge-training","8":"product_cat-portable-presses-bogenpresse-zubehoer-einzelteile-werkzeuge-training","9":"product_cat-bogenpresse-zubehoer-einzelteile","10":"product_tag-neuheit","11":"product_shipping_class-bsd-sperrgut","13":"first","14":"instock","15":"shipping-taxable","16":"purchasable","17":"product-type-simple"},"yoast_head":"<!-- This site is optimized with the Yoast SEO plugin v27.6 - https:\/\/yoast.com\/product\/yoast-seo-wordpress\/ -->\n<title>LAST CHANCE BOW PRESSES EZ GREEN - COMPOUNDBOGEN ATA 28&quot;-48 - Bogensportdiscount \u2013 B\u00f6gen, Pfeile, Targets &amp; Zubeh\u00f6r<\/title>\n<meta name=\"description\" content=\"LAST CHANCE BOW PRESSES EZ GREEN - COMPOUNDBOGEN ATA 28&quot;-48 g\u00fcnstig kaufen bei Bogensportdiscount \u2013 Top-Marken, schneller Versand aus der Schweiz.\" \/>\n<meta name=\"robots\" content=\"index, follow, max-snippet:-1, max-image-preview:large, max-video-preview:-1\" \/>\n<link rel=\"canonical\" href=\"https:\/\/bogensportdiscount.ch\/fr\/produit\/last-chance-bogenpresse-ez-green-compound-bogen-ata-28-48\/\" \/>\n<meta property=\"og:locale\" content=\"fr_FR\" \/>\n<meta property=\"og:type\" content=\"article\" \/>\n<meta property=\"og:title\" content=\"LAST CHANCE BOW PRESSES EZ GREEN - COMPOUNDBOGEN ATA 28&quot;-48 - Bogensportdiscount \u2013 B\u00f6gen, Pfeile, Targets &amp; Zubeh\u00f6r\" \/>\n<meta property=\"og:description\" content=\"LAST CHANCE BOW PRESSES EZ GREEN - COMPOUNDBOGEN ATA 28&quot;-48 g\u00fcnstig kaufen bei Bogensportdiscount \u2013 Top-Marken, schneller Versand aus der Schweiz.\" \/>\n<meta property=\"og:url\" content=\"https:\/\/bogensportdiscount.ch\/fr\/produit\/last-chance-bogenpresse-ez-green-compound-bogen-ata-28-48\/\" \/>\n<meta property=\"og:site_name\" content=\"Bogensportdiscount \u2013 B\u00f6gen, Pfeile, Targets &amp; Zubeh\u00f6r\" \/>\n<meta property=\"article:modified_time\" content=\"2026-05-14T05:13:33+00:00\" \/>\n<meta property=\"og:image\" content=\"https:\/\/bogensportdiscount.ch\/wp-content\/uploads\/bsm-images\/A018452_1.png\" \/>\n\t<meta property=\"og:image:width\" content=\"3388\" \/>\n\t<meta property=\"og:image:height\" content=\"1419\" \/>\n\t<meta property=\"og:image:type\" content=\"image\/png\" \/>\n<meta name=\"twitter:card\" content=\"summary_large_image\" \/>\n<script type=\"application\/ld+json\" class=\"yoast-schema-graph\">{\"@context\":\"https:\\\/\\\/schema.org\",\"@graph\":[{\"@type\":\"WebPage\",\"@id\":\"https:\\\/\\\/bogensportdiscount.ch\\\/produkt\\\/last-chance-bogenpresse-ez-green-compound-bogen-ata-28-48\\\/\",\"url\":\"https:\\\/\\\/bogensportdiscount.ch\\\/produkt\\\/last-chance-bogenpresse-ez-green-compound-bogen-ata-28-48\\\/\",\"name\":\"LAST CHANCE BOW PRESSES EZ GREEN - COMPOUNDBOGEN ATA 28\\\"-48 - Bogensportdiscount \u2013 B\u00f6gen, Pfeile, Targets &amp; Zubeh\u00f6r\",\"isPartOf\":{\"@id\":\"https:\\\/\\\/bogensportdiscount.ch\\\/#website\"},\"primaryImageOfPage\":{\"@id\":\"https:\\\/\\\/bogensportdiscount.ch\\\/produkt\\\/last-chance-bogenpresse-ez-green-compound-bogen-ata-28-48\\\/#primaryimage\"},\"image\":{\"@id\":\"https:\\\/\\\/bogensportdiscount.ch\\\/produkt\\\/last-chance-bogenpresse-ez-green-compound-bogen-ata-28-48\\\/#primaryimage\"},\"thumbnailUrl\":\"https:\\\/\\\/bogensportdiscount.ch\\\/wp-content\\\/uploads\\\/bsm-images\\\/A018452_1.png\",\"datePublished\":\"2026-04-05T12:24:15+00:00\",\"dateModified\":\"2026-05-14T05:13:33+00:00\",\"description\":\"LAST CHANCE BOW PRESSES EZ GREEN - COMPOUNDBOGEN ATA 28\\\"-48 g\u00fcnstig kaufen bei Bogensportdiscount \u2013 Top-Marken, schneller Versand aus der Schweiz.\",\"breadcrumb\":{\"@id\":\"https:\\\/\\\/bogensportdiscount.ch\\\/produkt\\\/last-chance-bogenpresse-ez-green-compound-bogen-ata-28-48\\\/#breadcrumb\"},\"inLanguage\":\"fr-FR\",\"potentialAction\":[{\"@type\":\"ReadAction\",\"target\":[\"https:\\\/\\\/bogensportdiscount.ch\\\/produkt\\\/last-chance-bogenpresse-ez-green-compound-bogen-ata-28-48\\\/\"]}]},{\"@type\":\"ImageObject\",\"inLanguage\":\"fr-FR\",\"@id\":\"https:\\\/\\\/bogensportdiscount.ch\\\/produkt\\\/last-chance-bogenpresse-ez-green-compound-bogen-ata-28-48\\\/#primaryimage\",\"url\":\"https:\\\/\\\/bogensportdiscount.ch\\\/wp-content\\\/uploads\\\/bsm-images\\\/A018452_1.png\",\"contentUrl\":\"https:\\\/\\\/bogensportdiscount.ch\\\/wp-content\\\/uploads\\\/bsm-images\\\/A018452_1.png\",\"width\":3388,\"height\":1419},{\"@type\":\"BreadcrumbList\",\"@id\":\"https:\\\/\\\/bogensportdiscount.ch\\\/produkt\\\/last-chance-bogenpresse-ez-green-compound-bogen-ata-28-48\\\/#breadcrumb\",\"itemListElement\":[{\"@type\":\"ListItem\",\"position\":1,\"name\":\"Home\",\"item\":\"https:\\\/\\\/bogensportdiscount.ch\\\/\"},{\"@type\":\"ListItem\",\"position\":2,\"name\":\"Shop\",\"item\":\"https:\\\/\\\/bogensportdiscount.ch\\\/shop\\\/\"},{\"@type\":\"ListItem\",\"position\":3,\"name\":\"LAST CHANCE BOW PRESSES EZ GREEN &#8211; COMPOUND BOWS ATA 28&#8243;-48\"}]},{\"@type\":\"WebSite\",\"@id\":\"https:\\\/\\\/bogensportdiscount.ch\\\/#website\",\"url\":\"https:\\\/\\\/bogensportdiscount.ch\\\/\",\"name\":\"Bogensportdiscount\",\"description\":\"\",\"potentialAction\":[{\"@type\":\"SearchAction\",\"target\":{\"@type\":\"EntryPoint\",\"urlTemplate\":\"https:\\\/\\\/bogensportdiscount.ch\\\/?s={search_term_string}\"},\"query-input\":{\"@type\":\"PropertyValueSpecification\",\"valueRequired\":true,\"valueName\":\"search_term_string\"}}],\"inLanguage\":\"fr-FR\"}]}<\/script>\n<!-- \/ Yoast SEO plugin. -->","yoast_head_json":{"title":"LAST CHANCE BOW PRESSES EZ GREEN - COMPOUNDBOGEN ATA 28\"-48 - Bogensportdiscount \u2013 B\u00f6gen, Pfeile, Targets &amp; Zubeh\u00f6r","description":"LAST CHANCE BOW PRESSES EZ GREEN - COMPOUNDBOGEN ATA 28\"-48 g\u00fcnstig kaufen bei Bogensportdiscount \u2013 Top-Marken, schneller Versand aus der Schweiz.","robots":{"index":"index","follow":"follow","max-snippet":"max-snippet:-1","max-image-preview":"max-image-preview:large","max-video-preview":"max-video-preview:-1"},"canonical":"https:\/\/bogensportdiscount.ch\/fr\/produit\/last-chance-bogenpresse-ez-green-compound-bogen-ata-28-48\/","og_locale":"fr_FR","og_type":"article","og_title":"LAST CHANCE BOW PRESSES EZ GREEN - COMPOUNDBOGEN ATA 28\"-48 - Bogensportdiscount \u2013 B\u00f6gen, Pfeile, Targets &amp; Zubeh\u00f6r","og_description":"LAST CHANCE BOW PRESSES EZ GREEN - COMPOUNDBOGEN ATA 28\"-48 g\u00fcnstig kaufen bei Bogensportdiscount \u2013 Top-Marken, schneller Versand aus der Schweiz.","og_url":"https:\/\/bogensportdiscount.ch\/fr\/produit\/last-chance-bogenpresse-ez-green-compound-bogen-ata-28-48\/","og_site_name":"Bogensportdiscount \u2013 B\u00f6gen, Pfeile, Targets &amp; Zubeh\u00f6r","article_modified_time":"2026-05-14T05:13:33+00:00","og_image":[{"url":"https:\/\/bogensportdiscount.ch\/wp-content\/uploads\/bsm-images\/A018452_1.png","width":3388,"height":1419,"type":"image\/png"}],"twitter_card":"summary_large_image","schema":{"@context":"https:\/\/schema.org","@graph":[{"@type":"WebPage","@id":"https:\/\/bogensportdiscount.ch\/produkt\/last-chance-bogenpresse-ez-green-compound-bogen-ata-28-48\/","url":"https:\/\/bogensportdiscount.ch\/produkt\/last-chance-bogenpresse-ez-green-compound-bogen-ata-28-48\/","name":"LAST CHANCE BOW PRESSES EZ GREEN - COMPOUNDBOGEN ATA 28\"-48 - Bogensportdiscount \u2013 B\u00f6gen, Pfeile, Targets &amp; Zubeh\u00f6r","isPartOf":{"@id":"https:\/\/bogensportdiscount.ch\/#website"},"primaryImageOfPage":{"@id":"https:\/\/bogensportdiscount.ch\/produkt\/last-chance-bogenpresse-ez-green-compound-bogen-ata-28-48\/#primaryimage"},"image":{"@id":"https:\/\/bogensportdiscount.ch\/produkt\/last-chance-bogenpresse-ez-green-compound-bogen-ata-28-48\/#primaryimage"},"thumbnailUrl":"https:\/\/bogensportdiscount.ch\/wp-content\/uploads\/bsm-images\/A018452_1.png","datePublished":"2026-04-05T12:24:15+00:00","dateModified":"2026-05-14T05:13:33+00:00","description":"LAST CHANCE BOW PRESSES EZ GREEN - COMPOUNDBOGEN ATA 28\"-48 g\u00fcnstig kaufen bei Bogensportdiscount \u2013 Top-Marken, schneller Versand aus der Schweiz.","breadcrumb":{"@id":"https:\/\/bogensportdiscount.ch\/produkt\/last-chance-bogenpresse-ez-green-compound-bogen-ata-28-48\/#breadcrumb"},"inLanguage":"fr-FR","potentialAction":[{"@type":"ReadAction","target":["https:\/\/bogensportdiscount.ch\/produkt\/last-chance-bogenpresse-ez-green-compound-bogen-ata-28-48\/"]}]},{"@type":"ImageObject","inLanguage":"fr-FR","@id":"https:\/\/bogensportdiscount.ch\/produkt\/last-chance-bogenpresse-ez-green-compound-bogen-ata-28-48\/#primaryimage","url":"https:\/\/bogensportdiscount.ch\/wp-content\/uploads\/bsm-images\/A018452_1.png","contentUrl":"https:\/\/bogensportdiscount.ch\/wp-content\/uploads\/bsm-images\/A018452_1.png","width":3388,"height":1419},{"@type":"BreadcrumbList","@id":"https:\/\/bogensportdiscount.ch\/produkt\/last-chance-bogenpresse-ez-green-compound-bogen-ata-28-48\/#breadcrumb","itemListElement":[{"@type":"ListItem","position":1,"name":"Home","item":"https:\/\/bogensportdiscount.ch\/"},{"@type":"ListItem","position":2,"name":"Shop","item":"https:\/\/bogensportdiscount.ch\/shop\/"},{"@type":"ListItem","position":3,"name":"LAST CHANCE BOW PRESSES EZ GREEN &#8211; COMPOUND BOWS ATA 28&#8243;-48"}]},{"@type":"WebSite","@id":"https:\/\/bogensportdiscount.ch\/#website","url":"https:\/\/bogensportdiscount.ch\/","name":"Bogensportdiscount","description":"","potentialAction":[{"@type":"SearchAction","target":{"@type":"EntryPoint","urlTemplate":"https:\/\/bogensportdiscount.ch\/?s={search_term_string}"},"query-input":{"@type":"PropertyValueSpecification","valueRequired":true,"valueName":"search_term_string"}}],"inLanguage":"fr-FR"}]}},"_links":{"self":[{"href":"https:\/\/bogensportdiscount.ch\/fr\/wp-json\/wp\/v2\/product\/391890","targetHints":{"allow":["GET"]}}],"collection":[{"href":"https:\/\/bogensportdiscount.ch\/fr\/wp-json\/wp\/v2\/product"}],"about":[{"href":"https:\/\/bogensportdiscount.ch\/fr\/wp-json\/wp\/v2\/types\/product"}],"replies":[{"embeddable":true,"href":"https:\/\/bogensportdiscount.ch\/fr\/wp-json\/wp\/v2\/comments?post=391890"}],"wp:featuredmedia":[{"embeddable":true,"href":"https:\/\/bogensportdiscount.ch\/fr\/wp-json\/wp\/v2\/media\/442843"}],"wp:attachment":[{"href":"https:\/\/bogensportdiscount.ch\/fr\/wp-json\/wp\/v2\/media?parent=391890"}],"wp:term":[{"taxonomy":"product_brand","embeddable":true,"href":"https:\/\/bogensportdiscount.ch\/fr\/wp-json\/wp\/v2\/product_brand?post=391890"},{"taxonomy":"product_cat","embeddable":true,"href":"https:\/\/bogensportdiscount.ch\/fr\/wp-json\/wp\/v2\/product_cat?post=391890"},{"taxonomy":"product_tag","embeddable":true,"href":"https:\/\/bogensportdiscount.ch\/fr\/wp-json\/wp\/v2\/product_tag?post=391890"}],"curies":[{"name":"wp","href":"https:\/\/api.w.org\/{rel}","templated":true}]}}