{"id":391887,"date":"2026-04-05T14:24:15","date_gmt":"2026-04-05T12:24:15","guid":{"rendered":"https:\/\/bogensportdiscount.ch\/produkt\/ravin-compound-strings-cables-for-crossbow-ravin-r9-r10-r10x-r15-r20-r29-r29x-lr\/"},"modified":"2026-05-14T07:13:33","modified_gmt":"2026-05-14T05:13:33","slug":"ravin-compound-sehnen-kabel-armbrust-r9-r10-r10x-r15-r20-r29-r29x-lr","status":"publish","type":"product","link":"https:\/\/bogensportdiscount.ch\/fr\/produit\/ravin-compound-sehnen-kabel-armbrust-r9-r10-r10x-r15-r20-r29-r29x-lr\/","title":{"rendered":"RAVIN CORDES COMPOUND &#038; C\u00c2BLES POUR ARBAL\u00c8TE RAVIN R9-R10-R10X-R15-R20-R29-R29X-LR"},"content":{"rendered":"<p>Ce kit de pi\u00e8ces de rechange RAVIN contient les cordes compound et c\u00e2bles adapt\u00e9s \u00e0 plusieurs mod\u00e8les de la gamme d'arbal\u00e8tes RAVIN. Il est compatible avec les mod\u00e8les R9, R10, R10X, R15, R20, R29, R29X ainsi que la variante LR, couvrant ainsi une large gamme de mod\u00e8les.<\/p>\n<p>Le remplacement r\u00e9gulier des cordes et c\u00e2bles est un \u00e9l\u00e9ment important de l'entretien de l'arbal\u00e8te. Les pi\u00e8ces de rechange d'origine garantissent que l'arbal\u00e8te conserve ses performances d'usine et peut \u00eatre utilis\u00e9e en toute s\u00e9curit\u00e9.<\/p>\n<ul>\n<li>Cordes et c\u00e2bles de rechange RAVIN d'origine<\/li>\n<li>Compatible avec les mod\u00e8les R9, R10, R10X, R15, R20, R29, R29X et LR<\/li>\n<li>Pour des performances fiables et une r\u00e9p\u00e9tabilit\u00e9 pr\u00e9cise des tirs<\/li>\n<li>\u00c9l\u00e9ment important de l'entretien r\u00e9gulier de l'arbal\u00e8te<\/li>\n<\/ul>","protected":false},"excerpt":{"rendered":"<table>\n<tr>\n<th>Propri\u00e9t\u00e9<\/th>\n<th>Valeur<\/th>\n<\/tr>\n<tr>\n<td>Marque<\/td>\n<td>Ravin<\/td>\n<\/tr>\n<tr>\n<td>Pays d'origine<\/td>\n<td>USA<\/td>\n<\/tr>\n<tr>\n<td>GTIN<\/td>\n<td>815942021903<\/td>\n<\/tr>\n<\/table>","protected":false},"featured_media":442840,"comment_status":"open","ping_status":"closed","template":"","meta":[],"product_brand":[527],"product_cat":[4135,4174,4175],"product_tag":[3546],"class_list":{"0":"post-391887","1":"product","2":"type-product","3":"status-publish","4":"has-post-thumbnail","6":"product_brand-ravin","7":"product_cat-armbrust-zubehoer","8":"product_cat-sehnen-kabel","9":"product_cat-compound-sehnen-kabel","10":"product_tag-neuheit","11":"product_shipping_class-bsd-standard","13":"first","14":"instock","15":"shipping-taxable","16":"purchasable","17":"product-type-simple"},"yoast_head":"<!-- This site is optimized with the Yoast SEO plugin v27.6 - https:\/\/yoast.com\/product\/yoast-seo-wordpress\/ -->\n<title>RAVIN COMPOUND SEHNEN &amp; KABEL F\u00dcR ARMBRUST RAVIN R9-R10-R10X-R15-R20-R29-R29X-LR - Bogensportdiscount \u2013 B\u00f6gen, Pfeile, Targets &amp; Zubeh\u00f6r<\/title>\n<meta name=\"description\" content=\"RAVIN COMPOUND SEHNEN &amp; KABEL F\u00dcR ARMBRUST RAVIN R9-R10-R10X-R15-R20-R29-R29X-LR g\u00fcnstig kaufen bei Bogensportdiscount \u2013 Top-Marken, schneller Versand aus der Schweiz.\" \/>\n<meta name=\"robots\" content=\"index, follow, max-snippet:-1, max-image-preview:large, max-video-preview:-1\" \/>\n<link rel=\"canonical\" href=\"https:\/\/bogensportdiscount.ch\/fr\/produit\/ravin-compound-sehnen-kabel-armbrust-r9-r10-r10x-r15-r20-r29-r29x-lr\/\" \/>\n<meta property=\"og:locale\" content=\"fr_FR\" \/>\n<meta property=\"og:type\" content=\"article\" \/>\n<meta property=\"og:title\" content=\"RAVIN COMPOUND SEHNEN &amp; KABEL F\u00dcR ARMBRUST RAVIN R9-R10-R10X-R15-R20-R29-R29X-LR - Bogensportdiscount \u2013 B\u00f6gen, Pfeile, Targets &amp; Zubeh\u00f6r\" \/>\n<meta property=\"og:description\" content=\"RAVIN COMPOUND SEHNEN &amp; KABEL F\u00dcR ARMBRUST RAVIN R9-R10-R10X-R15-R20-R29-R29X-LR g\u00fcnstig kaufen bei Bogensportdiscount \u2013 Top-Marken, schneller Versand aus der Schweiz.\" \/>\n<meta property=\"og:url\" content=\"https:\/\/bogensportdiscount.ch\/fr\/produit\/ravin-compound-sehnen-kabel-armbrust-r9-r10-r10x-r15-r20-r29-r29x-lr\/\" \/>\n<meta property=\"og:site_name\" content=\"Bogensportdiscount \u2013 B\u00f6gen, Pfeile, Targets &amp; Zubeh\u00f6r\" \/>\n<meta property=\"article:modified_time\" content=\"2026-05-14T05:13:33+00:00\" \/>\n<meta property=\"og:image\" content=\"https:\/\/bogensportdiscount.ch\/wp-content\/uploads\/bsm-images\/A018262_1.jpg\" \/>\n\t<meta property=\"og:image:width\" content=\"1091\" \/>\n\t<meta property=\"og:image:height\" content=\"550\" \/>\n\t<meta property=\"og:image:type\" content=\"image\/jpeg\" \/>\n<meta name=\"twitter:card\" content=\"summary_large_image\" \/>\n<meta name=\"twitter:label1\" content=\"Dur\u00e9e de lecture estim\u00e9e\" \/>\n\t<meta name=\"twitter:data1\" content=\"1 minute\" \/>\n<script type=\"application\/ld+json\" class=\"yoast-schema-graph\">{\"@context\":\"https:\\\/\\\/schema.org\",\"@graph\":[{\"@type\":\"WebPage\",\"@id\":\"https:\\\/\\\/bogensportdiscount.ch\\\/produkt\\\/ravin-compound-sehnen-kabel-armbrust-r9-r10-r10x-r15-r20-r29-r29x-lr\\\/\",\"url\":\"https:\\\/\\\/bogensportdiscount.ch\\\/produkt\\\/ravin-compound-sehnen-kabel-armbrust-r9-r10-r10x-r15-r20-r29-r29x-lr\\\/\",\"name\":\"RAVIN COMPOUND SEHNEN & KABEL F\u00dcR ARMBRUST RAVIN R9-R10-R10X-R15-R20-R29-R29X-LR - Bogensportdiscount \u2013 B\u00f6gen, Pfeile, Targets &amp; Zubeh\u00f6r\",\"isPartOf\":{\"@id\":\"https:\\\/\\\/bogensportdiscount.ch\\\/#website\"},\"primaryImageOfPage\":{\"@id\":\"https:\\\/\\\/bogensportdiscount.ch\\\/produkt\\\/ravin-compound-sehnen-kabel-armbrust-r9-r10-r10x-r15-r20-r29-r29x-lr\\\/#primaryimage\"},\"image\":{\"@id\":\"https:\\\/\\\/bogensportdiscount.ch\\\/produkt\\\/ravin-compound-sehnen-kabel-armbrust-r9-r10-r10x-r15-r20-r29-r29x-lr\\\/#primaryimage\"},\"thumbnailUrl\":\"https:\\\/\\\/bogensportdiscount.ch\\\/wp-content\\\/uploads\\\/bsm-images\\\/A018262_1.jpg\",\"datePublished\":\"2026-04-05T12:24:15+00:00\",\"dateModified\":\"2026-05-14T05:13:33+00:00\",\"description\":\"RAVIN COMPOUND SEHNEN & KABEL F\u00dcR ARMBRUST RAVIN R9-R10-R10X-R15-R20-R29-R29X-LR g\u00fcnstig kaufen bei Bogensportdiscount \u2013 Top-Marken, schneller Versand aus der Schweiz.\",\"breadcrumb\":{\"@id\":\"https:\\\/\\\/bogensportdiscount.ch\\\/produkt\\\/ravin-compound-sehnen-kabel-armbrust-r9-r10-r10x-r15-r20-r29-r29x-lr\\\/#breadcrumb\"},\"inLanguage\":\"fr-FR\",\"potentialAction\":[{\"@type\":\"ReadAction\",\"target\":[\"https:\\\/\\\/bogensportdiscount.ch\\\/produkt\\\/ravin-compound-sehnen-kabel-armbrust-r9-r10-r10x-r15-r20-r29-r29x-lr\\\/\"]}]},{\"@type\":\"ImageObject\",\"inLanguage\":\"fr-FR\",\"@id\":\"https:\\\/\\\/bogensportdiscount.ch\\\/produkt\\\/ravin-compound-sehnen-kabel-armbrust-r9-r10-r10x-r15-r20-r29-r29x-lr\\\/#primaryimage\",\"url\":\"https:\\\/\\\/bogensportdiscount.ch\\\/wp-content\\\/uploads\\\/bsm-images\\\/A018262_1.jpg\",\"contentUrl\":\"https:\\\/\\\/bogensportdiscount.ch\\\/wp-content\\\/uploads\\\/bsm-images\\\/A018262_1.jpg\",\"width\":1091,\"height\":550},{\"@type\":\"BreadcrumbList\",\"@id\":\"https:\\\/\\\/bogensportdiscount.ch\\\/produkt\\\/ravin-compound-sehnen-kabel-armbrust-r9-r10-r10x-r15-r20-r29-r29x-lr\\\/#breadcrumb\",\"itemListElement\":[{\"@type\":\"ListItem\",\"position\":1,\"name\":\"Home\",\"item\":\"https:\\\/\\\/bogensportdiscount.ch\\\/\"},{\"@type\":\"ListItem\",\"position\":2,\"name\":\"Shop\",\"item\":\"https:\\\/\\\/bogensportdiscount.ch\\\/shop\\\/\"},{\"@type\":\"ListItem\",\"position\":3,\"name\":\"RAVIN COMPOUND STRINGS &#038; CABLES FOR CROSSBOW RAVIN R9-R10-R10X-R15-R20-R29-R29X-LR\"}]},{\"@type\":\"WebSite\",\"@id\":\"https:\\\/\\\/bogensportdiscount.ch\\\/#website\",\"url\":\"https:\\\/\\\/bogensportdiscount.ch\\\/\",\"name\":\"Bogensportdiscount\",\"description\":\"\",\"potentialAction\":[{\"@type\":\"SearchAction\",\"target\":{\"@type\":\"EntryPoint\",\"urlTemplate\":\"https:\\\/\\\/bogensportdiscount.ch\\\/?s={search_term_string}\"},\"query-input\":{\"@type\":\"PropertyValueSpecification\",\"valueRequired\":true,\"valueName\":\"search_term_string\"}}],\"inLanguage\":\"fr-FR\"}]}<\/script>\n<!-- \/ Yoast SEO plugin. -->","yoast_head_json":{"title":"RAVIN COMPOUND SEHNEN & KABEL F\u00dcR ARMBRUST RAVIN R9-R10-R10X-R15-R20-R29-R29X-LR - Bogensportdiscount \u2013 B\u00f6gen, Pfeile, Targets &amp; Zubeh\u00f6r","description":"RAVIN COMPOUND SEHNEN & KABEL F\u00dcR ARMBRUST RAVIN R9-R10-R10X-R15-R20-R29-R29X-LR g\u00fcnstig kaufen bei Bogensportdiscount \u2013 Top-Marken, schneller Versand aus der Schweiz.","robots":{"index":"index","follow":"follow","max-snippet":"max-snippet:-1","max-image-preview":"max-image-preview:large","max-video-preview":"max-video-preview:-1"},"canonical":"https:\/\/bogensportdiscount.ch\/fr\/produit\/ravin-compound-sehnen-kabel-armbrust-r9-r10-r10x-r15-r20-r29-r29x-lr\/","og_locale":"fr_FR","og_type":"article","og_title":"RAVIN COMPOUND SEHNEN & KABEL F\u00dcR ARMBRUST RAVIN R9-R10-R10X-R15-R20-R29-R29X-LR - Bogensportdiscount \u2013 B\u00f6gen, Pfeile, Targets &amp; Zubeh\u00f6r","og_description":"RAVIN COMPOUND SEHNEN & KABEL F\u00dcR ARMBRUST RAVIN R9-R10-R10X-R15-R20-R29-R29X-LR g\u00fcnstig kaufen bei Bogensportdiscount \u2013 Top-Marken, schneller Versand aus der Schweiz.","og_url":"https:\/\/bogensportdiscount.ch\/fr\/produit\/ravin-compound-sehnen-kabel-armbrust-r9-r10-r10x-r15-r20-r29-r29x-lr\/","og_site_name":"Bogensportdiscount \u2013 B\u00f6gen, Pfeile, Targets &amp; Zubeh\u00f6r","article_modified_time":"2026-05-14T05:13:33+00:00","og_image":[{"width":1091,"height":550,"url":"https:\/\/bogensportdiscount.ch\/wp-content\/uploads\/bsm-images\/A018262_1.jpg","type":"image\/jpeg"}],"twitter_card":"summary_large_image","twitter_misc":{"Dur\u00e9e de lecture estim\u00e9e":"1 minute"},"schema":{"@context":"https:\/\/schema.org","@graph":[{"@type":"WebPage","@id":"https:\/\/bogensportdiscount.ch\/produkt\/ravin-compound-sehnen-kabel-armbrust-r9-r10-r10x-r15-r20-r29-r29x-lr\/","url":"https:\/\/bogensportdiscount.ch\/produkt\/ravin-compound-sehnen-kabel-armbrust-r9-r10-r10x-r15-r20-r29-r29x-lr\/","name":"RAVIN COMPOUND SEHNEN & KABEL F\u00dcR ARMBRUST RAVIN R9-R10-R10X-R15-R20-R29-R29X-LR - Bogensportdiscount \u2013 B\u00f6gen, Pfeile, Targets &amp; Zubeh\u00f6r","isPartOf":{"@id":"https:\/\/bogensportdiscount.ch\/#website"},"primaryImageOfPage":{"@id":"https:\/\/bogensportdiscount.ch\/produkt\/ravin-compound-sehnen-kabel-armbrust-r9-r10-r10x-r15-r20-r29-r29x-lr\/#primaryimage"},"image":{"@id":"https:\/\/bogensportdiscount.ch\/produkt\/ravin-compound-sehnen-kabel-armbrust-r9-r10-r10x-r15-r20-r29-r29x-lr\/#primaryimage"},"thumbnailUrl":"https:\/\/bogensportdiscount.ch\/wp-content\/uploads\/bsm-images\/A018262_1.jpg","datePublished":"2026-04-05T12:24:15+00:00","dateModified":"2026-05-14T05:13:33+00:00","description":"RAVIN COMPOUND SEHNEN & KABEL F\u00dcR ARMBRUST RAVIN R9-R10-R10X-R15-R20-R29-R29X-LR g\u00fcnstig kaufen bei Bogensportdiscount \u2013 Top-Marken, schneller Versand aus der Schweiz.","breadcrumb":{"@id":"https:\/\/bogensportdiscount.ch\/produkt\/ravin-compound-sehnen-kabel-armbrust-r9-r10-r10x-r15-r20-r29-r29x-lr\/#breadcrumb"},"inLanguage":"fr-FR","potentialAction":[{"@type":"ReadAction","target":["https:\/\/bogensportdiscount.ch\/produkt\/ravin-compound-sehnen-kabel-armbrust-r9-r10-r10x-r15-r20-r29-r29x-lr\/"]}]},{"@type":"ImageObject","inLanguage":"fr-FR","@id":"https:\/\/bogensportdiscount.ch\/produkt\/ravin-compound-sehnen-kabel-armbrust-r9-r10-r10x-r15-r20-r29-r29x-lr\/#primaryimage","url":"https:\/\/bogensportdiscount.ch\/wp-content\/uploads\/bsm-images\/A018262_1.jpg","contentUrl":"https:\/\/bogensportdiscount.ch\/wp-content\/uploads\/bsm-images\/A018262_1.jpg","width":1091,"height":550},{"@type":"BreadcrumbList","@id":"https:\/\/bogensportdiscount.ch\/produkt\/ravin-compound-sehnen-kabel-armbrust-r9-r10-r10x-r15-r20-r29-r29x-lr\/#breadcrumb","itemListElement":[{"@type":"ListItem","position":1,"name":"Home","item":"https:\/\/bogensportdiscount.ch\/"},{"@type":"ListItem","position":2,"name":"Shop","item":"https:\/\/bogensportdiscount.ch\/shop\/"},{"@type":"ListItem","position":3,"name":"RAVIN COMPOUND STRINGS &#038; CABLES FOR CROSSBOW RAVIN R9-R10-R10X-R15-R20-R29-R29X-LR"}]},{"@type":"WebSite","@id":"https:\/\/bogensportdiscount.ch\/#website","url":"https:\/\/bogensportdiscount.ch\/","name":"Bogensportdiscount","description":"","potentialAction":[{"@type":"SearchAction","target":{"@type":"EntryPoint","urlTemplate":"https:\/\/bogensportdiscount.ch\/?s={search_term_string}"},"query-input":{"@type":"PropertyValueSpecification","valueRequired":true,"valueName":"search_term_string"}}],"inLanguage":"fr-FR"}]}},"_links":{"self":[{"href":"https:\/\/bogensportdiscount.ch\/fr\/wp-json\/wp\/v2\/product\/391887","targetHints":{"allow":["GET"]}}],"collection":[{"href":"https:\/\/bogensportdiscount.ch\/fr\/wp-json\/wp\/v2\/product"}],"about":[{"href":"https:\/\/bogensportdiscount.ch\/fr\/wp-json\/wp\/v2\/types\/product"}],"replies":[{"embeddable":true,"href":"https:\/\/bogensportdiscount.ch\/fr\/wp-json\/wp\/v2\/comments?post=391887"}],"wp:featuredmedia":[{"embeddable":true,"href":"https:\/\/bogensportdiscount.ch\/fr\/wp-json\/wp\/v2\/media\/442840"}],"wp:attachment":[{"href":"https:\/\/bogensportdiscount.ch\/fr\/wp-json\/wp\/v2\/media?parent=391887"}],"wp:term":[{"taxonomy":"product_brand","embeddable":true,"href":"https:\/\/bogensportdiscount.ch\/fr\/wp-json\/wp\/v2\/product_brand?post=391887"},{"taxonomy":"product_cat","embeddable":true,"href":"https:\/\/bogensportdiscount.ch\/fr\/wp-json\/wp\/v2\/product_cat?post=391887"},{"taxonomy":"product_tag","embeddable":true,"href":"https:\/\/bogensportdiscount.ch\/fr\/wp-json\/wp\/v2\/product_tag?post=391887"}],"curies":[{"name":"wp","href":"https:\/\/api.w.org\/{rel}","templated":true}]}}