{"id":391886,"date":"2026-04-05T14:24:14","date_gmt":"2026-04-05T12:24:14","guid":{"rendered":"https:\/\/bogensportdiscount.ch\/produkt\/maximal-marksman-string\/"},"modified":"2026-04-15T12:13:34","modified_gmt":"2026-04-15T10:13:34","slug":"maximal-compound-armbrustsehne-marksman","status":"publish","type":"product","link":"https:\/\/bogensportdiscount.ch\/fr\/produit\/maximal-compound-armbrustsehne-marksman\/","title":{"rendered":"MAXIMUM MARKSMAN STRING"},"content":{"rendered":"<p>Die Maximal Marksman Compound-Armbrustsehne ist eine Ersatzsehne, die speziell f\u00fcr Compound-Armbr\u00fcste entwickelt wurde. Sie eignet sich f\u00fcr Sch\u00fctzen, die eine zuverl\u00e4ssige und passende Sehne f\u00fcr ihre Armbrust suchen.<\/p>\n<p>Als Produkt der Marke Maximal ist die Marksman-Sehne auf die entsprechenden Maximal-Armbrustmodelle abgestimmt. F\u00fcr eine korrekte Passform empfiehlt es sich, die Kompatibilit\u00e4t mit dem eigenen Armbrustmodell vor dem Kauf zu pr\u00fcfen.<\/p>\n<ul>\n<li>Ersatzsehne f\u00fcr Compound-Armbr\u00fcste<\/li>\n<li>Marke Maximal \u2013 auf kompatible Modelle abgestimmt<\/li>\n<li>F\u00fcr zuverl\u00e4ssigen Betrieb und konstante Schussleistung<\/li>\n<\/ul>","protected":false},"excerpt":{"rendered":"<p><strong>Marque :<\/strong> Maximal<br \/><strong>GTIN:<\/strong> 6017407159150<\/p>","protected":false},"featured_media":453631,"comment_status":"open","ping_status":"closed","template":"","meta":[],"product_brand":[780],"product_cat":[4175],"product_tag":[3546],"class_list":{"0":"post-391886","1":"product","2":"type-product","3":"status-publish","4":"has-post-thumbnail","6":"product_brand-maximal","7":"product_cat-compound-strings-cables","8":"product_tag-neuheit","10":"first","11":"instock","12":"shipping-taxable","13":"purchasable","14":"product-type-simple"},"_links":{"self":[{"href":"https:\/\/bogensportdiscount.ch\/fr\/wp-json\/wp\/v2\/product\/391886","targetHints":{"allow":["GET"]}}],"collection":[{"href":"https:\/\/bogensportdiscount.ch\/fr\/wp-json\/wp\/v2\/product"}],"about":[{"href":"https:\/\/bogensportdiscount.ch\/fr\/wp-json\/wp\/v2\/types\/product"}],"replies":[{"embeddable":true,"href":"https:\/\/bogensportdiscount.ch\/fr\/wp-json\/wp\/v2\/comments?post=391886"}],"wp:featuredmedia":[{"embeddable":true,"href":"https:\/\/bogensportdiscount.ch\/fr\/wp-json\/wp\/v2\/media\/453631"}],"wp:attachment":[{"href":"https:\/\/bogensportdiscount.ch\/fr\/wp-json\/wp\/v2\/media?parent=391886"}],"wp:term":[{"taxonomy":"product_brand","embeddable":true,"href":"https:\/\/bogensportdiscount.ch\/fr\/wp-json\/wp\/v2\/product_brand?post=391886"},{"taxonomy":"product_cat","embeddable":true,"href":"https:\/\/bogensportdiscount.ch\/fr\/wp-json\/wp\/v2\/product_cat?post=391886"},{"taxonomy":"product_tag","embeddable":true,"href":"https:\/\/bogensportdiscount.ch\/fr\/wp-json\/wp\/v2\/product_tag?post=391886"}],"curies":[{"name":"wp","href":"https:\/\/api.w.org\/{rel}","templated":true}]}}