{"id":391885,"date":"2026-04-05T14:24:14","date_gmt":"2026-04-05T12:24:14","guid":{"rendered":"https:\/\/bogensportdiscount.ch\/produkt\/ekpoelang-ek-poelang-crs-061-strings-34-for-cr-043-cr-049-cr-054-crossbow-compound-string\/"},"modified":"2026-04-15T12:13:34","modified_gmt":"2026-04-15T10:13:34","slug":"ekpoelang-compound-armbrustsehne-crs-061-34-zoll-cr-043-cr-049-cr-054","status":"publish","type":"product","link":"https:\/\/bogensportdiscount.ch\/fr\/produit\/ekpoelang-compound-armbrustsehne-crs-061-34-zoll-cr-043-cr-049-cr-054\/","title":{"rendered":"EKPOELANG EK-POELANG CRS-061 STRINGS 34\u2033 FOR CR-043\/CR-049\/CR-054 CROSSBOW COMPOUND STRING"},"content":{"rendered":"<p>Die EKPOELANG CRS-061 ist eine Ersatzsehne f\u00fcr Compound-Armbr\u00fcste und wurde speziell f\u00fcr die Modelle CR-043, CR-049 und CR-054 des Herstellers EKPOELANG entwickelt. Mit einer L\u00e4nge von 34 Zoll ist sie direkt als passender Ersatz f\u00fcr diese Armbrust-Modelle ausgelegt.<\/p>\n<p>Compound-Armbrustsehnen sollten regelm\u00e4ssig auf Verschleiss gepr\u00fcft und bei Bedarf ausgetauscht werden, um eine gleichbleibende Schussleistung und Sicherheit zu gew\u00e4hrleisten. Die CRS-061 erm\u00f6glicht einen unkomplizierten Sehnenersatz bei kompatiblen Modellen.<\/p>\n<ul>\n<li>Passend f\u00fcr EKPOELANG CR-043, CR-049 und CR-054<\/li>\n<li>L\u00e4nge: 34 Zoll<\/li>\n<li>Compound-Armbrustsehne als Ersatzteil<\/li>\n<li>Direkter Austausch ohne Modifikation<\/li>\n<\/ul>","protected":false},"excerpt":{"rendered":"<p><strong>Marque :<\/strong> EK &#8211; Poelang<br \/><strong>L\u00e4nge (Zoll):<\/strong> 34<br \/><strong>GTIN:<\/strong> 4710933467219<\/p>","protected":false},"featured_media":442848,"comment_status":"open","ping_status":"closed","template":"","meta":[],"product_brand":[471],"product_cat":[4175],"product_tag":[3546],"class_list":{"0":"post-391885","1":"product","2":"type-product","3":"status-publish","4":"has-post-thumbnail","6":"product_brand-ekpoelang","7":"product_cat-compound-strings-cables","8":"product_tag-neuheit","10":"first","11":"instock","12":"shipping-taxable","13":"purchasable","14":"product-type-simple"},"_links":{"self":[{"href":"https:\/\/bogensportdiscount.ch\/fr\/wp-json\/wp\/v2\/product\/391885","targetHints":{"allow":["GET"]}}],"collection":[{"href":"https:\/\/bogensportdiscount.ch\/fr\/wp-json\/wp\/v2\/product"}],"about":[{"href":"https:\/\/bogensportdiscount.ch\/fr\/wp-json\/wp\/v2\/types\/product"}],"replies":[{"embeddable":true,"href":"https:\/\/bogensportdiscount.ch\/fr\/wp-json\/wp\/v2\/comments?post=391885"}],"wp:featuredmedia":[{"embeddable":true,"href":"https:\/\/bogensportdiscount.ch\/fr\/wp-json\/wp\/v2\/media\/442848"}],"wp:attachment":[{"href":"https:\/\/bogensportdiscount.ch\/fr\/wp-json\/wp\/v2\/media?parent=391885"}],"wp:term":[{"taxonomy":"product_brand","embeddable":true,"href":"https:\/\/bogensportdiscount.ch\/fr\/wp-json\/wp\/v2\/product_brand?post=391885"},{"taxonomy":"product_cat","embeddable":true,"href":"https:\/\/bogensportdiscount.ch\/fr\/wp-json\/wp\/v2\/product_cat?post=391885"},{"taxonomy":"product_tag","embeddable":true,"href":"https:\/\/bogensportdiscount.ch\/fr\/wp-json\/wp\/v2\/product_tag?post=391885"}],"curies":[{"name":"wp","href":"https:\/\/api.w.org\/{rel}","templated":true}]}}