{"id":391884,"date":"2026-04-05T14:24:14","date_gmt":"2026-04-05T12:24:14","guid":{"rendered":"https:\/\/bogensportdiscount.ch\/produkt\/ekpoelang-crossbow-recurve-string-crs-054-strings-38-for-cr-026-cr-041-cr-048cb1\/"},"modified":"2026-05-14T07:13:33","modified_gmt":"2026-05-14T05:13:33","slug":"ekpoelang-armbrust-recurve-sehne-crs-054-38-zoll-cr-026-cr-041-cr-048cb1","status":"publish","type":"product","link":"https:\/\/bogensportdiscount.ch\/fr\/produit\/ekpoelang-armbrust-recurve-sehne-crs-054-38-zoll-cr-026-cr-041-cr-048cb1\/","title":{"rendered":"EKPOELANG CORDE D'ARBAL\u00c8TE COMPOUND CLASSIQUE CRS-054 CORDES 38&#8243; POUR CR-026\/CR-041\/CR-048CB1"},"content":{"rendered":"<p>La corde d'arbal\u00e8te classique EKPOELANG CRS-054 a une longueur de 38 pouces. Elle est sp\u00e9cialement con\u00e7ue pour les mod\u00e8les d'arbal\u00e8tes EKPOELANG CR-026, CR-041 et CR-048CB1 et constitue une option de remplacement directe pour les cordes d'origine us\u00e9es ou endommag\u00e9es.<\/p>\n<p>En tant que pi\u00e8ce de rechange, la corde est adapt\u00e9e aux branches et aux puissances des mod\u00e8les compatibles. Le remplacement d'une corde d'arbal\u00e8te doit \u00eatre v\u00e9rifi\u00e9 r\u00e9guli\u00e8rement afin de garantir un fonctionnement s\u00fbr de l'arbal\u00e8te.<\/p>\n<ul>\n<li>Longueur : 38 pouces<\/li>\n<li>Mod\u00e8le : CRS-054<\/li>\n<li>Compatible avec : CR-026, CR-041, CR-048CB1<\/li>\n<li>Convient aux arbal\u00e8tes classiques des gammes de mod\u00e8les mentionn\u00e9es<\/li>\n<\/ul>","protected":false},"excerpt":{"rendered":"<table>\n<tr>\n<th>Propri\u00e9t\u00e9<\/th>\n<th>Valeur<\/th>\n<\/tr>\n<tr>\n<td>Marque<\/td>\n<td>EK &#8211; Poelang<\/td>\n<\/tr>\n<tr>\n<td>L\u00e4nge (Zoll)<\/td>\n<td>38<\/td>\n<\/tr>\n<tr>\n<td>Pays d'origine<\/td>\n<td>Taiwan<\/td>\n<\/tr>\n<\/table>","protected":false},"featured_media":442847,"comment_status":"open","ping_status":"closed","template":"","meta":[],"product_brand":[471],"product_cat":[4135,4174,4175],"product_tag":[3546],"class_list":{"0":"post-391884","1":"product","2":"type-product","3":"status-publish","4":"has-post-thumbnail","6":"product_brand-ekpoelang","7":"product_cat-armbrust-zubehoer","8":"product_cat-sehnen-kabel","9":"product_cat-compound-sehnen-kabel","10":"product_tag-neuheit","11":"product_shipping_class-bsd-standard","13":"first","14":"instock","15":"shipping-taxable","16":"purchasable","17":"product-type-simple"},"yoast_head":"<!-- This site is optimized with the Yoast SEO plugin v27.6 - https:\/\/yoast.com\/product\/yoast-seo-wordpress\/ -->\n<title>EKPOELANG COMPOUND-ARMBRUST RECURVE SEHNE CRS-054 SEHNEN 38&quot; F\u00dcR CR-026\/CR-041\/CR-048CB1 - Bogensportdiscount \u2013 B\u00f6gen, Pfeile, Targets &amp; Zubeh\u00f6r<\/title>\n<meta name=\"description\" content=\"EKPOELANG COMPOUND-ARMBRUST RECURVE SEHNE CRS-054 SEHNEN 38&quot; F\u00dcR CR-026\/CR-041\/CR-048CB1 g\u00fcnstig kaufen bei Bogensportdiscount \u2013 Top-Marken, schneller Versand aus der Schweiz.\" \/>\n<meta name=\"robots\" content=\"index, follow, max-snippet:-1, max-image-preview:large, max-video-preview:-1\" \/>\n<link rel=\"canonical\" href=\"https:\/\/bogensportdiscount.ch\/fr\/produit\/ekpoelang-armbrust-recurve-sehne-crs-054-38-zoll-cr-026-cr-041-cr-048cb1\/\" \/>\n<meta property=\"og:locale\" content=\"fr_FR\" \/>\n<meta property=\"og:type\" content=\"article\" \/>\n<meta property=\"og:title\" content=\"EKPOELANG COMPOUND-ARMBRUST RECURVE SEHNE CRS-054 SEHNEN 38&quot; F\u00dcR CR-026\/CR-041\/CR-048CB1 - Bogensportdiscount \u2013 B\u00f6gen, Pfeile, Targets &amp; Zubeh\u00f6r\" \/>\n<meta property=\"og:description\" content=\"EKPOELANG COMPOUND-ARMBRUST RECURVE SEHNE CRS-054 SEHNEN 38&quot; F\u00dcR CR-026\/CR-041\/CR-048CB1 g\u00fcnstig kaufen bei Bogensportdiscount \u2013 Top-Marken, schneller Versand aus der Schweiz.\" \/>\n<meta property=\"og:url\" content=\"https:\/\/bogensportdiscount.ch\/fr\/produit\/ekpoelang-armbrust-recurve-sehne-crs-054-38-zoll-cr-026-cr-041-cr-048cb1\/\" \/>\n<meta property=\"og:site_name\" content=\"Bogensportdiscount \u2013 B\u00f6gen, Pfeile, Targets &amp; Zubeh\u00f6r\" \/>\n<meta property=\"article:modified_time\" content=\"2026-05-14T05:13:33+00:00\" \/>\n<meta property=\"og:image\" content=\"https:\/\/bogensportdiscount.ch\/wp-content\/uploads\/bsm-images\/A018198_1.png\" \/>\n\t<meta property=\"og:image:width\" content=\"820\" \/>\n\t<meta property=\"og:image:height\" content=\"1420\" \/>\n\t<meta property=\"og:image:type\" content=\"image\/png\" \/>\n<meta name=\"twitter:card\" content=\"summary_large_image\" \/>\n<script type=\"application\/ld+json\" class=\"yoast-schema-graph\">{\"@context\":\"https:\\\/\\\/schema.org\",\"@graph\":[{\"@type\":\"WebPage\",\"@id\":\"https:\\\/\\\/bogensportdiscount.ch\\\/produkt\\\/ekpoelang-armbrust-recurve-sehne-crs-054-38-zoll-cr-026-cr-041-cr-048cb1\\\/\",\"url\":\"https:\\\/\\\/bogensportdiscount.ch\\\/produkt\\\/ekpoelang-armbrust-recurve-sehne-crs-054-38-zoll-cr-026-cr-041-cr-048cb1\\\/\",\"name\":\"EKPOELANG COMPOUND-ARMBRUST RECURVE SEHNE CRS-054 SEHNEN 38\\\" F\u00dcR CR-026\\\/CR-041\\\/CR-048CB1 - Bogensportdiscount \u2013 B\u00f6gen, Pfeile, Targets &amp; Zubeh\u00f6r\",\"isPartOf\":{\"@id\":\"https:\\\/\\\/bogensportdiscount.ch\\\/#website\"},\"primaryImageOfPage\":{\"@id\":\"https:\\\/\\\/bogensportdiscount.ch\\\/produkt\\\/ekpoelang-armbrust-recurve-sehne-crs-054-38-zoll-cr-026-cr-041-cr-048cb1\\\/#primaryimage\"},\"image\":{\"@id\":\"https:\\\/\\\/bogensportdiscount.ch\\\/produkt\\\/ekpoelang-armbrust-recurve-sehne-crs-054-38-zoll-cr-026-cr-041-cr-048cb1\\\/#primaryimage\"},\"thumbnailUrl\":\"https:\\\/\\\/bogensportdiscount.ch\\\/wp-content\\\/uploads\\\/bsm-images\\\/A018198_1.png\",\"datePublished\":\"2026-04-05T12:24:14+00:00\",\"dateModified\":\"2026-05-14T05:13:33+00:00\",\"description\":\"EKPOELANG COMPOUND-ARMBRUST RECURVE SEHNE CRS-054 SEHNEN 38\\\" F\u00dcR CR-026\\\/CR-041\\\/CR-048CB1 g\u00fcnstig kaufen bei Bogensportdiscount \u2013 Top-Marken, schneller Versand aus der Schweiz.\",\"breadcrumb\":{\"@id\":\"https:\\\/\\\/bogensportdiscount.ch\\\/produkt\\\/ekpoelang-armbrust-recurve-sehne-crs-054-38-zoll-cr-026-cr-041-cr-048cb1\\\/#breadcrumb\"},\"inLanguage\":\"fr-FR\",\"potentialAction\":[{\"@type\":\"ReadAction\",\"target\":[\"https:\\\/\\\/bogensportdiscount.ch\\\/produkt\\\/ekpoelang-armbrust-recurve-sehne-crs-054-38-zoll-cr-026-cr-041-cr-048cb1\\\/\"]}]},{\"@type\":\"ImageObject\",\"inLanguage\":\"fr-FR\",\"@id\":\"https:\\\/\\\/bogensportdiscount.ch\\\/produkt\\\/ekpoelang-armbrust-recurve-sehne-crs-054-38-zoll-cr-026-cr-041-cr-048cb1\\\/#primaryimage\",\"url\":\"https:\\\/\\\/bogensportdiscount.ch\\\/wp-content\\\/uploads\\\/bsm-images\\\/A018198_1.png\",\"contentUrl\":\"https:\\\/\\\/bogensportdiscount.ch\\\/wp-content\\\/uploads\\\/bsm-images\\\/A018198_1.png\",\"width\":820,\"height\":1420},{\"@type\":\"BreadcrumbList\",\"@id\":\"https:\\\/\\\/bogensportdiscount.ch\\\/produkt\\\/ekpoelang-armbrust-recurve-sehne-crs-054-38-zoll-cr-026-cr-041-cr-048cb1\\\/#breadcrumb\",\"itemListElement\":[{\"@type\":\"ListItem\",\"position\":1,\"name\":\"Home\",\"item\":\"https:\\\/\\\/bogensportdiscount.ch\\\/\"},{\"@type\":\"ListItem\",\"position\":2,\"name\":\"Shop\",\"item\":\"https:\\\/\\\/bogensportdiscount.ch\\\/shop\\\/\"},{\"@type\":\"ListItem\",\"position\":3,\"name\":\"EKPOELANG CROSSBOW RECURVE STRING CRS-054 STRINGS 38&#8243; FOR CR-026\\\/CR-041\\\/CR-048CB1\"}]},{\"@type\":\"WebSite\",\"@id\":\"https:\\\/\\\/bogensportdiscount.ch\\\/#website\",\"url\":\"https:\\\/\\\/bogensportdiscount.ch\\\/\",\"name\":\"Bogensportdiscount\",\"description\":\"\",\"potentialAction\":[{\"@type\":\"SearchAction\",\"target\":{\"@type\":\"EntryPoint\",\"urlTemplate\":\"https:\\\/\\\/bogensportdiscount.ch\\\/?s={search_term_string}\"},\"query-input\":{\"@type\":\"PropertyValueSpecification\",\"valueRequired\":true,\"valueName\":\"search_term_string\"}}],\"inLanguage\":\"fr-FR\"}]}<\/script>\n<!-- \/ Yoast SEO plugin. -->","yoast_head_json":{"title":"EKPOELANG COMPOUND-ARMBRUST RECURVE SEHNE CRS-054 SEHNEN 38\" F\u00dcR CR-026\/CR-041\/CR-048CB1 - Bogensportdiscount \u2013 B\u00f6gen, Pfeile, Targets &amp; Zubeh\u00f6r","description":"EKPOELANG COMPOUND-ARMBRUST RECURVE SEHNE CRS-054 SEHNEN 38\" F\u00dcR CR-026\/CR-041\/CR-048CB1 g\u00fcnstig kaufen bei Bogensportdiscount \u2013 Top-Marken, schneller Versand aus der Schweiz.","robots":{"index":"index","follow":"follow","max-snippet":"max-snippet:-1","max-image-preview":"max-image-preview:large","max-video-preview":"max-video-preview:-1"},"canonical":"https:\/\/bogensportdiscount.ch\/fr\/produit\/ekpoelang-armbrust-recurve-sehne-crs-054-38-zoll-cr-026-cr-041-cr-048cb1\/","og_locale":"fr_FR","og_type":"article","og_title":"EKPOELANG COMPOUND-ARMBRUST RECURVE SEHNE CRS-054 SEHNEN 38\" F\u00dcR CR-026\/CR-041\/CR-048CB1 - Bogensportdiscount \u2013 B\u00f6gen, Pfeile, Targets &amp; Zubeh\u00f6r","og_description":"EKPOELANG COMPOUND-ARMBRUST RECURVE SEHNE CRS-054 SEHNEN 38\" F\u00dcR CR-026\/CR-041\/CR-048CB1 g\u00fcnstig kaufen bei Bogensportdiscount \u2013 Top-Marken, schneller Versand aus der Schweiz.","og_url":"https:\/\/bogensportdiscount.ch\/fr\/produit\/ekpoelang-armbrust-recurve-sehne-crs-054-38-zoll-cr-026-cr-041-cr-048cb1\/","og_site_name":"Bogensportdiscount \u2013 B\u00f6gen, Pfeile, Targets &amp; Zubeh\u00f6r","article_modified_time":"2026-05-14T05:13:33+00:00","og_image":[{"width":820,"height":1420,"url":"https:\/\/bogensportdiscount.ch\/wp-content\/uploads\/bsm-images\/A018198_1.png","type":"image\/png"}],"twitter_card":"summary_large_image","schema":{"@context":"https:\/\/schema.org","@graph":[{"@type":"WebPage","@id":"https:\/\/bogensportdiscount.ch\/produkt\/ekpoelang-armbrust-recurve-sehne-crs-054-38-zoll-cr-026-cr-041-cr-048cb1\/","url":"https:\/\/bogensportdiscount.ch\/produkt\/ekpoelang-armbrust-recurve-sehne-crs-054-38-zoll-cr-026-cr-041-cr-048cb1\/","name":"EKPOELANG COMPOUND-ARMBRUST RECURVE SEHNE CRS-054 SEHNEN 38\" F\u00dcR CR-026\/CR-041\/CR-048CB1 - Bogensportdiscount \u2013 B\u00f6gen, Pfeile, Targets &amp; Zubeh\u00f6r","isPartOf":{"@id":"https:\/\/bogensportdiscount.ch\/#website"},"primaryImageOfPage":{"@id":"https:\/\/bogensportdiscount.ch\/produkt\/ekpoelang-armbrust-recurve-sehne-crs-054-38-zoll-cr-026-cr-041-cr-048cb1\/#primaryimage"},"image":{"@id":"https:\/\/bogensportdiscount.ch\/produkt\/ekpoelang-armbrust-recurve-sehne-crs-054-38-zoll-cr-026-cr-041-cr-048cb1\/#primaryimage"},"thumbnailUrl":"https:\/\/bogensportdiscount.ch\/wp-content\/uploads\/bsm-images\/A018198_1.png","datePublished":"2026-04-05T12:24:14+00:00","dateModified":"2026-05-14T05:13:33+00:00","description":"EKPOELANG COMPOUND-ARMBRUST RECURVE SEHNE CRS-054 SEHNEN 38\" F\u00dcR CR-026\/CR-041\/CR-048CB1 g\u00fcnstig kaufen bei Bogensportdiscount \u2013 Top-Marken, schneller Versand aus der Schweiz.","breadcrumb":{"@id":"https:\/\/bogensportdiscount.ch\/produkt\/ekpoelang-armbrust-recurve-sehne-crs-054-38-zoll-cr-026-cr-041-cr-048cb1\/#breadcrumb"},"inLanguage":"fr-FR","potentialAction":[{"@type":"ReadAction","target":["https:\/\/bogensportdiscount.ch\/produkt\/ekpoelang-armbrust-recurve-sehne-crs-054-38-zoll-cr-026-cr-041-cr-048cb1\/"]}]},{"@type":"ImageObject","inLanguage":"fr-FR","@id":"https:\/\/bogensportdiscount.ch\/produkt\/ekpoelang-armbrust-recurve-sehne-crs-054-38-zoll-cr-026-cr-041-cr-048cb1\/#primaryimage","url":"https:\/\/bogensportdiscount.ch\/wp-content\/uploads\/bsm-images\/A018198_1.png","contentUrl":"https:\/\/bogensportdiscount.ch\/wp-content\/uploads\/bsm-images\/A018198_1.png","width":820,"height":1420},{"@type":"BreadcrumbList","@id":"https:\/\/bogensportdiscount.ch\/produkt\/ekpoelang-armbrust-recurve-sehne-crs-054-38-zoll-cr-026-cr-041-cr-048cb1\/#breadcrumb","itemListElement":[{"@type":"ListItem","position":1,"name":"Home","item":"https:\/\/bogensportdiscount.ch\/"},{"@type":"ListItem","position":2,"name":"Shop","item":"https:\/\/bogensportdiscount.ch\/shop\/"},{"@type":"ListItem","position":3,"name":"EKPOELANG CROSSBOW RECURVE STRING CRS-054 STRINGS 38&#8243; FOR CR-026\/CR-041\/CR-048CB1"}]},{"@type":"WebSite","@id":"https:\/\/bogensportdiscount.ch\/#website","url":"https:\/\/bogensportdiscount.ch\/","name":"Bogensportdiscount","description":"","potentialAction":[{"@type":"SearchAction","target":{"@type":"EntryPoint","urlTemplate":"https:\/\/bogensportdiscount.ch\/?s={search_term_string}"},"query-input":{"@type":"PropertyValueSpecification","valueRequired":true,"valueName":"search_term_string"}}],"inLanguage":"fr-FR"}]}},"_links":{"self":[{"href":"https:\/\/bogensportdiscount.ch\/fr\/wp-json\/wp\/v2\/product\/391884","targetHints":{"allow":["GET"]}}],"collection":[{"href":"https:\/\/bogensportdiscount.ch\/fr\/wp-json\/wp\/v2\/product"}],"about":[{"href":"https:\/\/bogensportdiscount.ch\/fr\/wp-json\/wp\/v2\/types\/product"}],"replies":[{"embeddable":true,"href":"https:\/\/bogensportdiscount.ch\/fr\/wp-json\/wp\/v2\/comments?post=391884"}],"wp:featuredmedia":[{"embeddable":true,"href":"https:\/\/bogensportdiscount.ch\/fr\/wp-json\/wp\/v2\/media\/442847"}],"wp:attachment":[{"href":"https:\/\/bogensportdiscount.ch\/fr\/wp-json\/wp\/v2\/media?parent=391884"}],"wp:term":[{"taxonomy":"product_brand","embeddable":true,"href":"https:\/\/bogensportdiscount.ch\/fr\/wp-json\/wp\/v2\/product_brand?post=391884"},{"taxonomy":"product_cat","embeddable":true,"href":"https:\/\/bogensportdiscount.ch\/fr\/wp-json\/wp\/v2\/product_cat?post=391884"},{"taxonomy":"product_tag","embeddable":true,"href":"https:\/\/bogensportdiscount.ch\/fr\/wp-json\/wp\/v2\/product_tag?post=391884"}],"curies":[{"name":"wp","href":"https:\/\/api.w.org\/{rel}","templated":true}]}}