{"id":391880,"date":"2026-04-05T14:24:13","date_gmt":"2026-04-05T12:24:13","guid":{"rendered":"https:\/\/bogensportdiscount.ch\/produkt\/jandao-crossbow-compound-string-chace-sun2-zr2zx\/"},"modified":"2026-04-15T12:13:34","modified_gmt":"2026-04-15T10:13:34","slug":"jandao-armbrust-compound-sehne-chace-sun2-zr2zx","status":"publish","type":"product","link":"https:\/\/bogensportdiscount.ch\/fr\/produit\/jandao-armbrust-compound-sehne-chace-sun2-zr2zx\/","title":{"rendered":"JANDAO CROSSBOW COMPOUND STRING CHACE SUN2 (ZR2ZX)"},"content":{"rendered":"<p>Die JANDAO Compound-Sehne ist eine Ersatzsehne, die speziell f\u00fcr die JANDAO Compound-Armbrust Chace Sun2 (ZR2ZX) entwickelt wurde. Sie entspricht den Originalspezifikationen und gew\u00e4hrleistet damit eine korrekte Funktion des Bogensystems.<\/p>\n<p>Das regelm\u00e4ssige Ersetzen der Armbrustsehne ist ein wichtiger Teil der Wartung, um Pr\u00e4zision und Sicherheit beim Schiessen langfristig zu erhalten. Mit dieser Ersatzsehne steht eine passende L\u00f6sung direkt vom Hersteller zur Verf\u00fcgung.<\/p>\n<ul>\n<li>Passend f\u00fcr JANDAO Chace Sun2 (ZR2ZX)<\/li>\n<li>Compound-Sehne nach Originalspezifikation<\/li>\n<li>Hergestellt in China<\/li>\n<\/ul>","protected":false},"excerpt":{"rendered":"<p>Ersatzsehne von JANDAO f\u00fcr Compound-Armbr\u00fcste, passend f\u00fcr das Modell Chace Sun2 (ZR2ZX). Die Sehne ist auf die Spezifikationen des Originals abgestimmt und sorgt f\u00fcr zuverl\u00e4ssigen Betrieb.<\/p>","protected":false},"featured_media":453631,"comment_status":"open","ping_status":"closed","template":"","meta":[],"product_brand":[806],"product_cat":[4175],"product_tag":[3546],"class_list":{"0":"post-391880","1":"product","2":"type-product","3":"status-publish","4":"has-post-thumbnail","6":"product_brand-jandao","7":"product_cat-compound-strings-cables","8":"product_tag-neuheit","10":"first","11":"instock","12":"shipping-taxable","13":"purchasable","14":"product-type-simple"},"_links":{"self":[{"href":"https:\/\/bogensportdiscount.ch\/fr\/wp-json\/wp\/v2\/product\/391880","targetHints":{"allow":["GET"]}}],"collection":[{"href":"https:\/\/bogensportdiscount.ch\/fr\/wp-json\/wp\/v2\/product"}],"about":[{"href":"https:\/\/bogensportdiscount.ch\/fr\/wp-json\/wp\/v2\/types\/product"}],"replies":[{"embeddable":true,"href":"https:\/\/bogensportdiscount.ch\/fr\/wp-json\/wp\/v2\/comments?post=391880"}],"wp:featuredmedia":[{"embeddable":true,"href":"https:\/\/bogensportdiscount.ch\/fr\/wp-json\/wp\/v2\/media\/453631"}],"wp:attachment":[{"href":"https:\/\/bogensportdiscount.ch\/fr\/wp-json\/wp\/v2\/media?parent=391880"}],"wp:term":[{"taxonomy":"product_brand","embeddable":true,"href":"https:\/\/bogensportdiscount.ch\/fr\/wp-json\/wp\/v2\/product_brand?post=391880"},{"taxonomy":"product_cat","embeddable":true,"href":"https:\/\/bogensportdiscount.ch\/fr\/wp-json\/wp\/v2\/product_cat?post=391880"},{"taxonomy":"product_tag","embeddable":true,"href":"https:\/\/bogensportdiscount.ch\/fr\/wp-json\/wp\/v2\/product_tag?post=391880"}],"curies":[{"name":"wp","href":"https:\/\/api.w.org\/{rel}","templated":true}]}}