{"id":391876,"date":"2026-04-05T14:24:12","date_gmt":"2026-04-05T12:24:12","guid":{"rendered":"https:\/\/bogensportdiscount.ch\/produkt\/neet-traditional-quivers-os-bq-1-osage-bowmen-leather-18-lh\/"},"modified":"2026-05-14T07:13:33","modified_gmt":"2026-05-14T05:13:33","slug":"neet-traditioneller-koecher-os-bq-1-osage-bowmen-leder-18-links","status":"publish","type":"product","link":"https:\/\/bogensportdiscount.ch\/fr\/produit\/neet-traditioneller-koecher-os-bq-1-osage-bowmen-leder-18-links\/","title":{"rendered":"NEET CARQUOIS TRADITIONNEL OS-BQ-1 &#8218;Osage Bowmen&#8216; CUIR 18&#8243; LH"},"content":{"rendered":"<p>Le NEET OS-BQ-1 &#8218;Osage Bowmen&#8216; est un carquois de hanche traditionnel en v\u00e9ritable cuir. Avec une longueur de 18 pouces, il offre suffisamment de place pour un nombre habituel de fl\u00e8ches et est sp\u00e9cialement con\u00e7u pour les gauchers (LH).<\/p>\n<p>Le mod\u00e8le s'adresse aux archers traditionnels qui privil\u00e9gient les mat\u00e9riaux classiques pour leur \u00e9quipement. Le cuir est durable, garde sa forme et s'accorde visuellement \u00e0 l'\u00e9quipement traditionnel tel que l'arc long ou l'arc classique sans viseur.<\/p>\n<ul>\n<li>Mat\u00e9riau : cuir<\/li>\n<li>Longueur : 18 pouces<\/li>\n<li>Version : gaucher<\/li>\n<li>Cat\u00e9gorie : carquois traditionnel<\/li>\n<\/ul>","protected":false},"excerpt":{"rendered":"<table>\n<tr>\n<th>Propri\u00e9t\u00e9<\/th>\n<th>Valeur<\/th>\n<\/tr>\n<tr>\n<td>Marque<\/td>\n<td>Neet<\/td>\n<\/tr>\n<tr>\n<td>Type<\/td>\n<td>Back quiver<\/td>\n<\/tr>\n<tr>\n<td>Couleur<\/td>\n<td>Brun<\/td>\n<\/tr>\n<tr>\n<td>Hand (LH\/RH)<\/td>\n<td>LH<\/td>\n<\/tr>\n<tr>\n<td>Pays d'origine<\/td>\n<td>USA<\/td>\n<\/tr>\n<\/table>","protected":false},"featured_media":452367,"comment_status":"open","ping_status":"closed","template":"","meta":[],"product_brand":[786],"product_cat":[4124,4145,4149],"product_tag":[3546],"class_list":{"0":"post-391876","1":"product","2":"type-product","3":"status-publish","4":"has-post-thumbnail","6":"product_brand-neet","7":"product_cat-bogenschuetzer-ausruestung","8":"product_cat-koecher-guerteltasche","9":"product_cat-traditioneller-koecher","10":"product_tag-neuheit","11":"product_shipping_class-bsd-standard","13":"first","14":"instock","15":"shipping-taxable","16":"purchasable","17":"product-type-simple"},"yoast_head":"<!-- This site is optimized with the Yoast SEO plugin v27.6 - https:\/\/yoast.com\/product\/yoast-seo-wordpress\/ -->\n<title>NEET TRADITIONELL K\u00d6CHER OS-BQ-1 &#039;Osage Bowmen&#039; LEDER 18&quot; LH - Bogensportdiscount \u2013 B\u00f6gen, Pfeile, Targets &amp; Zubeh\u00f6r<\/title>\n<meta name=\"description\" content=\"NEET TRADITIONELL K\u00d6CHER OS-BQ-1 &#039;Osage Bowmen&#039; LEDER 18&quot; LH g\u00fcnstig kaufen bei Bogensportdiscount \u2013 Top-Marken, schneller Versand aus der Schweiz.\" \/>\n<meta name=\"robots\" content=\"index, follow, max-snippet:-1, max-image-preview:large, max-video-preview:-1\" \/>\n<link rel=\"canonical\" href=\"https:\/\/bogensportdiscount.ch\/fr\/produit\/neet-traditioneller-koecher-os-bq-1-osage-bowmen-leder-18-links\/\" \/>\n<meta property=\"og:locale\" content=\"fr_FR\" \/>\n<meta property=\"og:type\" content=\"article\" \/>\n<meta property=\"og:title\" content=\"NEET TRADITIONELL K\u00d6CHER OS-BQ-1 &#039;Osage Bowmen&#039; LEDER 18&quot; LH - Bogensportdiscount \u2013 B\u00f6gen, Pfeile, Targets &amp; Zubeh\u00f6r\" \/>\n<meta property=\"og:description\" content=\"NEET TRADITIONELL K\u00d6CHER OS-BQ-1 &#039;Osage Bowmen&#039; LEDER 18&quot; LH g\u00fcnstig kaufen bei Bogensportdiscount \u2013 Top-Marken, schneller Versand aus der Schweiz.\" \/>\n<meta property=\"og:url\" content=\"https:\/\/bogensportdiscount.ch\/fr\/produit\/neet-traditioneller-koecher-os-bq-1-osage-bowmen-leder-18-links\/\" \/>\n<meta property=\"og:site_name\" content=\"Bogensportdiscount \u2013 B\u00f6gen, Pfeile, Targets &amp; Zubeh\u00f6r\" \/>\n<meta property=\"article:modified_time\" content=\"2026-05-14T05:13:33+00:00\" \/>\n<meta property=\"og:image\" content=\"https:\/\/bogensportdiscount.ch\/wp-content\/uploads\/bsm-images\/a017933_1.jpg\" \/>\n\t<meta property=\"og:image:width\" content=\"266\" \/>\n\t<meta property=\"og:image:height\" content=\"400\" \/>\n\t<meta property=\"og:image:type\" content=\"image\/jpeg\" \/>\n<meta name=\"twitter:card\" content=\"summary_large_image\" \/>\n<script type=\"application\/ld+json\" class=\"yoast-schema-graph\">{\"@context\":\"https:\\\/\\\/schema.org\",\"@graph\":[{\"@type\":\"WebPage\",\"@id\":\"https:\\\/\\\/bogensportdiscount.ch\\\/produkt\\\/neet-traditioneller-koecher-os-bq-1-osage-bowmen-leder-18-links\\\/\",\"url\":\"https:\\\/\\\/bogensportdiscount.ch\\\/produkt\\\/neet-traditioneller-koecher-os-bq-1-osage-bowmen-leder-18-links\\\/\",\"name\":\"NEET TRADITIONELL K\u00d6CHER OS-BQ-1 'Osage Bowmen' LEDER 18\\\" LH - Bogensportdiscount \u2013 B\u00f6gen, Pfeile, Targets &amp; Zubeh\u00f6r\",\"isPartOf\":{\"@id\":\"https:\\\/\\\/bogensportdiscount.ch\\\/#website\"},\"primaryImageOfPage\":{\"@id\":\"https:\\\/\\\/bogensportdiscount.ch\\\/produkt\\\/neet-traditioneller-koecher-os-bq-1-osage-bowmen-leder-18-links\\\/#primaryimage\"},\"image\":{\"@id\":\"https:\\\/\\\/bogensportdiscount.ch\\\/produkt\\\/neet-traditioneller-koecher-os-bq-1-osage-bowmen-leder-18-links\\\/#primaryimage\"},\"thumbnailUrl\":\"https:\\\/\\\/bogensportdiscount.ch\\\/wp-content\\\/uploads\\\/bsm-images\\\/a017933_1.jpg\",\"datePublished\":\"2026-04-05T12:24:12+00:00\",\"dateModified\":\"2026-05-14T05:13:33+00:00\",\"description\":\"NEET TRADITIONELL K\u00d6CHER OS-BQ-1 'Osage Bowmen' LEDER 18\\\" LH g\u00fcnstig kaufen bei Bogensportdiscount \u2013 Top-Marken, schneller Versand aus der Schweiz.\",\"breadcrumb\":{\"@id\":\"https:\\\/\\\/bogensportdiscount.ch\\\/produkt\\\/neet-traditioneller-koecher-os-bq-1-osage-bowmen-leder-18-links\\\/#breadcrumb\"},\"inLanguage\":\"fr-FR\",\"potentialAction\":[{\"@type\":\"ReadAction\",\"target\":[\"https:\\\/\\\/bogensportdiscount.ch\\\/produkt\\\/neet-traditioneller-koecher-os-bq-1-osage-bowmen-leder-18-links\\\/\"]}]},{\"@type\":\"ImageObject\",\"inLanguage\":\"fr-FR\",\"@id\":\"https:\\\/\\\/bogensportdiscount.ch\\\/produkt\\\/neet-traditioneller-koecher-os-bq-1-osage-bowmen-leder-18-links\\\/#primaryimage\",\"url\":\"https:\\\/\\\/bogensportdiscount.ch\\\/wp-content\\\/uploads\\\/bsm-images\\\/a017933_1.jpg\",\"contentUrl\":\"https:\\\/\\\/bogensportdiscount.ch\\\/wp-content\\\/uploads\\\/bsm-images\\\/a017933_1.jpg\",\"width\":266,\"height\":400},{\"@type\":\"BreadcrumbList\",\"@id\":\"https:\\\/\\\/bogensportdiscount.ch\\\/produkt\\\/neet-traditioneller-koecher-os-bq-1-osage-bowmen-leder-18-links\\\/#breadcrumb\",\"itemListElement\":[{\"@type\":\"ListItem\",\"position\":1,\"name\":\"Home\",\"item\":\"https:\\\/\\\/bogensportdiscount.ch\\\/\"},{\"@type\":\"ListItem\",\"position\":2,\"name\":\"Shop\",\"item\":\"https:\\\/\\\/bogensportdiscount.ch\\\/shop\\\/\"},{\"@type\":\"ListItem\",\"position\":3,\"name\":\"NEET TRADITIONAL QUIVERS OS-BQ-1 &#8218;Osage Bowmen&#8216; LEATHER 18&#8243; LH\"}]},{\"@type\":\"WebSite\",\"@id\":\"https:\\\/\\\/bogensportdiscount.ch\\\/#website\",\"url\":\"https:\\\/\\\/bogensportdiscount.ch\\\/\",\"name\":\"Bogensportdiscount\",\"description\":\"\",\"potentialAction\":[{\"@type\":\"SearchAction\",\"target\":{\"@type\":\"EntryPoint\",\"urlTemplate\":\"https:\\\/\\\/bogensportdiscount.ch\\\/?s={search_term_string}\"},\"query-input\":{\"@type\":\"PropertyValueSpecification\",\"valueRequired\":true,\"valueName\":\"search_term_string\"}}],\"inLanguage\":\"fr-FR\"}]}<\/script>\n<!-- \/ Yoast SEO plugin. -->","yoast_head_json":{"title":"NEET TRADITIONELL K\u00d6CHER OS-BQ-1 'Osage Bowmen' LEDER 18\" LH - Bogensportdiscount \u2013 B\u00f6gen, Pfeile, Targets &amp; Zubeh\u00f6r","description":"NEET TRADITIONELL K\u00d6CHER OS-BQ-1 'Osage Bowmen' LEDER 18\" LH g\u00fcnstig kaufen bei Bogensportdiscount \u2013 Top-Marken, schneller Versand aus der Schweiz.","robots":{"index":"index","follow":"follow","max-snippet":"max-snippet:-1","max-image-preview":"max-image-preview:large","max-video-preview":"max-video-preview:-1"},"canonical":"https:\/\/bogensportdiscount.ch\/fr\/produit\/neet-traditioneller-koecher-os-bq-1-osage-bowmen-leder-18-links\/","og_locale":"fr_FR","og_type":"article","og_title":"NEET TRADITIONELL K\u00d6CHER OS-BQ-1 'Osage Bowmen' LEDER 18\" LH - Bogensportdiscount \u2013 B\u00f6gen, Pfeile, Targets &amp; Zubeh\u00f6r","og_description":"NEET TRADITIONELL K\u00d6CHER OS-BQ-1 'Osage Bowmen' LEDER 18\" LH g\u00fcnstig kaufen bei Bogensportdiscount \u2013 Top-Marken, schneller Versand aus der Schweiz.","og_url":"https:\/\/bogensportdiscount.ch\/fr\/produit\/neet-traditioneller-koecher-os-bq-1-osage-bowmen-leder-18-links\/","og_site_name":"Bogensportdiscount \u2013 B\u00f6gen, Pfeile, Targets &amp; Zubeh\u00f6r","article_modified_time":"2026-05-14T05:13:33+00:00","og_image":[{"width":266,"height":400,"url":"https:\/\/bogensportdiscount.ch\/wp-content\/uploads\/bsm-images\/a017933_1.jpg","type":"image\/jpeg"}],"twitter_card":"summary_large_image","schema":{"@context":"https:\/\/schema.org","@graph":[{"@type":"WebPage","@id":"https:\/\/bogensportdiscount.ch\/produkt\/neet-traditioneller-koecher-os-bq-1-osage-bowmen-leder-18-links\/","url":"https:\/\/bogensportdiscount.ch\/produkt\/neet-traditioneller-koecher-os-bq-1-osage-bowmen-leder-18-links\/","name":"NEET TRADITIONELL K\u00d6CHER OS-BQ-1 'Osage Bowmen' LEDER 18\" LH - Bogensportdiscount \u2013 B\u00f6gen, Pfeile, Targets &amp; Zubeh\u00f6r","isPartOf":{"@id":"https:\/\/bogensportdiscount.ch\/#website"},"primaryImageOfPage":{"@id":"https:\/\/bogensportdiscount.ch\/produkt\/neet-traditioneller-koecher-os-bq-1-osage-bowmen-leder-18-links\/#primaryimage"},"image":{"@id":"https:\/\/bogensportdiscount.ch\/produkt\/neet-traditioneller-koecher-os-bq-1-osage-bowmen-leder-18-links\/#primaryimage"},"thumbnailUrl":"https:\/\/bogensportdiscount.ch\/wp-content\/uploads\/bsm-images\/a017933_1.jpg","datePublished":"2026-04-05T12:24:12+00:00","dateModified":"2026-05-14T05:13:33+00:00","description":"NEET TRADITIONELL K\u00d6CHER OS-BQ-1 'Osage Bowmen' LEDER 18\" LH g\u00fcnstig kaufen bei Bogensportdiscount \u2013 Top-Marken, schneller Versand aus der Schweiz.","breadcrumb":{"@id":"https:\/\/bogensportdiscount.ch\/produkt\/neet-traditioneller-koecher-os-bq-1-osage-bowmen-leder-18-links\/#breadcrumb"},"inLanguage":"fr-FR","potentialAction":[{"@type":"ReadAction","target":["https:\/\/bogensportdiscount.ch\/produkt\/neet-traditioneller-koecher-os-bq-1-osage-bowmen-leder-18-links\/"]}]},{"@type":"ImageObject","inLanguage":"fr-FR","@id":"https:\/\/bogensportdiscount.ch\/produkt\/neet-traditioneller-koecher-os-bq-1-osage-bowmen-leder-18-links\/#primaryimage","url":"https:\/\/bogensportdiscount.ch\/wp-content\/uploads\/bsm-images\/a017933_1.jpg","contentUrl":"https:\/\/bogensportdiscount.ch\/wp-content\/uploads\/bsm-images\/a017933_1.jpg","width":266,"height":400},{"@type":"BreadcrumbList","@id":"https:\/\/bogensportdiscount.ch\/produkt\/neet-traditioneller-koecher-os-bq-1-osage-bowmen-leder-18-links\/#breadcrumb","itemListElement":[{"@type":"ListItem","position":1,"name":"Home","item":"https:\/\/bogensportdiscount.ch\/"},{"@type":"ListItem","position":2,"name":"Shop","item":"https:\/\/bogensportdiscount.ch\/shop\/"},{"@type":"ListItem","position":3,"name":"NEET TRADITIONAL QUIVERS OS-BQ-1 &#8218;Osage Bowmen&#8216; LEATHER 18&#8243; LH"}]},{"@type":"WebSite","@id":"https:\/\/bogensportdiscount.ch\/#website","url":"https:\/\/bogensportdiscount.ch\/","name":"Bogensportdiscount","description":"","potentialAction":[{"@type":"SearchAction","target":{"@type":"EntryPoint","urlTemplate":"https:\/\/bogensportdiscount.ch\/?s={search_term_string}"},"query-input":{"@type":"PropertyValueSpecification","valueRequired":true,"valueName":"search_term_string"}}],"inLanguage":"fr-FR"}]}},"_links":{"self":[{"href":"https:\/\/bogensportdiscount.ch\/fr\/wp-json\/wp\/v2\/product\/391876","targetHints":{"allow":["GET"]}}],"collection":[{"href":"https:\/\/bogensportdiscount.ch\/fr\/wp-json\/wp\/v2\/product"}],"about":[{"href":"https:\/\/bogensportdiscount.ch\/fr\/wp-json\/wp\/v2\/types\/product"}],"replies":[{"embeddable":true,"href":"https:\/\/bogensportdiscount.ch\/fr\/wp-json\/wp\/v2\/comments?post=391876"}],"wp:featuredmedia":[{"embeddable":true,"href":"https:\/\/bogensportdiscount.ch\/fr\/wp-json\/wp\/v2\/media\/452367"}],"wp:attachment":[{"href":"https:\/\/bogensportdiscount.ch\/fr\/wp-json\/wp\/v2\/media?parent=391876"}],"wp:term":[{"taxonomy":"product_brand","embeddable":true,"href":"https:\/\/bogensportdiscount.ch\/fr\/wp-json\/wp\/v2\/product_brand?post=391876"},{"taxonomy":"product_cat","embeddable":true,"href":"https:\/\/bogensportdiscount.ch\/fr\/wp-json\/wp\/v2\/product_cat?post=391876"},{"taxonomy":"product_tag","embeddable":true,"href":"https:\/\/bogensportdiscount.ch\/fr\/wp-json\/wp\/v2\/product_tag?post=391876"}],"curies":[{"name":"wp","href":"https:\/\/api.w.org\/{rel}","templated":true}]}}