{"id":391873,"date":"2026-04-05T14:24:12","date_gmt":"2026-04-05T12:24:12","guid":{"rendered":"https:\/\/bogensportdiscount.ch\/produkt\/maximal-bow-quivers-edge-1pc-qd-5-arrows-double-gripper-camo\/"},"modified":"2026-04-15T12:13:33","modified_gmt":"2026-04-15T10:13:33","slug":"maximal-bogenkoecher-edge-1pc-qd-5-pfeile-doppelgreifer-camo","status":"publish","type":"product","link":"https:\/\/bogensportdiscount.ch\/fr\/produit\/maximal-bogenkoecher-edge-1pc-qd-5-pfeile-doppelgreifer-camo\/","title":{"rendered":"MAXIMUM BOW QUIVERS EDGE 1PC QD \/ 5 ARROWS \/ DOUBLE GRIPPER CAMO"},"content":{"rendered":"<p>Der Maximal Edge Bogenk\u00f6cher ist als 1-teiliges System konzipiert und l\u00e4sst sich dank Quick-Detach-Mechanismus (QD) schnell und werkzeuglos am Bogen montieren und abnehmen. Er bietet Platz f\u00fcr bis zu 5 Pfeile.<\/p>\n<p>Der Doppelgreifer h\u00e4lt die Pfeile zuverl\u00e4ssig an Ort und Stelle und verhindert unerw\u00fcnschtes Verrutschen oder Herausfallen \u2013 auch in bewegungsreichen Situationen wie auf der Jagd oder beim 3D-Bogenschiessen. Die Camo-Ausf\u00fchrung eignet sich besonders f\u00fcr den Einsatz in der Natur.<\/p>\n<ul>\n<li>1-teiliger Bogenk\u00f6cher mit QD-Schnellbefestigung<\/li>\n<li>Kapazit\u00e4t: 5 Pfeile<\/li>\n<li>Doppelgreifer f\u00fcr sicheren Pfeilhalt<\/li>\n<li>Tarnfarben-Design (Camo)<\/li>\n<\/ul>","protected":false},"excerpt":{"rendered":"<p><strong>Marque :<\/strong> Maximal<br \/><strong>LH\/RH:<\/strong> Beidh\u00e4ndig<br \/><strong>Farbe:<\/strong> Camo<br \/><strong>Arrow quantity:<\/strong> 5<\/p>","protected":false},"featured_media":446880,"comment_status":"open","ping_status":"closed","template":"","meta":[],"product_brand":[780],"product_cat":[4163],"product_tag":[3546],"class_list":{"0":"post-391873","1":"product","2":"type-product","3":"status-publish","4":"has-post-thumbnail","6":"product_brand-maximal","7":"product_cat-anbaukoecher","8":"product_tag-neuheit","10":"first","11":"instock","12":"shipping-taxable","13":"purchasable","14":"product-type-simple"},"_links":{"self":[{"href":"https:\/\/bogensportdiscount.ch\/fr\/wp-json\/wp\/v2\/product\/391873","targetHints":{"allow":["GET"]}}],"collection":[{"href":"https:\/\/bogensportdiscount.ch\/fr\/wp-json\/wp\/v2\/product"}],"about":[{"href":"https:\/\/bogensportdiscount.ch\/fr\/wp-json\/wp\/v2\/types\/product"}],"replies":[{"embeddable":true,"href":"https:\/\/bogensportdiscount.ch\/fr\/wp-json\/wp\/v2\/comments?post=391873"}],"wp:featuredmedia":[{"embeddable":true,"href":"https:\/\/bogensportdiscount.ch\/fr\/wp-json\/wp\/v2\/media\/446880"}],"wp:attachment":[{"href":"https:\/\/bogensportdiscount.ch\/fr\/wp-json\/wp\/v2\/media?parent=391873"}],"wp:term":[{"taxonomy":"product_brand","embeddable":true,"href":"https:\/\/bogensportdiscount.ch\/fr\/wp-json\/wp\/v2\/product_brand?post=391873"},{"taxonomy":"product_cat","embeddable":true,"href":"https:\/\/bogensportdiscount.ch\/fr\/wp-json\/wp\/v2\/product_cat?post=391873"},{"taxonomy":"product_tag","embeddable":true,"href":"https:\/\/bogensportdiscount.ch\/fr\/wp-json\/wp\/v2\/product_tag?post=391873"}],"curies":[{"name":"wp","href":"https:\/\/api.w.org\/{rel}","templated":true}]}}