{"id":391869,"date":"2026-04-05T14:24:11","date_gmt":"2026-04-05T12:24:11","guid":{"rendered":"https:\/\/bogensportdiscount.ch\/produkt\/total-peep-quiver-accessories-parts-hip-quiver-support-for-belt\/"},"modified":"2026-05-14T07:13:32","modified_gmt":"2026-05-14T05:13:32","slug":"totalpeep-hueftkocher-guertelhalterung","status":"publish","type":"product","link":"https:\/\/bogensportdiscount.ch\/fr\/produit\/totalpeep-hueftkocher-guertelhalterung\/","title":{"rendered":"TOTAL PEEP ACCESSOIRES &#038; PI\u00c8CES DE CARQUOIS SUPPORT CARQUOIS DE HANCHE \u00c0 CEINTURE"},"content":{"rendered":"<p>Ce support de ceinture de Totalpeep est sp\u00e9cialement con\u00e7u pour les carquois de hanche et permet une fixation stable \u00e0 la ceinture. Il appartient \u00e0 la cat\u00e9gorie des pi\u00e8ces et accessoires de carquois et est con\u00e7u comme pi\u00e8ce de rechange ou pi\u00e8ce compl\u00e9mentaire.<\/p>\n<p>Le support s'adresse aux archers qui souhaitent fixer leur carquois de hanche de mani\u00e8re fiable \u00e0 la ceinture sans d\u00e9pendre d'un syst\u00e8me de carquois complet.<\/p>\n<ul>\n<li>Compatible avec les carquois de hanche<\/li>\n<li>Pour la fixation \u00e0 la ceinture<\/li>\n<li>Accessoire compact<\/li>\n<li>De Totalpeep, un fournisseur sp\u00e9cialis\u00e9 en accessoires de tir \u00e0 l'arc<\/li>\n<\/ul>","protected":false},"excerpt":{"rendered":"<table>\n<tr>\n<th>Propri\u00e9t\u00e9<\/th>\n<th>Valeur<\/th>\n<\/tr>\n<tr>\n<td>Marque<\/td>\n<td>Total Peep<\/td>\n<\/tr>\n<tr>\n<td>Couleur<\/td>\n<td>Noir<\/td>\n<\/tr>\n<tr>\n<td>Pays d'origine<\/td>\n<td>Espagne<\/td>\n<\/tr>\n<tr>\n<td>GTIN<\/td>\n<td>8437017186106<\/td>\n<\/tr>\n<\/table>","protected":false},"featured_media":446883,"comment_status":"open","ping_status":"closed","template":"","meta":[],"product_brand":[595],"product_cat":[4124,4145,4164],"product_tag":[3546],"class_list":{"0":"post-391869","1":"product","2":"type-product","3":"status-publish","4":"has-post-thumbnail","6":"product_brand-totalpeep","7":"product_cat-bogenschuetzer-ausruestung","8":"product_cat-koecher-guerteltasche","9":"product_cat-zubehoer-einzelteile","10":"product_tag-neuheit","11":"product_shipping_class-bsd-standard","13":"first","14":"instock","15":"shipping-taxable","16":"purchasable","17":"product-type-simple"},"yoast_head":"<!-- This site is optimized with the Yoast SEO plugin v27.6 - https:\/\/yoast.com\/product\/yoast-seo-wordpress\/ -->\n<title>TOTAL PEEP K\u00d6CHER ZUBEH\u00d6R &amp; TEILE H\u00dcFTK\u00d6CHER G\u00dcRTEL-HALTERUNG - Bogensportdiscount \u2013 B\u00f6gen, Pfeile, Targets &amp; Zubeh\u00f6r<\/title>\n<meta name=\"description\" content=\"TOTAL PEEP K\u00d6CHER ZUBEH\u00d6R &amp; TEILE H\u00dcFTK\u00d6CHER G\u00dcRTEL-HALTERUNG g\u00fcnstig kaufen bei Bogensportdiscount \u2013 Top-Marken, schneller Versand aus der Schweiz.\" \/>\n<meta name=\"robots\" content=\"index, follow, max-snippet:-1, max-image-preview:large, max-video-preview:-1\" \/>\n<link rel=\"canonical\" href=\"https:\/\/bogensportdiscount.ch\/fr\/produit\/totalpeep-hueftkocher-guertelhalterung\/\" \/>\n<meta property=\"og:locale\" content=\"fr_FR\" \/>\n<meta property=\"og:type\" content=\"article\" \/>\n<meta property=\"og:title\" content=\"TOTAL PEEP K\u00d6CHER ZUBEH\u00d6R &amp; TEILE H\u00dcFTK\u00d6CHER G\u00dcRTEL-HALTERUNG - Bogensportdiscount \u2013 B\u00f6gen, Pfeile, Targets &amp; Zubeh\u00f6r\" \/>\n<meta property=\"og:description\" content=\"TOTAL PEEP K\u00d6CHER ZUBEH\u00d6R &amp; TEILE H\u00dcFTK\u00d6CHER G\u00dcRTEL-HALTERUNG g\u00fcnstig kaufen bei Bogensportdiscount \u2013 Top-Marken, schneller Versand aus der Schweiz.\" \/>\n<meta property=\"og:url\" content=\"https:\/\/bogensportdiscount.ch\/fr\/produit\/totalpeep-hueftkocher-guertelhalterung\/\" \/>\n<meta property=\"og:site_name\" content=\"Bogensportdiscount \u2013 B\u00f6gen, Pfeile, Targets &amp; Zubeh\u00f6r\" \/>\n<meta property=\"article:modified_time\" content=\"2026-05-14T05:13:32+00:00\" \/>\n<meta property=\"og:image\" content=\"https:\/\/bogensportdiscount.ch\/wp-content\/uploads\/bsm-images\/A017650_1.jpg\" \/>\n\t<meta property=\"og:image:width\" content=\"452\" \/>\n\t<meta property=\"og:image:height\" content=\"584\" \/>\n\t<meta property=\"og:image:type\" content=\"image\/jpeg\" \/>\n<meta name=\"twitter:card\" content=\"summary_large_image\" \/>\n<script type=\"application\/ld+json\" class=\"yoast-schema-graph\">{\"@context\":\"https:\\\/\\\/schema.org\",\"@graph\":[{\"@type\":\"WebPage\",\"@id\":\"https:\\\/\\\/bogensportdiscount.ch\\\/produkt\\\/totalpeep-hueftkocher-guertelhalterung\\\/\",\"url\":\"https:\\\/\\\/bogensportdiscount.ch\\\/produkt\\\/totalpeep-hueftkocher-guertelhalterung\\\/\",\"name\":\"TOTAL PEEP K\u00d6CHER ZUBEH\u00d6R & TEILE H\u00dcFTK\u00d6CHER G\u00dcRTEL-HALTERUNG - Bogensportdiscount \u2013 B\u00f6gen, Pfeile, Targets &amp; Zubeh\u00f6r\",\"isPartOf\":{\"@id\":\"https:\\\/\\\/bogensportdiscount.ch\\\/#website\"},\"primaryImageOfPage\":{\"@id\":\"https:\\\/\\\/bogensportdiscount.ch\\\/produkt\\\/totalpeep-hueftkocher-guertelhalterung\\\/#primaryimage\"},\"image\":{\"@id\":\"https:\\\/\\\/bogensportdiscount.ch\\\/produkt\\\/totalpeep-hueftkocher-guertelhalterung\\\/#primaryimage\"},\"thumbnailUrl\":\"https:\\\/\\\/bogensportdiscount.ch\\\/wp-content\\\/uploads\\\/bsm-images\\\/A017650_1.jpg\",\"datePublished\":\"2026-04-05T12:24:11+00:00\",\"dateModified\":\"2026-05-14T05:13:32+00:00\",\"description\":\"TOTAL PEEP K\u00d6CHER ZUBEH\u00d6R & TEILE H\u00dcFTK\u00d6CHER G\u00dcRTEL-HALTERUNG g\u00fcnstig kaufen bei Bogensportdiscount \u2013 Top-Marken, schneller Versand aus der Schweiz.\",\"breadcrumb\":{\"@id\":\"https:\\\/\\\/bogensportdiscount.ch\\\/produkt\\\/totalpeep-hueftkocher-guertelhalterung\\\/#breadcrumb\"},\"inLanguage\":\"fr-FR\",\"potentialAction\":[{\"@type\":\"ReadAction\",\"target\":[\"https:\\\/\\\/bogensportdiscount.ch\\\/produkt\\\/totalpeep-hueftkocher-guertelhalterung\\\/\"]}]},{\"@type\":\"ImageObject\",\"inLanguage\":\"fr-FR\",\"@id\":\"https:\\\/\\\/bogensportdiscount.ch\\\/produkt\\\/totalpeep-hueftkocher-guertelhalterung\\\/#primaryimage\",\"url\":\"https:\\\/\\\/bogensportdiscount.ch\\\/wp-content\\\/uploads\\\/bsm-images\\\/A017650_1.jpg\",\"contentUrl\":\"https:\\\/\\\/bogensportdiscount.ch\\\/wp-content\\\/uploads\\\/bsm-images\\\/A017650_1.jpg\",\"width\":452,\"height\":584},{\"@type\":\"BreadcrumbList\",\"@id\":\"https:\\\/\\\/bogensportdiscount.ch\\\/produkt\\\/totalpeep-hueftkocher-guertelhalterung\\\/#breadcrumb\",\"itemListElement\":[{\"@type\":\"ListItem\",\"position\":1,\"name\":\"Home\",\"item\":\"https:\\\/\\\/bogensportdiscount.ch\\\/\"},{\"@type\":\"ListItem\",\"position\":2,\"name\":\"Shop\",\"item\":\"https:\\\/\\\/bogensportdiscount.ch\\\/shop\\\/\"},{\"@type\":\"ListItem\",\"position\":3,\"name\":\"TOTAL PEEP QUIVER ACCESSORIES &#038; PARTS HIP QUIVER SUPPORT FOR BELT\"}]},{\"@type\":\"WebSite\",\"@id\":\"https:\\\/\\\/bogensportdiscount.ch\\\/#website\",\"url\":\"https:\\\/\\\/bogensportdiscount.ch\\\/\",\"name\":\"Bogensportdiscount\",\"description\":\"\",\"potentialAction\":[{\"@type\":\"SearchAction\",\"target\":{\"@type\":\"EntryPoint\",\"urlTemplate\":\"https:\\\/\\\/bogensportdiscount.ch\\\/?s={search_term_string}\"},\"query-input\":{\"@type\":\"PropertyValueSpecification\",\"valueRequired\":true,\"valueName\":\"search_term_string\"}}],\"inLanguage\":\"fr-FR\"}]}<\/script>\n<!-- \/ Yoast SEO plugin. -->","yoast_head_json":{"title":"TOTAL PEEP K\u00d6CHER ZUBEH\u00d6R & TEILE H\u00dcFTK\u00d6CHER G\u00dcRTEL-HALTERUNG - Bogensportdiscount \u2013 B\u00f6gen, Pfeile, Targets &amp; Zubeh\u00f6r","description":"TOTAL PEEP K\u00d6CHER ZUBEH\u00d6R & TEILE H\u00dcFTK\u00d6CHER G\u00dcRTEL-HALTERUNG g\u00fcnstig kaufen bei Bogensportdiscount \u2013 Top-Marken, schneller Versand aus der Schweiz.","robots":{"index":"index","follow":"follow","max-snippet":"max-snippet:-1","max-image-preview":"max-image-preview:large","max-video-preview":"max-video-preview:-1"},"canonical":"https:\/\/bogensportdiscount.ch\/fr\/produit\/totalpeep-hueftkocher-guertelhalterung\/","og_locale":"fr_FR","og_type":"article","og_title":"TOTAL PEEP K\u00d6CHER ZUBEH\u00d6R & TEILE H\u00dcFTK\u00d6CHER G\u00dcRTEL-HALTERUNG - Bogensportdiscount \u2013 B\u00f6gen, Pfeile, Targets &amp; Zubeh\u00f6r","og_description":"TOTAL PEEP K\u00d6CHER ZUBEH\u00d6R & TEILE H\u00dcFTK\u00d6CHER G\u00dcRTEL-HALTERUNG g\u00fcnstig kaufen bei Bogensportdiscount \u2013 Top-Marken, schneller Versand aus der Schweiz.","og_url":"https:\/\/bogensportdiscount.ch\/fr\/produit\/totalpeep-hueftkocher-guertelhalterung\/","og_site_name":"Bogensportdiscount \u2013 B\u00f6gen, Pfeile, Targets &amp; Zubeh\u00f6r","article_modified_time":"2026-05-14T05:13:32+00:00","og_image":[{"width":452,"height":584,"url":"https:\/\/bogensportdiscount.ch\/wp-content\/uploads\/bsm-images\/A017650_1.jpg","type":"image\/jpeg"}],"twitter_card":"summary_large_image","schema":{"@context":"https:\/\/schema.org","@graph":[{"@type":"WebPage","@id":"https:\/\/bogensportdiscount.ch\/produkt\/totalpeep-hueftkocher-guertelhalterung\/","url":"https:\/\/bogensportdiscount.ch\/produkt\/totalpeep-hueftkocher-guertelhalterung\/","name":"TOTAL PEEP K\u00d6CHER ZUBEH\u00d6R & TEILE H\u00dcFTK\u00d6CHER G\u00dcRTEL-HALTERUNG - Bogensportdiscount \u2013 B\u00f6gen, Pfeile, Targets &amp; Zubeh\u00f6r","isPartOf":{"@id":"https:\/\/bogensportdiscount.ch\/#website"},"primaryImageOfPage":{"@id":"https:\/\/bogensportdiscount.ch\/produkt\/totalpeep-hueftkocher-guertelhalterung\/#primaryimage"},"image":{"@id":"https:\/\/bogensportdiscount.ch\/produkt\/totalpeep-hueftkocher-guertelhalterung\/#primaryimage"},"thumbnailUrl":"https:\/\/bogensportdiscount.ch\/wp-content\/uploads\/bsm-images\/A017650_1.jpg","datePublished":"2026-04-05T12:24:11+00:00","dateModified":"2026-05-14T05:13:32+00:00","description":"TOTAL PEEP K\u00d6CHER ZUBEH\u00d6R & TEILE H\u00dcFTK\u00d6CHER G\u00dcRTEL-HALTERUNG g\u00fcnstig kaufen bei Bogensportdiscount \u2013 Top-Marken, schneller Versand aus der Schweiz.","breadcrumb":{"@id":"https:\/\/bogensportdiscount.ch\/produkt\/totalpeep-hueftkocher-guertelhalterung\/#breadcrumb"},"inLanguage":"fr-FR","potentialAction":[{"@type":"ReadAction","target":["https:\/\/bogensportdiscount.ch\/produkt\/totalpeep-hueftkocher-guertelhalterung\/"]}]},{"@type":"ImageObject","inLanguage":"fr-FR","@id":"https:\/\/bogensportdiscount.ch\/produkt\/totalpeep-hueftkocher-guertelhalterung\/#primaryimage","url":"https:\/\/bogensportdiscount.ch\/wp-content\/uploads\/bsm-images\/A017650_1.jpg","contentUrl":"https:\/\/bogensportdiscount.ch\/wp-content\/uploads\/bsm-images\/A017650_1.jpg","width":452,"height":584},{"@type":"BreadcrumbList","@id":"https:\/\/bogensportdiscount.ch\/produkt\/totalpeep-hueftkocher-guertelhalterung\/#breadcrumb","itemListElement":[{"@type":"ListItem","position":1,"name":"Home","item":"https:\/\/bogensportdiscount.ch\/"},{"@type":"ListItem","position":2,"name":"Shop","item":"https:\/\/bogensportdiscount.ch\/shop\/"},{"@type":"ListItem","position":3,"name":"TOTAL PEEP QUIVER ACCESSORIES &#038; PARTS HIP QUIVER SUPPORT FOR BELT"}]},{"@type":"WebSite","@id":"https:\/\/bogensportdiscount.ch\/#website","url":"https:\/\/bogensportdiscount.ch\/","name":"Bogensportdiscount","description":"","potentialAction":[{"@type":"SearchAction","target":{"@type":"EntryPoint","urlTemplate":"https:\/\/bogensportdiscount.ch\/?s={search_term_string}"},"query-input":{"@type":"PropertyValueSpecification","valueRequired":true,"valueName":"search_term_string"}}],"inLanguage":"fr-FR"}]}},"_links":{"self":[{"href":"https:\/\/bogensportdiscount.ch\/fr\/wp-json\/wp\/v2\/product\/391869","targetHints":{"allow":["GET"]}}],"collection":[{"href":"https:\/\/bogensportdiscount.ch\/fr\/wp-json\/wp\/v2\/product"}],"about":[{"href":"https:\/\/bogensportdiscount.ch\/fr\/wp-json\/wp\/v2\/types\/product"}],"replies":[{"embeddable":true,"href":"https:\/\/bogensportdiscount.ch\/fr\/wp-json\/wp\/v2\/comments?post=391869"}],"wp:featuredmedia":[{"embeddable":true,"href":"https:\/\/bogensportdiscount.ch\/fr\/wp-json\/wp\/v2\/media\/446883"}],"wp:attachment":[{"href":"https:\/\/bogensportdiscount.ch\/fr\/wp-json\/wp\/v2\/media?parent=391869"}],"wp:term":[{"taxonomy":"product_brand","embeddable":true,"href":"https:\/\/bogensportdiscount.ch\/fr\/wp-json\/wp\/v2\/product_brand?post=391869"},{"taxonomy":"product_cat","embeddable":true,"href":"https:\/\/bogensportdiscount.ch\/fr\/wp-json\/wp\/v2\/product_cat?post=391869"},{"taxonomy":"product_tag","embeddable":true,"href":"https:\/\/bogensportdiscount.ch\/fr\/wp-json\/wp\/v2\/product_tag?post=391869"}],"curies":[{"name":"wp","href":"https:\/\/api.w.org\/{rel}","templated":true}]}}