{"id":391868,"date":"2026-04-05T14:24:11","date_gmt":"2026-04-05T12:24:11","guid":{"rendered":"https:\/\/bogensportdiscount.ch\/produkt\/bohning-quiver-accessories-parts-lever-lock-quiver-locking-system\/"},"modified":"2026-05-14T07:13:32","modified_gmt":"2026-05-14T05:13:32","slug":"bohning-koecherzubehoer-lever-lock-kocher-verriegelungssystem","status":"publish","type":"product","link":"https:\/\/bogensportdiscount.ch\/fr\/produit\/bohning-koecherzubehoer-lever-lock-kocher-verriegelungssystem\/","title":{"rendered":"BOHNING ACCESSOIRES &#038; PI\u00c8CES CARQUOIS SYST\u00c8ME DE VERROUILLAGE CARQUOIS LEVER-LOCK"},"content":{"rendered":"<p>Le syst\u00e8me de verrouillage Bohning Lever-Lock pour carquois est une pi\u00e8ce de rechange et accessoire pour les carquois de tir \u00e0 l'arc. Le principe Lever-Lock assure un verrouillage m\u00e9canique fiable, de sorte que le carquois reste solidement fix\u00e9 \u00e0 l'arc ou \u00e0 la ceinture.<\/p>\n<p>Cette pi\u00e8ce convient comme remplacement en cas d'usure ou comme am\u00e9lioration des fixations de carquois existantes. Elle est adapt\u00e9e \u00e0 la gamme de produits Bohning et se monte sans complications.<\/p>\n<ul>\n<li>M\u00e9canisme de verrouillage Lever-Lock pour une tenue s\u00fbre<\/li>\n<li>Convient comme pi\u00e8ce de rechange ou accessoire<\/li>\n<li>Compatible avec les syst\u00e8mes de carquois Bohning<\/li>\n<li>Montage facile<\/li>\n<\/ul>","protected":false},"excerpt":{"rendered":"<table>\n<tr>\n<th>Propri\u00e9t\u00e9<\/th>\n<th>Valeur<\/th>\n<\/tr>\n<tr>\n<td>Marque<\/td>\n<td>Bohning<\/td>\n<\/tr>\n<tr>\n<td>Couleur<\/td>\n<td>Noir<\/td>\n<\/tr>\n<tr>\n<td>Pays d'origine<\/td>\n<td>USA<\/td>\n<\/tr>\n<\/table>","protected":false},"featured_media":446882,"comment_status":"open","ping_status":"closed","template":"","meta":[],"product_brand":[444],"product_cat":[4124,4145,4164],"product_tag":[3546],"class_list":{"0":"post-391868","1":"product","2":"type-product","3":"status-publish","4":"has-post-thumbnail","6":"product_brand-bohning","7":"product_cat-bogenschuetzer-ausruestung","8":"product_cat-koecher-guerteltasche","9":"product_cat-zubehoer-einzelteile","10":"product_tag-neuheit","11":"product_shipping_class-bsd-standard","13":"first","14":"instock","15":"shipping-taxable","16":"purchasable","17":"product-type-simple"},"yoast_head":"<!-- This site is optimized with the Yoast SEO plugin v27.6 - https:\/\/yoast.com\/product\/yoast-seo-wordpress\/ -->\n<title>BOHNING K\u00d6CHER ZUBEH\u00d6R &amp; TEILE LEVER-LOCK K\u00d6CHER VERRIEGELUNGSSYSTEM - Bogensportdiscount \u2013 B\u00f6gen, Pfeile, Targets &amp; Zubeh\u00f6r<\/title>\n<meta name=\"description\" content=\"BOHNING K\u00d6CHER ZUBEH\u00d6R &amp; TEILE LEVER-LOCK K\u00d6CHER VERRIEGELUNGSSYSTEM g\u00fcnstig kaufen bei Bogensportdiscount \u2013 Top-Marken, schneller Versand aus der Schweiz.\" \/>\n<meta name=\"robots\" content=\"index, follow, max-snippet:-1, max-image-preview:large, max-video-preview:-1\" \/>\n<link rel=\"canonical\" href=\"https:\/\/bogensportdiscount.ch\/fr\/produit\/bohning-koecherzubehoer-lever-lock-kocher-verriegelungssystem\/\" \/>\n<meta property=\"og:locale\" content=\"fr_FR\" \/>\n<meta property=\"og:type\" content=\"article\" \/>\n<meta property=\"og:title\" content=\"BOHNING K\u00d6CHER ZUBEH\u00d6R &amp; TEILE LEVER-LOCK K\u00d6CHER VERRIEGELUNGSSYSTEM - Bogensportdiscount \u2013 B\u00f6gen, Pfeile, Targets &amp; Zubeh\u00f6r\" \/>\n<meta property=\"og:description\" content=\"BOHNING K\u00d6CHER ZUBEH\u00d6R &amp; TEILE LEVER-LOCK K\u00d6CHER VERRIEGELUNGSSYSTEM g\u00fcnstig kaufen bei Bogensportdiscount \u2013 Top-Marken, schneller Versand aus der Schweiz.\" \/>\n<meta property=\"og:url\" content=\"https:\/\/bogensportdiscount.ch\/fr\/produit\/bohning-koecherzubehoer-lever-lock-kocher-verriegelungssystem\/\" \/>\n<meta property=\"og:site_name\" content=\"Bogensportdiscount \u2013 B\u00f6gen, Pfeile, Targets &amp; Zubeh\u00f6r\" \/>\n<meta property=\"article:modified_time\" content=\"2026-05-14T05:13:32+00:00\" \/>\n<meta property=\"og:image\" content=\"https:\/\/bogensportdiscount.ch\/wp-content\/uploads\/bsm-images\/A017646_1.jpg\" \/>\n\t<meta property=\"og:image:width\" content=\"975\" \/>\n\t<meta property=\"og:image:height\" content=\"825\" \/>\n\t<meta property=\"og:image:type\" content=\"image\/jpeg\" \/>\n<meta name=\"twitter:card\" content=\"summary_large_image\" \/>\n<script type=\"application\/ld+json\" class=\"yoast-schema-graph\">{\"@context\":\"https:\\\/\\\/schema.org\",\"@graph\":[{\"@type\":\"WebPage\",\"@id\":\"https:\\\/\\\/bogensportdiscount.ch\\\/produkt\\\/bohning-koecherzubehoer-lever-lock-kocher-verriegelungssystem\\\/\",\"url\":\"https:\\\/\\\/bogensportdiscount.ch\\\/produkt\\\/bohning-koecherzubehoer-lever-lock-kocher-verriegelungssystem\\\/\",\"name\":\"BOHNING K\u00d6CHER ZUBEH\u00d6R & TEILE LEVER-LOCK K\u00d6CHER VERRIEGELUNGSSYSTEM - Bogensportdiscount \u2013 B\u00f6gen, Pfeile, Targets &amp; Zubeh\u00f6r\",\"isPartOf\":{\"@id\":\"https:\\\/\\\/bogensportdiscount.ch\\\/#website\"},\"primaryImageOfPage\":{\"@id\":\"https:\\\/\\\/bogensportdiscount.ch\\\/produkt\\\/bohning-koecherzubehoer-lever-lock-kocher-verriegelungssystem\\\/#primaryimage\"},\"image\":{\"@id\":\"https:\\\/\\\/bogensportdiscount.ch\\\/produkt\\\/bohning-koecherzubehoer-lever-lock-kocher-verriegelungssystem\\\/#primaryimage\"},\"thumbnailUrl\":\"https:\\\/\\\/bogensportdiscount.ch\\\/wp-content\\\/uploads\\\/bsm-images\\\/A017646_1.jpg\",\"datePublished\":\"2026-04-05T12:24:11+00:00\",\"dateModified\":\"2026-05-14T05:13:32+00:00\",\"description\":\"BOHNING K\u00d6CHER ZUBEH\u00d6R & TEILE LEVER-LOCK K\u00d6CHER VERRIEGELUNGSSYSTEM g\u00fcnstig kaufen bei Bogensportdiscount \u2013 Top-Marken, schneller Versand aus der Schweiz.\",\"breadcrumb\":{\"@id\":\"https:\\\/\\\/bogensportdiscount.ch\\\/produkt\\\/bohning-koecherzubehoer-lever-lock-kocher-verriegelungssystem\\\/#breadcrumb\"},\"inLanguage\":\"fr-FR\",\"potentialAction\":[{\"@type\":\"ReadAction\",\"target\":[\"https:\\\/\\\/bogensportdiscount.ch\\\/produkt\\\/bohning-koecherzubehoer-lever-lock-kocher-verriegelungssystem\\\/\"]}]},{\"@type\":\"ImageObject\",\"inLanguage\":\"fr-FR\",\"@id\":\"https:\\\/\\\/bogensportdiscount.ch\\\/produkt\\\/bohning-koecherzubehoer-lever-lock-kocher-verriegelungssystem\\\/#primaryimage\",\"url\":\"https:\\\/\\\/bogensportdiscount.ch\\\/wp-content\\\/uploads\\\/bsm-images\\\/A017646_1.jpg\",\"contentUrl\":\"https:\\\/\\\/bogensportdiscount.ch\\\/wp-content\\\/uploads\\\/bsm-images\\\/A017646_1.jpg\",\"width\":975,\"height\":825},{\"@type\":\"BreadcrumbList\",\"@id\":\"https:\\\/\\\/bogensportdiscount.ch\\\/produkt\\\/bohning-koecherzubehoer-lever-lock-kocher-verriegelungssystem\\\/#breadcrumb\",\"itemListElement\":[{\"@type\":\"ListItem\",\"position\":1,\"name\":\"Home\",\"item\":\"https:\\\/\\\/bogensportdiscount.ch\\\/\"},{\"@type\":\"ListItem\",\"position\":2,\"name\":\"Shop\",\"item\":\"https:\\\/\\\/bogensportdiscount.ch\\\/shop\\\/\"},{\"@type\":\"ListItem\",\"position\":3,\"name\":\"BOHNING QUIVER ACCESSORIES &#038; PARTS LEVER-LOCK QUIVER LOCKING SYSTEM\"}]},{\"@type\":\"WebSite\",\"@id\":\"https:\\\/\\\/bogensportdiscount.ch\\\/#website\",\"url\":\"https:\\\/\\\/bogensportdiscount.ch\\\/\",\"name\":\"Bogensportdiscount\",\"description\":\"\",\"potentialAction\":[{\"@type\":\"SearchAction\",\"target\":{\"@type\":\"EntryPoint\",\"urlTemplate\":\"https:\\\/\\\/bogensportdiscount.ch\\\/?s={search_term_string}\"},\"query-input\":{\"@type\":\"PropertyValueSpecification\",\"valueRequired\":true,\"valueName\":\"search_term_string\"}}],\"inLanguage\":\"fr-FR\"}]}<\/script>\n<!-- \/ Yoast SEO plugin. -->","yoast_head_json":{"title":"BOHNING K\u00d6CHER ZUBEH\u00d6R & TEILE LEVER-LOCK K\u00d6CHER VERRIEGELUNGSSYSTEM - Bogensportdiscount \u2013 B\u00f6gen, Pfeile, Targets &amp; Zubeh\u00f6r","description":"BOHNING K\u00d6CHER ZUBEH\u00d6R & TEILE LEVER-LOCK K\u00d6CHER VERRIEGELUNGSSYSTEM g\u00fcnstig kaufen bei Bogensportdiscount \u2013 Top-Marken, schneller Versand aus der Schweiz.","robots":{"index":"index","follow":"follow","max-snippet":"max-snippet:-1","max-image-preview":"max-image-preview:large","max-video-preview":"max-video-preview:-1"},"canonical":"https:\/\/bogensportdiscount.ch\/fr\/produit\/bohning-koecherzubehoer-lever-lock-kocher-verriegelungssystem\/","og_locale":"fr_FR","og_type":"article","og_title":"BOHNING K\u00d6CHER ZUBEH\u00d6R & TEILE LEVER-LOCK K\u00d6CHER VERRIEGELUNGSSYSTEM - Bogensportdiscount \u2013 B\u00f6gen, Pfeile, Targets &amp; Zubeh\u00f6r","og_description":"BOHNING K\u00d6CHER ZUBEH\u00d6R & TEILE LEVER-LOCK K\u00d6CHER VERRIEGELUNGSSYSTEM g\u00fcnstig kaufen bei Bogensportdiscount \u2013 Top-Marken, schneller Versand aus der Schweiz.","og_url":"https:\/\/bogensportdiscount.ch\/fr\/produit\/bohning-koecherzubehoer-lever-lock-kocher-verriegelungssystem\/","og_site_name":"Bogensportdiscount \u2013 B\u00f6gen, Pfeile, Targets &amp; Zubeh\u00f6r","article_modified_time":"2026-05-14T05:13:32+00:00","og_image":[{"width":975,"height":825,"url":"https:\/\/bogensportdiscount.ch\/wp-content\/uploads\/bsm-images\/A017646_1.jpg","type":"image\/jpeg"}],"twitter_card":"summary_large_image","schema":{"@context":"https:\/\/schema.org","@graph":[{"@type":"WebPage","@id":"https:\/\/bogensportdiscount.ch\/produkt\/bohning-koecherzubehoer-lever-lock-kocher-verriegelungssystem\/","url":"https:\/\/bogensportdiscount.ch\/produkt\/bohning-koecherzubehoer-lever-lock-kocher-verriegelungssystem\/","name":"BOHNING K\u00d6CHER ZUBEH\u00d6R & TEILE LEVER-LOCK K\u00d6CHER VERRIEGELUNGSSYSTEM - Bogensportdiscount \u2013 B\u00f6gen, Pfeile, Targets &amp; Zubeh\u00f6r","isPartOf":{"@id":"https:\/\/bogensportdiscount.ch\/#website"},"primaryImageOfPage":{"@id":"https:\/\/bogensportdiscount.ch\/produkt\/bohning-koecherzubehoer-lever-lock-kocher-verriegelungssystem\/#primaryimage"},"image":{"@id":"https:\/\/bogensportdiscount.ch\/produkt\/bohning-koecherzubehoer-lever-lock-kocher-verriegelungssystem\/#primaryimage"},"thumbnailUrl":"https:\/\/bogensportdiscount.ch\/wp-content\/uploads\/bsm-images\/A017646_1.jpg","datePublished":"2026-04-05T12:24:11+00:00","dateModified":"2026-05-14T05:13:32+00:00","description":"BOHNING K\u00d6CHER ZUBEH\u00d6R & TEILE LEVER-LOCK K\u00d6CHER VERRIEGELUNGSSYSTEM g\u00fcnstig kaufen bei Bogensportdiscount \u2013 Top-Marken, schneller Versand aus der Schweiz.","breadcrumb":{"@id":"https:\/\/bogensportdiscount.ch\/produkt\/bohning-koecherzubehoer-lever-lock-kocher-verriegelungssystem\/#breadcrumb"},"inLanguage":"fr-FR","potentialAction":[{"@type":"ReadAction","target":["https:\/\/bogensportdiscount.ch\/produkt\/bohning-koecherzubehoer-lever-lock-kocher-verriegelungssystem\/"]}]},{"@type":"ImageObject","inLanguage":"fr-FR","@id":"https:\/\/bogensportdiscount.ch\/produkt\/bohning-koecherzubehoer-lever-lock-kocher-verriegelungssystem\/#primaryimage","url":"https:\/\/bogensportdiscount.ch\/wp-content\/uploads\/bsm-images\/A017646_1.jpg","contentUrl":"https:\/\/bogensportdiscount.ch\/wp-content\/uploads\/bsm-images\/A017646_1.jpg","width":975,"height":825},{"@type":"BreadcrumbList","@id":"https:\/\/bogensportdiscount.ch\/produkt\/bohning-koecherzubehoer-lever-lock-kocher-verriegelungssystem\/#breadcrumb","itemListElement":[{"@type":"ListItem","position":1,"name":"Home","item":"https:\/\/bogensportdiscount.ch\/"},{"@type":"ListItem","position":2,"name":"Shop","item":"https:\/\/bogensportdiscount.ch\/shop\/"},{"@type":"ListItem","position":3,"name":"BOHNING QUIVER ACCESSORIES &#038; PARTS LEVER-LOCK QUIVER LOCKING SYSTEM"}]},{"@type":"WebSite","@id":"https:\/\/bogensportdiscount.ch\/#website","url":"https:\/\/bogensportdiscount.ch\/","name":"Bogensportdiscount","description":"","potentialAction":[{"@type":"SearchAction","target":{"@type":"EntryPoint","urlTemplate":"https:\/\/bogensportdiscount.ch\/?s={search_term_string}"},"query-input":{"@type":"PropertyValueSpecification","valueRequired":true,"valueName":"search_term_string"}}],"inLanguage":"fr-FR"}]}},"_links":{"self":[{"href":"https:\/\/bogensportdiscount.ch\/fr\/wp-json\/wp\/v2\/product\/391868","targetHints":{"allow":["GET"]}}],"collection":[{"href":"https:\/\/bogensportdiscount.ch\/fr\/wp-json\/wp\/v2\/product"}],"about":[{"href":"https:\/\/bogensportdiscount.ch\/fr\/wp-json\/wp\/v2\/types\/product"}],"replies":[{"embeddable":true,"href":"https:\/\/bogensportdiscount.ch\/fr\/wp-json\/wp\/v2\/comments?post=391868"}],"wp:featuredmedia":[{"embeddable":true,"href":"https:\/\/bogensportdiscount.ch\/fr\/wp-json\/wp\/v2\/media\/446882"}],"wp:attachment":[{"href":"https:\/\/bogensportdiscount.ch\/fr\/wp-json\/wp\/v2\/media?parent=391868"}],"wp:term":[{"taxonomy":"product_brand","embeddable":true,"href":"https:\/\/bogensportdiscount.ch\/fr\/wp-json\/wp\/v2\/product_brand?post=391868"},{"taxonomy":"product_cat","embeddable":true,"href":"https:\/\/bogensportdiscount.ch\/fr\/wp-json\/wp\/v2\/product_cat?post=391868"},{"taxonomy":"product_tag","embeddable":true,"href":"https:\/\/bogensportdiscount.ch\/fr\/wp-json\/wp\/v2\/product_tag?post=391868"}],"curies":[{"name":"wp","href":"https:\/\/api.w.org\/{rel}","templated":true}]}}