{"id":391863,"date":"2026-04-05T14:24:10","date_gmt":"2026-04-05T12:24:10","guid":{"rendered":"https:\/\/bogensportdiscount.ch\/produkt\/saunders-water-proof-rubber-whiskers-black-2pr\/"},"modified":"2026-05-14T07:13:32","modified_gmt":"2026-05-14T05:13:32","slug":"saunders-sehnen-daempfer-rubber-whiskers-schwarz-2-paar","status":"publish","type":"product","link":"https:\/\/bogensportdiscount.ch\/fr\/produit\/saunders-sehnen-daempfer-rubber-whiskers-schwarz-2-paar\/","title":{"rendered":"SAUNDERS BALEINES EN CAOUTCHOUC IMPERM\u00c9ABLES NOIR 2PR"},"content":{"rendered":"<p>Les Saunders Rubber Whiskers sont des amortisseurs de corde en caoutchouc r\u00e9sistant \u00e0 l'eau qui s'int\u00e8grent directement dans la corde de l'arc. Ils amortissent les vibrations apr\u00e8s le tir et r\u00e9duisent efficacement le bruit de l'arc.<\/p>\n<p>Gr\u00e2ce au mat\u00e9riau imperm\u00e9able, les Whiskers conservent leurs propri\u00e9t\u00e9s d'amortissement m\u00eame par temps humide et dans des conditions m\u00e9t\u00e9orologiques changeantes. Le kit en couleur noire contient 2 paires, ce qui permet d'avoir un \u00e9quipement complet ou des pi\u00e8ces de rechange directement disponibles.<\/p>\n<ul>\n<li>Mat\u00e9riau en caoutchouc imperm\u00e9able<\/li>\n<li>R\u00e9duit les vibrations de corde et les bruits<\/li>\n<li>Facile \u00e0 int\u00e9grer dans la corde de l'arc<\/li>\n<li>Contenu de la livraison : 2 paires<\/li>\n<\/ul>","protected":false},"excerpt":{"rendered":"<table>\n<tr>\n<th>Propri\u00e9t\u00e9<\/th>\n<th>Valeur<\/th>\n<\/tr>\n<tr>\n<td>Marque<\/td>\n<td>Saunders<\/td>\n<\/tr>\n<tr>\n<td>Couleur<\/td>\n<td>Noir<\/td>\n<\/tr>\n<tr>\n<td>Pays d'origine<\/td>\n<td>USA<\/td>\n<\/tr>\n<tr>\n<td>GTIN<\/td>\n<td>46961907057<\/td>\n<\/tr>\n<\/table>","protected":false},"featured_media":446889,"comment_status":"open","ping_status":"closed","template":"","meta":[],"product_brand":[779],"product_cat":[4128,4195,4198],"product_tag":[3546],"class_list":{"0":"post-391863","1":"product","2":"type-product","3":"status-publish","4":"has-post-thumbnail","6":"product_brand-saunders","7":"product_cat-bogen-zubehoer","8":"product_cat-daempfer","9":"product_cat-sehnen-daempfer","10":"product_tag-neuheit","11":"product_shipping_class-bsd-standard","13":"first","14":"instock","15":"shipping-taxable","16":"purchasable","17":"product-type-simple"},"yoast_head":"<!-- This site is optimized with the Yoast SEO plugin v27.6 - https:\/\/yoast.com\/product\/yoast-seo-wordpress\/ -->\n<title>SAUNDERS WASSERDICHTE GUMMI-WHISKER SCHWARZ 2PR - Bogensportdiscount \u2013 B\u00f6gen, Pfeile, Targets &amp; Zubeh\u00f6r<\/title>\n<meta name=\"description\" content=\"SAUNDERS WASSERDICHTE GUMMI-WHISKER SCHWARZ 2PR g\u00fcnstig kaufen bei Bogensportdiscount \u2013 Top-Marken, schneller Versand aus der Schweiz.\" \/>\n<meta name=\"robots\" content=\"index, follow, max-snippet:-1, max-image-preview:large, max-video-preview:-1\" \/>\n<link rel=\"canonical\" href=\"https:\/\/bogensportdiscount.ch\/fr\/produit\/saunders-sehnen-daempfer-rubber-whiskers-schwarz-2-paar\/\" \/>\n<meta property=\"og:locale\" content=\"fr_FR\" \/>\n<meta property=\"og:type\" content=\"article\" \/>\n<meta property=\"og:title\" content=\"SAUNDERS WASSERDICHTE GUMMI-WHISKER SCHWARZ 2PR - Bogensportdiscount \u2013 B\u00f6gen, Pfeile, Targets &amp; Zubeh\u00f6r\" \/>\n<meta property=\"og:description\" content=\"SAUNDERS WASSERDICHTE GUMMI-WHISKER SCHWARZ 2PR g\u00fcnstig kaufen bei Bogensportdiscount \u2013 Top-Marken, schneller Versand aus der Schweiz.\" \/>\n<meta property=\"og:url\" content=\"https:\/\/bogensportdiscount.ch\/fr\/produit\/saunders-sehnen-daempfer-rubber-whiskers-schwarz-2-paar\/\" \/>\n<meta property=\"og:site_name\" content=\"Bogensportdiscount \u2013 B\u00f6gen, Pfeile, Targets &amp; Zubeh\u00f6r\" \/>\n<meta property=\"article:modified_time\" content=\"2026-05-14T05:13:32+00:00\" \/>\n<meta property=\"og:image\" content=\"https:\/\/bogensportdiscount.ch\/wp-content\/uploads\/bsm-images\/A017400_1.png\" \/>\n\t<meta property=\"og:image:width\" content=\"1181\" \/>\n\t<meta property=\"og:image:height\" content=\"1110\" \/>\n\t<meta property=\"og:image:type\" content=\"image\/png\" \/>\n<meta name=\"twitter:card\" content=\"summary_large_image\" \/>\n<script type=\"application\/ld+json\" class=\"yoast-schema-graph\">{\"@context\":\"https:\\\/\\\/schema.org\",\"@graph\":[{\"@type\":\"WebPage\",\"@id\":\"https:\\\/\\\/bogensportdiscount.ch\\\/produkt\\\/saunders-sehnen-daempfer-rubber-whiskers-schwarz-2-paar\\\/\",\"url\":\"https:\\\/\\\/bogensportdiscount.ch\\\/produkt\\\/saunders-sehnen-daempfer-rubber-whiskers-schwarz-2-paar\\\/\",\"name\":\"SAUNDERS WASSERDICHTE GUMMI-WHISKER SCHWARZ 2PR - Bogensportdiscount \u2013 B\u00f6gen, Pfeile, Targets &amp; Zubeh\u00f6r\",\"isPartOf\":{\"@id\":\"https:\\\/\\\/bogensportdiscount.ch\\\/#website\"},\"primaryImageOfPage\":{\"@id\":\"https:\\\/\\\/bogensportdiscount.ch\\\/produkt\\\/saunders-sehnen-daempfer-rubber-whiskers-schwarz-2-paar\\\/#primaryimage\"},\"image\":{\"@id\":\"https:\\\/\\\/bogensportdiscount.ch\\\/produkt\\\/saunders-sehnen-daempfer-rubber-whiskers-schwarz-2-paar\\\/#primaryimage\"},\"thumbnailUrl\":\"https:\\\/\\\/bogensportdiscount.ch\\\/wp-content\\\/uploads\\\/bsm-images\\\/A017400_1.png\",\"datePublished\":\"2026-04-05T12:24:10+00:00\",\"dateModified\":\"2026-05-14T05:13:32+00:00\",\"description\":\"SAUNDERS WASSERDICHTE GUMMI-WHISKER SCHWARZ 2PR g\u00fcnstig kaufen bei Bogensportdiscount \u2013 Top-Marken, schneller Versand aus der Schweiz.\",\"breadcrumb\":{\"@id\":\"https:\\\/\\\/bogensportdiscount.ch\\\/produkt\\\/saunders-sehnen-daempfer-rubber-whiskers-schwarz-2-paar\\\/#breadcrumb\"},\"inLanguage\":\"fr-FR\",\"potentialAction\":[{\"@type\":\"ReadAction\",\"target\":[\"https:\\\/\\\/bogensportdiscount.ch\\\/produkt\\\/saunders-sehnen-daempfer-rubber-whiskers-schwarz-2-paar\\\/\"]}]},{\"@type\":\"ImageObject\",\"inLanguage\":\"fr-FR\",\"@id\":\"https:\\\/\\\/bogensportdiscount.ch\\\/produkt\\\/saunders-sehnen-daempfer-rubber-whiskers-schwarz-2-paar\\\/#primaryimage\",\"url\":\"https:\\\/\\\/bogensportdiscount.ch\\\/wp-content\\\/uploads\\\/bsm-images\\\/A017400_1.png\",\"contentUrl\":\"https:\\\/\\\/bogensportdiscount.ch\\\/wp-content\\\/uploads\\\/bsm-images\\\/A017400_1.png\",\"width\":1181,\"height\":1110},{\"@type\":\"BreadcrumbList\",\"@id\":\"https:\\\/\\\/bogensportdiscount.ch\\\/produkt\\\/saunders-sehnen-daempfer-rubber-whiskers-schwarz-2-paar\\\/#breadcrumb\",\"itemListElement\":[{\"@type\":\"ListItem\",\"position\":1,\"name\":\"Home\",\"item\":\"https:\\\/\\\/bogensportdiscount.ch\\\/\"},{\"@type\":\"ListItem\",\"position\":2,\"name\":\"Shop\",\"item\":\"https:\\\/\\\/bogensportdiscount.ch\\\/shop\\\/\"},{\"@type\":\"ListItem\",\"position\":3,\"name\":\"SAUNDERS WATER PROOF RUBBER WHISKERS BLACK 2PR\"}]},{\"@type\":\"WebSite\",\"@id\":\"https:\\\/\\\/bogensportdiscount.ch\\\/#website\",\"url\":\"https:\\\/\\\/bogensportdiscount.ch\\\/\",\"name\":\"Bogensportdiscount\",\"description\":\"\",\"potentialAction\":[{\"@type\":\"SearchAction\",\"target\":{\"@type\":\"EntryPoint\",\"urlTemplate\":\"https:\\\/\\\/bogensportdiscount.ch\\\/?s={search_term_string}\"},\"query-input\":{\"@type\":\"PropertyValueSpecification\",\"valueRequired\":true,\"valueName\":\"search_term_string\"}}],\"inLanguage\":\"fr-FR\"}]}<\/script>\n<!-- \/ Yoast SEO plugin. -->","yoast_head_json":{"title":"SAUNDERS WASSERDICHTE GUMMI-WHISKER SCHWARZ 2PR - Bogensportdiscount \u2013 B\u00f6gen, Pfeile, Targets &amp; Zubeh\u00f6r","description":"SAUNDERS WASSERDICHTE GUMMI-WHISKER SCHWARZ 2PR g\u00fcnstig kaufen bei Bogensportdiscount \u2013 Top-Marken, schneller Versand aus der Schweiz.","robots":{"index":"index","follow":"follow","max-snippet":"max-snippet:-1","max-image-preview":"max-image-preview:large","max-video-preview":"max-video-preview:-1"},"canonical":"https:\/\/bogensportdiscount.ch\/fr\/produit\/saunders-sehnen-daempfer-rubber-whiskers-schwarz-2-paar\/","og_locale":"fr_FR","og_type":"article","og_title":"SAUNDERS WASSERDICHTE GUMMI-WHISKER SCHWARZ 2PR - Bogensportdiscount \u2013 B\u00f6gen, Pfeile, Targets &amp; Zubeh\u00f6r","og_description":"SAUNDERS WASSERDICHTE GUMMI-WHISKER SCHWARZ 2PR g\u00fcnstig kaufen bei Bogensportdiscount \u2013 Top-Marken, schneller Versand aus der Schweiz.","og_url":"https:\/\/bogensportdiscount.ch\/fr\/produit\/saunders-sehnen-daempfer-rubber-whiskers-schwarz-2-paar\/","og_site_name":"Bogensportdiscount \u2013 B\u00f6gen, Pfeile, Targets &amp; Zubeh\u00f6r","article_modified_time":"2026-05-14T05:13:32+00:00","og_image":[{"width":1181,"height":1110,"url":"https:\/\/bogensportdiscount.ch\/wp-content\/uploads\/bsm-images\/A017400_1.png","type":"image\/png"}],"twitter_card":"summary_large_image","schema":{"@context":"https:\/\/schema.org","@graph":[{"@type":"WebPage","@id":"https:\/\/bogensportdiscount.ch\/produkt\/saunders-sehnen-daempfer-rubber-whiskers-schwarz-2-paar\/","url":"https:\/\/bogensportdiscount.ch\/produkt\/saunders-sehnen-daempfer-rubber-whiskers-schwarz-2-paar\/","name":"SAUNDERS WASSERDICHTE GUMMI-WHISKER SCHWARZ 2PR - Bogensportdiscount \u2013 B\u00f6gen, Pfeile, Targets &amp; Zubeh\u00f6r","isPartOf":{"@id":"https:\/\/bogensportdiscount.ch\/#website"},"primaryImageOfPage":{"@id":"https:\/\/bogensportdiscount.ch\/produkt\/saunders-sehnen-daempfer-rubber-whiskers-schwarz-2-paar\/#primaryimage"},"image":{"@id":"https:\/\/bogensportdiscount.ch\/produkt\/saunders-sehnen-daempfer-rubber-whiskers-schwarz-2-paar\/#primaryimage"},"thumbnailUrl":"https:\/\/bogensportdiscount.ch\/wp-content\/uploads\/bsm-images\/A017400_1.png","datePublished":"2026-04-05T12:24:10+00:00","dateModified":"2026-05-14T05:13:32+00:00","description":"SAUNDERS WASSERDICHTE GUMMI-WHISKER SCHWARZ 2PR g\u00fcnstig kaufen bei Bogensportdiscount \u2013 Top-Marken, schneller Versand aus der Schweiz.","breadcrumb":{"@id":"https:\/\/bogensportdiscount.ch\/produkt\/saunders-sehnen-daempfer-rubber-whiskers-schwarz-2-paar\/#breadcrumb"},"inLanguage":"fr-FR","potentialAction":[{"@type":"ReadAction","target":["https:\/\/bogensportdiscount.ch\/produkt\/saunders-sehnen-daempfer-rubber-whiskers-schwarz-2-paar\/"]}]},{"@type":"ImageObject","inLanguage":"fr-FR","@id":"https:\/\/bogensportdiscount.ch\/produkt\/saunders-sehnen-daempfer-rubber-whiskers-schwarz-2-paar\/#primaryimage","url":"https:\/\/bogensportdiscount.ch\/wp-content\/uploads\/bsm-images\/A017400_1.png","contentUrl":"https:\/\/bogensportdiscount.ch\/wp-content\/uploads\/bsm-images\/A017400_1.png","width":1181,"height":1110},{"@type":"BreadcrumbList","@id":"https:\/\/bogensportdiscount.ch\/produkt\/saunders-sehnen-daempfer-rubber-whiskers-schwarz-2-paar\/#breadcrumb","itemListElement":[{"@type":"ListItem","position":1,"name":"Home","item":"https:\/\/bogensportdiscount.ch\/"},{"@type":"ListItem","position":2,"name":"Shop","item":"https:\/\/bogensportdiscount.ch\/shop\/"},{"@type":"ListItem","position":3,"name":"SAUNDERS WATER PROOF RUBBER WHISKERS BLACK 2PR"}]},{"@type":"WebSite","@id":"https:\/\/bogensportdiscount.ch\/#website","url":"https:\/\/bogensportdiscount.ch\/","name":"Bogensportdiscount","description":"","potentialAction":[{"@type":"SearchAction","target":{"@type":"EntryPoint","urlTemplate":"https:\/\/bogensportdiscount.ch\/?s={search_term_string}"},"query-input":{"@type":"PropertyValueSpecification","valueRequired":true,"valueName":"search_term_string"}}],"inLanguage":"fr-FR"}]}},"_links":{"self":[{"href":"https:\/\/bogensportdiscount.ch\/fr\/wp-json\/wp\/v2\/product\/391863","targetHints":{"allow":["GET"]}}],"collection":[{"href":"https:\/\/bogensportdiscount.ch\/fr\/wp-json\/wp\/v2\/product"}],"about":[{"href":"https:\/\/bogensportdiscount.ch\/fr\/wp-json\/wp\/v2\/types\/product"}],"replies":[{"embeddable":true,"href":"https:\/\/bogensportdiscount.ch\/fr\/wp-json\/wp\/v2\/comments?post=391863"}],"wp:featuredmedia":[{"embeddable":true,"href":"https:\/\/bogensportdiscount.ch\/fr\/wp-json\/wp\/v2\/media\/446889"}],"wp:attachment":[{"href":"https:\/\/bogensportdiscount.ch\/fr\/wp-json\/wp\/v2\/media?parent=391863"}],"wp:term":[{"taxonomy":"product_brand","embeddable":true,"href":"https:\/\/bogensportdiscount.ch\/fr\/wp-json\/wp\/v2\/product_brand?post=391863"},{"taxonomy":"product_cat","embeddable":true,"href":"https:\/\/bogensportdiscount.ch\/fr\/wp-json\/wp\/v2\/product_cat?post=391863"},{"taxonomy":"product_tag","embeddable":true,"href":"https:\/\/bogensportdiscount.ch\/fr\/wp-json\/wp\/v2\/product_tag?post=391863"}],"curies":[{"name":"wp","href":"https:\/\/api.w.org\/{rel}","templated":true}]}}