{"id":391855,"date":"2026-04-05T14:24:08","date_gmt":"2026-04-05T12:24:08","guid":{"rendered":"https:\/\/bogensportdiscount.ch\/produkt\/saunders-o-rings-100-pk\/"},"modified":"2026-04-15T12:10:24","modified_gmt":"2026-04-15T10:10:24","slug":"saunders-o-ringe-100er-pack","status":"publish","type":"product","link":"https:\/\/bogensportdiscount.ch\/fr\/produit\/saunders-o-ringe-100er-pack\/","title":{"rendered":"O-RINGS DE SAUNDERS 100\/PK"},"content":{"rendered":"<p>Die Saunders O-Ringe werden als Ersatzteile f\u00fcr Broadheads und Broadhead-Adapter verwendet. Sie dienen der Sicherung und Fixierung der Breitschneider auf dem Pfeilschaft und verhindern ein ungewolltes Verdrehen oder L\u00f6sen beim Einsatz.<\/p>\n<p>Das Pack enth\u00e4lt 100 O-Ringe, sodass stets ausreichend Ersatz vorhanden ist. Die Ringe sind ein g\u00e4ngiges Verbrauchsmaterial im Broadhead-Bereich und eignen sich f\u00fcr den regelm\u00e4ssigen Austausch bei der Pfeilwartung.<\/p>\n<ul>\n<li>100 O-Ringe pro Pack<\/li>\n<li>Passend f\u00fcr Broadheads und Broadhead-Adapter<\/li>\n<li>Praktische Vorratsmenge f\u00fcr den laufenden Bedarf<\/li>\n<li>Von Saunders, bekanntem Hersteller im Bogensportbereich<\/li>\n<\/ul>","protected":false},"excerpt":{"rendered":"<p><strong>Marque :<\/strong> Saunders<br \/><strong>GTIN:<\/strong> 46961000000<\/p>","protected":false},"featured_media":452359,"comment_status":"open","ping_status":"closed","template":"","meta":[],"product_brand":[779],"product_cat":[4179],"product_tag":[3546],"class_list":{"0":"post-391855","1":"product","2":"type-product","3":"status-publish","4":"has-post-thumbnail","6":"product_brand-saunders","7":"product_cat-einzelteile-zubehoer","8":"product_tag-neuheit","10":"first","11":"instock","12":"shipping-taxable","13":"purchasable","14":"product-type-simple"},"_links":{"self":[{"href":"https:\/\/bogensportdiscount.ch\/fr\/wp-json\/wp\/v2\/product\/391855","targetHints":{"allow":["GET"]}}],"collection":[{"href":"https:\/\/bogensportdiscount.ch\/fr\/wp-json\/wp\/v2\/product"}],"about":[{"href":"https:\/\/bogensportdiscount.ch\/fr\/wp-json\/wp\/v2\/types\/product"}],"replies":[{"embeddable":true,"href":"https:\/\/bogensportdiscount.ch\/fr\/wp-json\/wp\/v2\/comments?post=391855"}],"wp:featuredmedia":[{"embeddable":true,"href":"https:\/\/bogensportdiscount.ch\/fr\/wp-json\/wp\/v2\/media\/452359"}],"wp:attachment":[{"href":"https:\/\/bogensportdiscount.ch\/fr\/wp-json\/wp\/v2\/media?parent=391855"}],"wp:term":[{"taxonomy":"product_brand","embeddable":true,"href":"https:\/\/bogensportdiscount.ch\/fr\/wp-json\/wp\/v2\/product_brand?post=391855"},{"taxonomy":"product_cat","embeddable":true,"href":"https:\/\/bogensportdiscount.ch\/fr\/wp-json\/wp\/v2\/product_cat?post=391855"},{"taxonomy":"product_tag","embeddable":true,"href":"https:\/\/bogensportdiscount.ch\/fr\/wp-json\/wp\/v2\/product_tag?post=391855"}],"curies":[{"name":"wp","href":"https:\/\/api.w.org\/{rel}","templated":true}]}}