{"id":391850,"date":"2026-04-05T14:24:07","date_gmt":"2026-04-05T12:24:07","guid":{"rendered":"https:\/\/bogensportdiscount.ch\/produkt\/ekpoelang-ek-poelang-overfit-nocks-green-for-wooden-en-fiber-arrow\/"},"modified":"2026-04-22T12:14:49","modified_gmt":"2026-04-22T10:14:49","slug":"ekpoelang-overfit-nocke-gruen-holz-fiberpfeile","status":"publish","type":"product","link":"https:\/\/bogensportdiscount.ch\/fr\/produit\/ekpoelang-overfit-nocke-gruen-holz-fiberpfeile\/","title":{"rendered":"EKPOELANG EK-POELANG OVERFIT NOCKEN VERT POUR FL\u00c8CHES EN BOIS ET EN FIBRE"},"content":{"rendered":"<p>Die EKPOELANG Overfit-Nocke in Gr\u00fcn ist eine einfache und zuverl\u00e4ssige Standardnocke, die speziell f\u00fcr Holz- und Fiberpfeile konzipiert wurde. Dank der Overfit-Bauweise wird die Nocke \u00fcber das Pfeilende geschoben und sitzt fest auf dem Schaft, ohne zus\u00e4tzliche Klebung zu erfordern.<\/p>\n<p>Die farbige Ausf\u00fchrung in Gr\u00fcn erleichtert das Wiederfinden der Pfeile und erm\u00f6glicht eine einfache Unterscheidung verschiedener Pfeile im K\u00f6cher. Die Nocke sorgt f\u00fcr einen stabilen Kontakt zur Bogensehne und unterst\u00fctzt einen gleichm\u00e4ssigen Abschuss.<\/p>\n<ul>\n<li>Overfit-Bauweise f\u00fcr einfache Montage auf Holz- und Fiberpfeilsch\u00e4fte<\/li>\n<li>Tenue s\u00e9curis\u00e9e sur la corde d'arc<\/li>\n<li>Farbausf\u00fchrung Gr\u00fcn zur einfachen Pfeilidentifikation<\/li>\n<li>Geeignet f\u00fcr Standard-Nocken-Anwendungen<\/li>\n<\/ul>","protected":false},"excerpt":{"rendered":"<p><strong>Marque :<\/strong> EK &#8211; Poelang<br \/><strong>Couleur:<\/strong> Vert<\/p>","protected":false},"featured_media":442854,"comment_status":"open","ping_status":"closed","template":"","meta":[],"product_brand":[471],"product_cat":[4221],"product_tag":[3546],"class_list":{"0":"post-391850","1":"product","2":"type-product","3":"status-publish","4":"has-post-thumbnail","6":"product_brand-ekpoelang","7":"product_cat-aufsteck-nocken","8":"product_tag-neuheit","9":"product_shipping_class-bsd-standard","11":"first","12":"instock","13":"shipping-taxable","14":"purchasable","15":"product-type-simple"},"yoast_head":"<!-- This site is optimized with the Yoast SEO plugin v27.4 - https:\/\/yoast.com\/product\/yoast-seo-wordpress\/ -->\n<title>EKPOELANG EK-POELANG OVERFIT NOCKEN VERT POUR FL\u00c8CHES EN BOIS ET EN FIBRE - Bogensportdiscount \u2013 Arcs, fl\u00e8ches, cibles et accessoires<\/title>\n<meta name=\"description\" content=\"EKPOELANG EK-POELANG OVERFIT NOCKEN VERT POUR FL\u00c8CHES EN BOIS ET EN FIBRE : achetez-le \u00e0 un prix avantageux chez Bogensportdiscount \u2013 Les meilleures marques, livraison rapide depuis la Suisse.\" \/>\n<meta name=\"robots\" content=\"index, follow, max-snippet:-1, max-image-preview:large, max-video-preview:-1\" \/>\n<link rel=\"canonical\" href=\"https:\/\/bogensportdiscount.ch\/fr\/prodotto\/ekpoelang-overfit-nocke-gruen-holz-fiberpfeile\/\" \/>\n<meta property=\"og:locale\" content=\"fr_FR\" \/>\n<meta property=\"og:type\" content=\"article\" \/>\n<meta property=\"og:title\" content=\"EKPOELANG EK-POELANG OVERFIT NOCKEN VERT POUR FL\u00c8CHES EN BOIS ET EN FIBRE - Bogensportdiscount \u2013 Arcs, fl\u00e8ches, cibles et accessoires\" \/>\n<meta property=\"og:description\" content=\"EKPOELANG EK-POELANG OVERFIT NOCKEN VERT POUR FL\u00c8CHES EN BOIS ET EN FIBRE : achetez-le \u00e0 un prix avantageux chez Bogensportdiscount \u2013 Les meilleures marques, livraison rapide depuis la Suisse.\" \/>\n<meta property=\"og:url\" content=\"https:\/\/bogensportdiscount.ch\/fr\/prodotto\/ekpoelang-overfit-nocke-gruen-holz-fiberpfeile\/\" \/>\n<meta property=\"og:site_name\" content=\"Bogensportdiscount \u2013 B\u00f6gen, Pfeile, Targets &amp; Zubeh\u00f6r\" \/>\n<meta property=\"article:modified_time\" content=\"2026-04-22T10:14:49+00:00\" \/>\n<meta property=\"og:image\" content=\"https:\/\/bogensportdiscount.ch\/wp-content\/uploads\/bsm-images\/A017070_1.png\" \/>\n\t<meta property=\"og:image:width\" content=\"443\" \/>\n\t<meta property=\"og:image:height\" content=\"1155\" \/>\n\t<meta property=\"og:image:type\" content=\"image\/png\" \/>\n<meta name=\"twitter:card\" content=\"summary_large_image\" \/>\n<meta name=\"twitter:label1\" content=\"Dur\u00e9e de lecture estim\u00e9e\" \/>\n\t<meta name=\"twitter:data1\" content=\"1 minute\" \/>\n<script type=\"application\/ld+json\" class=\"yoast-schema-graph\">{\"@context\":\"https:\\\/\\\/schema.org\",\"@graph\":[{\"@type\":\"WebPage\",\"@id\":\"https:\\\/\\\/bogensportdiscount.ch\\\/it\\\/prodotto\\\/ekpoelang-overfit-nocke-gruen-holz-fiberpfeile\\\/\",\"url\":\"https:\\\/\\\/bogensportdiscount.ch\\\/it\\\/prodotto\\\/ekpoelang-overfit-nocke-gruen-holz-fiberpfeile\\\/\",\"name\":\"EKPOELANG EK-POELANG OVERFIT NOCKEN GRUEN FUER HOLZ- UND FIBERPFEIL - Bogensportdiscount \u2013 B\u00f6gen, Pfeile, Targets &amp; Zubeh\u00f6r\",\"isPartOf\":{\"@id\":\"https:\\\/\\\/bogensportdiscount.ch\\\/#website\"},\"primaryImageOfPage\":{\"@id\":\"https:\\\/\\\/bogensportdiscount.ch\\\/it\\\/prodotto\\\/ekpoelang-overfit-nocke-gruen-holz-fiberpfeile\\\/#primaryimage\"},\"image\":{\"@id\":\"https:\\\/\\\/bogensportdiscount.ch\\\/it\\\/prodotto\\\/ekpoelang-overfit-nocke-gruen-holz-fiberpfeile\\\/#primaryimage\"},\"thumbnailUrl\":\"https:\\\/\\\/bogensportdiscount.ch\\\/wp-content\\\/uploads\\\/bsm-images\\\/A017070_1.png\",\"datePublished\":\"2026-04-05T12:24:07+00:00\",\"dateModified\":\"2026-04-22T10:14:49+00:00\",\"description\":\"EKPOELANG EK-POELANG OVERFIT NOCKEN GRUEN FUER HOLZ- UND FIBERPFEIL g\u00fcnstig kaufen bei Bogensportdiscount \u2013 Top-Marken, schneller Versand aus der Schweiz.\",\"breadcrumb\":{\"@id\":\"https:\\\/\\\/bogensportdiscount.ch\\\/it\\\/prodotto\\\/ekpoelang-overfit-nocke-gruen-holz-fiberpfeile\\\/#breadcrumb\"},\"inLanguage\":\"fr-FR\",\"potentialAction\":[{\"@type\":\"ReadAction\",\"target\":[\"https:\\\/\\\/bogensportdiscount.ch\\\/it\\\/prodotto\\\/ekpoelang-overfit-nocke-gruen-holz-fiberpfeile\\\/\"]}]},{\"@type\":\"ImageObject\",\"inLanguage\":\"fr-FR\",\"@id\":\"https:\\\/\\\/bogensportdiscount.ch\\\/it\\\/prodotto\\\/ekpoelang-overfit-nocke-gruen-holz-fiberpfeile\\\/#primaryimage\",\"url\":\"https:\\\/\\\/bogensportdiscount.ch\\\/wp-content\\\/uploads\\\/bsm-images\\\/A017070_1.png\",\"contentUrl\":\"https:\\\/\\\/bogensportdiscount.ch\\\/wp-content\\\/uploads\\\/bsm-images\\\/A017070_1.png\",\"width\":443,\"height\":1155},{\"@type\":\"BreadcrumbList\",\"@id\":\"https:\\\/\\\/bogensportdiscount.ch\\\/it\\\/prodotto\\\/ekpoelang-overfit-nocke-gruen-holz-fiberpfeile\\\/#breadcrumb\",\"itemListElement\":[{\"@type\":\"ListItem\",\"position\":1,\"name\":\"Home\",\"item\":\"https:\\\/\\\/bogensportdiscount.ch\\\/\"},{\"@type\":\"ListItem\",\"position\":2,\"name\":\"Shop\",\"item\":\"https:\\\/\\\/bogensportdiscount.ch\\\/shop\\\/\"},{\"@type\":\"ListItem\",\"position\":3,\"name\":\"EKPOELANG EK-POELANG OVERFIT NOCKEN GRUEN FUER HOLZ- UND FIBERPFEIL\"}]},{\"@type\":\"WebSite\",\"@id\":\"https:\\\/\\\/bogensportdiscount.ch\\\/#website\",\"url\":\"https:\\\/\\\/bogensportdiscount.ch\\\/\",\"name\":\"Bogensportdiscount\",\"description\":\"\",\"potentialAction\":[{\"@type\":\"SearchAction\",\"target\":{\"@type\":\"EntryPoint\",\"urlTemplate\":\"https:\\\/\\\/bogensportdiscount.ch\\\/?s={search_term_string}\"},\"query-input\":{\"@type\":\"PropertyValueSpecification\",\"valueRequired\":true,\"valueName\":\"search_term_string\"}}],\"inLanguage\":\"fr-FR\"}]}<\/script>\n<!-- \/ Yoast SEO plugin. -->","yoast_head_json":{"title":"EKPOELANG EK-POELANG OVERFIT NOCKEN VERT POUR FL\u00c8CHES EN BOIS ET EN FIBRE - Bogensportdiscount \u2013 Arcs, fl\u00e8ches, cibles et accessoires","description":"EKPOELANG EK-POELANG OVERFIT NOCKEN VERT POUR FL\u00c8CHES EN BOIS ET EN FIBRE : achetez-le \u00e0 un prix avantageux chez Bogensportdiscount \u2013 Les meilleures marques, livraison rapide depuis la Suisse.","robots":{"index":"index","follow":"follow","max-snippet":"max-snippet:-1","max-image-preview":"max-image-preview:large","max-video-preview":"max-video-preview:-1"},"canonical":"https:\/\/bogensportdiscount.ch\/fr\/prodotto\/ekpoelang-overfit-nocke-gruen-holz-fiberpfeile\/","og_locale":"fr_FR","og_type":"article","og_title":"EKPOELANG EK-POELANG OVERFIT NOCKEN VERT POUR FL\u00c8CHES EN BOIS ET EN FIBRE - Bogensportdiscount \u2013 Arcs, fl\u00e8ches, cibles et accessoires","og_description":"EKPOELANG EK-POELANG OVERFIT NOCKEN VERT POUR FL\u00c8CHES EN BOIS ET EN FIBRE : achetez-le \u00e0 un prix avantageux chez Bogensportdiscount \u2013 Les meilleures marques, livraison rapide depuis la Suisse.","og_url":"https:\/\/bogensportdiscount.ch\/fr\/prodotto\/ekpoelang-overfit-nocke-gruen-holz-fiberpfeile\/","og_site_name":"Bogensportdiscount \u2013 B\u00f6gen, Pfeile, Targets &amp; Zubeh\u00f6r","article_modified_time":"2026-04-22T10:14:49+00:00","og_image":[{"width":443,"height":1155,"url":"https:\/\/bogensportdiscount.ch\/wp-content\/uploads\/bsm-images\/A017070_1.png","type":"image\/png"}],"twitter_card":"summary_large_image","twitter_misc":{"Dur\u00e9e de lecture estim\u00e9e":"1 minute"},"schema":{"@context":"https:\/\/schema.org","@graph":[{"@type":"WebPage","@id":"https:\/\/bogensportdiscount.ch\/it\/prodotto\/ekpoelang-overfit-nocke-gruen-holz-fiberpfeile\/","url":"https:\/\/bogensportdiscount.ch\/it\/prodotto\/ekpoelang-overfit-nocke-gruen-holz-fiberpfeile\/","name":"EKPOELANG EK-POELANG OVERFIT NOCKEN VERT POUR FL\u00c8CHES EN BOIS ET EN FIBRE - Bogensportdiscount \u2013 Arcs, fl\u00e8ches, cibles et accessoires","isPartOf":{"@id":"https:\/\/bogensportdiscount.ch\/#website"},"primaryImageOfPage":{"@id":"https:\/\/bogensportdiscount.ch\/it\/prodotto\/ekpoelang-overfit-nocke-gruen-holz-fiberpfeile\/#primaryimage"},"image":{"@id":"https:\/\/bogensportdiscount.ch\/it\/prodotto\/ekpoelang-overfit-nocke-gruen-holz-fiberpfeile\/#primaryimage"},"thumbnailUrl":"https:\/\/bogensportdiscount.ch\/wp-content\/uploads\/bsm-images\/A017070_1.png","datePublished":"2026-04-05T12:24:07+00:00","dateModified":"2026-04-22T10:14:49+00:00","description":"EKPOELANG EK-POELANG OVERFIT NOCKEN VERT POUR FL\u00c8CHES EN BOIS ET EN FIBRE : achetez-le \u00e0 un prix avantageux chez Bogensportdiscount \u2013 Les meilleures marques, livraison rapide depuis la Suisse.","breadcrumb":{"@id":"https:\/\/bogensportdiscount.ch\/it\/prodotto\/ekpoelang-overfit-nocke-gruen-holz-fiberpfeile\/#breadcrumb"},"inLanguage":"fr-FR","potentialAction":[{"@type":"ReadAction","target":["https:\/\/bogensportdiscount.ch\/it\/prodotto\/ekpoelang-overfit-nocke-gruen-holz-fiberpfeile\/"]}]},{"@type":"ImageObject","inLanguage":"fr-FR","@id":"https:\/\/bogensportdiscount.ch\/it\/prodotto\/ekpoelang-overfit-nocke-gruen-holz-fiberpfeile\/#primaryimage","url":"https:\/\/bogensportdiscount.ch\/wp-content\/uploads\/bsm-images\/A017070_1.png","contentUrl":"https:\/\/bogensportdiscount.ch\/wp-content\/uploads\/bsm-images\/A017070_1.png","width":443,"height":1155},{"@type":"BreadcrumbList","@id":"https:\/\/bogensportdiscount.ch\/it\/prodotto\/ekpoelang-overfit-nocke-gruen-holz-fiberpfeile\/#breadcrumb","itemListElement":[{"@type":"ListItem","position":1,"name":"Home","item":"https:\/\/bogensportdiscount.ch\/"},{"@type":"ListItem","position":2,"name":"Shop","item":"https:\/\/bogensportdiscount.ch\/shop\/"},{"@type":"ListItem","position":3,"name":"EKPOELANG EK-POELANG OVERFIT NOCKEN GRUEN FUER HOLZ- UND FIBERPFEIL"}]},{"@type":"WebSite","@id":"https:\/\/bogensportdiscount.ch\/#website","url":"https:\/\/bogensportdiscount.ch\/","name":"Bogensportdiscount","description":"","potentialAction":[{"@type":"SearchAction","target":{"@type":"EntryPoint","urlTemplate":"https:\/\/bogensportdiscount.ch\/?s={search_term_string}"},"query-input":{"@type":"PropertyValueSpecification","valueRequired":true,"valueName":"search_term_string"}}],"inLanguage":"fr-FR"}]}},"_links":{"self":[{"href":"https:\/\/bogensportdiscount.ch\/fr\/wp-json\/wp\/v2\/product\/391850","targetHints":{"allow":["GET"]}}],"collection":[{"href":"https:\/\/bogensportdiscount.ch\/fr\/wp-json\/wp\/v2\/product"}],"about":[{"href":"https:\/\/bogensportdiscount.ch\/fr\/wp-json\/wp\/v2\/types\/product"}],"replies":[{"embeddable":true,"href":"https:\/\/bogensportdiscount.ch\/fr\/wp-json\/wp\/v2\/comments?post=391850"}],"wp:featuredmedia":[{"embeddable":true,"href":"https:\/\/bogensportdiscount.ch\/fr\/wp-json\/wp\/v2\/media\/442854"}],"wp:attachment":[{"href":"https:\/\/bogensportdiscount.ch\/fr\/wp-json\/wp\/v2\/media?parent=391850"}],"wp:term":[{"taxonomy":"product_brand","embeddable":true,"href":"https:\/\/bogensportdiscount.ch\/fr\/wp-json\/wp\/v2\/product_brand?post=391850"},{"taxonomy":"product_cat","embeddable":true,"href":"https:\/\/bogensportdiscount.ch\/fr\/wp-json\/wp\/v2\/product_cat?post=391850"},{"taxonomy":"product_tag","embeddable":true,"href":"https:\/\/bogensportdiscount.ch\/fr\/wp-json\/wp\/v2\/product_tag?post=391850"}],"curies":[{"name":"wp","href":"https:\/\/api.w.org\/{rel}","templated":true}]}}