{"id":391842,"date":"2026-04-05T14:24:06","date_gmt":"2026-04-05T12:24:06","guid":{"rendered":"https:\/\/bogensportdiscount.ch\/produkt\/avalon-pliers-annex-recurve-for-8-14-strand-nocksets\/"},"modified":"2026-05-14T07:13:32","modified_gmt":"2026-05-14T05:13:32","slug":"avalon-zange-annex-recurve-8-14-strang-nocksets","status":"publish","type":"product","link":"https:\/\/bogensportdiscount.ch\/fr\/produit\/avalon-zange-annex-recurve-8-14-strang-nocksets\/","title":{"rendered":"AVALON PINCE ANNEX RECURVE \/ POUR NOCKSETS DE 8 &#8211; 14 BRINS"},"content":{"rendered":"<p>La pince AVALON Annex Recurve est un outil sp\u00e9cialis\u00e9 pour la fabrication de cordes et le r\u00e9glage de l'arc. Elle est con\u00e7ue pour les cordes de 8 \u00e0 14 brins et convient ainsi \u00e0 un large \u00e9ventail de cordes pour arcs classiques.<\/p>\n<p>Avec cette pince, les nocksets peuvent \u00eatre plac\u00e9s de mani\u00e8re fiable et r\u00e9guli\u00e8re sur la corde, ce qui garantit une position constante du point d'encochage. L'outil est compact et maniable, id\u00e9al pour une utilisation sur le pas de tir ou dans l'atelier d'arc \u00e0 domicile.<\/p>\n<ul>\n<li>Sp\u00e9cialement con\u00e7u pour les cordes d'arc classique \u00e0 8\u201314 brins<\/li>\n<li>Pose pr\u00e9cise des nocksets<\/li>\n<li>Outil compact et maniable<\/li>\n<li>De AVALON, un fabricant reconnu dans le sport de tir \u00e0 l'arc<\/li>\n<\/ul>","protected":false},"excerpt":{"rendered":"<table>\n<tr>\n<th>Propri\u00e9t\u00e9<\/th>\n<th>Valeur<\/th>\n<\/tr>\n<tr>\n<td>Marque<\/td>\n<td>Avalon<\/td>\n<\/tr>\n<tr>\n<td>Pays d'origine<\/td>\n<td>Chine<\/td>\n<\/tr>\n<tr>\n<td>GTIN<\/td>\n<td>6426007347377<\/td>\n<\/tr>\n<\/table>","protected":false},"featured_media":442857,"comment_status":"open","ping_status":"closed","template":"","meta":[],"product_brand":[449],"product_cat":[4121,4166,4358],"product_tag":[3546],"class_list":{"0":"post-391842","1":"product","2":"type-product","3":"status-publish","4":"has-post-thumbnail","6":"product_brand-avalon","7":"product_cat-werkzeuge-training","8":"product_cat-sehnen-herstellung","9":"product_cat-zangen","10":"product_tag-neuheit","11":"product_shipping_class-bsd-standard","13":"first","14":"instock","15":"shipping-taxable","16":"purchasable","17":"product-type-simple"},"yoast_head":"<!-- This site is optimized with the Yoast SEO plugin v27.6 - https:\/\/yoast.com\/product\/yoast-seo-wordpress\/ -->\n<title>AVALON ZANGE ANNEX RECURVE \/ F\u00dcR 8 - 14 STRAND NOCKSETS - Bogensportdiscount \u2013 B\u00f6gen, Pfeile, Targets &amp; Zubeh\u00f6r<\/title>\n<meta name=\"description\" content=\"AVALON ZANGE ANNEX RECURVE \/ F\u00dcR 8 - 14 STRAND NOCKSETS g\u00fcnstig kaufen bei Bogensportdiscount \u2013 Top-Marken, schneller Versand aus der Schweiz.\" \/>\n<meta name=\"robots\" content=\"index, follow, max-snippet:-1, max-image-preview:large, max-video-preview:-1\" \/>\n<link rel=\"canonical\" href=\"https:\/\/bogensportdiscount.ch\/fr\/produit\/avalon-zange-annex-recurve-8-14-strang-nocksets\/\" \/>\n<meta property=\"og:locale\" content=\"fr_FR\" \/>\n<meta property=\"og:type\" content=\"article\" \/>\n<meta property=\"og:title\" content=\"AVALON ZANGE ANNEX RECURVE \/ F\u00dcR 8 - 14 STRAND NOCKSETS - Bogensportdiscount \u2013 B\u00f6gen, Pfeile, Targets &amp; Zubeh\u00f6r\" \/>\n<meta property=\"og:description\" content=\"AVALON ZANGE ANNEX RECURVE \/ F\u00dcR 8 - 14 STRAND NOCKSETS g\u00fcnstig kaufen bei Bogensportdiscount \u2013 Top-Marken, schneller Versand aus der Schweiz.\" \/>\n<meta property=\"og:url\" content=\"https:\/\/bogensportdiscount.ch\/fr\/produit\/avalon-zange-annex-recurve-8-14-strang-nocksets\/\" \/>\n<meta property=\"og:site_name\" content=\"Bogensportdiscount \u2013 B\u00f6gen, Pfeile, Targets &amp; Zubeh\u00f6r\" \/>\n<meta property=\"article:modified_time\" content=\"2026-05-14T05:13:32+00:00\" \/>\n<meta property=\"og:image\" content=\"https:\/\/bogensportdiscount.ch\/wp-content\/uploads\/bsm-images\/A017003_2.png\" \/>\n\t<meta property=\"og:image:width\" content=\"2121\" \/>\n\t<meta property=\"og:image:height\" content=\"2721\" \/>\n\t<meta property=\"og:image:type\" content=\"image\/png\" \/>\n<meta name=\"twitter:card\" content=\"summary_large_image\" \/>\n<script type=\"application\/ld+json\" class=\"yoast-schema-graph\">{\"@context\":\"https:\\\/\\\/schema.org\",\"@graph\":[{\"@type\":\"WebPage\",\"@id\":\"https:\\\/\\\/bogensportdiscount.ch\\\/produkt\\\/avalon-zange-annex-recurve-8-14-strang-nocksets\\\/\",\"url\":\"https:\\\/\\\/bogensportdiscount.ch\\\/produkt\\\/avalon-zange-annex-recurve-8-14-strang-nocksets\\\/\",\"name\":\"AVALON ZANGE ANNEX RECURVE \\\/ F\u00dcR 8 - 14 STRAND NOCKSETS - Bogensportdiscount \u2013 B\u00f6gen, Pfeile, Targets &amp; Zubeh\u00f6r\",\"isPartOf\":{\"@id\":\"https:\\\/\\\/bogensportdiscount.ch\\\/#website\"},\"primaryImageOfPage\":{\"@id\":\"https:\\\/\\\/bogensportdiscount.ch\\\/produkt\\\/avalon-zange-annex-recurve-8-14-strang-nocksets\\\/#primaryimage\"},\"image\":{\"@id\":\"https:\\\/\\\/bogensportdiscount.ch\\\/produkt\\\/avalon-zange-annex-recurve-8-14-strang-nocksets\\\/#primaryimage\"},\"thumbnailUrl\":\"https:\\\/\\\/bogensportdiscount.ch\\\/wp-content\\\/uploads\\\/bsm-images\\\/A017003_2.png\",\"datePublished\":\"2026-04-05T12:24:06+00:00\",\"dateModified\":\"2026-05-14T05:13:32+00:00\",\"description\":\"AVALON ZANGE ANNEX RECURVE \\\/ F\u00dcR 8 - 14 STRAND NOCKSETS g\u00fcnstig kaufen bei Bogensportdiscount \u2013 Top-Marken, schneller Versand aus der Schweiz.\",\"breadcrumb\":{\"@id\":\"https:\\\/\\\/bogensportdiscount.ch\\\/produkt\\\/avalon-zange-annex-recurve-8-14-strang-nocksets\\\/#breadcrumb\"},\"inLanguage\":\"fr-FR\",\"potentialAction\":[{\"@type\":\"ReadAction\",\"target\":[\"https:\\\/\\\/bogensportdiscount.ch\\\/produkt\\\/avalon-zange-annex-recurve-8-14-strang-nocksets\\\/\"]}]},{\"@type\":\"ImageObject\",\"inLanguage\":\"fr-FR\",\"@id\":\"https:\\\/\\\/bogensportdiscount.ch\\\/produkt\\\/avalon-zange-annex-recurve-8-14-strang-nocksets\\\/#primaryimage\",\"url\":\"https:\\\/\\\/bogensportdiscount.ch\\\/wp-content\\\/uploads\\\/bsm-images\\\/A017003_2.png\",\"contentUrl\":\"https:\\\/\\\/bogensportdiscount.ch\\\/wp-content\\\/uploads\\\/bsm-images\\\/A017003_2.png\",\"width\":2121,\"height\":2721},{\"@type\":\"BreadcrumbList\",\"@id\":\"https:\\\/\\\/bogensportdiscount.ch\\\/produkt\\\/avalon-zange-annex-recurve-8-14-strang-nocksets\\\/#breadcrumb\",\"itemListElement\":[{\"@type\":\"ListItem\",\"position\":1,\"name\":\"Home\",\"item\":\"https:\\\/\\\/bogensportdiscount.ch\\\/\"},{\"@type\":\"ListItem\",\"position\":2,\"name\":\"Shop\",\"item\":\"https:\\\/\\\/bogensportdiscount.ch\\\/shop\\\/\"},{\"@type\":\"ListItem\",\"position\":3,\"name\":\"AVALON PLIERS ANNEX RECURVE \\\/ FOR 8 &#8211; 14 STRAND NOCKSETS\"}]},{\"@type\":\"WebSite\",\"@id\":\"https:\\\/\\\/bogensportdiscount.ch\\\/#website\",\"url\":\"https:\\\/\\\/bogensportdiscount.ch\\\/\",\"name\":\"Bogensportdiscount\",\"description\":\"\",\"potentialAction\":[{\"@type\":\"SearchAction\",\"target\":{\"@type\":\"EntryPoint\",\"urlTemplate\":\"https:\\\/\\\/bogensportdiscount.ch\\\/?s={search_term_string}\"},\"query-input\":{\"@type\":\"PropertyValueSpecification\",\"valueRequired\":true,\"valueName\":\"search_term_string\"}}],\"inLanguage\":\"fr-FR\"}]}<\/script>\n<!-- \/ Yoast SEO plugin. -->","yoast_head_json":{"title":"AVALON ZANGE ANNEX RECURVE \/ F\u00dcR 8 - 14 STRAND NOCKSETS - Bogensportdiscount \u2013 B\u00f6gen, Pfeile, Targets &amp; Zubeh\u00f6r","description":"AVALON ZANGE ANNEX RECURVE \/ F\u00dcR 8 - 14 STRAND NOCKSETS g\u00fcnstig kaufen bei Bogensportdiscount \u2013 Top-Marken, schneller Versand aus der Schweiz.","robots":{"index":"index","follow":"follow","max-snippet":"max-snippet:-1","max-image-preview":"max-image-preview:large","max-video-preview":"max-video-preview:-1"},"canonical":"https:\/\/bogensportdiscount.ch\/fr\/produit\/avalon-zange-annex-recurve-8-14-strang-nocksets\/","og_locale":"fr_FR","og_type":"article","og_title":"AVALON ZANGE ANNEX RECURVE \/ F\u00dcR 8 - 14 STRAND NOCKSETS - Bogensportdiscount \u2013 B\u00f6gen, Pfeile, Targets &amp; Zubeh\u00f6r","og_description":"AVALON ZANGE ANNEX RECURVE \/ F\u00dcR 8 - 14 STRAND NOCKSETS g\u00fcnstig kaufen bei Bogensportdiscount \u2013 Top-Marken, schneller Versand aus der Schweiz.","og_url":"https:\/\/bogensportdiscount.ch\/fr\/produit\/avalon-zange-annex-recurve-8-14-strang-nocksets\/","og_site_name":"Bogensportdiscount \u2013 B\u00f6gen, Pfeile, Targets &amp; Zubeh\u00f6r","article_modified_time":"2026-05-14T05:13:32+00:00","og_image":[{"url":"https:\/\/bogensportdiscount.ch\/wp-content\/uploads\/bsm-images\/A017003_2.png","width":2121,"height":2721,"type":"image\/png"}],"twitter_card":"summary_large_image","schema":{"@context":"https:\/\/schema.org","@graph":[{"@type":"WebPage","@id":"https:\/\/bogensportdiscount.ch\/produkt\/avalon-zange-annex-recurve-8-14-strang-nocksets\/","url":"https:\/\/bogensportdiscount.ch\/produkt\/avalon-zange-annex-recurve-8-14-strang-nocksets\/","name":"AVALON ZANGE ANNEX RECURVE \/ F\u00dcR 8 - 14 STRAND NOCKSETS - Bogensportdiscount \u2013 B\u00f6gen, Pfeile, Targets &amp; Zubeh\u00f6r","isPartOf":{"@id":"https:\/\/bogensportdiscount.ch\/#website"},"primaryImageOfPage":{"@id":"https:\/\/bogensportdiscount.ch\/produkt\/avalon-zange-annex-recurve-8-14-strang-nocksets\/#primaryimage"},"image":{"@id":"https:\/\/bogensportdiscount.ch\/produkt\/avalon-zange-annex-recurve-8-14-strang-nocksets\/#primaryimage"},"thumbnailUrl":"https:\/\/bogensportdiscount.ch\/wp-content\/uploads\/bsm-images\/A017003_2.png","datePublished":"2026-04-05T12:24:06+00:00","dateModified":"2026-05-14T05:13:32+00:00","description":"AVALON ZANGE ANNEX RECURVE \/ F\u00dcR 8 - 14 STRAND NOCKSETS g\u00fcnstig kaufen bei Bogensportdiscount \u2013 Top-Marken, schneller Versand aus der Schweiz.","breadcrumb":{"@id":"https:\/\/bogensportdiscount.ch\/produkt\/avalon-zange-annex-recurve-8-14-strang-nocksets\/#breadcrumb"},"inLanguage":"fr-FR","potentialAction":[{"@type":"ReadAction","target":["https:\/\/bogensportdiscount.ch\/produkt\/avalon-zange-annex-recurve-8-14-strang-nocksets\/"]}]},{"@type":"ImageObject","inLanguage":"fr-FR","@id":"https:\/\/bogensportdiscount.ch\/produkt\/avalon-zange-annex-recurve-8-14-strang-nocksets\/#primaryimage","url":"https:\/\/bogensportdiscount.ch\/wp-content\/uploads\/bsm-images\/A017003_2.png","contentUrl":"https:\/\/bogensportdiscount.ch\/wp-content\/uploads\/bsm-images\/A017003_2.png","width":2121,"height":2721},{"@type":"BreadcrumbList","@id":"https:\/\/bogensportdiscount.ch\/produkt\/avalon-zange-annex-recurve-8-14-strang-nocksets\/#breadcrumb","itemListElement":[{"@type":"ListItem","position":1,"name":"Home","item":"https:\/\/bogensportdiscount.ch\/"},{"@type":"ListItem","position":2,"name":"Shop","item":"https:\/\/bogensportdiscount.ch\/shop\/"},{"@type":"ListItem","position":3,"name":"AVALON PLIERS ANNEX RECURVE \/ FOR 8 &#8211; 14 STRAND NOCKSETS"}]},{"@type":"WebSite","@id":"https:\/\/bogensportdiscount.ch\/#website","url":"https:\/\/bogensportdiscount.ch\/","name":"Bogensportdiscount","description":"","potentialAction":[{"@type":"SearchAction","target":{"@type":"EntryPoint","urlTemplate":"https:\/\/bogensportdiscount.ch\/?s={search_term_string}"},"query-input":{"@type":"PropertyValueSpecification","valueRequired":true,"valueName":"search_term_string"}}],"inLanguage":"fr-FR"}]}},"_links":{"self":[{"href":"https:\/\/bogensportdiscount.ch\/fr\/wp-json\/wp\/v2\/product\/391842","targetHints":{"allow":["GET"]}}],"collection":[{"href":"https:\/\/bogensportdiscount.ch\/fr\/wp-json\/wp\/v2\/product"}],"about":[{"href":"https:\/\/bogensportdiscount.ch\/fr\/wp-json\/wp\/v2\/types\/product"}],"replies":[{"embeddable":true,"href":"https:\/\/bogensportdiscount.ch\/fr\/wp-json\/wp\/v2\/comments?post=391842"}],"wp:featuredmedia":[{"embeddable":true,"href":"https:\/\/bogensportdiscount.ch\/fr\/wp-json\/wp\/v2\/media\/442857"}],"wp:attachment":[{"href":"https:\/\/bogensportdiscount.ch\/fr\/wp-json\/wp\/v2\/media?parent=391842"}],"wp:term":[{"taxonomy":"product_brand","embeddable":true,"href":"https:\/\/bogensportdiscount.ch\/fr\/wp-json\/wp\/v2\/product_brand?post=391842"},{"taxonomy":"product_cat","embeddable":true,"href":"https:\/\/bogensportdiscount.ch\/fr\/wp-json\/wp\/v2\/product_cat?post=391842"},{"taxonomy":"product_tag","embeddable":true,"href":"https:\/\/bogensportdiscount.ch\/fr\/wp-json\/wp\/v2\/product_tag?post=391842"}],"curies":[{"name":"wp","href":"https:\/\/api.w.org\/{rel}","templated":true}]}}