{"id":391835,"date":"2026-04-05T14:24:05","date_gmt":"2026-04-05T12:24:05","guid":{"rendered":"https:\/\/bogensportdiscount.ch\/produkt\/spothogg-spot-hogg-alignment-levelling-tools-laser-alignement-tool\/"},"modified":"2026-05-14T07:13:32","modified_gmt":"2026-05-14T05:13:32","slug":"spothogg-laser-ausrichtwerkzeug-alignment-tool","status":"publish","type":"product","link":"https:\/\/bogensportdiscount.ch\/fr\/produit\/spothogg-laser-ausrichtwerkzeug-alignment-tool\/","title":{"rendered":"SPOTHOGG SPOT-HOGG ALIGNMENT &#038; LEVELLING TOOLS LASER ALIGNMENT TOOL"},"content":{"rendered":"<p>Le SPOTHOGG Laser Alignment Tool est un outil de mesure dans le domaine des outils et de la maintenance pour le tir \u00e0 l'arc. \u00c0 l'aide d'un laser, les composants de l'arc peuvent \u00eatre align\u00e9s et nivel\u00e9s avec pr\u00e9cision, ce qui permet un r\u00e9glage r\u00e9gulier et reproductible.<\/p>\n<p>L'outil est particuli\u00e8rement utile lors de la configuration des arcs \u00e0 poulies, o\u00f9 un alignement pr\u00e9cis du viseur, de l'appui-fl\u00e8che et d'autres accessoires est d\u00e9terminant pour une performance de tir coh\u00e9rente.<\/p>\n<ul>\n<li>Alignement laser des composants de l'arc<\/li>\n<li>Aide au nivellement pr\u00e9cis des accessoires<\/li>\n<li>Convient aux arcs compound<\/li>\n<li>De SPOTHOGG \u2013 fabricant sp\u00e9cialis\u00e9 dans les accessoires pour le tir \u00e0 l'arc<\/li>\n<\/ul>","protected":false},"excerpt":{"rendered":"<table>\n<tr>\n<th>Propri\u00e9t\u00e9<\/th>\n<th>Valeur<\/th>\n<\/tr>\n<tr>\n<td>Marque<\/td>\n<td>Spot-Hogg<\/td>\n<\/tr>\n<tr>\n<td>Pays d'origine<\/td>\n<td>USA<\/td>\n<\/tr>\n<\/table>","protected":false},"featured_media":442860,"comment_status":"open","ping_status":"closed","template":"","meta":[],"product_brand":[538],"product_cat":[4121,4265,4561],"product_tag":[3546],"class_list":{"0":"post-391835","1":"product","2":"type-product","3":"status-publish","4":"has-post-thumbnail","6":"product_brand-spothogg","7":"product_cat-werkzeuge-training","8":"product_cat-messapparatur","9":"product_cat-ausrichtungs-nivellierwerkzeuge","10":"product_tag-neuheit","11":"product_shipping_class-bsd-standard","13":"first","14":"instock","15":"shipping-taxable","16":"purchasable","17":"product-type-simple"},"yoast_head":"<!-- This site is optimized with the Yoast SEO plugin v27.6 - https:\/\/yoast.com\/product\/yoast-seo-wordpress\/ -->\n<title>SPOTHOGG SPOT-HOGG ALIGNMENT &amp; LEVELLING TOOLS LASER ALIGNMENT TOOL - Bogensportdiscount \u2013 B\u00f6gen, Pfeile, Targets &amp; Zubeh\u00f6r<\/title>\n<meta name=\"description\" content=\"SPOTHOGG SPOT-HOGG ALIGNMENT &amp; LEVELLING TOOLS LASER ALIGNMENT TOOL g\u00fcnstig kaufen bei Bogensportdiscount \u2013 Top-Marken, schneller Versand aus der Schweiz.\" \/>\n<meta name=\"robots\" content=\"index, follow, max-snippet:-1, max-image-preview:large, max-video-preview:-1\" \/>\n<link rel=\"canonical\" href=\"https:\/\/bogensportdiscount.ch\/fr\/produit\/spothogg-laser-ausrichtwerkzeug-alignment-tool\/\" \/>\n<meta property=\"og:locale\" content=\"fr_FR\" \/>\n<meta property=\"og:type\" content=\"article\" \/>\n<meta property=\"og:title\" content=\"SPOTHOGG SPOT-HOGG ALIGNMENT &amp; LEVELLING TOOLS LASER ALIGNMENT TOOL - Bogensportdiscount \u2013 B\u00f6gen, Pfeile, Targets &amp; Zubeh\u00f6r\" \/>\n<meta property=\"og:description\" content=\"SPOTHOGG SPOT-HOGG ALIGNMENT &amp; LEVELLING TOOLS LASER ALIGNMENT TOOL g\u00fcnstig kaufen bei Bogensportdiscount \u2013 Top-Marken, schneller Versand aus der Schweiz.\" \/>\n<meta property=\"og:url\" content=\"https:\/\/bogensportdiscount.ch\/fr\/produit\/spothogg-laser-ausrichtwerkzeug-alignment-tool\/\" \/>\n<meta property=\"og:site_name\" content=\"Bogensportdiscount \u2013 B\u00f6gen, Pfeile, Targets &amp; Zubeh\u00f6r\" \/>\n<meta property=\"article:modified_time\" content=\"2026-05-14T05:13:32+00:00\" \/>\n<meta property=\"og:image\" content=\"https:\/\/bogensportdiscount.ch\/wp-content\/uploads\/bsm-images\/A016848_1.png\" \/>\n\t<meta property=\"og:image:width\" content=\"1097\" \/>\n\t<meta property=\"og:image:height\" content=\"1412\" \/>\n\t<meta property=\"og:image:type\" content=\"image\/png\" \/>\n<meta name=\"twitter:card\" content=\"summary_large_image\" \/>\n<script type=\"application\/ld+json\" class=\"yoast-schema-graph\">{\"@context\":\"https:\\\/\\\/schema.org\",\"@graph\":[{\"@type\":\"WebPage\",\"@id\":\"https:\\\/\\\/bogensportdiscount.ch\\\/produkt\\\/spothogg-laser-ausrichtwerkzeug-alignment-tool\\\/\",\"url\":\"https:\\\/\\\/bogensportdiscount.ch\\\/produkt\\\/spothogg-laser-ausrichtwerkzeug-alignment-tool\\\/\",\"name\":\"SPOTHOGG SPOT-HOGG ALIGNMENT & LEVELLING TOOLS LASER ALIGNMENT TOOL - Bogensportdiscount \u2013 B\u00f6gen, Pfeile, Targets &amp; Zubeh\u00f6r\",\"isPartOf\":{\"@id\":\"https:\\\/\\\/bogensportdiscount.ch\\\/#website\"},\"primaryImageOfPage\":{\"@id\":\"https:\\\/\\\/bogensportdiscount.ch\\\/produkt\\\/spothogg-laser-ausrichtwerkzeug-alignment-tool\\\/#primaryimage\"},\"image\":{\"@id\":\"https:\\\/\\\/bogensportdiscount.ch\\\/produkt\\\/spothogg-laser-ausrichtwerkzeug-alignment-tool\\\/#primaryimage\"},\"thumbnailUrl\":\"https:\\\/\\\/bogensportdiscount.ch\\\/wp-content\\\/uploads\\\/bsm-images\\\/A016848_1.png\",\"datePublished\":\"2026-04-05T12:24:05+00:00\",\"dateModified\":\"2026-05-14T05:13:32+00:00\",\"description\":\"SPOTHOGG SPOT-HOGG ALIGNMENT & LEVELLING TOOLS LASER ALIGNMENT TOOL g\u00fcnstig kaufen bei Bogensportdiscount \u2013 Top-Marken, schneller Versand aus der Schweiz.\",\"breadcrumb\":{\"@id\":\"https:\\\/\\\/bogensportdiscount.ch\\\/produkt\\\/spothogg-laser-ausrichtwerkzeug-alignment-tool\\\/#breadcrumb\"},\"inLanguage\":\"fr-FR\",\"potentialAction\":[{\"@type\":\"ReadAction\",\"target\":[\"https:\\\/\\\/bogensportdiscount.ch\\\/produkt\\\/spothogg-laser-ausrichtwerkzeug-alignment-tool\\\/\"]}]},{\"@type\":\"ImageObject\",\"inLanguage\":\"fr-FR\",\"@id\":\"https:\\\/\\\/bogensportdiscount.ch\\\/produkt\\\/spothogg-laser-ausrichtwerkzeug-alignment-tool\\\/#primaryimage\",\"url\":\"https:\\\/\\\/bogensportdiscount.ch\\\/wp-content\\\/uploads\\\/bsm-images\\\/A016848_1.png\",\"contentUrl\":\"https:\\\/\\\/bogensportdiscount.ch\\\/wp-content\\\/uploads\\\/bsm-images\\\/A016848_1.png\",\"width\":1097,\"height\":1412},{\"@type\":\"BreadcrumbList\",\"@id\":\"https:\\\/\\\/bogensportdiscount.ch\\\/produkt\\\/spothogg-laser-ausrichtwerkzeug-alignment-tool\\\/#breadcrumb\",\"itemListElement\":[{\"@type\":\"ListItem\",\"position\":1,\"name\":\"Home\",\"item\":\"https:\\\/\\\/bogensportdiscount.ch\\\/\"},{\"@type\":\"ListItem\",\"position\":2,\"name\":\"Shop\",\"item\":\"https:\\\/\\\/bogensportdiscount.ch\\\/shop\\\/\"},{\"@type\":\"ListItem\",\"position\":3,\"name\":\"SPOTHOGG SPOT-HOGG ALIGNMENT &#038; LEVELLING TOOLS LASER ALIGNEMENT TOOL\"}]},{\"@type\":\"WebSite\",\"@id\":\"https:\\\/\\\/bogensportdiscount.ch\\\/#website\",\"url\":\"https:\\\/\\\/bogensportdiscount.ch\\\/\",\"name\":\"Bogensportdiscount\",\"description\":\"\",\"potentialAction\":[{\"@type\":\"SearchAction\",\"target\":{\"@type\":\"EntryPoint\",\"urlTemplate\":\"https:\\\/\\\/bogensportdiscount.ch\\\/?s={search_term_string}\"},\"query-input\":{\"@type\":\"PropertyValueSpecification\",\"valueRequired\":true,\"valueName\":\"search_term_string\"}}],\"inLanguage\":\"fr-FR\"}]}<\/script>\n<!-- \/ Yoast SEO plugin. -->","yoast_head_json":{"title":"SPOTHOGG SPOT-HOGG ALIGNMENT & LEVELLING TOOLS LASER ALIGNMENT TOOL - Bogensportdiscount \u2013 B\u00f6gen, Pfeile, Targets &amp; Zubeh\u00f6r","description":"SPOTHOGG SPOT-HOGG ALIGNMENT & LEVELLING TOOLS LASER ALIGNMENT TOOL g\u00fcnstig kaufen bei Bogensportdiscount \u2013 Top-Marken, schneller Versand aus der Schweiz.","robots":{"index":"index","follow":"follow","max-snippet":"max-snippet:-1","max-image-preview":"max-image-preview:large","max-video-preview":"max-video-preview:-1"},"canonical":"https:\/\/bogensportdiscount.ch\/fr\/produit\/spothogg-laser-ausrichtwerkzeug-alignment-tool\/","og_locale":"fr_FR","og_type":"article","og_title":"SPOTHOGG SPOT-HOGG ALIGNMENT & LEVELLING TOOLS LASER ALIGNMENT TOOL - Bogensportdiscount \u2013 B\u00f6gen, Pfeile, Targets &amp; Zubeh\u00f6r","og_description":"SPOTHOGG SPOT-HOGG ALIGNMENT & LEVELLING TOOLS LASER ALIGNMENT TOOL g\u00fcnstig kaufen bei Bogensportdiscount \u2013 Top-Marken, schneller Versand aus der Schweiz.","og_url":"https:\/\/bogensportdiscount.ch\/fr\/produit\/spothogg-laser-ausrichtwerkzeug-alignment-tool\/","og_site_name":"Bogensportdiscount \u2013 B\u00f6gen, Pfeile, Targets &amp; Zubeh\u00f6r","article_modified_time":"2026-05-14T05:13:32+00:00","og_image":[{"width":1097,"height":1412,"url":"https:\/\/bogensportdiscount.ch\/wp-content\/uploads\/bsm-images\/A016848_1.png","type":"image\/png"}],"twitter_card":"summary_large_image","schema":{"@context":"https:\/\/schema.org","@graph":[{"@type":"WebPage","@id":"https:\/\/bogensportdiscount.ch\/produkt\/spothogg-laser-ausrichtwerkzeug-alignment-tool\/","url":"https:\/\/bogensportdiscount.ch\/produkt\/spothogg-laser-ausrichtwerkzeug-alignment-tool\/","name":"SPOTHOGG SPOT-HOGG ALIGNMENT & LEVELLING TOOLS LASER ALIGNMENT TOOL - Bogensportdiscount \u2013 B\u00f6gen, Pfeile, Targets &amp; Zubeh\u00f6r","isPartOf":{"@id":"https:\/\/bogensportdiscount.ch\/#website"},"primaryImageOfPage":{"@id":"https:\/\/bogensportdiscount.ch\/produkt\/spothogg-laser-ausrichtwerkzeug-alignment-tool\/#primaryimage"},"image":{"@id":"https:\/\/bogensportdiscount.ch\/produkt\/spothogg-laser-ausrichtwerkzeug-alignment-tool\/#primaryimage"},"thumbnailUrl":"https:\/\/bogensportdiscount.ch\/wp-content\/uploads\/bsm-images\/A016848_1.png","datePublished":"2026-04-05T12:24:05+00:00","dateModified":"2026-05-14T05:13:32+00:00","description":"SPOTHOGG SPOT-HOGG ALIGNMENT & LEVELLING TOOLS LASER ALIGNMENT TOOL g\u00fcnstig kaufen bei Bogensportdiscount \u2013 Top-Marken, schneller Versand aus der Schweiz.","breadcrumb":{"@id":"https:\/\/bogensportdiscount.ch\/produkt\/spothogg-laser-ausrichtwerkzeug-alignment-tool\/#breadcrumb"},"inLanguage":"fr-FR","potentialAction":[{"@type":"ReadAction","target":["https:\/\/bogensportdiscount.ch\/produkt\/spothogg-laser-ausrichtwerkzeug-alignment-tool\/"]}]},{"@type":"ImageObject","inLanguage":"fr-FR","@id":"https:\/\/bogensportdiscount.ch\/produkt\/spothogg-laser-ausrichtwerkzeug-alignment-tool\/#primaryimage","url":"https:\/\/bogensportdiscount.ch\/wp-content\/uploads\/bsm-images\/A016848_1.png","contentUrl":"https:\/\/bogensportdiscount.ch\/wp-content\/uploads\/bsm-images\/A016848_1.png","width":1097,"height":1412},{"@type":"BreadcrumbList","@id":"https:\/\/bogensportdiscount.ch\/produkt\/spothogg-laser-ausrichtwerkzeug-alignment-tool\/#breadcrumb","itemListElement":[{"@type":"ListItem","position":1,"name":"Home","item":"https:\/\/bogensportdiscount.ch\/"},{"@type":"ListItem","position":2,"name":"Shop","item":"https:\/\/bogensportdiscount.ch\/shop\/"},{"@type":"ListItem","position":3,"name":"SPOTHOGG SPOT-HOGG ALIGNMENT &#038; LEVELLING TOOLS LASER ALIGNEMENT TOOL"}]},{"@type":"WebSite","@id":"https:\/\/bogensportdiscount.ch\/#website","url":"https:\/\/bogensportdiscount.ch\/","name":"Bogensportdiscount","description":"","potentialAction":[{"@type":"SearchAction","target":{"@type":"EntryPoint","urlTemplate":"https:\/\/bogensportdiscount.ch\/?s={search_term_string}"},"query-input":{"@type":"PropertyValueSpecification","valueRequired":true,"valueName":"search_term_string"}}],"inLanguage":"fr-FR"}]}},"_links":{"self":[{"href":"https:\/\/bogensportdiscount.ch\/fr\/wp-json\/wp\/v2\/product\/391835","targetHints":{"allow":["GET"]}}],"collection":[{"href":"https:\/\/bogensportdiscount.ch\/fr\/wp-json\/wp\/v2\/product"}],"about":[{"href":"https:\/\/bogensportdiscount.ch\/fr\/wp-json\/wp\/v2\/types\/product"}],"replies":[{"embeddable":true,"href":"https:\/\/bogensportdiscount.ch\/fr\/wp-json\/wp\/v2\/comments?post=391835"}],"wp:featuredmedia":[{"embeddable":true,"href":"https:\/\/bogensportdiscount.ch\/fr\/wp-json\/wp\/v2\/media\/442860"}],"wp:attachment":[{"href":"https:\/\/bogensportdiscount.ch\/fr\/wp-json\/wp\/v2\/media?parent=391835"}],"wp:term":[{"taxonomy":"product_brand","embeddable":true,"href":"https:\/\/bogensportdiscount.ch\/fr\/wp-json\/wp\/v2\/product_brand?post=391835"},{"taxonomy":"product_cat","embeddable":true,"href":"https:\/\/bogensportdiscount.ch\/fr\/wp-json\/wp\/v2\/product_cat?post=391835"},{"taxonomy":"product_tag","embeddable":true,"href":"https:\/\/bogensportdiscount.ch\/fr\/wp-json\/wp\/v2\/product_tag?post=391835"}],"curies":[{"name":"wp","href":"https:\/\/api.w.org\/{rel}","templated":true}]}}