{"id":391782,"date":"2026-04-05T14:23:54","date_gmt":"2026-04-05T12:23:54","guid":{"rendered":"https:\/\/bogensportdiscount.ch\/produkt\/coldsteel-finn-wolf-overall-20cm-96gr\/"},"modified":"2026-04-17T13:05:07","modified_gmt":"2026-04-17T11:05:07","slug":"coldsteel-messer-finn-wolf-20cm","status":"publish","type":"product","link":"https:\/\/bogensportdiscount.ch\/fr\/produit\/coldsteel-messer-finn-wolf-20cm\/","title":{"rendered":"COLDSTEEL FINN WOLF - overall 20cm \/ 96gr"},"content":{"rendered":"<p>Das COLDSTEEL Finn Wolf ist ein leichtes und handliches Messer, das f\u00fcr den Outdoor- und Jagdeinsatz konzipiert wurde. Mit einer Gesamtl\u00e4nge von 20 cm und einem Gewicht von nur 96 g l\u00e4sst es sich bequem transportieren und t\u00e4glich nutzen.<\/p>\n<p>Das Finn Wolf geh\u00f6rt zur bew\u00e4hrten Messerlinie von COLDSTEEL und \u00fcberzeugt durch seine kompakte Bauweise sowie eine ausgewogene Balance zwischen Klinge und Griff.<\/p>\n<ul>\n<li>Gesamtl\u00e4nge: 20 cm<\/li>\n<li>Gewicht: 96 g<\/li>\n<li>Geeignet f\u00fcr Outdoor und Jagd<\/li>\n<li>Kompaktes und leichtes Design<\/li>\n<\/ul>","protected":false},"excerpt":{"rendered":"<p><strong>Marque :<\/strong> Cold Steel<br \/><strong>L\u00e4nge (cm):<\/strong> 15,01-20<br \/><strong>Blade shape:<\/strong> Straight Back<br \/><strong>GTIN:<\/strong> 705442014300<\/p>","protected":false},"featured_media":447696,"comment_status":"open","ping_status":"closed","template":"","meta":[],"product_brand":[491],"product_cat":[4352],"product_tag":[3546],"class_list":{"0":"post-391782","1":"product","2":"type-product","3":"status-publish","4":"has-post-thumbnail","6":"product_brand-coldsteel","7":"product_cat-klappbare-klinge","8":"product_tag-neuheit","10":"first","11":"instock","12":"shipping-taxable","13":"purchasable","14":"product-type-simple"},"_links":{"self":[{"href":"https:\/\/bogensportdiscount.ch\/fr\/wp-json\/wp\/v2\/product\/391782","targetHints":{"allow":["GET"]}}],"collection":[{"href":"https:\/\/bogensportdiscount.ch\/fr\/wp-json\/wp\/v2\/product"}],"about":[{"href":"https:\/\/bogensportdiscount.ch\/fr\/wp-json\/wp\/v2\/types\/product"}],"replies":[{"embeddable":true,"href":"https:\/\/bogensportdiscount.ch\/fr\/wp-json\/wp\/v2\/comments?post=391782"}],"wp:featuredmedia":[{"embeddable":true,"href":"https:\/\/bogensportdiscount.ch\/fr\/wp-json\/wp\/v2\/media\/447696"}],"wp:attachment":[{"href":"https:\/\/bogensportdiscount.ch\/fr\/wp-json\/wp\/v2\/media?parent=391782"}],"wp:term":[{"taxonomy":"product_brand","embeddable":true,"href":"https:\/\/bogensportdiscount.ch\/fr\/wp-json\/wp\/v2\/product_brand?post=391782"},{"taxonomy":"product_cat","embeddable":true,"href":"https:\/\/bogensportdiscount.ch\/fr\/wp-json\/wp\/v2\/product_cat?post=391782"},{"taxonomy":"product_tag","embeddable":true,"href":"https:\/\/bogensportdiscount.ch\/fr\/wp-json\/wp\/v2\/product_tag?post=391782"}],"curies":[{"name":"wp","href":"https:\/\/api.w.org\/{rel}","templated":true}]}}