{"id":391776,"date":"2026-04-05T14:23:53","date_gmt":"2026-04-05T12:23:53","guid":{"rendered":"https:\/\/bogensportdiscount.ch\/produkt\/grim-reaper-expandable-broadheads-hybrid-100gr-fixed-mechanical-4-blade-3-pk\/"},"modified":"2026-04-15T12:10:22","modified_gmt":"2026-04-15T10:10:22","slug":"grim-reaper-hybrid-broadhead-100gr-fixed-mechanical-4-blade-3er-pack","status":"publish","type":"product","link":"https:\/\/bogensportdiscount.ch\/fr\/produit\/grim-reaper-hybrid-broadhead-100gr-fixed-mechanical-4-blade-3er-pack\/","title":{"rendered":"GRIM REAPER EXPANDABLE BROADHEADS HYBRID 100GR FIXED &amp; MECHANICAL 4-BLADE 3\/PK"},"content":{"rendered":"<p>Der Grim Reaper Hybrid Broadhead vereint die Vorteile eines Festklinge-Broadheads mit der Schnittleistung eines mechanischen Broadheads. Durch das 4-Klingen-Design \u2013 bestehend aus festen und aufklappbaren Klingen \u2013 entsteht ein breiter Schnittkanal beim Aufprall.<\/p>\n<p>Mit einem Gewicht von 100 Grain eignet sich dieser Broadhead f\u00fcr eine Vielzahl von Jagdb\u00f6gen und ist auf g\u00e4ngige Pfeilsch\u00e4fte mit Standard-Gewinde (8-32) aufschraubbar. Das Set enth\u00e4lt 3 Broadheads.<\/p>\n<ul>\n<li>Hybrid-Design: Festklinge kombiniert mit mechanischer Klinge<\/li>\n<li>4-Klingen-Konstruktion f\u00fcr grossen Schnittkanal<\/li>\n<li>100 Grain Gewicht<\/li>\n<li>3er-Pack<\/li>\n<\/ul>","protected":false},"excerpt":{"rendered":"<p><strong>Marque :<\/strong> Grim Reaper<br \/><strong>Klingen:<\/strong> 4<br \/><strong>Gewicht:<\/strong> 100<br \/><strong>GTIN:<\/strong> 814846015032<\/p>","protected":false},"featured_media":447698,"comment_status":"open","ping_status":"closed","template":"","meta":[],"product_brand":[814],"product_cat":[4215],"product_tag":[3546],"class_list":{"0":"post-391776","1":"product","2":"type-product","3":"status-publish","4":"has-post-thumbnail","6":"product_brand-grimreaper","7":"product_cat-hybrid-jagdspitzen","8":"product_tag-neuheit","10":"first","11":"instock","12":"shipping-taxable","13":"purchasable","14":"product-type-simple"},"_links":{"self":[{"href":"https:\/\/bogensportdiscount.ch\/fr\/wp-json\/wp\/v2\/product\/391776","targetHints":{"allow":["GET"]}}],"collection":[{"href":"https:\/\/bogensportdiscount.ch\/fr\/wp-json\/wp\/v2\/product"}],"about":[{"href":"https:\/\/bogensportdiscount.ch\/fr\/wp-json\/wp\/v2\/types\/product"}],"replies":[{"embeddable":true,"href":"https:\/\/bogensportdiscount.ch\/fr\/wp-json\/wp\/v2\/comments?post=391776"}],"wp:featuredmedia":[{"embeddable":true,"href":"https:\/\/bogensportdiscount.ch\/fr\/wp-json\/wp\/v2\/media\/447698"}],"wp:attachment":[{"href":"https:\/\/bogensportdiscount.ch\/fr\/wp-json\/wp\/v2\/media?parent=391776"}],"wp:term":[{"taxonomy":"product_brand","embeddable":true,"href":"https:\/\/bogensportdiscount.ch\/fr\/wp-json\/wp\/v2\/product_brand?post=391776"},{"taxonomy":"product_cat","embeddable":true,"href":"https:\/\/bogensportdiscount.ch\/fr\/wp-json\/wp\/v2\/product_cat?post=391776"},{"taxonomy":"product_tag","embeddable":true,"href":"https:\/\/bogensportdiscount.ch\/fr\/wp-json\/wp\/v2\/product_tag?post=391776"}],"curies":[{"name":"wp","href":"https:\/\/api.w.org\/{rel}","templated":true}]}}