{"id":391771,"date":"2026-04-05T14:23:52","date_gmt":"2026-04-05T12:23:52","guid":{"rendered":"https:\/\/bogensportdiscount.ch\/produkt\/slick-trick-xtra-blades-for-grizztrick2-1-1-4-100-125-gr-4pk\/"},"modified":"2026-04-15T12:10:21","modified_gmt":"2026-04-15T10:10:21","slug":"slick-trick-ersatzklingen-grizztrick2-1-1-4-100-125-gr-4er-pack","status":"publish","type":"product","link":"https:\/\/bogensportdiscount.ch\/fr\/produit\/slick-trick-ersatzklingen-grizztrick2-1-1-4-100-125-gr-4er-pack\/","title":{"rendered":"SLICK TRICK XTRA BLADES FOR GRIZZTRICK2 1 1\/4\u2033 100\/125 GR 4pk"},"content":{"rendered":"<p>Diese Ersatzklingen von Slick Trick sind speziell f\u00fcr die Grizztrick2 Breitblatt-Jagdspitze entwickelt worden. Mit einem Schnittdurchmesser von 1 1\/4&#8243; und Kompatibilit\u00e4t f\u00fcr Spitzen in 100 sowie 125 Grain bieten sie eine praktische M\u00f6glichkeit, verbrauchte oder besch\u00e4digte Klingen schnell auszutauschen, ohne die gesamte Jagdspitze ersetzen zu m\u00fcssen.<\/p>\n<p>Das 4er-Pack eignet sich f\u00fcr den regelm\u00e4ssigen Einsatz bei der Jagd und erm\u00f6glicht eine kosteneffiziente Pflege des Ausr\u00fcstung. Die Klingen sind auf die Pr\u00e4zision und Qualit\u00e4t abgestimmt, die Slick Trick f\u00fcr seine Grizztrick-Produktlinie vorgibt.<\/p>\n<ul>\n<li>Kompatibel mit Grizztrick2 Jagdspitzen<\/li>\n<li>Schnittdurchmesser: 1 1\/4&#8243;<\/li>\n<li>Geeignet f\u00fcr 100 und 125 Grain<\/li>\n<li>4 Ersatzklingen pro Packung<\/li>\n<\/ul>","protected":false},"excerpt":{"rendered":"<p><strong>Marque :<\/strong> Slick Trick<br \/><strong>Gewicht:<\/strong> 100\/125<br \/><strong>GTIN:<\/strong> 613103055350<\/p>","protected":false},"featured_media":452344,"comment_status":"open","ping_status":"closed","template":"","meta":[],"product_brand":[487],"product_cat":[4179],"product_tag":[3546],"class_list":{"0":"post-391771","1":"product","2":"type-product","3":"status-publish","4":"has-post-thumbnail","6":"product_brand-slicktrick","7":"product_cat-einzelteile-zubehoer","8":"product_tag-neuheit","10":"first","11":"instock","12":"shipping-taxable","13":"purchasable","14":"product-type-simple"},"_links":{"self":[{"href":"https:\/\/bogensportdiscount.ch\/fr\/wp-json\/wp\/v2\/product\/391771","targetHints":{"allow":["GET"]}}],"collection":[{"href":"https:\/\/bogensportdiscount.ch\/fr\/wp-json\/wp\/v2\/product"}],"about":[{"href":"https:\/\/bogensportdiscount.ch\/fr\/wp-json\/wp\/v2\/types\/product"}],"replies":[{"embeddable":true,"href":"https:\/\/bogensportdiscount.ch\/fr\/wp-json\/wp\/v2\/comments?post=391771"}],"wp:featuredmedia":[{"embeddable":true,"href":"https:\/\/bogensportdiscount.ch\/fr\/wp-json\/wp\/v2\/media\/452344"}],"wp:attachment":[{"href":"https:\/\/bogensportdiscount.ch\/fr\/wp-json\/wp\/v2\/media?parent=391771"}],"wp:term":[{"taxonomy":"product_brand","embeddable":true,"href":"https:\/\/bogensportdiscount.ch\/fr\/wp-json\/wp\/v2\/product_brand?post=391771"},{"taxonomy":"product_cat","embeddable":true,"href":"https:\/\/bogensportdiscount.ch\/fr\/wp-json\/wp\/v2\/product_cat?post=391771"},{"taxonomy":"product_tag","embeddable":true,"href":"https:\/\/bogensportdiscount.ch\/fr\/wp-json\/wp\/v2\/product_tag?post=391771"}],"curies":[{"name":"wp","href":"https:\/\/api.w.org\/{rel}","templated":true}]}}