{"id":391768,"date":"2026-04-05T14:23:52","date_gmt":"2026-04-05T12:23:52","guid":{"rendered":"https:\/\/bogensportdiscount.ch\/produkt\/hunor-nimrod-replacement-blade-125-grains-3-pk\/"},"modified":"2026-04-15T12:10:21","modified_gmt":"2026-04-15T10:10:21","slug":"hunor-nimrod-ersatzklingen-125-grains-3er-pack","status":"publish","type":"product","link":"https:\/\/bogensportdiscount.ch\/fr\/produit\/hunor-nimrod-ersatzklingen-125-grains-3er-pack\/","title":{"rendered":"HUNOR NIMROD REPLACEMENT BLADE 125 GRAINS 3\/PK"},"content":{"rendered":"<p>Diese Ersatzklingen sind speziell f\u00fcr den HUNOR Nimrod Broadhead entwickelt und erm\u00f6glichen einen unkomplizierten Klingenwechsel nach dem Einsatz. Mit einem Gewicht von 125 Grains sind sie auf das Originalmodell abgestimmt.<\/p>\n<p>Das Set enth\u00e4lt 3 Klingen und sorgt daf\u00fcr, dass der Broadhead einsatzbereit bleibt, ohne das gesamte Kopfteil ersetzen zu m\u00fcssen. Passend f\u00fcr Jagd- und 3D-Bogensch\u00fctzen, die den HUNOR Nimrod verwenden.<\/p>\n<ul>\n<li>Gewicht: 125 Grains<\/li>\n<li>Inhalt: 3 Klingen pro Packung<\/li>\n<li>Entwickelt f\u00fcr den HUNOR Nimrod Broadhead<\/li>\n<li>Einfacher Klingenwechsel<\/li>\n<\/ul>","protected":false},"excerpt":{"rendered":"<p><strong>Marque :<\/strong> Hunor<br \/><strong>Gewicht:<\/strong> 125<\/p>","protected":false},"featured_media":453631,"comment_status":"open","ping_status":"closed","template":"","meta":[],"product_brand":[813],"product_cat":[4179],"product_tag":[3546],"class_list":{"0":"post-391768","1":"product","2":"type-product","3":"status-publish","4":"has-post-thumbnail","6":"product_brand-hunor","7":"product_cat-einzelteile-zubehoer","8":"product_tag-neuheit","10":"first","11":"instock","12":"shipping-taxable","13":"purchasable","14":"product-type-simple"},"_links":{"self":[{"href":"https:\/\/bogensportdiscount.ch\/fr\/wp-json\/wp\/v2\/product\/391768","targetHints":{"allow":["GET"]}}],"collection":[{"href":"https:\/\/bogensportdiscount.ch\/fr\/wp-json\/wp\/v2\/product"}],"about":[{"href":"https:\/\/bogensportdiscount.ch\/fr\/wp-json\/wp\/v2\/types\/product"}],"replies":[{"embeddable":true,"href":"https:\/\/bogensportdiscount.ch\/fr\/wp-json\/wp\/v2\/comments?post=391768"}],"wp:featuredmedia":[{"embeddable":true,"href":"https:\/\/bogensportdiscount.ch\/fr\/wp-json\/wp\/v2\/media\/453631"}],"wp:attachment":[{"href":"https:\/\/bogensportdiscount.ch\/fr\/wp-json\/wp\/v2\/media?parent=391768"}],"wp:term":[{"taxonomy":"product_brand","embeddable":true,"href":"https:\/\/bogensportdiscount.ch\/fr\/wp-json\/wp\/v2\/product_brand?post=391768"},{"taxonomy":"product_cat","embeddable":true,"href":"https:\/\/bogensportdiscount.ch\/fr\/wp-json\/wp\/v2\/product_cat?post=391768"},{"taxonomy":"product_tag","embeddable":true,"href":"https:\/\/bogensportdiscount.ch\/fr\/wp-json\/wp\/v2\/product_tag?post=391768"}],"curies":[{"name":"wp","href":"https:\/\/api.w.org\/{rel}","templated":true}]}}