{"id":391764,"date":"2026-04-05T14:23:51","date_gmt":"2026-04-05T12:23:51","guid":{"rendered":"https:\/\/bogensportdiscount.ch\/produkt\/g5-t3-practice-blades\/"},"modified":"2026-04-15T12:10:21","modified_gmt":"2026-04-15T10:10:21","slug":"g5-t3-uebungsklingen","status":"publish","type":"product","link":"https:\/\/bogensportdiscount.ch\/fr\/produit\/g5-t3-uebungsklingen\/","title":{"rendered":"G5 T3 PRACTICE BLADES"},"content":{"rendered":"<p>Die G5 T3 Practice Blades sind speziell f\u00fcr das \u00dcbungsschiessen mit dem G5 T3 Broadhead konzipiert. Sie erm\u00f6glichen ein realit\u00e4tsnahes Training mit dem tats\u00e4chlichen Flugverhalten des Broadheads, ohne die scharfen Jagdklingen zu verbrauchen.<\/p>\n<p>Die Klingen werden einfach anstelle der regul\u00e4ren Schneidklingen montiert und bieten so eine wirtschaftliche M\u00f6glichkeit, die Einschussposition und das Flugverhalten des Broadheads vor der Jagdsaison zu \u00fcberpr\u00fcfen und anzupassen.<\/p>\n<ul>\n<li>Kompatibel mit G5 T3 Broadheads<\/li>\n<li>Kosteng\u00fcnstiges Training ohne Verbrauch der Jagdklingen<\/li>\n<li>Realit\u00e4tsnahes Flugverhalten wie scharfe Klingen<\/li>\n<li>Einfacher Austausch<\/li>\n<\/ul>","protected":false},"excerpt":{"rendered":"<p><strong>Marque :<\/strong> G5<br \/><strong>Farbe:<\/strong> Autre<br \/><strong>GTIN:<\/strong> 817990002743<\/p>","protected":false},"featured_media":452337,"comment_status":"open","ping_status":"closed","template":"","meta":[],"product_brand":[583],"product_cat":[4179],"product_tag":[3546],"class_list":{"0":"post-391764","1":"product","2":"type-product","3":"status-publish","4":"has-post-thumbnail","6":"product_brand-g5","7":"product_cat-einzelteile-zubehoer","8":"product_tag-neuheit","10":"first","11":"instock","12":"shipping-taxable","13":"purchasable","14":"product-type-simple"},"_links":{"self":[{"href":"https:\/\/bogensportdiscount.ch\/fr\/wp-json\/wp\/v2\/product\/391764","targetHints":{"allow":["GET"]}}],"collection":[{"href":"https:\/\/bogensportdiscount.ch\/fr\/wp-json\/wp\/v2\/product"}],"about":[{"href":"https:\/\/bogensportdiscount.ch\/fr\/wp-json\/wp\/v2\/types\/product"}],"replies":[{"embeddable":true,"href":"https:\/\/bogensportdiscount.ch\/fr\/wp-json\/wp\/v2\/comments?post=391764"}],"wp:featuredmedia":[{"embeddable":true,"href":"https:\/\/bogensportdiscount.ch\/fr\/wp-json\/wp\/v2\/media\/452337"}],"wp:attachment":[{"href":"https:\/\/bogensportdiscount.ch\/fr\/wp-json\/wp\/v2\/media?parent=391764"}],"wp:term":[{"taxonomy":"product_brand","embeddable":true,"href":"https:\/\/bogensportdiscount.ch\/fr\/wp-json\/wp\/v2\/product_brand?post=391764"},{"taxonomy":"product_cat","embeddable":true,"href":"https:\/\/bogensportdiscount.ch\/fr\/wp-json\/wp\/v2\/product_cat?post=391764"},{"taxonomy":"product_tag","embeddable":true,"href":"https:\/\/bogensportdiscount.ch\/fr\/wp-json\/wp\/v2\/product_tag?post=391764"}],"curies":[{"name":"wp","href":"https:\/\/api.w.org\/{rel}","templated":true}]}}