{"id":391753,"date":"2026-04-05T14:23:49","date_gmt":"2026-04-05T12:23:49","guid":{"rendered":"https:\/\/bogensportdiscount.ch\/produkt\/nap-spitfire-maxx-100-gr-3-blade-3-pk-expandable-broadheads\/"},"modified":"2026-04-20T12:47:04","modified_gmt":"2026-04-20T10:47:04","slug":"nap-mechanischer-broadhead-spitfire-maxx-100gr-3-klinge-3er-pack","status":"publish","type":"product","link":"https:\/\/bogensportdiscount.ch\/fr\/produit\/nap-mechanischer-broadhead-spitfire-maxx-100gr-3-klinge-3er-pack\/","title":{"rendered":"NAP SPITFIRE MAXX 100 g, 3 lames, 3\/paquet, pointes de chasse rabattables"},"content":{"rendered":"<p>Der NAP Spitfire Maxx 100 gr ist ein mechanischer Expandable Broadhead mit 3 Klingen. Dank des Flugverhaltens eines Feldpunktes und der zuverl\u00e4ssigen Expansion beim Aufprall ist er eine g\u00e4ngige Wahl f\u00fcr die Jagd.<\/p>\n<p>Mit einem Gewicht von 100 Grain passt der Spitfire Maxx zu einem breiten Spektrum an Pfeilen und B\u00f6gen. Das 3er-Pack bietet eine praxisgerechte Ausstattung f\u00fcr den Jagdeinsatz.<\/p>\n<ul>\n<li>Mechanischer Expandable Broadhead mit 3 Klingen<\/li>\n<li>Poids : 100 grains<\/li>\n<li>Inhalt: 3 Broadheads pro Packung<\/li>\n<li>Marke: NAP (New Archery Products)<\/li>\n<\/ul>","protected":false},"excerpt":{"rendered":"<p><strong>Marque :<\/strong> PAN<br \/><strong>Lames :<\/strong> 3<br \/><strong>Poids :<\/strong> 100<br \/><strong>GTIN:<\/strong> 33576606659<\/p>","protected":false},"featured_media":453631,"comment_status":"open","ping_status":"closed","template":"","meta":[],"product_brand":[557],"product_cat":[4212],"product_tag":[3546],"class_list":{"0":"post-391753","1":"product","2":"type-product","3":"status-publish","4":"has-post-thumbnail","6":"product_brand-nap","7":"product_cat-mechanische-jagdspitzen","8":"product_tag-neuheit","10":"first","11":"instock","12":"shipping-taxable","13":"purchasable","14":"product-type-simple"},"yoast_head":"<!-- This site is optimized with the Yoast SEO plugin v27.4 - https:\/\/yoast.com\/product\/yoast-seo-wordpress\/ -->\n<title>NAP SPITFIRE MAXX 100 g, 3 lames, 3\/paquet, pointes de chasse rabattables - Bogensportdiscount \u2013 Arcs, fl\u00e8ches, cibles et accessoires<\/title>\n<meta name=\"description\" content=\"NAP SPITFIRE MAXX 100 g, 3 lames, 3\/paquet, pointes de chasse rabattables : achetez-les \u00e0 prix avantageux chez Bogensportdiscount \u2013 Grandes marques, livraison rapide depuis la Suisse.\" \/>\n<meta name=\"robots\" content=\"noindex, follow, max-snippet:-1, max-image-preview:large, max-video-preview:-1\" \/>\n<meta property=\"og:locale\" content=\"fr_FR\" \/>\n<meta property=\"og:type\" content=\"article\" \/>\n<meta property=\"og:title\" content=\"NAP SPITFIRE MAXX 100 g, 3 lames, 3\/paquet, pointes de chasse rabattables - Bogensportdiscount \u2013 Arcs, fl\u00e8ches, cibles et accessoires\" \/>\n<meta property=\"og:description\" content=\"NAP SPITFIRE MAXX 100 g, 3 lames, 3\/paquet, pointes de chasse rabattables : achetez-les \u00e0 prix avantageux chez Bogensportdiscount \u2013 Grandes marques, livraison rapide depuis la Suisse.\" \/>\n<meta property=\"og:url\" content=\"https:\/\/bogensportdiscount.ch\/fr\/prodotto\/nap-mechanischer-broadhead-spitfire-maxx-100gr-3-klinge-3er-pack\/\" \/>\n<meta property=\"og:site_name\" content=\"Bogensportdiscount \u2013 B\u00f6gen, Pfeile, Targets &amp; Zubeh\u00f6r\" \/>\n<meta property=\"article:modified_time\" content=\"2026-04-20T10:47:04+00:00\" \/>\n<meta property=\"og:image\" content=\"https:\/\/bogensportdiscount.ch\/wp-content\/uploads\/bsm-images\/a016388_1.jpg\" \/>\n\t<meta property=\"og:image:width\" content=\"256\" \/>\n\t<meta property=\"og:image:height\" content=\"400\" \/>\n\t<meta property=\"og:image:type\" content=\"image\/jpeg\" \/>\n<meta name=\"twitter:card\" content=\"summary_large_image\" \/>\n<script type=\"application\/ld+json\" class=\"yoast-schema-graph\">{\"@context\":\"https:\\\/\\\/schema.org\",\"@graph\":[{\"@type\":\"WebPage\",\"@id\":\"https:\\\/\\\/bogensportdiscount.ch\\\/it\\\/prodotto\\\/nap-mechanischer-broadhead-spitfire-maxx-100gr-3-klinge-3er-pack\\\/\",\"url\":\"https:\\\/\\\/bogensportdiscount.ch\\\/it\\\/prodotto\\\/nap-mechanischer-broadhead-spitfire-maxx-100gr-3-klinge-3er-pack\\\/\",\"name\":\"NAP SPITFIRE MAXX 100 GR 3 KLINGEN 3\\\/PK AUSKLAPPBARE JAGDSPITZEN - Bogensportdiscount \u2013 B\u00f6gen, Pfeile, Targets &amp; Zubeh\u00f6r\",\"isPartOf\":{\"@id\":\"https:\\\/\\\/bogensportdiscount.ch\\\/#website\"},\"primaryImageOfPage\":{\"@id\":\"https:\\\/\\\/bogensportdiscount.ch\\\/it\\\/prodotto\\\/nap-mechanischer-broadhead-spitfire-maxx-100gr-3-klinge-3er-pack\\\/#primaryimage\"},\"image\":{\"@id\":\"https:\\\/\\\/bogensportdiscount.ch\\\/it\\\/prodotto\\\/nap-mechanischer-broadhead-spitfire-maxx-100gr-3-klinge-3er-pack\\\/#primaryimage\"},\"thumbnailUrl\":\"https:\\\/\\\/bogensportdiscount.ch\\\/wp-content\\\/uploads\\\/2026\\\/04\\\/bogensportdiscount.ch-pfeile-boegen-zubehoer-fuer-anfaenger-und-profis-zum-besten-preis-Symbolbild-kein-foto-zu-diesem-artikel_01.jpg\",\"datePublished\":\"2026-04-05T12:23:49+00:00\",\"dateModified\":\"2026-04-20T10:47:04+00:00\",\"description\":\"NAP SPITFIRE MAXX 100 GR 3 KLINGEN 3\\\/PK AUSKLAPPBARE JAGDSPITZEN g\u00fcnstig kaufen bei Bogensportdiscount \u2013 Top-Marken, schneller Versand aus der Schweiz.\",\"breadcrumb\":{\"@id\":\"https:\\\/\\\/bogensportdiscount.ch\\\/it\\\/prodotto\\\/nap-mechanischer-broadhead-spitfire-maxx-100gr-3-klinge-3er-pack\\\/#breadcrumb\"},\"inLanguage\":\"fr-FR\",\"potentialAction\":[{\"@type\":\"ReadAction\",\"target\":[\"https:\\\/\\\/bogensportdiscount.ch\\\/it\\\/prodotto\\\/nap-mechanischer-broadhead-spitfire-maxx-100gr-3-klinge-3er-pack\\\/\"]}]},{\"@type\":\"ImageObject\",\"inLanguage\":\"fr-FR\",\"@id\":\"https:\\\/\\\/bogensportdiscount.ch\\\/it\\\/prodotto\\\/nap-mechanischer-broadhead-spitfire-maxx-100gr-3-klinge-3er-pack\\\/#primaryimage\",\"url\":\"https:\\\/\\\/bogensportdiscount.ch\\\/wp-content\\\/uploads\\\/2026\\\/04\\\/bogensportdiscount.ch-pfeile-boegen-zubehoer-fuer-anfaenger-und-profis-zum-besten-preis-Symbolbild-kein-foto-zu-diesem-artikel_01.jpg\",\"contentUrl\":\"https:\\\/\\\/bogensportdiscount.ch\\\/wp-content\\\/uploads\\\/2026\\\/04\\\/bogensportdiscount.ch-pfeile-boegen-zubehoer-fuer-anfaenger-und-profis-zum-besten-preis-Symbolbild-kein-foto-zu-diesem-artikel_01.jpg\",\"width\":1080,\"height\":1080},{\"@type\":\"BreadcrumbList\",\"@id\":\"https:\\\/\\\/bogensportdiscount.ch\\\/it\\\/prodotto\\\/nap-mechanischer-broadhead-spitfire-maxx-100gr-3-klinge-3er-pack\\\/#breadcrumb\",\"itemListElement\":[{\"@type\":\"ListItem\",\"position\":1,\"name\":\"Home\",\"item\":\"https:\\\/\\\/bogensportdiscount.ch\\\/\"},{\"@type\":\"ListItem\",\"position\":2,\"name\":\"Shop\",\"item\":\"https:\\\/\\\/bogensportdiscount.ch\\\/shop\\\/\"},{\"@type\":\"ListItem\",\"position\":3,\"name\":\"NAP SPITFIRE MAXX 100 GR 3 KLINGEN 3\\\/PK AUSKLAPPBARE JAGDSPITZEN\"}]},{\"@type\":\"WebSite\",\"@id\":\"https:\\\/\\\/bogensportdiscount.ch\\\/#website\",\"url\":\"https:\\\/\\\/bogensportdiscount.ch\\\/\",\"name\":\"Bogensportdiscount\",\"description\":\"\",\"potentialAction\":[{\"@type\":\"SearchAction\",\"target\":{\"@type\":\"EntryPoint\",\"urlTemplate\":\"https:\\\/\\\/bogensportdiscount.ch\\\/?s={search_term_string}\"},\"query-input\":{\"@type\":\"PropertyValueSpecification\",\"valueRequired\":true,\"valueName\":\"search_term_string\"}}],\"inLanguage\":\"fr-FR\"}]}<\/script>\n<!-- \/ Yoast SEO plugin. -->","yoast_head_json":{"title":"NAP SPITFIRE MAXX 100 g, 3 lames, 3\/paquet, pointes de chasse rabattables - Bogensportdiscount \u2013 Arcs, fl\u00e8ches, cibles et accessoires","description":"NAP SPITFIRE MAXX 100 g, 3 lames, 3\/paquet, pointes de chasse rabattables : achetez-les \u00e0 prix avantageux chez Bogensportdiscount \u2013 Grandes marques, livraison rapide depuis la Suisse.","robots":{"index":"noindex","follow":"follow","max-snippet":"max-snippet:-1","max-image-preview":"max-image-preview:large","max-video-preview":"max-video-preview:-1"},"og_locale":"fr_FR","og_type":"article","og_title":"NAP SPITFIRE MAXX 100 g, 3 lames, 3\/paquet, pointes de chasse rabattables - Bogensportdiscount \u2013 Arcs, fl\u00e8ches, cibles et accessoires","og_description":"NAP SPITFIRE MAXX 100 g, 3 lames, 3\/paquet, pointes de chasse rabattables : achetez-les \u00e0 prix avantageux chez Bogensportdiscount \u2013 Grandes marques, livraison rapide depuis la Suisse.","og_url":"https:\/\/bogensportdiscount.ch\/fr\/prodotto\/nap-mechanischer-broadhead-spitfire-maxx-100gr-3-klinge-3er-pack\/","og_site_name":"Bogensportdiscount \u2013 B\u00f6gen, Pfeile, Targets &amp; Zubeh\u00f6r","article_modified_time":"2026-04-20T10:47:04+00:00","og_image":[{"width":256,"height":400,"url":"https:\/\/bogensportdiscount.ch\/wp-content\/uploads\/bsm-images\/a016388_1.jpg","type":"image\/jpeg"}],"twitter_card":"summary_large_image","schema":{"@context":"https:\/\/schema.org","@graph":[{"@type":"WebPage","@id":"https:\/\/bogensportdiscount.ch\/it\/prodotto\/nap-mechanischer-broadhead-spitfire-maxx-100gr-3-klinge-3er-pack\/","url":"https:\/\/bogensportdiscount.ch\/it\/prodotto\/nap-mechanischer-broadhead-spitfire-maxx-100gr-3-klinge-3er-pack\/","name":"NAP SPITFIRE MAXX 100 g, 3 lames, 3\/paquet, pointes de chasse rabattables - Bogensportdiscount \u2013 Arcs, fl\u00e8ches, cibles et accessoires","isPartOf":{"@id":"https:\/\/bogensportdiscount.ch\/#website"},"primaryImageOfPage":{"@id":"https:\/\/bogensportdiscount.ch\/it\/prodotto\/nap-mechanischer-broadhead-spitfire-maxx-100gr-3-klinge-3er-pack\/#primaryimage"},"image":{"@id":"https:\/\/bogensportdiscount.ch\/it\/prodotto\/nap-mechanischer-broadhead-spitfire-maxx-100gr-3-klinge-3er-pack\/#primaryimage"},"thumbnailUrl":"https:\/\/bogensportdiscount.ch\/wp-content\/uploads\/2026\/04\/bogensportdiscount.ch-pfeile-boegen-zubehoer-fuer-anfaenger-und-profis-zum-besten-preis-Symbolbild-kein-foto-zu-diesem-artikel_01.jpg","datePublished":"2026-04-05T12:23:49+00:00","dateModified":"2026-04-20T10:47:04+00:00","description":"NAP SPITFIRE MAXX 100 g, 3 lames, 3\/paquet, pointes de chasse rabattables : achetez-les \u00e0 prix avantageux chez Bogensportdiscount \u2013 Grandes marques, livraison rapide depuis la Suisse.","breadcrumb":{"@id":"https:\/\/bogensportdiscount.ch\/it\/prodotto\/nap-mechanischer-broadhead-spitfire-maxx-100gr-3-klinge-3er-pack\/#breadcrumb"},"inLanguage":"fr-FR","potentialAction":[{"@type":"ReadAction","target":["https:\/\/bogensportdiscount.ch\/it\/prodotto\/nap-mechanischer-broadhead-spitfire-maxx-100gr-3-klinge-3er-pack\/"]}]},{"@type":"ImageObject","inLanguage":"fr-FR","@id":"https:\/\/bogensportdiscount.ch\/it\/prodotto\/nap-mechanischer-broadhead-spitfire-maxx-100gr-3-klinge-3er-pack\/#primaryimage","url":"https:\/\/bogensportdiscount.ch\/wp-content\/uploads\/2026\/04\/bogensportdiscount.ch-pfeile-boegen-zubehoer-fuer-anfaenger-und-profis-zum-besten-preis-Symbolbild-kein-foto-zu-diesem-artikel_01.jpg","contentUrl":"https:\/\/bogensportdiscount.ch\/wp-content\/uploads\/2026\/04\/bogensportdiscount.ch-pfeile-boegen-zubehoer-fuer-anfaenger-und-profis-zum-besten-preis-Symbolbild-kein-foto-zu-diesem-artikel_01.jpg","width":1080,"height":1080},{"@type":"BreadcrumbList","@id":"https:\/\/bogensportdiscount.ch\/it\/prodotto\/nap-mechanischer-broadhead-spitfire-maxx-100gr-3-klinge-3er-pack\/#breadcrumb","itemListElement":[{"@type":"ListItem","position":1,"name":"Home","item":"https:\/\/bogensportdiscount.ch\/"},{"@type":"ListItem","position":2,"name":"Shop","item":"https:\/\/bogensportdiscount.ch\/shop\/"},{"@type":"ListItem","position":3,"name":"NAP SPITFIRE MAXX 100 GR 3 KLINGEN 3\/PK AUSKLAPPBARE JAGDSPITZEN"}]},{"@type":"WebSite","@id":"https:\/\/bogensportdiscount.ch\/#website","url":"https:\/\/bogensportdiscount.ch\/","name":"Bogensportdiscount","description":"","potentialAction":[{"@type":"SearchAction","target":{"@type":"EntryPoint","urlTemplate":"https:\/\/bogensportdiscount.ch\/?s={search_term_string}"},"query-input":{"@type":"PropertyValueSpecification","valueRequired":true,"valueName":"search_term_string"}}],"inLanguage":"fr-FR"}]}},"_links":{"self":[{"href":"https:\/\/bogensportdiscount.ch\/fr\/wp-json\/wp\/v2\/product\/391753","targetHints":{"allow":["GET"]}}],"collection":[{"href":"https:\/\/bogensportdiscount.ch\/fr\/wp-json\/wp\/v2\/product"}],"about":[{"href":"https:\/\/bogensportdiscount.ch\/fr\/wp-json\/wp\/v2\/types\/product"}],"replies":[{"embeddable":true,"href":"https:\/\/bogensportdiscount.ch\/fr\/wp-json\/wp\/v2\/comments?post=391753"}],"wp:featuredmedia":[{"embeddable":true,"href":"https:\/\/bogensportdiscount.ch\/fr\/wp-json\/wp\/v2\/media\/453631"}],"wp:attachment":[{"href":"https:\/\/bogensportdiscount.ch\/fr\/wp-json\/wp\/v2\/media?parent=391753"}],"wp:term":[{"taxonomy":"product_brand","embeddable":true,"href":"https:\/\/bogensportdiscount.ch\/fr\/wp-json\/wp\/v2\/product_brand?post=391753"},{"taxonomy":"product_cat","embeddable":true,"href":"https:\/\/bogensportdiscount.ch\/fr\/wp-json\/wp\/v2\/product_cat?post=391753"},{"taxonomy":"product_tag","embeddable":true,"href":"https:\/\/bogensportdiscount.ch\/fr\/wp-json\/wp\/v2\/product_tag?post=391753"}],"curies":[{"name":"wp","href":"https:\/\/api.w.org\/{rel}","templated":true}]}}