{"id":391744,"date":"2026-04-05T14:23:47","date_gmt":"2026-04-05T12:23:47","guid":{"rendered":"https:\/\/bogensportdiscount.ch\/produkt\/aae-glue-primer-tape-fastset-gel-3-gram\/"},"modified":"2026-05-14T07:13:31","modified_gmt":"2026-05-14T05:13:31","slug":"aae-kleber-primer-tape-fastset-gel-3-gramm","status":"publish","type":"product","link":"https:\/\/bogensportdiscount.ch\/fr\/produit\/aae-kleber-primer-tape-fastset-gel-3-gramm\/","title":{"rendered":"AAE COLLE\/PRIMAIRE &amp; RUBAN ADH\u00c9SIF FASTSET GEL 3 GRAM"},"content":{"rendered":"<p>Der AAE Fastset Gel Kleber ist ein kompakter Sekundenkleber im Gelformat mit einem F\u00fcllgewicht von 3 Gramm. Er ist speziell f\u00fcr den Einsatz im Bogensport konzipiert und eignet sich f\u00fcr die Befestigung und Reparatur von Pfeilzubeh\u00f6r wie Nocken, Befiederung und anderen Pfeilkomponenten.<\/p>\n<p>Die Gelkonsistenz erm\u00f6glicht eine pr\u00e4zise Dosierung und verhindert das Verlaufen des Klebers, was eine saubere Verarbeitung auch an schwer zug\u00e4nglichen Stellen erm\u00f6glicht. In Kombination mit einem geeigneten Primer und Klebeband entsteht eine belastbare und dauerhafte Verbindung.<\/p>\n<ul>\n<li>Gelformat f\u00fcr pr\u00e4zise Dosierung<\/li>\n<li>3 Gramm F\u00fcllmenge<\/li>\n<li>Adapt\u00e9 au montage et \u00e0 la r\u00e9paration de fl\u00e8ches<\/li>\n<li>Verwendbar mit Primer und Tape<\/li>\n<\/ul>","protected":false},"excerpt":{"rendered":"<table>\n<tr>\n<th>Propri\u00e9t\u00e9<\/th>\n<th>Valeur<\/th>\n<\/tr>\n<tr>\n<td>Marque<\/td>\n<td>AAE<\/td>\n<\/tr>\n<tr>\n<td>Type<\/td>\n<td>Fletching glue<\/td>\n<\/tr>\n<tr>\n<td>Emballage<\/td>\n<td>Unit<\/td>\n<\/tr>\n<tr>\n<td>Pays d'origine<\/td>\n<td>USA<\/td>\n<\/tr>\n<tr>\n<td>GTIN<\/td>\n<td>96881000109<\/td>\n<\/tr>\n<\/table>","protected":false},"featured_media":442915,"comment_status":"open","ping_status":"closed","template":"","meta":[],"product_brand":[517],"product_cat":[4121,4140,4351],"product_tag":[3546],"class_list":{"0":"post-391744","1":"product","2":"type-product","3":"status-publish","4":"has-post-thumbnail","6":"product_brand-aae","7":"product_cat-werkzeuge-training","8":"product_cat-pfeilbau","9":"product_cat-klebstoff-primer-klebeband","10":"product_tag-neuheit","11":"product_shipping_class-bsd-standard","13":"first","14":"instock","15":"shipping-taxable","16":"purchasable","17":"product-type-simple"},"yoast_head":"<!-- This site is optimized with the Yoast SEO plugin v27.6 - https:\/\/yoast.com\/product\/yoast-seo-wordpress\/ -->\n<title>AAE KLEBER\/PRIMER &amp; KLEBEBAND FASTSET GEL 3 GRAM - Bogensportdiscount \u2013 B\u00f6gen, Pfeile, Targets &amp; Zubeh\u00f6r<\/title>\n<meta name=\"description\" content=\"AAE KLEBER\/PRIMER &amp; KLEBEBAND FASTSET GEL 3 GRAM g\u00fcnstig kaufen bei Bogensportdiscount \u2013 Top-Marken, schneller Versand aus der Schweiz.\" \/>\n<meta name=\"robots\" content=\"index, follow, max-snippet:-1, max-image-preview:large, max-video-preview:-1\" \/>\n<link rel=\"canonical\" href=\"https:\/\/bogensportdiscount.ch\/fr\/produit\/aae-kleber-primer-tape-fastset-gel-3-gramm\/\" \/>\n<meta property=\"og:locale\" content=\"fr_FR\" \/>\n<meta property=\"og:type\" content=\"article\" \/>\n<meta property=\"og:title\" content=\"AAE KLEBER\/PRIMER &amp; KLEBEBAND FASTSET GEL 3 GRAM - Bogensportdiscount \u2013 B\u00f6gen, Pfeile, Targets &amp; Zubeh\u00f6r\" \/>\n<meta property=\"og:description\" content=\"AAE KLEBER\/PRIMER &amp; KLEBEBAND FASTSET GEL 3 GRAM g\u00fcnstig kaufen bei Bogensportdiscount \u2013 Top-Marken, schneller Versand aus der Schweiz.\" \/>\n<meta property=\"og:url\" content=\"https:\/\/bogensportdiscount.ch\/fr\/produit\/aae-kleber-primer-tape-fastset-gel-3-gramm\/\" \/>\n<meta property=\"og:site_name\" content=\"Bogensportdiscount \u2013 B\u00f6gen, Pfeile, Targets &amp; Zubeh\u00f6r\" \/>\n<meta property=\"article:modified_time\" content=\"2026-05-14T05:13:31+00:00\" \/>\n<meta property=\"og:image\" content=\"https:\/\/bogensportdiscount.ch\/wp-content\/uploads\/bsm-images\/A016194_1.jpg\" \/>\n\t<meta property=\"og:image:width\" content=\"1181\" \/>\n\t<meta property=\"og:image:height\" content=\"1175\" \/>\n\t<meta property=\"og:image:type\" content=\"image\/jpeg\" \/>\n<meta name=\"twitter:card\" content=\"summary_large_image\" \/>\n<meta name=\"twitter:label1\" content=\"Dur\u00e9e de lecture estim\u00e9e\" \/>\n\t<meta name=\"twitter:data1\" content=\"1 minute\" \/>\n<script type=\"application\/ld+json\" class=\"yoast-schema-graph\">{\"@context\":\"https:\\\/\\\/schema.org\",\"@graph\":[{\"@type\":\"WebPage\",\"@id\":\"https:\\\/\\\/bogensportdiscount.ch\\\/produkt\\\/aae-kleber-primer-tape-fastset-gel-3-gramm\\\/\",\"url\":\"https:\\\/\\\/bogensportdiscount.ch\\\/produkt\\\/aae-kleber-primer-tape-fastset-gel-3-gramm\\\/\",\"name\":\"AAE KLEBER\\\/PRIMER &amp; KLEBEBAND FASTSET GEL 3 GRAM - Bogensportdiscount \u2013 B\u00f6gen, Pfeile, Targets &amp; Zubeh\u00f6r\",\"isPartOf\":{\"@id\":\"https:\\\/\\\/bogensportdiscount.ch\\\/#website\"},\"primaryImageOfPage\":{\"@id\":\"https:\\\/\\\/bogensportdiscount.ch\\\/produkt\\\/aae-kleber-primer-tape-fastset-gel-3-gramm\\\/#primaryimage\"},\"image\":{\"@id\":\"https:\\\/\\\/bogensportdiscount.ch\\\/produkt\\\/aae-kleber-primer-tape-fastset-gel-3-gramm\\\/#primaryimage\"},\"thumbnailUrl\":\"https:\\\/\\\/bogensportdiscount.ch\\\/wp-content\\\/uploads\\\/bsm-images\\\/A016194_1.jpg\",\"datePublished\":\"2026-04-05T12:23:47+00:00\",\"dateModified\":\"2026-05-14T05:13:31+00:00\",\"description\":\"AAE KLEBER\\\/PRIMER &amp; KLEBEBAND FASTSET GEL 3 GRAM g\u00fcnstig kaufen bei Bogensportdiscount \u2013 Top-Marken, schneller Versand aus der Schweiz.\",\"breadcrumb\":{\"@id\":\"https:\\\/\\\/bogensportdiscount.ch\\\/produkt\\\/aae-kleber-primer-tape-fastset-gel-3-gramm\\\/#breadcrumb\"},\"inLanguage\":\"fr-FR\",\"potentialAction\":[{\"@type\":\"ReadAction\",\"target\":[\"https:\\\/\\\/bogensportdiscount.ch\\\/produkt\\\/aae-kleber-primer-tape-fastset-gel-3-gramm\\\/\"]}]},{\"@type\":\"ImageObject\",\"inLanguage\":\"fr-FR\",\"@id\":\"https:\\\/\\\/bogensportdiscount.ch\\\/produkt\\\/aae-kleber-primer-tape-fastset-gel-3-gramm\\\/#primaryimage\",\"url\":\"https:\\\/\\\/bogensportdiscount.ch\\\/wp-content\\\/uploads\\\/bsm-images\\\/A016194_1.jpg\",\"contentUrl\":\"https:\\\/\\\/bogensportdiscount.ch\\\/wp-content\\\/uploads\\\/bsm-images\\\/A016194_1.jpg\",\"width\":1181,\"height\":1175},{\"@type\":\"BreadcrumbList\",\"@id\":\"https:\\\/\\\/bogensportdiscount.ch\\\/produkt\\\/aae-kleber-primer-tape-fastset-gel-3-gramm\\\/#breadcrumb\",\"itemListElement\":[{\"@type\":\"ListItem\",\"position\":1,\"name\":\"Home\",\"item\":\"https:\\\/\\\/bogensportdiscount.ch\\\/\"},{\"@type\":\"ListItem\",\"position\":2,\"name\":\"Shop\",\"item\":\"https:\\\/\\\/bogensportdiscount.ch\\\/shop\\\/\"},{\"@type\":\"ListItem\",\"position\":3,\"name\":\"AAE GLUE\\\/PRIMER &amp; TAPE FASTSET GEL 3 GRAM\"}]},{\"@type\":\"WebSite\",\"@id\":\"https:\\\/\\\/bogensportdiscount.ch\\\/#website\",\"url\":\"https:\\\/\\\/bogensportdiscount.ch\\\/\",\"name\":\"Bogensportdiscount\",\"description\":\"\",\"potentialAction\":[{\"@type\":\"SearchAction\",\"target\":{\"@type\":\"EntryPoint\",\"urlTemplate\":\"https:\\\/\\\/bogensportdiscount.ch\\\/?s={search_term_string}\"},\"query-input\":{\"@type\":\"PropertyValueSpecification\",\"valueRequired\":true,\"valueName\":\"search_term_string\"}}],\"inLanguage\":\"fr-FR\"}]}<\/script>\n<!-- \/ Yoast SEO plugin. -->","yoast_head_json":{"title":"AAE KLEBER\/PRIMER &amp; KLEBEBAND FASTSET GEL 3 GRAM - Bogensportdiscount \u2013 B\u00f6gen, Pfeile, Targets &amp; Zubeh\u00f6r","description":"AAE KLEBER\/PRIMER &amp; KLEBEBAND FASTSET GEL 3 GRAM g\u00fcnstig kaufen bei Bogensportdiscount \u2013 Top-Marken, schneller Versand aus der Schweiz.","robots":{"index":"index","follow":"follow","max-snippet":"max-snippet:-1","max-image-preview":"max-image-preview:large","max-video-preview":"max-video-preview:-1"},"canonical":"https:\/\/bogensportdiscount.ch\/fr\/produit\/aae-kleber-primer-tape-fastset-gel-3-gramm\/","og_locale":"fr_FR","og_type":"article","og_title":"AAE KLEBER\/PRIMER &amp; KLEBEBAND FASTSET GEL 3 GRAM - Bogensportdiscount \u2013 B\u00f6gen, Pfeile, Targets &amp; Zubeh\u00f6r","og_description":"AAE KLEBER\/PRIMER &amp; KLEBEBAND FASTSET GEL 3 GRAM g\u00fcnstig kaufen bei Bogensportdiscount \u2013 Top-Marken, schneller Versand aus der Schweiz.","og_url":"https:\/\/bogensportdiscount.ch\/fr\/produit\/aae-kleber-primer-tape-fastset-gel-3-gramm\/","og_site_name":"Bogensportdiscount \u2013 B\u00f6gen, Pfeile, Targets &amp; Zubeh\u00f6r","article_modified_time":"2026-05-14T05:13:31+00:00","og_image":[{"width":1181,"height":1175,"url":"https:\/\/bogensportdiscount.ch\/wp-content\/uploads\/bsm-images\/A016194_1.jpg","type":"image\/jpeg"}],"twitter_card":"summary_large_image","twitter_misc":{"Dur\u00e9e de lecture estim\u00e9e":"1 minute"},"schema":{"@context":"https:\/\/schema.org","@graph":[{"@type":"WebPage","@id":"https:\/\/bogensportdiscount.ch\/produkt\/aae-kleber-primer-tape-fastset-gel-3-gramm\/","url":"https:\/\/bogensportdiscount.ch\/produkt\/aae-kleber-primer-tape-fastset-gel-3-gramm\/","name":"AAE KLEBER\/PRIMER &amp; KLEBEBAND FASTSET GEL 3 GRAM - Bogensportdiscount \u2013 B\u00f6gen, Pfeile, Targets &amp; Zubeh\u00f6r","isPartOf":{"@id":"https:\/\/bogensportdiscount.ch\/#website"},"primaryImageOfPage":{"@id":"https:\/\/bogensportdiscount.ch\/produkt\/aae-kleber-primer-tape-fastset-gel-3-gramm\/#primaryimage"},"image":{"@id":"https:\/\/bogensportdiscount.ch\/produkt\/aae-kleber-primer-tape-fastset-gel-3-gramm\/#primaryimage"},"thumbnailUrl":"https:\/\/bogensportdiscount.ch\/wp-content\/uploads\/bsm-images\/A016194_1.jpg","datePublished":"2026-04-05T12:23:47+00:00","dateModified":"2026-05-14T05:13:31+00:00","description":"AAE KLEBER\/PRIMER &amp; KLEBEBAND FASTSET GEL 3 GRAM g\u00fcnstig kaufen bei Bogensportdiscount \u2013 Top-Marken, schneller Versand aus der Schweiz.","breadcrumb":{"@id":"https:\/\/bogensportdiscount.ch\/produkt\/aae-kleber-primer-tape-fastset-gel-3-gramm\/#breadcrumb"},"inLanguage":"fr-FR","potentialAction":[{"@type":"ReadAction","target":["https:\/\/bogensportdiscount.ch\/produkt\/aae-kleber-primer-tape-fastset-gel-3-gramm\/"]}]},{"@type":"ImageObject","inLanguage":"fr-FR","@id":"https:\/\/bogensportdiscount.ch\/produkt\/aae-kleber-primer-tape-fastset-gel-3-gramm\/#primaryimage","url":"https:\/\/bogensportdiscount.ch\/wp-content\/uploads\/bsm-images\/A016194_1.jpg","contentUrl":"https:\/\/bogensportdiscount.ch\/wp-content\/uploads\/bsm-images\/A016194_1.jpg","width":1181,"height":1175},{"@type":"BreadcrumbList","@id":"https:\/\/bogensportdiscount.ch\/produkt\/aae-kleber-primer-tape-fastset-gel-3-gramm\/#breadcrumb","itemListElement":[{"@type":"ListItem","position":1,"name":"Home","item":"https:\/\/bogensportdiscount.ch\/"},{"@type":"ListItem","position":2,"name":"Shop","item":"https:\/\/bogensportdiscount.ch\/shop\/"},{"@type":"ListItem","position":3,"name":"AAE GLUE\/PRIMER &amp; TAPE FASTSET GEL 3 GRAM"}]},{"@type":"WebSite","@id":"https:\/\/bogensportdiscount.ch\/#website","url":"https:\/\/bogensportdiscount.ch\/","name":"Bogensportdiscount","description":"","potentialAction":[{"@type":"SearchAction","target":{"@type":"EntryPoint","urlTemplate":"https:\/\/bogensportdiscount.ch\/?s={search_term_string}"},"query-input":{"@type":"PropertyValueSpecification","valueRequired":true,"valueName":"search_term_string"}}],"inLanguage":"fr-FR"}]}},"_links":{"self":[{"href":"https:\/\/bogensportdiscount.ch\/fr\/wp-json\/wp\/v2\/product\/391744","targetHints":{"allow":["GET"]}}],"collection":[{"href":"https:\/\/bogensportdiscount.ch\/fr\/wp-json\/wp\/v2\/product"}],"about":[{"href":"https:\/\/bogensportdiscount.ch\/fr\/wp-json\/wp\/v2\/types\/product"}],"replies":[{"embeddable":true,"href":"https:\/\/bogensportdiscount.ch\/fr\/wp-json\/wp\/v2\/comments?post=391744"}],"wp:featuredmedia":[{"embeddable":true,"href":"https:\/\/bogensportdiscount.ch\/fr\/wp-json\/wp\/v2\/media\/442915"}],"wp:attachment":[{"href":"https:\/\/bogensportdiscount.ch\/fr\/wp-json\/wp\/v2\/media?parent=391744"}],"wp:term":[{"taxonomy":"product_brand","embeddable":true,"href":"https:\/\/bogensportdiscount.ch\/fr\/wp-json\/wp\/v2\/product_brand?post=391744"},{"taxonomy":"product_cat","embeddable":true,"href":"https:\/\/bogensportdiscount.ch\/fr\/wp-json\/wp\/v2\/product_cat?post=391744"},{"taxonomy":"product_tag","embeddable":true,"href":"https:\/\/bogensportdiscount.ch\/fr\/wp-json\/wp\/v2\/product_tag?post=391744"}],"curies":[{"name":"wp","href":"https:\/\/api.w.org\/{rel}","templated":true}]}}