{"id":391739,"date":"2026-04-05T14:23:46","date_gmt":"2026-04-05T12:23:46","guid":{"rendered":"https:\/\/bogensportdiscount.ch\/produkt\/bohning-iron-bonds-inserts-outserts-1-oz\/"},"modified":"2026-05-14T07:13:31","modified_gmt":"2026-05-14T05:13:31","slug":"bohning-iron-bonds-inserts-outserts-1-oz","status":"publish","type":"product","link":"https:\/\/bogensportdiscount.ch\/fr\/produit\/bohning-iron-bonds-inserts-outserts-1-oz\/","title":{"rendered":"BOHNING IRON BONDS INSERTS INSERTS EXT\u00c9RIEURS 1 OZ"},"content":{"rendered":"<p>BOHNING Iron Bonds est une colle haute performance sp\u00e9cialement d\u00e9velopp\u00e9e pour la montage d'inserts et d'outserts dans les tubes de fl\u00e8che. La colle assure une liaison fiable et durable entre le tube de fl\u00e8che et la fixation m\u00e9tallique pour la pointe de fl\u00e8che.<\/p>\n<p>Avec un volume de remplissage de 1 oz (env. 28 g), le flacon est adapt\u00e9 \u00e0 une utilisation r\u00e9guli\u00e8re en atelier ou en zone d'entra\u00eenement. Iron Bonds fait partie de la gamme \u00e9prouv\u00e9e de BOHNING, l'un des principaux fabricants dans le domaine des accessoires et de l'entretien des fl\u00e8ches.<\/p>\n<ul>\n<li>Sp\u00e9cialement con\u00e7ue pour les inserts et outserts<\/li>\n<li>Convient pour les tubes en carbone, en aluminium et en bois<\/li>\n<li>Contenance : 1 oz<\/li>\n<li>De BOHNING, un fabricant reconnu dans le sport de l'arc<\/li>\n<\/ul>","protected":false},"excerpt":{"rendered":"<table>\n<tr>\n<th>Propri\u00e9t\u00e9<\/th>\n<th>Valeur<\/th>\n<\/tr>\n<tr>\n<td>Marque<\/td>\n<td>Bohning<\/td>\n<\/tr>\n<tr>\n<td>Type<\/td>\n<td>Colle pour inserts<\/td>\n<\/tr>\n<tr>\n<td>Emballage<\/td>\n<td>Unit<\/td>\n<\/tr>\n<tr>\n<td>Pays d'origine<\/td>\n<td>USA<\/td>\n<\/tr>\n<\/table>","protected":false},"featured_media":442921,"comment_status":"open","ping_status":"closed","template":"","meta":[],"product_brand":[444],"product_cat":[4121,4140,4351],"product_tag":[3546],"class_list":{"0":"post-391739","1":"product","2":"type-product","3":"status-publish","4":"has-post-thumbnail","6":"product_brand-bohning","7":"product_cat-werkzeuge-training","8":"product_cat-pfeilbau","9":"product_cat-klebstoff-primer-klebeband","10":"product_tag-neuheit","11":"product_shipping_class-bsd-standard","13":"first","14":"instock","15":"shipping-taxable","16":"purchasable","17":"product-type-simple"},"yoast_head":"<!-- This site is optimized with the Yoast SEO plugin v27.6 - https:\/\/yoast.com\/product\/yoast-seo-wordpress\/ -->\n<title>BOHNING IRON BONDS EINS\u00c4TZE AUSSENEINS\u00c4TZE 1 OZ - Bogensportdiscount \u2013 B\u00f6gen, Pfeile, Targets &amp; Zubeh\u00f6r<\/title>\n<meta name=\"description\" content=\"BOHNING IRON BONDS EINS\u00c4TZE AUSSENEINS\u00c4TZE 1 OZ g\u00fcnstig kaufen bei Bogensportdiscount \u2013 Top-Marken, schneller Versand aus der Schweiz.\" \/>\n<meta name=\"robots\" content=\"index, follow, max-snippet:-1, max-image-preview:large, max-video-preview:-1\" \/>\n<link rel=\"canonical\" href=\"https:\/\/bogensportdiscount.ch\/fr\/produit\/bohning-iron-bonds-inserts-outserts-1-oz\/\" \/>\n<meta property=\"og:locale\" content=\"fr_FR\" \/>\n<meta property=\"og:type\" content=\"article\" \/>\n<meta property=\"og:title\" content=\"BOHNING IRON BONDS EINS\u00c4TZE AUSSENEINS\u00c4TZE 1 OZ - Bogensportdiscount \u2013 B\u00f6gen, Pfeile, Targets &amp; Zubeh\u00f6r\" \/>\n<meta property=\"og:description\" content=\"BOHNING IRON BONDS EINS\u00c4TZE AUSSENEINS\u00c4TZE 1 OZ g\u00fcnstig kaufen bei Bogensportdiscount \u2013 Top-Marken, schneller Versand aus der Schweiz.\" \/>\n<meta property=\"og:url\" content=\"https:\/\/bogensportdiscount.ch\/fr\/produit\/bohning-iron-bonds-inserts-outserts-1-oz\/\" \/>\n<meta property=\"og:site_name\" content=\"Bogensportdiscount \u2013 B\u00f6gen, Pfeile, Targets &amp; Zubeh\u00f6r\" \/>\n<meta property=\"article:modified_time\" content=\"2026-05-14T05:13:31+00:00\" \/>\n<meta property=\"og:image\" content=\"https:\/\/bogensportdiscount.ch\/wp-content\/uploads\/bsm-images\/A016180_1.jpg\" \/>\n\t<meta property=\"og:image:width\" content=\"748\" \/>\n\t<meta property=\"og:image:height\" content=\"1500\" \/>\n\t<meta property=\"og:image:type\" content=\"image\/jpeg\" \/>\n<meta name=\"twitter:card\" content=\"summary_large_image\" \/>\n<meta name=\"twitter:label1\" content=\"Dur\u00e9e de lecture estim\u00e9e\" \/>\n\t<meta name=\"twitter:data1\" content=\"1 minute\" \/>\n<script type=\"application\/ld+json\" class=\"yoast-schema-graph\">{\"@context\":\"https:\\\/\\\/schema.org\",\"@graph\":[{\"@type\":\"WebPage\",\"@id\":\"https:\\\/\\\/bogensportdiscount.ch\\\/produkt\\\/bohning-iron-bonds-inserts-outserts-1-oz\\\/\",\"url\":\"https:\\\/\\\/bogensportdiscount.ch\\\/produkt\\\/bohning-iron-bonds-inserts-outserts-1-oz\\\/\",\"name\":\"BOHNING IRON BONDS EINS\u00c4TZE AUSSENEINS\u00c4TZE 1 OZ - Bogensportdiscount \u2013 B\u00f6gen, Pfeile, Targets &amp; Zubeh\u00f6r\",\"isPartOf\":{\"@id\":\"https:\\\/\\\/bogensportdiscount.ch\\\/#website\"},\"primaryImageOfPage\":{\"@id\":\"https:\\\/\\\/bogensportdiscount.ch\\\/produkt\\\/bohning-iron-bonds-inserts-outserts-1-oz\\\/#primaryimage\"},\"image\":{\"@id\":\"https:\\\/\\\/bogensportdiscount.ch\\\/produkt\\\/bohning-iron-bonds-inserts-outserts-1-oz\\\/#primaryimage\"},\"thumbnailUrl\":\"https:\\\/\\\/bogensportdiscount.ch\\\/wp-content\\\/uploads\\\/bsm-images\\\/A016180_1.jpg\",\"datePublished\":\"2026-04-05T12:23:46+00:00\",\"dateModified\":\"2026-05-14T05:13:31+00:00\",\"description\":\"BOHNING IRON BONDS EINS\u00c4TZE AUSSENEINS\u00c4TZE 1 OZ g\u00fcnstig kaufen bei Bogensportdiscount \u2013 Top-Marken, schneller Versand aus der Schweiz.\",\"breadcrumb\":{\"@id\":\"https:\\\/\\\/bogensportdiscount.ch\\\/produkt\\\/bohning-iron-bonds-inserts-outserts-1-oz\\\/#breadcrumb\"},\"inLanguage\":\"fr-FR\",\"potentialAction\":[{\"@type\":\"ReadAction\",\"target\":[\"https:\\\/\\\/bogensportdiscount.ch\\\/produkt\\\/bohning-iron-bonds-inserts-outserts-1-oz\\\/\"]}]},{\"@type\":\"ImageObject\",\"inLanguage\":\"fr-FR\",\"@id\":\"https:\\\/\\\/bogensportdiscount.ch\\\/produkt\\\/bohning-iron-bonds-inserts-outserts-1-oz\\\/#primaryimage\",\"url\":\"https:\\\/\\\/bogensportdiscount.ch\\\/wp-content\\\/uploads\\\/bsm-images\\\/A016180_1.jpg\",\"contentUrl\":\"https:\\\/\\\/bogensportdiscount.ch\\\/wp-content\\\/uploads\\\/bsm-images\\\/A016180_1.jpg\",\"width\":748,\"height\":1500},{\"@type\":\"BreadcrumbList\",\"@id\":\"https:\\\/\\\/bogensportdiscount.ch\\\/produkt\\\/bohning-iron-bonds-inserts-outserts-1-oz\\\/#breadcrumb\",\"itemListElement\":[{\"@type\":\"ListItem\",\"position\":1,\"name\":\"Home\",\"item\":\"https:\\\/\\\/bogensportdiscount.ch\\\/\"},{\"@type\":\"ListItem\",\"position\":2,\"name\":\"Shop\",\"item\":\"https:\\\/\\\/bogensportdiscount.ch\\\/shop\\\/\"},{\"@type\":\"ListItem\",\"position\":3,\"name\":\"BOHNING IRON BONDS INSERTS OUTSERTS 1 OZ\"}]},{\"@type\":\"WebSite\",\"@id\":\"https:\\\/\\\/bogensportdiscount.ch\\\/#website\",\"url\":\"https:\\\/\\\/bogensportdiscount.ch\\\/\",\"name\":\"Bogensportdiscount\",\"description\":\"\",\"potentialAction\":[{\"@type\":\"SearchAction\",\"target\":{\"@type\":\"EntryPoint\",\"urlTemplate\":\"https:\\\/\\\/bogensportdiscount.ch\\\/?s={search_term_string}\"},\"query-input\":{\"@type\":\"PropertyValueSpecification\",\"valueRequired\":true,\"valueName\":\"search_term_string\"}}],\"inLanguage\":\"fr-FR\"}]}<\/script>\n<!-- \/ Yoast SEO plugin. -->","yoast_head_json":{"title":"BOHNING IRON BONDS EINS\u00c4TZE AUSSENEINS\u00c4TZE 1 OZ - Bogensportdiscount \u2013 B\u00f6gen, Pfeile, Targets &amp; Zubeh\u00f6r","description":"BOHNING IRON BONDS EINS\u00c4TZE AUSSENEINS\u00c4TZE 1 OZ g\u00fcnstig kaufen bei Bogensportdiscount \u2013 Top-Marken, schneller Versand aus der Schweiz.","robots":{"index":"index","follow":"follow","max-snippet":"max-snippet:-1","max-image-preview":"max-image-preview:large","max-video-preview":"max-video-preview:-1"},"canonical":"https:\/\/bogensportdiscount.ch\/fr\/produit\/bohning-iron-bonds-inserts-outserts-1-oz\/","og_locale":"fr_FR","og_type":"article","og_title":"BOHNING IRON BONDS EINS\u00c4TZE AUSSENEINS\u00c4TZE 1 OZ - Bogensportdiscount \u2013 B\u00f6gen, Pfeile, Targets &amp; Zubeh\u00f6r","og_description":"BOHNING IRON BONDS EINS\u00c4TZE AUSSENEINS\u00c4TZE 1 OZ g\u00fcnstig kaufen bei Bogensportdiscount \u2013 Top-Marken, schneller Versand aus der Schweiz.","og_url":"https:\/\/bogensportdiscount.ch\/fr\/produit\/bohning-iron-bonds-inserts-outserts-1-oz\/","og_site_name":"Bogensportdiscount \u2013 B\u00f6gen, Pfeile, Targets &amp; Zubeh\u00f6r","article_modified_time":"2026-05-14T05:13:31+00:00","og_image":[{"width":748,"height":1500,"url":"https:\/\/bogensportdiscount.ch\/wp-content\/uploads\/bsm-images\/A016180_1.jpg","type":"image\/jpeg"}],"twitter_card":"summary_large_image","twitter_misc":{"Dur\u00e9e de lecture estim\u00e9e":"1 minute"},"schema":{"@context":"https:\/\/schema.org","@graph":[{"@type":"WebPage","@id":"https:\/\/bogensportdiscount.ch\/produkt\/bohning-iron-bonds-inserts-outserts-1-oz\/","url":"https:\/\/bogensportdiscount.ch\/produkt\/bohning-iron-bonds-inserts-outserts-1-oz\/","name":"BOHNING IRON BONDS EINS\u00c4TZE AUSSENEINS\u00c4TZE 1 OZ - Bogensportdiscount \u2013 B\u00f6gen, Pfeile, Targets &amp; Zubeh\u00f6r","isPartOf":{"@id":"https:\/\/bogensportdiscount.ch\/#website"},"primaryImageOfPage":{"@id":"https:\/\/bogensportdiscount.ch\/produkt\/bohning-iron-bonds-inserts-outserts-1-oz\/#primaryimage"},"image":{"@id":"https:\/\/bogensportdiscount.ch\/produkt\/bohning-iron-bonds-inserts-outserts-1-oz\/#primaryimage"},"thumbnailUrl":"https:\/\/bogensportdiscount.ch\/wp-content\/uploads\/bsm-images\/A016180_1.jpg","datePublished":"2026-04-05T12:23:46+00:00","dateModified":"2026-05-14T05:13:31+00:00","description":"BOHNING IRON BONDS EINS\u00c4TZE AUSSENEINS\u00c4TZE 1 OZ g\u00fcnstig kaufen bei Bogensportdiscount \u2013 Top-Marken, schneller Versand aus der Schweiz.","breadcrumb":{"@id":"https:\/\/bogensportdiscount.ch\/produkt\/bohning-iron-bonds-inserts-outserts-1-oz\/#breadcrumb"},"inLanguage":"fr-FR","potentialAction":[{"@type":"ReadAction","target":["https:\/\/bogensportdiscount.ch\/produkt\/bohning-iron-bonds-inserts-outserts-1-oz\/"]}]},{"@type":"ImageObject","inLanguage":"fr-FR","@id":"https:\/\/bogensportdiscount.ch\/produkt\/bohning-iron-bonds-inserts-outserts-1-oz\/#primaryimage","url":"https:\/\/bogensportdiscount.ch\/wp-content\/uploads\/bsm-images\/A016180_1.jpg","contentUrl":"https:\/\/bogensportdiscount.ch\/wp-content\/uploads\/bsm-images\/A016180_1.jpg","width":748,"height":1500},{"@type":"BreadcrumbList","@id":"https:\/\/bogensportdiscount.ch\/produkt\/bohning-iron-bonds-inserts-outserts-1-oz\/#breadcrumb","itemListElement":[{"@type":"ListItem","position":1,"name":"Home","item":"https:\/\/bogensportdiscount.ch\/"},{"@type":"ListItem","position":2,"name":"Shop","item":"https:\/\/bogensportdiscount.ch\/shop\/"},{"@type":"ListItem","position":3,"name":"BOHNING IRON BONDS INSERTS OUTSERTS 1 OZ"}]},{"@type":"WebSite","@id":"https:\/\/bogensportdiscount.ch\/#website","url":"https:\/\/bogensportdiscount.ch\/","name":"Bogensportdiscount","description":"","potentialAction":[{"@type":"SearchAction","target":{"@type":"EntryPoint","urlTemplate":"https:\/\/bogensportdiscount.ch\/?s={search_term_string}"},"query-input":{"@type":"PropertyValueSpecification","valueRequired":true,"valueName":"search_term_string"}}],"inLanguage":"fr-FR"}]}},"_links":{"self":[{"href":"https:\/\/bogensportdiscount.ch\/fr\/wp-json\/wp\/v2\/product\/391739","targetHints":{"allow":["GET"]}}],"collection":[{"href":"https:\/\/bogensportdiscount.ch\/fr\/wp-json\/wp\/v2\/product"}],"about":[{"href":"https:\/\/bogensportdiscount.ch\/fr\/wp-json\/wp\/v2\/types\/product"}],"replies":[{"embeddable":true,"href":"https:\/\/bogensportdiscount.ch\/fr\/wp-json\/wp\/v2\/comments?post=391739"}],"wp:featuredmedia":[{"embeddable":true,"href":"https:\/\/bogensportdiscount.ch\/fr\/wp-json\/wp\/v2\/media\/442921"}],"wp:attachment":[{"href":"https:\/\/bogensportdiscount.ch\/fr\/wp-json\/wp\/v2\/media?parent=391739"}],"wp:term":[{"taxonomy":"product_brand","embeddable":true,"href":"https:\/\/bogensportdiscount.ch\/fr\/wp-json\/wp\/v2\/product_brand?post=391739"},{"taxonomy":"product_cat","embeddable":true,"href":"https:\/\/bogensportdiscount.ch\/fr\/wp-json\/wp\/v2\/product_cat?post=391739"},{"taxonomy":"product_tag","embeddable":true,"href":"https:\/\/bogensportdiscount.ch\/fr\/wp-json\/wp\/v2\/product_tag?post=391739"}],"curies":[{"name":"wp","href":"https:\/\/api.w.org\/{rel}","templated":true}]}}