{"id":391736,"date":"2026-04-05T14:23:46","date_gmt":"2026-04-05T12:23:46","guid":{"rendered":"https:\/\/bogensportdiscount.ch\/produkt\/saunders-glue-primer-tape-hot-melt-cement-for-points-24-pk\/"},"modified":"2026-05-14T07:13:31","modified_gmt":"2026-05-14T05:13:31","slug":"saunders-heisskkleber-primer-band-hot-melt-cement-spitzen-24er-pack","status":"publish","type":"product","link":"https:\/\/bogensportdiscount.ch\/fr\/produit\/saunders-heisskkleber-primer-band-hot-melt-cement-spitzen-24er-pack\/","title":{"rendered":"SAUNDERS COLLE\/APPR\u00caT &amp; RUBAN ADH\u00c9SIF CIMENT HOT MELT POUR POINTES 24\/PK"},"content":{"rendered":"<p>\/  SAUNDERS GLUE\/PRIMER &amp; TAPE HOT MELT CEMENT FOR POINTS 24\/PK<\/p>\n<p>Le Saunders Hot Melt Cement est sp\u00e9cialement con\u00e7u pour le montage et la fixation des pointes de fl\u00e8ches. Le produit combine colle thermofusible et primer en un kit et permet une liaison fiable entre la pointe et le tube de fl\u00e8che.<\/p>\n<ul>\n<li>Le primer inclus assure une base d'adh\u00e9rence optimale avant l'application de la colle thermofusible. Le ruban adh\u00e9sif fourni facilite le processus de montage. Le pack de 24 offre suffisamment de mat\u00e9riel pour l'entretien d'un grand nombre de fl\u00e8ches.<\/li>\n<li>Syst\u00e8me de colle thermofusible pour pointes de fl\u00e8ches<\/li>\n<li>Inclus primer pour une adh\u00e9rence optimale<\/li>\n<li>Avec ruban adh\u00e9sif pour le montage<\/li>\n<\/ul>","protected":false},"excerpt":{"rendered":"<table>\n<tr>\n<th>Propri\u00e9t\u00e9<\/th>\n<th>Valeur<\/th>\n<\/tr>\n<tr>\n<td>Marque<\/td>\n<td>Saunders<\/td>\n<\/tr>\n<tr>\n<td>Type<\/td>\n<td>Hot melt<\/td>\n<\/tr>\n<tr>\n<td>Emballage<\/td>\n<td>24\/Pk<\/td>\n<\/tr>\n<tr>\n<td>Pays d'origine<\/td>\n<td>USA<\/td>\n<\/tr>\n<\/table>","protected":false},"featured_media":442918,"comment_status":"open","ping_status":"closed","template":"","meta":[],"product_brand":[779],"product_cat":[4121,4140,4351],"product_tag":[3546],"class_list":{"0":"post-391736","1":"product","2":"type-product","3":"status-publish","4":"has-post-thumbnail","6":"product_brand-saunders","7":"product_cat-werkzeuge-training","8":"product_cat-pfeilbau","9":"product_cat-klebstoff-primer-klebeband","10":"product_tag-neuheit","11":"product_shipping_class-bsd-standard","13":"first","14":"instock","15":"shipping-taxable","16":"purchasable","17":"product-type-simple"},"yoast_head":"<!-- This site is optimized with the Yoast SEO plugin v27.6 - https:\/\/yoast.com\/product\/yoast-seo-wordpress\/ -->\n<title>SAUNDERS KLEBER\/PRIMER &amp; KLEBEBAND HOT MELT ZEMENT F\u00dcR SPITZEN 24\/PK - Bogensportdiscount \u2013 B\u00f6gen, Pfeile, Targets &amp; Zubeh\u00f6r<\/title>\n<meta name=\"description\" content=\"SAUNDERS KLEBER\/PRIMER &amp; KLEBEBAND HOT MELT ZEMENT F\u00dcR SPITZEN 24\/PK g\u00fcnstig kaufen bei Bogensportdiscount \u2013 Top-Marken, schneller Versand aus der Schweiz.\" \/>\n<meta name=\"robots\" content=\"index, follow, max-snippet:-1, max-image-preview:large, max-video-preview:-1\" \/>\n<link rel=\"canonical\" href=\"https:\/\/bogensportdiscount.ch\/fr\/produit\/saunders-heisskkleber-primer-band-hot-melt-cement-spitzen-24er-pack\/\" \/>\n<meta property=\"og:locale\" content=\"fr_FR\" \/>\n<meta property=\"og:type\" content=\"article\" \/>\n<meta property=\"og:title\" content=\"SAUNDERS KLEBER\/PRIMER &amp; KLEBEBAND HOT MELT ZEMENT F\u00dcR SPITZEN 24\/PK - Bogensportdiscount \u2013 B\u00f6gen, Pfeile, Targets &amp; Zubeh\u00f6r\" \/>\n<meta property=\"og:description\" content=\"SAUNDERS KLEBER\/PRIMER &amp; KLEBEBAND HOT MELT ZEMENT F\u00dcR SPITZEN 24\/PK g\u00fcnstig kaufen bei Bogensportdiscount \u2013 Top-Marken, schneller Versand aus der Schweiz.\" \/>\n<meta property=\"og:url\" content=\"https:\/\/bogensportdiscount.ch\/fr\/produit\/saunders-heisskkleber-primer-band-hot-melt-cement-spitzen-24er-pack\/\" \/>\n<meta property=\"og:site_name\" content=\"Bogensportdiscount \u2013 B\u00f6gen, Pfeile, Targets &amp; Zubeh\u00f6r\" \/>\n<meta property=\"article:modified_time\" content=\"2026-05-14T05:13:31+00:00\" \/>\n<meta property=\"og:image\" content=\"https:\/\/bogensportdiscount.ch\/wp-content\/uploads\/bsm-images\/A016177_1.png\" \/>\n\t<meta property=\"og:image:width\" content=\"1181\" \/>\n\t<meta property=\"og:image:height\" content=\"970\" \/>\n\t<meta property=\"og:image:type\" content=\"image\/png\" \/>\n<meta name=\"twitter:card\" content=\"summary_large_image\" \/>\n<script type=\"application\/ld+json\" class=\"yoast-schema-graph\">{\"@context\":\"https:\\\/\\\/schema.org\",\"@graph\":[{\"@type\":\"WebPage\",\"@id\":\"https:\\\/\\\/bogensportdiscount.ch\\\/produkt\\\/saunders-heisskkleber-primer-band-hot-melt-cement-spitzen-24er-pack\\\/\",\"url\":\"https:\\\/\\\/bogensportdiscount.ch\\\/produkt\\\/saunders-heisskkleber-primer-band-hot-melt-cement-spitzen-24er-pack\\\/\",\"name\":\"SAUNDERS KLEBER\\\/PRIMER &amp; KLEBEBAND HOT MELT ZEMENT F\u00dcR SPITZEN 24\\\/PK - Bogensportdiscount \u2013 B\u00f6gen, Pfeile, Targets &amp; Zubeh\u00f6r\",\"isPartOf\":{\"@id\":\"https:\\\/\\\/bogensportdiscount.ch\\\/#website\"},\"primaryImageOfPage\":{\"@id\":\"https:\\\/\\\/bogensportdiscount.ch\\\/produkt\\\/saunders-heisskkleber-primer-band-hot-melt-cement-spitzen-24er-pack\\\/#primaryimage\"},\"image\":{\"@id\":\"https:\\\/\\\/bogensportdiscount.ch\\\/produkt\\\/saunders-heisskkleber-primer-band-hot-melt-cement-spitzen-24er-pack\\\/#primaryimage\"},\"thumbnailUrl\":\"https:\\\/\\\/bogensportdiscount.ch\\\/wp-content\\\/uploads\\\/bsm-images\\\/A016177_1.png\",\"datePublished\":\"2026-04-05T12:23:46+00:00\",\"dateModified\":\"2026-05-14T05:13:31+00:00\",\"description\":\"SAUNDERS KLEBER\\\/PRIMER &amp; KLEBEBAND HOT MELT ZEMENT F\u00dcR SPITZEN 24\\\/PK g\u00fcnstig kaufen bei Bogensportdiscount \u2013 Top-Marken, schneller Versand aus der Schweiz.\",\"breadcrumb\":{\"@id\":\"https:\\\/\\\/bogensportdiscount.ch\\\/produkt\\\/saunders-heisskkleber-primer-band-hot-melt-cement-spitzen-24er-pack\\\/#breadcrumb\"},\"inLanguage\":\"fr-FR\",\"potentialAction\":[{\"@type\":\"ReadAction\",\"target\":[\"https:\\\/\\\/bogensportdiscount.ch\\\/produkt\\\/saunders-heisskkleber-primer-band-hot-melt-cement-spitzen-24er-pack\\\/\"]}]},{\"@type\":\"ImageObject\",\"inLanguage\":\"fr-FR\",\"@id\":\"https:\\\/\\\/bogensportdiscount.ch\\\/produkt\\\/saunders-heisskkleber-primer-band-hot-melt-cement-spitzen-24er-pack\\\/#primaryimage\",\"url\":\"https:\\\/\\\/bogensportdiscount.ch\\\/wp-content\\\/uploads\\\/bsm-images\\\/A016177_1.png\",\"contentUrl\":\"https:\\\/\\\/bogensportdiscount.ch\\\/wp-content\\\/uploads\\\/bsm-images\\\/A016177_1.png\",\"width\":1181,\"height\":970},{\"@type\":\"BreadcrumbList\",\"@id\":\"https:\\\/\\\/bogensportdiscount.ch\\\/produkt\\\/saunders-heisskkleber-primer-band-hot-melt-cement-spitzen-24er-pack\\\/#breadcrumb\",\"itemListElement\":[{\"@type\":\"ListItem\",\"position\":1,\"name\":\"Home\",\"item\":\"https:\\\/\\\/bogensportdiscount.ch\\\/\"},{\"@type\":\"ListItem\",\"position\":2,\"name\":\"Shop\",\"item\":\"https:\\\/\\\/bogensportdiscount.ch\\\/shop\\\/\"},{\"@type\":\"ListItem\",\"position\":3,\"name\":\"SAUNDERS GLUE\\\/PRIMER &amp; TAPE HOT MELT CEMENT FOR POINTS 24\\\/PK\"}]},{\"@type\":\"WebSite\",\"@id\":\"https:\\\/\\\/bogensportdiscount.ch\\\/#website\",\"url\":\"https:\\\/\\\/bogensportdiscount.ch\\\/\",\"name\":\"Bogensportdiscount\",\"description\":\"\",\"potentialAction\":[{\"@type\":\"SearchAction\",\"target\":{\"@type\":\"EntryPoint\",\"urlTemplate\":\"https:\\\/\\\/bogensportdiscount.ch\\\/?s={search_term_string}\"},\"query-input\":{\"@type\":\"PropertyValueSpecification\",\"valueRequired\":true,\"valueName\":\"search_term_string\"}}],\"inLanguage\":\"fr-FR\"}]}<\/script>\n<!-- \/ Yoast SEO plugin. -->","yoast_head_json":{"title":"SAUNDERS KLEBER\/PRIMER &amp; KLEBEBAND HOT MELT ZEMENT F\u00dcR SPITZEN 24\/PK - Bogensportdiscount \u2013 B\u00f6gen, Pfeile, Targets &amp; Zubeh\u00f6r","description":"SAUNDERS KLEBER\/PRIMER &amp; KLEBEBAND HOT MELT ZEMENT F\u00dcR SPITZEN 24\/PK g\u00fcnstig kaufen bei Bogensportdiscount \u2013 Top-Marken, schneller Versand aus der Schweiz.","robots":{"index":"index","follow":"follow","max-snippet":"max-snippet:-1","max-image-preview":"max-image-preview:large","max-video-preview":"max-video-preview:-1"},"canonical":"https:\/\/bogensportdiscount.ch\/fr\/produit\/saunders-heisskkleber-primer-band-hot-melt-cement-spitzen-24er-pack\/","og_locale":"fr_FR","og_type":"article","og_title":"SAUNDERS KLEBER\/PRIMER &amp; KLEBEBAND HOT MELT ZEMENT F\u00dcR SPITZEN 24\/PK - Bogensportdiscount \u2013 B\u00f6gen, Pfeile, Targets &amp; Zubeh\u00f6r","og_description":"SAUNDERS KLEBER\/PRIMER &amp; KLEBEBAND HOT MELT ZEMENT F\u00dcR SPITZEN 24\/PK g\u00fcnstig kaufen bei Bogensportdiscount \u2013 Top-Marken, schneller Versand aus der Schweiz.","og_url":"https:\/\/bogensportdiscount.ch\/fr\/produit\/saunders-heisskkleber-primer-band-hot-melt-cement-spitzen-24er-pack\/","og_site_name":"Bogensportdiscount \u2013 B\u00f6gen, Pfeile, Targets &amp; Zubeh\u00f6r","article_modified_time":"2026-05-14T05:13:31+00:00","og_image":[{"width":1181,"height":970,"url":"https:\/\/bogensportdiscount.ch\/wp-content\/uploads\/bsm-images\/A016177_1.png","type":"image\/png"}],"twitter_card":"summary_large_image","schema":{"@context":"https:\/\/schema.org","@graph":[{"@type":"WebPage","@id":"https:\/\/bogensportdiscount.ch\/produkt\/saunders-heisskkleber-primer-band-hot-melt-cement-spitzen-24er-pack\/","url":"https:\/\/bogensportdiscount.ch\/produkt\/saunders-heisskkleber-primer-band-hot-melt-cement-spitzen-24er-pack\/","name":"SAUNDERS KLEBER\/PRIMER &amp; KLEBEBAND HOT MELT ZEMENT F\u00dcR SPITZEN 24\/PK - Bogensportdiscount \u2013 B\u00f6gen, Pfeile, Targets &amp; Zubeh\u00f6r","isPartOf":{"@id":"https:\/\/bogensportdiscount.ch\/#website"},"primaryImageOfPage":{"@id":"https:\/\/bogensportdiscount.ch\/produkt\/saunders-heisskkleber-primer-band-hot-melt-cement-spitzen-24er-pack\/#primaryimage"},"image":{"@id":"https:\/\/bogensportdiscount.ch\/produkt\/saunders-heisskkleber-primer-band-hot-melt-cement-spitzen-24er-pack\/#primaryimage"},"thumbnailUrl":"https:\/\/bogensportdiscount.ch\/wp-content\/uploads\/bsm-images\/A016177_1.png","datePublished":"2026-04-05T12:23:46+00:00","dateModified":"2026-05-14T05:13:31+00:00","description":"SAUNDERS KLEBER\/PRIMER &amp; KLEBEBAND HOT MELT ZEMENT F\u00dcR SPITZEN 24\/PK g\u00fcnstig kaufen bei Bogensportdiscount \u2013 Top-Marken, schneller Versand aus der Schweiz.","breadcrumb":{"@id":"https:\/\/bogensportdiscount.ch\/produkt\/saunders-heisskkleber-primer-band-hot-melt-cement-spitzen-24er-pack\/#breadcrumb"},"inLanguage":"fr-FR","potentialAction":[{"@type":"ReadAction","target":["https:\/\/bogensportdiscount.ch\/produkt\/saunders-heisskkleber-primer-band-hot-melt-cement-spitzen-24er-pack\/"]}]},{"@type":"ImageObject","inLanguage":"fr-FR","@id":"https:\/\/bogensportdiscount.ch\/produkt\/saunders-heisskkleber-primer-band-hot-melt-cement-spitzen-24er-pack\/#primaryimage","url":"https:\/\/bogensportdiscount.ch\/wp-content\/uploads\/bsm-images\/A016177_1.png","contentUrl":"https:\/\/bogensportdiscount.ch\/wp-content\/uploads\/bsm-images\/A016177_1.png","width":1181,"height":970},{"@type":"BreadcrumbList","@id":"https:\/\/bogensportdiscount.ch\/produkt\/saunders-heisskkleber-primer-band-hot-melt-cement-spitzen-24er-pack\/#breadcrumb","itemListElement":[{"@type":"ListItem","position":1,"name":"Home","item":"https:\/\/bogensportdiscount.ch\/"},{"@type":"ListItem","position":2,"name":"Shop","item":"https:\/\/bogensportdiscount.ch\/shop\/"},{"@type":"ListItem","position":3,"name":"SAUNDERS GLUE\/PRIMER &amp; TAPE HOT MELT CEMENT FOR POINTS 24\/PK"}]},{"@type":"WebSite","@id":"https:\/\/bogensportdiscount.ch\/#website","url":"https:\/\/bogensportdiscount.ch\/","name":"Bogensportdiscount","description":"","potentialAction":[{"@type":"SearchAction","target":{"@type":"EntryPoint","urlTemplate":"https:\/\/bogensportdiscount.ch\/?s={search_term_string}"},"query-input":{"@type":"PropertyValueSpecification","valueRequired":true,"valueName":"search_term_string"}}],"inLanguage":"fr-FR"}]}},"_links":{"self":[{"href":"https:\/\/bogensportdiscount.ch\/fr\/wp-json\/wp\/v2\/product\/391736","targetHints":{"allow":["GET"]}}],"collection":[{"href":"https:\/\/bogensportdiscount.ch\/fr\/wp-json\/wp\/v2\/product"}],"about":[{"href":"https:\/\/bogensportdiscount.ch\/fr\/wp-json\/wp\/v2\/types\/product"}],"replies":[{"embeddable":true,"href":"https:\/\/bogensportdiscount.ch\/fr\/wp-json\/wp\/v2\/comments?post=391736"}],"wp:featuredmedia":[{"embeddable":true,"href":"https:\/\/bogensportdiscount.ch\/fr\/wp-json\/wp\/v2\/media\/442918"}],"wp:attachment":[{"href":"https:\/\/bogensportdiscount.ch\/fr\/wp-json\/wp\/v2\/media?parent=391736"}],"wp:term":[{"taxonomy":"product_brand","embeddable":true,"href":"https:\/\/bogensportdiscount.ch\/fr\/wp-json\/wp\/v2\/product_brand?post=391736"},{"taxonomy":"product_cat","embeddable":true,"href":"https:\/\/bogensportdiscount.ch\/fr\/wp-json\/wp\/v2\/product_cat?post=391736"},{"taxonomy":"product_tag","embeddable":true,"href":"https:\/\/bogensportdiscount.ch\/fr\/wp-json\/wp\/v2\/product_tag?post=391736"}],"curies":[{"name":"wp","href":"https:\/\/api.w.org\/{rel}","templated":true}]}}