{"id":391735,"date":"2026-04-05T14:23:46","date_gmt":"2026-04-05T12:23:46","guid":{"rendered":"https:\/\/bogensportdiscount.ch\/produkt\/saunders-glue-primer-tape-npv-1-oz-for-nocks-and-vanes-144-pk\/"},"modified":"2026-05-14T07:13:31","modified_gmt":"2026-05-14T05:13:31","slug":"saunders-kleber-primer-tape-npv-1oz-nocken-vanes-144er-pack","status":"publish","type":"product","link":"https:\/\/bogensportdiscount.ch\/fr\/produit\/saunders-kleber-primer-tape-npv-1oz-nocken-vanes-144er-pack\/","title":{"rendered":"SAUNDERS COLLE\/PRIMER &amp; RUBAN ADH\u00c9SIF NPV 1 OZ POUR ENCOCHES ET VANES 144\/PK"},"content":{"rendered":"<p>Le SAUNDERS NPV Colle\/Primer &amp; Tape est un produit de la cat\u00e9gorie outils et entretien pour fl\u00e8ches. Il s'agit d'un adh\u00e9sif avec primer, sp\u00e9cialement con\u00e7u pour la fixation des encoches (Nocks) et des empennages (Vanes) sur les fl\u00e8ches.<\/p>\n<p>Le produit est livr\u00e9 en pack de 144 unit\u00e9s de 1 oz et convient particuli\u00e8rement \u00e0 une utilisation r\u00e9guli\u00e8re dans la production ou la r\u00e9paration de fl\u00e8ches.<\/p>\n<ul>\n<li>Sp\u00e9cialement adapt\u00e9 aux encoches et vanes<\/li>\n<li>Contenant de 1 oz<\/li>\n<li>Pack avantageux de 144 unit\u00e9s<\/li>\n<li>De SAUNDERS, fabricant reconnu dans le domaine du tir \u00e0 l'arc<\/li>\n<\/ul>","protected":false},"excerpt":{"rendered":"<table>\n<tr>\n<th>Propri\u00e9t\u00e9<\/th>\n<th>Valeur<\/th>\n<\/tr>\n<tr>\n<td>Marque<\/td>\n<td>Saunders<\/td>\n<\/tr>\n<tr>\n<td>Type<\/td>\n<td>Fletching glue<\/td>\n<\/tr>\n<tr>\n<td>Emballage<\/td>\n<td>144\/Pk<\/td>\n<\/tr>\n<tr>\n<td>Pays d'origine<\/td>\n<td>USA<\/td>\n<\/tr>\n<\/table>","protected":false},"featured_media":442917,"comment_status":"open","ping_status":"closed","template":"","meta":[],"product_brand":[779],"product_cat":[4121,4140,4351],"product_tag":[3546],"class_list":{"0":"post-391735","1":"product","2":"type-product","3":"status-publish","4":"has-post-thumbnail","6":"product_brand-saunders","7":"product_cat-werkzeuge-training","8":"product_cat-pfeilbau","9":"product_cat-klebstoff-primer-klebeband","10":"product_tag-neuheit","11":"product_shipping_class-bsd-standard","13":"first","14":"instock","15":"shipping-taxable","16":"purchasable","17":"product-type-simple"},"yoast_head":"<!-- This site is optimized with the Yoast SEO plugin v27.6 - https:\/\/yoast.com\/product\/yoast-seo-wordpress\/ -->\n<title>SAUNDERS KLEBER\/PRIMER &amp; KLEBEBAND NPV 1 OZ F\u00dcR NOCKEN UND VANES 144\/PK - Bogensportdiscount \u2013 B\u00f6gen, Pfeile, Targets &amp; Zubeh\u00f6r<\/title>\n<meta name=\"description\" content=\"SAUNDERS KLEBER\/PRIMER &amp; KLEBEBAND NPV 1 OZ F\u00dcR NOCKEN UND VANES 144\/PK g\u00fcnstig kaufen bei Bogensportdiscount \u2013 Top-Marken, schneller Versand aus der Schweiz.\" \/>\n<meta name=\"robots\" content=\"index, follow, max-snippet:-1, max-image-preview:large, max-video-preview:-1\" \/>\n<link rel=\"canonical\" href=\"https:\/\/bogensportdiscount.ch\/fr\/produit\/saunders-kleber-primer-tape-npv-1oz-nocken-vanes-144er-pack\/\" \/>\n<meta property=\"og:locale\" content=\"fr_FR\" \/>\n<meta property=\"og:type\" content=\"article\" \/>\n<meta property=\"og:title\" content=\"SAUNDERS KLEBER\/PRIMER &amp; KLEBEBAND NPV 1 OZ F\u00dcR NOCKEN UND VANES 144\/PK - Bogensportdiscount \u2013 B\u00f6gen, Pfeile, Targets &amp; Zubeh\u00f6r\" \/>\n<meta property=\"og:description\" content=\"SAUNDERS KLEBER\/PRIMER &amp; KLEBEBAND NPV 1 OZ F\u00dcR NOCKEN UND VANES 144\/PK g\u00fcnstig kaufen bei Bogensportdiscount \u2013 Top-Marken, schneller Versand aus der Schweiz.\" \/>\n<meta property=\"og:url\" content=\"https:\/\/bogensportdiscount.ch\/fr\/produit\/saunders-kleber-primer-tape-npv-1oz-nocken-vanes-144er-pack\/\" \/>\n<meta property=\"og:site_name\" content=\"Bogensportdiscount \u2013 B\u00f6gen, Pfeile, Targets &amp; Zubeh\u00f6r\" \/>\n<meta property=\"article:modified_time\" content=\"2026-05-14T05:13:31+00:00\" \/>\n<meta property=\"og:image\" content=\"https:\/\/bogensportdiscount.ch\/wp-content\/uploads\/bsm-images\/A016175_1.png\" \/>\n\t<meta property=\"og:image:width\" content=\"1772\" \/>\n\t<meta property=\"og:image:height\" content=\"1181\" \/>\n\t<meta property=\"og:image:type\" content=\"image\/png\" \/>\n<meta name=\"twitter:card\" content=\"summary_large_image\" \/>\n<script type=\"application\/ld+json\" class=\"yoast-schema-graph\">{\"@context\":\"https:\\\/\\\/schema.org\",\"@graph\":[{\"@type\":\"WebPage\",\"@id\":\"https:\\\/\\\/bogensportdiscount.ch\\\/produkt\\\/saunders-kleber-primer-tape-npv-1oz-nocken-vanes-144er-pack\\\/\",\"url\":\"https:\\\/\\\/bogensportdiscount.ch\\\/produkt\\\/saunders-kleber-primer-tape-npv-1oz-nocken-vanes-144er-pack\\\/\",\"name\":\"SAUNDERS KLEBER\\\/PRIMER &amp; KLEBEBAND NPV 1 OZ F\u00dcR NOCKEN UND VANES 144\\\/PK - Bogensportdiscount \u2013 B\u00f6gen, Pfeile, Targets &amp; Zubeh\u00f6r\",\"isPartOf\":{\"@id\":\"https:\\\/\\\/bogensportdiscount.ch\\\/#website\"},\"primaryImageOfPage\":{\"@id\":\"https:\\\/\\\/bogensportdiscount.ch\\\/produkt\\\/saunders-kleber-primer-tape-npv-1oz-nocken-vanes-144er-pack\\\/#primaryimage\"},\"image\":{\"@id\":\"https:\\\/\\\/bogensportdiscount.ch\\\/produkt\\\/saunders-kleber-primer-tape-npv-1oz-nocken-vanes-144er-pack\\\/#primaryimage\"},\"thumbnailUrl\":\"https:\\\/\\\/bogensportdiscount.ch\\\/wp-content\\\/uploads\\\/bsm-images\\\/A016175_1.png\",\"datePublished\":\"2026-04-05T12:23:46+00:00\",\"dateModified\":\"2026-05-14T05:13:31+00:00\",\"description\":\"SAUNDERS KLEBER\\\/PRIMER &amp; KLEBEBAND NPV 1 OZ F\u00dcR NOCKEN UND VANES 144\\\/PK g\u00fcnstig kaufen bei Bogensportdiscount \u2013 Top-Marken, schneller Versand aus der Schweiz.\",\"breadcrumb\":{\"@id\":\"https:\\\/\\\/bogensportdiscount.ch\\\/produkt\\\/saunders-kleber-primer-tape-npv-1oz-nocken-vanes-144er-pack\\\/#breadcrumb\"},\"inLanguage\":\"fr-FR\",\"potentialAction\":[{\"@type\":\"ReadAction\",\"target\":[\"https:\\\/\\\/bogensportdiscount.ch\\\/produkt\\\/saunders-kleber-primer-tape-npv-1oz-nocken-vanes-144er-pack\\\/\"]}]},{\"@type\":\"ImageObject\",\"inLanguage\":\"fr-FR\",\"@id\":\"https:\\\/\\\/bogensportdiscount.ch\\\/produkt\\\/saunders-kleber-primer-tape-npv-1oz-nocken-vanes-144er-pack\\\/#primaryimage\",\"url\":\"https:\\\/\\\/bogensportdiscount.ch\\\/wp-content\\\/uploads\\\/bsm-images\\\/A016175_1.png\",\"contentUrl\":\"https:\\\/\\\/bogensportdiscount.ch\\\/wp-content\\\/uploads\\\/bsm-images\\\/A016175_1.png\",\"width\":1772,\"height\":1181},{\"@type\":\"BreadcrumbList\",\"@id\":\"https:\\\/\\\/bogensportdiscount.ch\\\/produkt\\\/saunders-kleber-primer-tape-npv-1oz-nocken-vanes-144er-pack\\\/#breadcrumb\",\"itemListElement\":[{\"@type\":\"ListItem\",\"position\":1,\"name\":\"Home\",\"item\":\"https:\\\/\\\/bogensportdiscount.ch\\\/\"},{\"@type\":\"ListItem\",\"position\":2,\"name\":\"Shop\",\"item\":\"https:\\\/\\\/bogensportdiscount.ch\\\/shop\\\/\"},{\"@type\":\"ListItem\",\"position\":3,\"name\":\"SAUNDERS GLUE\\\/PRIMER &amp; TAPE NPV 1 OZ FOR NOCKS AND VANES 144\\\/PK\"}]},{\"@type\":\"WebSite\",\"@id\":\"https:\\\/\\\/bogensportdiscount.ch\\\/#website\",\"url\":\"https:\\\/\\\/bogensportdiscount.ch\\\/\",\"name\":\"Bogensportdiscount\",\"description\":\"\",\"potentialAction\":[{\"@type\":\"SearchAction\",\"target\":{\"@type\":\"EntryPoint\",\"urlTemplate\":\"https:\\\/\\\/bogensportdiscount.ch\\\/?s={search_term_string}\"},\"query-input\":{\"@type\":\"PropertyValueSpecification\",\"valueRequired\":true,\"valueName\":\"search_term_string\"}}],\"inLanguage\":\"fr-FR\"}]}<\/script>\n<!-- \/ Yoast SEO plugin. -->","yoast_head_json":{"title":"SAUNDERS KLEBER\/PRIMER &amp; KLEBEBAND NPV 1 OZ F\u00dcR NOCKEN UND VANES 144\/PK - Bogensportdiscount \u2013 B\u00f6gen, Pfeile, Targets &amp; Zubeh\u00f6r","description":"SAUNDERS KLEBER\/PRIMER &amp; KLEBEBAND NPV 1 OZ F\u00dcR NOCKEN UND VANES 144\/PK g\u00fcnstig kaufen bei Bogensportdiscount \u2013 Top-Marken, schneller Versand aus der Schweiz.","robots":{"index":"index","follow":"follow","max-snippet":"max-snippet:-1","max-image-preview":"max-image-preview:large","max-video-preview":"max-video-preview:-1"},"canonical":"https:\/\/bogensportdiscount.ch\/fr\/produit\/saunders-kleber-primer-tape-npv-1oz-nocken-vanes-144er-pack\/","og_locale":"fr_FR","og_type":"article","og_title":"SAUNDERS KLEBER\/PRIMER &amp; KLEBEBAND NPV 1 OZ F\u00dcR NOCKEN UND VANES 144\/PK - Bogensportdiscount \u2013 B\u00f6gen, Pfeile, Targets &amp; Zubeh\u00f6r","og_description":"SAUNDERS KLEBER\/PRIMER &amp; KLEBEBAND NPV 1 OZ F\u00dcR NOCKEN UND VANES 144\/PK g\u00fcnstig kaufen bei Bogensportdiscount \u2013 Top-Marken, schneller Versand aus der Schweiz.","og_url":"https:\/\/bogensportdiscount.ch\/fr\/produit\/saunders-kleber-primer-tape-npv-1oz-nocken-vanes-144er-pack\/","og_site_name":"Bogensportdiscount \u2013 B\u00f6gen, Pfeile, Targets &amp; Zubeh\u00f6r","article_modified_time":"2026-05-14T05:13:31+00:00","og_image":[{"width":1772,"height":1181,"url":"https:\/\/bogensportdiscount.ch\/wp-content\/uploads\/bsm-images\/A016175_1.png","type":"image\/png"}],"twitter_card":"summary_large_image","schema":{"@context":"https:\/\/schema.org","@graph":[{"@type":"WebPage","@id":"https:\/\/bogensportdiscount.ch\/produkt\/saunders-kleber-primer-tape-npv-1oz-nocken-vanes-144er-pack\/","url":"https:\/\/bogensportdiscount.ch\/produkt\/saunders-kleber-primer-tape-npv-1oz-nocken-vanes-144er-pack\/","name":"SAUNDERS KLEBER\/PRIMER &amp; KLEBEBAND NPV 1 OZ F\u00dcR NOCKEN UND VANES 144\/PK - Bogensportdiscount \u2013 B\u00f6gen, Pfeile, Targets &amp; Zubeh\u00f6r","isPartOf":{"@id":"https:\/\/bogensportdiscount.ch\/#website"},"primaryImageOfPage":{"@id":"https:\/\/bogensportdiscount.ch\/produkt\/saunders-kleber-primer-tape-npv-1oz-nocken-vanes-144er-pack\/#primaryimage"},"image":{"@id":"https:\/\/bogensportdiscount.ch\/produkt\/saunders-kleber-primer-tape-npv-1oz-nocken-vanes-144er-pack\/#primaryimage"},"thumbnailUrl":"https:\/\/bogensportdiscount.ch\/wp-content\/uploads\/bsm-images\/A016175_1.png","datePublished":"2026-04-05T12:23:46+00:00","dateModified":"2026-05-14T05:13:31+00:00","description":"SAUNDERS KLEBER\/PRIMER &amp; KLEBEBAND NPV 1 OZ F\u00dcR NOCKEN UND VANES 144\/PK g\u00fcnstig kaufen bei Bogensportdiscount \u2013 Top-Marken, schneller Versand aus der Schweiz.","breadcrumb":{"@id":"https:\/\/bogensportdiscount.ch\/produkt\/saunders-kleber-primer-tape-npv-1oz-nocken-vanes-144er-pack\/#breadcrumb"},"inLanguage":"fr-FR","potentialAction":[{"@type":"ReadAction","target":["https:\/\/bogensportdiscount.ch\/produkt\/saunders-kleber-primer-tape-npv-1oz-nocken-vanes-144er-pack\/"]}]},{"@type":"ImageObject","inLanguage":"fr-FR","@id":"https:\/\/bogensportdiscount.ch\/produkt\/saunders-kleber-primer-tape-npv-1oz-nocken-vanes-144er-pack\/#primaryimage","url":"https:\/\/bogensportdiscount.ch\/wp-content\/uploads\/bsm-images\/A016175_1.png","contentUrl":"https:\/\/bogensportdiscount.ch\/wp-content\/uploads\/bsm-images\/A016175_1.png","width":1772,"height":1181},{"@type":"BreadcrumbList","@id":"https:\/\/bogensportdiscount.ch\/produkt\/saunders-kleber-primer-tape-npv-1oz-nocken-vanes-144er-pack\/#breadcrumb","itemListElement":[{"@type":"ListItem","position":1,"name":"Home","item":"https:\/\/bogensportdiscount.ch\/"},{"@type":"ListItem","position":2,"name":"Shop","item":"https:\/\/bogensportdiscount.ch\/shop\/"},{"@type":"ListItem","position":3,"name":"SAUNDERS GLUE\/PRIMER &amp; TAPE NPV 1 OZ FOR NOCKS AND VANES 144\/PK"}]},{"@type":"WebSite","@id":"https:\/\/bogensportdiscount.ch\/#website","url":"https:\/\/bogensportdiscount.ch\/","name":"Bogensportdiscount","description":"","potentialAction":[{"@type":"SearchAction","target":{"@type":"EntryPoint","urlTemplate":"https:\/\/bogensportdiscount.ch\/?s={search_term_string}"},"query-input":{"@type":"PropertyValueSpecification","valueRequired":true,"valueName":"search_term_string"}}],"inLanguage":"fr-FR"}]}},"_links":{"self":[{"href":"https:\/\/bogensportdiscount.ch\/fr\/wp-json\/wp\/v2\/product\/391735","targetHints":{"allow":["GET"]}}],"collection":[{"href":"https:\/\/bogensportdiscount.ch\/fr\/wp-json\/wp\/v2\/product"}],"about":[{"href":"https:\/\/bogensportdiscount.ch\/fr\/wp-json\/wp\/v2\/types\/product"}],"replies":[{"embeddable":true,"href":"https:\/\/bogensportdiscount.ch\/fr\/wp-json\/wp\/v2\/comments?post=391735"}],"wp:featuredmedia":[{"embeddable":true,"href":"https:\/\/bogensportdiscount.ch\/fr\/wp-json\/wp\/v2\/media\/442917"}],"wp:attachment":[{"href":"https:\/\/bogensportdiscount.ch\/fr\/wp-json\/wp\/v2\/media?parent=391735"}],"wp:term":[{"taxonomy":"product_brand","embeddable":true,"href":"https:\/\/bogensportdiscount.ch\/fr\/wp-json\/wp\/v2\/product_brand?post=391735"},{"taxonomy":"product_cat","embeddable":true,"href":"https:\/\/bogensportdiscount.ch\/fr\/wp-json\/wp\/v2\/product_cat?post=391735"},{"taxonomy":"product_tag","embeddable":true,"href":"https:\/\/bogensportdiscount.ch\/fr\/wp-json\/wp\/v2\/product_tag?post=391735"}],"curies":[{"name":"wp","href":"https:\/\/api.w.org\/{rel}","templated":true}]}}