{"id":391727,"date":"2026-04-05T14:23:44","date_gmt":"2026-04-05T12:23:44","guid":{"rendered":"https:\/\/bogensportdiscount.ch\/produkt\/spothogg-spot-hogg-index-finger-releases-the-keeton-nylon-w-buckle\/"},"modified":"2026-05-14T07:13:31","modified_gmt":"2026-05-14T05:13:31","slug":"spothogg-handgelenk-release-the-keeton-nylon-schnalle-zeigefinger","status":"publish","type":"product","link":"https:\/\/bogensportdiscount.ch\/fr\/produit\/spothogg-handgelenk-release-the-keeton-nylon-schnalle-zeigefinger\/","title":{"rendered":"SPOTHOGG SPOT-HOGG D\u00c9COCHEUR INDEX THE KEETON NYLON AVEC BOUCLE"},"content":{"rendered":"<p>Le SPOTHOGG The Keeton est un d\u00e9cocheur de poignet pour arcs \u00e0 poulies, \u00e9quip\u00e9 d'une sangle en nylon et d'une fermeture \u00e0 boucle pratique. L'utilisation s'effectue via l'index, ce qui permet un d\u00e9clenchement pr\u00e9cis et contr\u00f4l\u00e9.<\/p>\n<p>Les sangles en nylon sont durables, faciles \u00e0 nettoyer et s'adaptent bien au poignet. La boucle de fermeture assure une fixation simple et s\u00e9curis\u00e9e.<\/p>\n<ul>\n<li>M\u00e9canique de d\u00e9clenchement par index pour un tir contr\u00f4l\u00e9<\/li>\n<li>Sangle en nylon avec fermeture \u00e0 boucle<\/li>\n<li>Sensation de port confortable au poignet<\/li>\n<li>De SPOTHOGG \u2013 fabricant reconnu d'accessoires pour le tir \u00e0 l'arc<\/li>\n<\/ul>","protected":false},"excerpt":{"rendered":"<table>\n<tr>\n<th>Propri\u00e9t\u00e9<\/th>\n<th>Valeur<\/th>\n<\/tr>\n<tr>\n<td>Marque<\/td>\n<td>Spot-Hogg<\/td>\n<\/tr>\n<tr>\n<td>Type<\/td>\n<td>Buckle<\/td>\n<\/tr>\n<tr>\n<td>Couleur<\/td>\n<td>Noir<\/td>\n<\/tr>\n<tr>\n<td>Gr\u00f6\u00dfen<\/td>\n<td>L<\/td>\n<\/tr>\n<tr>\n<td>Pays d'origine<\/td>\n<td>USA<\/td>\n<\/tr>\n<\/table>","protected":false},"featured_media":442935,"comment_status":"open","ping_status":"closed","template":"","meta":[],"product_brand":[538],"product_cat":[4124,4208,4210],"product_tag":[3546],"class_list":{"0":"post-391727","1":"product","2":"type-product","3":"status-publish","4":"has-post-thumbnail","6":"product_brand-spothogg","7":"product_cat-bogenschuetzer-ausruestung","8":"product_cat-releases-bogenschuetzer-ausruestung","9":"product_cat-index-finger-releases","10":"product_tag-neuheit","11":"product_shipping_class-bsd-standard","13":"first","14":"instock","15":"shipping-taxable","16":"purchasable","17":"product-type-simple"},"yoast_head":"<!-- This site is optimized with the Yoast SEO plugin v27.6 - https:\/\/yoast.com\/product\/yoast-seo-wordpress\/ -->\n<title>SPOTHOGG SPOT-HOGG ZEIGEFINGER-RELEASE THE KEETON NYLON W\/ SCHNALLE - Bogensportdiscount \u2013 B\u00f6gen, Pfeile, Targets &amp; Zubeh\u00f6r<\/title>\n<meta name=\"description\" content=\"SPOTHOGG SPOT-HOGG ZEIGEFINGER-RELEASE THE KEETON NYLON W\/ SCHNALLE g\u00fcnstig kaufen bei Bogensportdiscount \u2013 Top-Marken, schneller Versand aus der Schweiz.\" \/>\n<meta name=\"robots\" content=\"index, follow, max-snippet:-1, max-image-preview:large, max-video-preview:-1\" \/>\n<link rel=\"canonical\" href=\"https:\/\/bogensportdiscount.ch\/fr\/produit\/spothogg-handgelenk-release-the-keeton-nylon-schnalle-zeigefinger\/\" \/>\n<meta property=\"og:locale\" content=\"fr_FR\" \/>\n<meta property=\"og:type\" content=\"article\" \/>\n<meta property=\"og:title\" content=\"SPOTHOGG SPOT-HOGG ZEIGEFINGER-RELEASE THE KEETON NYLON W\/ SCHNALLE - Bogensportdiscount \u2013 B\u00f6gen, Pfeile, Targets &amp; Zubeh\u00f6r\" \/>\n<meta property=\"og:description\" content=\"SPOTHOGG SPOT-HOGG ZEIGEFINGER-RELEASE THE KEETON NYLON W\/ SCHNALLE g\u00fcnstig kaufen bei Bogensportdiscount \u2013 Top-Marken, schneller Versand aus der Schweiz.\" \/>\n<meta property=\"og:url\" content=\"https:\/\/bogensportdiscount.ch\/fr\/produit\/spothogg-handgelenk-release-the-keeton-nylon-schnalle-zeigefinger\/\" \/>\n<meta property=\"og:site_name\" content=\"Bogensportdiscount \u2013 B\u00f6gen, Pfeile, Targets &amp; Zubeh\u00f6r\" \/>\n<meta property=\"article:modified_time\" content=\"2026-05-14T05:13:31+00:00\" \/>\n<meta property=\"og:image\" content=\"https:\/\/bogensportdiscount.ch\/wp-content\/uploads\/bsm-images\/A016030_1.png\" \/>\n\t<meta property=\"og:image:width\" content=\"1181\" \/>\n\t<meta property=\"og:image:height\" content=\"1772\" \/>\n\t<meta property=\"og:image:type\" content=\"image\/png\" \/>\n<meta name=\"twitter:card\" content=\"summary_large_image\" \/>\n<script type=\"application\/ld+json\" class=\"yoast-schema-graph\">{\"@context\":\"https:\\\/\\\/schema.org\",\"@graph\":[{\"@type\":\"WebPage\",\"@id\":\"https:\\\/\\\/bogensportdiscount.ch\\\/produkt\\\/spothogg-handgelenk-release-the-keeton-nylon-schnalle-zeigefinger\\\/\",\"url\":\"https:\\\/\\\/bogensportdiscount.ch\\\/produkt\\\/spothogg-handgelenk-release-the-keeton-nylon-schnalle-zeigefinger\\\/\",\"name\":\"SPOTHOGG SPOT-HOGG ZEIGEFINGER-RELEASE THE KEETON NYLON W\\\/ SCHNALLE - Bogensportdiscount \u2013 B\u00f6gen, Pfeile, Targets &amp; Zubeh\u00f6r\",\"isPartOf\":{\"@id\":\"https:\\\/\\\/bogensportdiscount.ch\\\/#website\"},\"primaryImageOfPage\":{\"@id\":\"https:\\\/\\\/bogensportdiscount.ch\\\/produkt\\\/spothogg-handgelenk-release-the-keeton-nylon-schnalle-zeigefinger\\\/#primaryimage\"},\"image\":{\"@id\":\"https:\\\/\\\/bogensportdiscount.ch\\\/produkt\\\/spothogg-handgelenk-release-the-keeton-nylon-schnalle-zeigefinger\\\/#primaryimage\"},\"thumbnailUrl\":\"https:\\\/\\\/bogensportdiscount.ch\\\/wp-content\\\/uploads\\\/bsm-images\\\/A016030_1.png\",\"datePublished\":\"2026-04-05T12:23:44+00:00\",\"dateModified\":\"2026-05-14T05:13:31+00:00\",\"description\":\"SPOTHOGG SPOT-HOGG ZEIGEFINGER-RELEASE THE KEETON NYLON W\\\/ SCHNALLE g\u00fcnstig kaufen bei Bogensportdiscount \u2013 Top-Marken, schneller Versand aus der Schweiz.\",\"breadcrumb\":{\"@id\":\"https:\\\/\\\/bogensportdiscount.ch\\\/produkt\\\/spothogg-handgelenk-release-the-keeton-nylon-schnalle-zeigefinger\\\/#breadcrumb\"},\"inLanguage\":\"fr-FR\",\"potentialAction\":[{\"@type\":\"ReadAction\",\"target\":[\"https:\\\/\\\/bogensportdiscount.ch\\\/produkt\\\/spothogg-handgelenk-release-the-keeton-nylon-schnalle-zeigefinger\\\/\"]}]},{\"@type\":\"ImageObject\",\"inLanguage\":\"fr-FR\",\"@id\":\"https:\\\/\\\/bogensportdiscount.ch\\\/produkt\\\/spothogg-handgelenk-release-the-keeton-nylon-schnalle-zeigefinger\\\/#primaryimage\",\"url\":\"https:\\\/\\\/bogensportdiscount.ch\\\/wp-content\\\/uploads\\\/bsm-images\\\/A016030_1.png\",\"contentUrl\":\"https:\\\/\\\/bogensportdiscount.ch\\\/wp-content\\\/uploads\\\/bsm-images\\\/A016030_1.png\",\"width\":1181,\"height\":1772},{\"@type\":\"BreadcrumbList\",\"@id\":\"https:\\\/\\\/bogensportdiscount.ch\\\/produkt\\\/spothogg-handgelenk-release-the-keeton-nylon-schnalle-zeigefinger\\\/#breadcrumb\",\"itemListElement\":[{\"@type\":\"ListItem\",\"position\":1,\"name\":\"Home\",\"item\":\"https:\\\/\\\/bogensportdiscount.ch\\\/\"},{\"@type\":\"ListItem\",\"position\":2,\"name\":\"Shop\",\"item\":\"https:\\\/\\\/bogensportdiscount.ch\\\/shop\\\/\"},{\"@type\":\"ListItem\",\"position\":3,\"name\":\"SPOTHOGG SPOT-HOGG INDEX FINGER RELEASES THE KEETON NYLON W\\\/ BUCKLE\"}]},{\"@type\":\"WebSite\",\"@id\":\"https:\\\/\\\/bogensportdiscount.ch\\\/#website\",\"url\":\"https:\\\/\\\/bogensportdiscount.ch\\\/\",\"name\":\"Bogensportdiscount\",\"description\":\"\",\"potentialAction\":[{\"@type\":\"SearchAction\",\"target\":{\"@type\":\"EntryPoint\",\"urlTemplate\":\"https:\\\/\\\/bogensportdiscount.ch\\\/?s={search_term_string}\"},\"query-input\":{\"@type\":\"PropertyValueSpecification\",\"valueRequired\":true,\"valueName\":\"search_term_string\"}}],\"inLanguage\":\"fr-FR\"}]}<\/script>\n<!-- \/ Yoast SEO plugin. -->","yoast_head_json":{"title":"SPOTHOGG SPOT-HOGG ZEIGEFINGER-RELEASE THE KEETON NYLON W\/ SCHNALLE - Bogensportdiscount \u2013 B\u00f6gen, Pfeile, Targets &amp; Zubeh\u00f6r","description":"SPOTHOGG SPOT-HOGG ZEIGEFINGER-RELEASE THE KEETON NYLON W\/ SCHNALLE g\u00fcnstig kaufen bei Bogensportdiscount \u2013 Top-Marken, schneller Versand aus der Schweiz.","robots":{"index":"index","follow":"follow","max-snippet":"max-snippet:-1","max-image-preview":"max-image-preview:large","max-video-preview":"max-video-preview:-1"},"canonical":"https:\/\/bogensportdiscount.ch\/fr\/produit\/spothogg-handgelenk-release-the-keeton-nylon-schnalle-zeigefinger\/","og_locale":"fr_FR","og_type":"article","og_title":"SPOTHOGG SPOT-HOGG ZEIGEFINGER-RELEASE THE KEETON NYLON W\/ SCHNALLE - Bogensportdiscount \u2013 B\u00f6gen, Pfeile, Targets &amp; Zubeh\u00f6r","og_description":"SPOTHOGG SPOT-HOGG ZEIGEFINGER-RELEASE THE KEETON NYLON W\/ SCHNALLE g\u00fcnstig kaufen bei Bogensportdiscount \u2013 Top-Marken, schneller Versand aus der Schweiz.","og_url":"https:\/\/bogensportdiscount.ch\/fr\/produit\/spothogg-handgelenk-release-the-keeton-nylon-schnalle-zeigefinger\/","og_site_name":"Bogensportdiscount \u2013 B\u00f6gen, Pfeile, Targets &amp; Zubeh\u00f6r","article_modified_time":"2026-05-14T05:13:31+00:00","og_image":[{"width":1181,"height":1772,"url":"https:\/\/bogensportdiscount.ch\/wp-content\/uploads\/bsm-images\/A016030_1.png","type":"image\/png"}],"twitter_card":"summary_large_image","schema":{"@context":"https:\/\/schema.org","@graph":[{"@type":"WebPage","@id":"https:\/\/bogensportdiscount.ch\/produkt\/spothogg-handgelenk-release-the-keeton-nylon-schnalle-zeigefinger\/","url":"https:\/\/bogensportdiscount.ch\/produkt\/spothogg-handgelenk-release-the-keeton-nylon-schnalle-zeigefinger\/","name":"SPOTHOGG SPOT-HOGG ZEIGEFINGER-RELEASE THE KEETON NYLON W\/ SCHNALLE - Bogensportdiscount \u2013 B\u00f6gen, Pfeile, Targets &amp; Zubeh\u00f6r","isPartOf":{"@id":"https:\/\/bogensportdiscount.ch\/#website"},"primaryImageOfPage":{"@id":"https:\/\/bogensportdiscount.ch\/produkt\/spothogg-handgelenk-release-the-keeton-nylon-schnalle-zeigefinger\/#primaryimage"},"image":{"@id":"https:\/\/bogensportdiscount.ch\/produkt\/spothogg-handgelenk-release-the-keeton-nylon-schnalle-zeigefinger\/#primaryimage"},"thumbnailUrl":"https:\/\/bogensportdiscount.ch\/wp-content\/uploads\/bsm-images\/A016030_1.png","datePublished":"2026-04-05T12:23:44+00:00","dateModified":"2026-05-14T05:13:31+00:00","description":"SPOTHOGG SPOT-HOGG ZEIGEFINGER-RELEASE THE KEETON NYLON W\/ SCHNALLE g\u00fcnstig kaufen bei Bogensportdiscount \u2013 Top-Marken, schneller Versand aus der Schweiz.","breadcrumb":{"@id":"https:\/\/bogensportdiscount.ch\/produkt\/spothogg-handgelenk-release-the-keeton-nylon-schnalle-zeigefinger\/#breadcrumb"},"inLanguage":"fr-FR","potentialAction":[{"@type":"ReadAction","target":["https:\/\/bogensportdiscount.ch\/produkt\/spothogg-handgelenk-release-the-keeton-nylon-schnalle-zeigefinger\/"]}]},{"@type":"ImageObject","inLanguage":"fr-FR","@id":"https:\/\/bogensportdiscount.ch\/produkt\/spothogg-handgelenk-release-the-keeton-nylon-schnalle-zeigefinger\/#primaryimage","url":"https:\/\/bogensportdiscount.ch\/wp-content\/uploads\/bsm-images\/A016030_1.png","contentUrl":"https:\/\/bogensportdiscount.ch\/wp-content\/uploads\/bsm-images\/A016030_1.png","width":1181,"height":1772},{"@type":"BreadcrumbList","@id":"https:\/\/bogensportdiscount.ch\/produkt\/spothogg-handgelenk-release-the-keeton-nylon-schnalle-zeigefinger\/#breadcrumb","itemListElement":[{"@type":"ListItem","position":1,"name":"Home","item":"https:\/\/bogensportdiscount.ch\/"},{"@type":"ListItem","position":2,"name":"Shop","item":"https:\/\/bogensportdiscount.ch\/shop\/"},{"@type":"ListItem","position":3,"name":"SPOTHOGG SPOT-HOGG INDEX FINGER RELEASES THE KEETON NYLON W\/ BUCKLE"}]},{"@type":"WebSite","@id":"https:\/\/bogensportdiscount.ch\/#website","url":"https:\/\/bogensportdiscount.ch\/","name":"Bogensportdiscount","description":"","potentialAction":[{"@type":"SearchAction","target":{"@type":"EntryPoint","urlTemplate":"https:\/\/bogensportdiscount.ch\/?s={search_term_string}"},"query-input":{"@type":"PropertyValueSpecification","valueRequired":true,"valueName":"search_term_string"}}],"inLanguage":"fr-FR"}]}},"_links":{"self":[{"href":"https:\/\/bogensportdiscount.ch\/fr\/wp-json\/wp\/v2\/product\/391727","targetHints":{"allow":["GET"]}}],"collection":[{"href":"https:\/\/bogensportdiscount.ch\/fr\/wp-json\/wp\/v2\/product"}],"about":[{"href":"https:\/\/bogensportdiscount.ch\/fr\/wp-json\/wp\/v2\/types\/product"}],"replies":[{"embeddable":true,"href":"https:\/\/bogensportdiscount.ch\/fr\/wp-json\/wp\/v2\/comments?post=391727"}],"wp:featuredmedia":[{"embeddable":true,"href":"https:\/\/bogensportdiscount.ch\/fr\/wp-json\/wp\/v2\/media\/442935"}],"wp:attachment":[{"href":"https:\/\/bogensportdiscount.ch\/fr\/wp-json\/wp\/v2\/media?parent=391727"}],"wp:term":[{"taxonomy":"product_brand","embeddable":true,"href":"https:\/\/bogensportdiscount.ch\/fr\/wp-json\/wp\/v2\/product_brand?post=391727"},{"taxonomy":"product_cat","embeddable":true,"href":"https:\/\/bogensportdiscount.ch\/fr\/wp-json\/wp\/v2\/product_cat?post=391727"},{"taxonomy":"product_tag","embeddable":true,"href":"https:\/\/bogensportdiscount.ch\/fr\/wp-json\/wp\/v2\/product_tag?post=391727"}],"curies":[{"name":"wp","href":"https:\/\/api.w.org\/{rel}","templated":true}]}}