{"id":391724,"date":"2026-04-05T14:23:44","date_gmt":"2026-04-05T12:23:44","guid":{"rendered":"https:\/\/bogensportdiscount.ch\/produkt\/b3archery-index-finger-releases-king-swivel-stem-buckle-strap-black\/"},"modified":"2026-05-14T07:13:31","modified_gmt":"2026-05-14T05:13:31","slug":"b3archery-handgelenk-release-king-swivel-stem-schnallenband-schwarz","status":"publish","type":"product","link":"https:\/\/bogensportdiscount.ch\/fr\/produit\/b3archery-handgelenk-release-king-swivel-stem-schnallenband-schwarz\/","title":{"rendered":"B3ARCHERY D\u00c9COCHEUR \u00c0 INDEX KING SWIVEL STEM &#8211; BUCKLE STRAP NOIR"},"content":{"rendered":"<p>Le B3ARCHERY King Swivel Stem est un d\u00e9cocheur de poignet avec d\u00e9clenchement par index, con\u00e7u pour les archers pratiquant l'arc \u00e0 poulies. La tige pivotante (Swivel Stem) permet une orientation flexible du crochet et r\u00e9duit les mouvements de rotation ind\u00e9sirables lors du tirage et du d\u00e9clenchement.<\/p>\n<p>La sangle \u00e0 boucle en noir assure une fixation s\u00e9curis\u00e9e et facilement ajustable au poignet. La combinaison de la fermeture \u00e0 boucle et de la tige pivotante fait de ce d\u00e9cocheur un choix solide pour l'entra\u00eenement et la comp\u00e9tition.<\/p>\n<ul>\n<li>D\u00e9clenchement par index pour une sensation de tir directe<\/li>\n<li>Tige pivotante (Swivel Stem) pour une orientation flexible du crochet<\/li>\n<li>Sangle \u00e0 boucle pour une fixation s\u00e9curis\u00e9e et rapide<\/li>\n<li>Couleur : Noir<\/li>\n<\/ul>","protected":false},"excerpt":{"rendered":"<table>\n<tr>\n<th>Propri\u00e9t\u00e9<\/th>\n<th>Valeur<\/th>\n<\/tr>\n<tr>\n<td>Marque<\/td>\n<td>B3 Archery<\/td>\n<\/tr>\n<tr>\n<td>Type<\/td>\n<td>Buckle<\/td>\n<\/tr>\n<tr>\n<td>Couleur<\/td>\n<td>Noir<\/td>\n<\/tr>\n<tr>\n<td>Pays d'origine<\/td>\n<td>USA<\/td>\n<\/tr>\n<tr>\n<td>GTIN<\/td>\n<td>850001576031<\/td>\n<\/tr>\n<\/table>","protected":false},"featured_media":442932,"comment_status":"open","ping_status":"closed","template":"","meta":[],"product_brand":[629],"product_cat":[4124,4208,4210],"product_tag":[3546],"class_list":{"0":"post-391724","1":"product","2":"type-product","3":"status-publish","4":"has-post-thumbnail","6":"product_brand-b3archery","7":"product_cat-bogenschuetzer-ausruestung","8":"product_cat-releases-bogenschuetzer-ausruestung","9":"product_cat-index-finger-releases","10":"product_tag-neuheit","11":"product_shipping_class-bsd-standard","13":"first","14":"instock","15":"shipping-taxable","16":"purchasable","17":"product-type-simple"},"yoast_head":"<!-- This site is optimized with the Yoast SEO plugin v27.6 - https:\/\/yoast.com\/product\/yoast-seo-wordpress\/ -->\n<title>B3ARCHERY ZEIGEFINGER-RELEASE KING SWIVEL STEM - BUCKLE STRAP SCHWARZ - Bogensportdiscount \u2013 B\u00f6gen, Pfeile, Targets &amp; Zubeh\u00f6r<\/title>\n<meta name=\"description\" content=\"B3ARCHERY ZEIGEFINGER-RELEASE KING SWIVEL STEM - BUCKLE STRAP SCHWARZ g\u00fcnstig kaufen bei Bogensportdiscount \u2013 Top-Marken, schneller Versand aus der Schweiz.\" \/>\n<meta name=\"robots\" content=\"index, follow, max-snippet:-1, max-image-preview:large, max-video-preview:-1\" \/>\n<link rel=\"canonical\" href=\"https:\/\/bogensportdiscount.ch\/fr\/produit\/b3archery-handgelenk-release-king-swivel-stem-schnallenband-schwarz\/\" \/>\n<meta property=\"og:locale\" content=\"fr_FR\" \/>\n<meta property=\"og:type\" content=\"article\" \/>\n<meta property=\"og:title\" content=\"B3ARCHERY ZEIGEFINGER-RELEASE KING SWIVEL STEM - BUCKLE STRAP SCHWARZ - Bogensportdiscount \u2013 B\u00f6gen, Pfeile, Targets &amp; Zubeh\u00f6r\" \/>\n<meta property=\"og:description\" content=\"B3ARCHERY ZEIGEFINGER-RELEASE KING SWIVEL STEM - BUCKLE STRAP SCHWARZ g\u00fcnstig kaufen bei Bogensportdiscount \u2013 Top-Marken, schneller Versand aus der Schweiz.\" \/>\n<meta property=\"og:url\" content=\"https:\/\/bogensportdiscount.ch\/fr\/produit\/b3archery-handgelenk-release-king-swivel-stem-schnallenband-schwarz\/\" \/>\n<meta property=\"og:site_name\" content=\"Bogensportdiscount \u2013 B\u00f6gen, Pfeile, Targets &amp; Zubeh\u00f6r\" \/>\n<meta property=\"article:modified_time\" content=\"2026-05-14T05:13:31+00:00\" \/>\n<meta property=\"og:image\" content=\"https:\/\/bogensportdiscount.ch\/wp-content\/uploads\/bsm-images\/A016021_1.png\" \/>\n\t<meta property=\"og:image:width\" content=\"1872\" \/>\n\t<meta property=\"og:image:height\" content=\"2552\" \/>\n\t<meta property=\"og:image:type\" content=\"image\/png\" \/>\n<meta name=\"twitter:card\" content=\"summary_large_image\" \/>\n<script type=\"application\/ld+json\" class=\"yoast-schema-graph\">{\"@context\":\"https:\\\/\\\/schema.org\",\"@graph\":[{\"@type\":\"WebPage\",\"@id\":\"https:\\\/\\\/bogensportdiscount.ch\\\/produkt\\\/b3archery-handgelenk-release-king-swivel-stem-schnallenband-schwarz\\\/\",\"url\":\"https:\\\/\\\/bogensportdiscount.ch\\\/produkt\\\/b3archery-handgelenk-release-king-swivel-stem-schnallenband-schwarz\\\/\",\"name\":\"B3ARCHERY ZEIGEFINGER-RELEASE KING SWIVEL STEM - BUCKLE STRAP SCHWARZ - Bogensportdiscount \u2013 B\u00f6gen, Pfeile, Targets &amp; Zubeh\u00f6r\",\"isPartOf\":{\"@id\":\"https:\\\/\\\/bogensportdiscount.ch\\\/#website\"},\"primaryImageOfPage\":{\"@id\":\"https:\\\/\\\/bogensportdiscount.ch\\\/produkt\\\/b3archery-handgelenk-release-king-swivel-stem-schnallenband-schwarz\\\/#primaryimage\"},\"image\":{\"@id\":\"https:\\\/\\\/bogensportdiscount.ch\\\/produkt\\\/b3archery-handgelenk-release-king-swivel-stem-schnallenband-schwarz\\\/#primaryimage\"},\"thumbnailUrl\":\"https:\\\/\\\/bogensportdiscount.ch\\\/wp-content\\\/uploads\\\/bsm-images\\\/A016021_1.png\",\"datePublished\":\"2026-04-05T12:23:44+00:00\",\"dateModified\":\"2026-05-14T05:13:31+00:00\",\"description\":\"B3ARCHERY ZEIGEFINGER-RELEASE KING SWIVEL STEM - BUCKLE STRAP SCHWARZ g\u00fcnstig kaufen bei Bogensportdiscount \u2013 Top-Marken, schneller Versand aus der Schweiz.\",\"breadcrumb\":{\"@id\":\"https:\\\/\\\/bogensportdiscount.ch\\\/produkt\\\/b3archery-handgelenk-release-king-swivel-stem-schnallenband-schwarz\\\/#breadcrumb\"},\"inLanguage\":\"fr-FR\",\"potentialAction\":[{\"@type\":\"ReadAction\",\"target\":[\"https:\\\/\\\/bogensportdiscount.ch\\\/produkt\\\/b3archery-handgelenk-release-king-swivel-stem-schnallenband-schwarz\\\/\"]}]},{\"@type\":\"ImageObject\",\"inLanguage\":\"fr-FR\",\"@id\":\"https:\\\/\\\/bogensportdiscount.ch\\\/produkt\\\/b3archery-handgelenk-release-king-swivel-stem-schnallenband-schwarz\\\/#primaryimage\",\"url\":\"https:\\\/\\\/bogensportdiscount.ch\\\/wp-content\\\/uploads\\\/bsm-images\\\/A016021_1.png\",\"contentUrl\":\"https:\\\/\\\/bogensportdiscount.ch\\\/wp-content\\\/uploads\\\/bsm-images\\\/A016021_1.png\",\"width\":1872,\"height\":2552},{\"@type\":\"BreadcrumbList\",\"@id\":\"https:\\\/\\\/bogensportdiscount.ch\\\/produkt\\\/b3archery-handgelenk-release-king-swivel-stem-schnallenband-schwarz\\\/#breadcrumb\",\"itemListElement\":[{\"@type\":\"ListItem\",\"position\":1,\"name\":\"Home\",\"item\":\"https:\\\/\\\/bogensportdiscount.ch\\\/\"},{\"@type\":\"ListItem\",\"position\":2,\"name\":\"Shop\",\"item\":\"https:\\\/\\\/bogensportdiscount.ch\\\/shop\\\/\"},{\"@type\":\"ListItem\",\"position\":3,\"name\":\"B3ARCHERY INDEX FINGER RELEASES KING SWIVEL STEM &#8211; BUCKLE STRAP BLACK\"}]},{\"@type\":\"WebSite\",\"@id\":\"https:\\\/\\\/bogensportdiscount.ch\\\/#website\",\"url\":\"https:\\\/\\\/bogensportdiscount.ch\\\/\",\"name\":\"Bogensportdiscount\",\"description\":\"\",\"potentialAction\":[{\"@type\":\"SearchAction\",\"target\":{\"@type\":\"EntryPoint\",\"urlTemplate\":\"https:\\\/\\\/bogensportdiscount.ch\\\/?s={search_term_string}\"},\"query-input\":{\"@type\":\"PropertyValueSpecification\",\"valueRequired\":true,\"valueName\":\"search_term_string\"}}],\"inLanguage\":\"fr-FR\"}]}<\/script>\n<!-- \/ Yoast SEO plugin. -->","yoast_head_json":{"title":"B3ARCHERY ZEIGEFINGER-RELEASE KING SWIVEL STEM - BUCKLE STRAP SCHWARZ - Bogensportdiscount \u2013 B\u00f6gen, Pfeile, Targets &amp; Zubeh\u00f6r","description":"B3ARCHERY ZEIGEFINGER-RELEASE KING SWIVEL STEM - BUCKLE STRAP SCHWARZ g\u00fcnstig kaufen bei Bogensportdiscount \u2013 Top-Marken, schneller Versand aus der Schweiz.","robots":{"index":"index","follow":"follow","max-snippet":"max-snippet:-1","max-image-preview":"max-image-preview:large","max-video-preview":"max-video-preview:-1"},"canonical":"https:\/\/bogensportdiscount.ch\/fr\/produit\/b3archery-handgelenk-release-king-swivel-stem-schnallenband-schwarz\/","og_locale":"fr_FR","og_type":"article","og_title":"B3ARCHERY ZEIGEFINGER-RELEASE KING SWIVEL STEM - BUCKLE STRAP SCHWARZ - Bogensportdiscount \u2013 B\u00f6gen, Pfeile, Targets &amp; Zubeh\u00f6r","og_description":"B3ARCHERY ZEIGEFINGER-RELEASE KING SWIVEL STEM - BUCKLE STRAP SCHWARZ g\u00fcnstig kaufen bei Bogensportdiscount \u2013 Top-Marken, schneller Versand aus der Schweiz.","og_url":"https:\/\/bogensportdiscount.ch\/fr\/produit\/b3archery-handgelenk-release-king-swivel-stem-schnallenband-schwarz\/","og_site_name":"Bogensportdiscount \u2013 B\u00f6gen, Pfeile, Targets &amp; Zubeh\u00f6r","article_modified_time":"2026-05-14T05:13:31+00:00","og_image":[{"url":"https:\/\/bogensportdiscount.ch\/wp-content\/uploads\/bsm-images\/A016021_1.png","width":1872,"height":2552,"type":"image\/png"}],"twitter_card":"summary_large_image","schema":{"@context":"https:\/\/schema.org","@graph":[{"@type":"WebPage","@id":"https:\/\/bogensportdiscount.ch\/produkt\/b3archery-handgelenk-release-king-swivel-stem-schnallenband-schwarz\/","url":"https:\/\/bogensportdiscount.ch\/produkt\/b3archery-handgelenk-release-king-swivel-stem-schnallenband-schwarz\/","name":"B3ARCHERY ZEIGEFINGER-RELEASE KING SWIVEL STEM - BUCKLE STRAP SCHWARZ - Bogensportdiscount \u2013 B\u00f6gen, Pfeile, Targets &amp; Zubeh\u00f6r","isPartOf":{"@id":"https:\/\/bogensportdiscount.ch\/#website"},"primaryImageOfPage":{"@id":"https:\/\/bogensportdiscount.ch\/produkt\/b3archery-handgelenk-release-king-swivel-stem-schnallenband-schwarz\/#primaryimage"},"image":{"@id":"https:\/\/bogensportdiscount.ch\/produkt\/b3archery-handgelenk-release-king-swivel-stem-schnallenband-schwarz\/#primaryimage"},"thumbnailUrl":"https:\/\/bogensportdiscount.ch\/wp-content\/uploads\/bsm-images\/A016021_1.png","datePublished":"2026-04-05T12:23:44+00:00","dateModified":"2026-05-14T05:13:31+00:00","description":"B3ARCHERY ZEIGEFINGER-RELEASE KING SWIVEL STEM - BUCKLE STRAP SCHWARZ g\u00fcnstig kaufen bei Bogensportdiscount \u2013 Top-Marken, schneller Versand aus der Schweiz.","breadcrumb":{"@id":"https:\/\/bogensportdiscount.ch\/produkt\/b3archery-handgelenk-release-king-swivel-stem-schnallenband-schwarz\/#breadcrumb"},"inLanguage":"fr-FR","potentialAction":[{"@type":"ReadAction","target":["https:\/\/bogensportdiscount.ch\/produkt\/b3archery-handgelenk-release-king-swivel-stem-schnallenband-schwarz\/"]}]},{"@type":"ImageObject","inLanguage":"fr-FR","@id":"https:\/\/bogensportdiscount.ch\/produkt\/b3archery-handgelenk-release-king-swivel-stem-schnallenband-schwarz\/#primaryimage","url":"https:\/\/bogensportdiscount.ch\/wp-content\/uploads\/bsm-images\/A016021_1.png","contentUrl":"https:\/\/bogensportdiscount.ch\/wp-content\/uploads\/bsm-images\/A016021_1.png","width":1872,"height":2552},{"@type":"BreadcrumbList","@id":"https:\/\/bogensportdiscount.ch\/produkt\/b3archery-handgelenk-release-king-swivel-stem-schnallenband-schwarz\/#breadcrumb","itemListElement":[{"@type":"ListItem","position":1,"name":"Home","item":"https:\/\/bogensportdiscount.ch\/"},{"@type":"ListItem","position":2,"name":"Shop","item":"https:\/\/bogensportdiscount.ch\/shop\/"},{"@type":"ListItem","position":3,"name":"B3ARCHERY INDEX FINGER RELEASES KING SWIVEL STEM &#8211; BUCKLE STRAP BLACK"}]},{"@type":"WebSite","@id":"https:\/\/bogensportdiscount.ch\/#website","url":"https:\/\/bogensportdiscount.ch\/","name":"Bogensportdiscount","description":"","potentialAction":[{"@type":"SearchAction","target":{"@type":"EntryPoint","urlTemplate":"https:\/\/bogensportdiscount.ch\/?s={search_term_string}"},"query-input":{"@type":"PropertyValueSpecification","valueRequired":true,"valueName":"search_term_string"}}],"inLanguage":"fr-FR"}]}},"_links":{"self":[{"href":"https:\/\/bogensportdiscount.ch\/fr\/wp-json\/wp\/v2\/product\/391724","targetHints":{"allow":["GET"]}}],"collection":[{"href":"https:\/\/bogensportdiscount.ch\/fr\/wp-json\/wp\/v2\/product"}],"about":[{"href":"https:\/\/bogensportdiscount.ch\/fr\/wp-json\/wp\/v2\/types\/product"}],"replies":[{"embeddable":true,"href":"https:\/\/bogensportdiscount.ch\/fr\/wp-json\/wp\/v2\/comments?post=391724"}],"wp:featuredmedia":[{"embeddable":true,"href":"https:\/\/bogensportdiscount.ch\/fr\/wp-json\/wp\/v2\/media\/442932"}],"wp:attachment":[{"href":"https:\/\/bogensportdiscount.ch\/fr\/wp-json\/wp\/v2\/media?parent=391724"}],"wp:term":[{"taxonomy":"product_brand","embeddable":true,"href":"https:\/\/bogensportdiscount.ch\/fr\/wp-json\/wp\/v2\/product_brand?post=391724"},{"taxonomy":"product_cat","embeddable":true,"href":"https:\/\/bogensportdiscount.ch\/fr\/wp-json\/wp\/v2\/product_cat?post=391724"},{"taxonomy":"product_tag","embeddable":true,"href":"https:\/\/bogensportdiscount.ch\/fr\/wp-json\/wp\/v2\/product_tag?post=391724"}],"curies":[{"name":"wp","href":"https:\/\/api.w.org\/{rel}","templated":true}]}}