{"id":391723,"date":"2026-04-05T14:23:44","date_gmt":"2026-04-05T12:23:44","guid":{"rendered":"https:\/\/bogensportdiscount.ch\/produkt\/ek-poelang-index-finger-releases-caliper-with-nylon-wrist\/"},"modified":"2026-05-14T07:13:31","modified_gmt":"2026-05-14T05:13:31","slug":"ekpoelang-handgelenk-release-zeigefinger-caliper-nylon-handgelenksband","status":"publish","type":"product","link":"https:\/\/bogensportdiscount.ch\/fr\/produit\/ekpoelang-handgelenk-release-zeigefinger-caliper-nylon-handgelenksband\/","title":{"rendered":"EK POELANG D\u00c9COCHEUR CALIPER INDEX AVEC POIGNET NYLON"},"content":{"rendered":"<p>Le d\u00e9cocheur caliper \u00e0 index EK POELANG est un d\u00e9cocheur de poignet pour archers \u00e0 poulies. Le d\u00e9clenchement s'effectue par l'index, ce qui permet une lib\u00e9ration naturelle et contr\u00f4l\u00e9e. La sangle de poignet en nylon int\u00e9gr\u00e9e assure un maintien s\u00e9curis\u00e9 au poignet pendant le tir.<\/p>\n<p>Les d\u00e9cocheurs caliper de ce type serrent la boucle en D entre deux m\u00e2choires et s'ouvrent lors d'une pression sur la g\u00e2chette. Cela permet un d\u00e9clenchement reproductible et favorise un d\u00e9roulement de tir r\u00e9gulier.<\/p>\n<ul>\n<li>G\u00e2chette par index pour un d\u00e9clenchement naturel<\/li>\n<li>M\u00e9canisme caliper pour une prise s\u00e9curis\u00e9e de la boucle en D<\/li>\n<li>Sangle de poignet en nylon incluse<\/li>\n<li>Rapport qualit\u00e9-prix adapt\u00e9 aux d\u00e9butants<\/li>\n<\/ul>","protected":false},"excerpt":{"rendered":"<table>\n<tr>\n<th>Propri\u00e9t\u00e9<\/th>\n<th>Valeur<\/th>\n<\/tr>\n<tr>\n<td>Marque<\/td>\n<td>EK &#8211; Poelang<\/td>\n<\/tr>\n<tr>\n<td>Type<\/td>\n<td>Velcro<\/td>\n<\/tr>\n<tr>\n<td>Couleur<\/td>\n<td>Noir<\/td>\n<\/tr>\n<tr>\n<td>Gr\u00f6\u00dfen<\/td>\n<td>L<\/td>\n<\/tr>\n<tr>\n<td>Pays d'origine<\/td>\n<td>Taiwan<\/td>\n<\/tr>\n<\/table>","protected":false},"featured_media":442931,"comment_status":"open","ping_status":"closed","template":"","meta":[],"product_brand":[471],"product_cat":[4124,4208,4210],"product_tag":[3546],"class_list":{"0":"post-391723","1":"product","2":"type-product","3":"status-publish","4":"has-post-thumbnail","6":"product_brand-ekpoelang","7":"product_cat-bogenschuetzer-ausruestung","8":"product_cat-releases-bogenschuetzer-ausruestung","9":"product_cat-index-finger-releases","10":"product_tag-neuheit","11":"product_shipping_class-bsd-standard","13":"first","14":"instock","15":"shipping-taxable","16":"purchasable","17":"product-type-simple"},"yoast_head":"<!-- This site is optimized with the Yoast SEO plugin v27.6 - https:\/\/yoast.com\/product\/yoast-seo-wordpress\/ -->\n<title>EK POELANG ZEIGEFINGER-RELEASE CALIPER MIT NYLON HANDGELENK - Bogensportdiscount \u2013 B\u00f6gen, Pfeile, Targets &amp; Zubeh\u00f6r<\/title>\n<meta name=\"description\" content=\"EK POELANG ZEIGEFINGER-RELEASE CALIPER MIT NYLON HANDGELENK g\u00fcnstig kaufen bei Bogensportdiscount \u2013 Top-Marken, schneller Versand aus der Schweiz.\" \/>\n<meta name=\"robots\" content=\"index, follow, max-snippet:-1, max-image-preview:large, max-video-preview:-1\" \/>\n<link rel=\"canonical\" href=\"https:\/\/bogensportdiscount.ch\/fr\/produit\/ekpoelang-handgelenk-release-zeigefinger-caliper-nylon-handgelenksband\/\" \/>\n<meta property=\"og:locale\" content=\"fr_FR\" \/>\n<meta property=\"og:type\" content=\"article\" \/>\n<meta property=\"og:title\" content=\"EK POELANG ZEIGEFINGER-RELEASE CALIPER MIT NYLON HANDGELENK - Bogensportdiscount \u2013 B\u00f6gen, Pfeile, Targets &amp; Zubeh\u00f6r\" \/>\n<meta property=\"og:description\" content=\"EK POELANG ZEIGEFINGER-RELEASE CALIPER MIT NYLON HANDGELENK g\u00fcnstig kaufen bei Bogensportdiscount \u2013 Top-Marken, schneller Versand aus der Schweiz.\" \/>\n<meta property=\"og:url\" content=\"https:\/\/bogensportdiscount.ch\/fr\/produit\/ekpoelang-handgelenk-release-zeigefinger-caliper-nylon-handgelenksband\/\" \/>\n<meta property=\"og:site_name\" content=\"Bogensportdiscount \u2013 B\u00f6gen, Pfeile, Targets &amp; Zubeh\u00f6r\" \/>\n<meta property=\"article:modified_time\" content=\"2026-05-14T05:13:31+00:00\" \/>\n<meta property=\"og:image\" content=\"https:\/\/bogensportdiscount.ch\/wp-content\/uploads\/bsm-images\/A016015_1.png\" \/>\n\t<meta property=\"og:image:width\" content=\"1772\" \/>\n\t<meta property=\"og:image:height\" content=\"1181\" \/>\n\t<meta property=\"og:image:type\" content=\"image\/png\" \/>\n<meta name=\"twitter:card\" content=\"summary_large_image\" \/>\n<script type=\"application\/ld+json\" class=\"yoast-schema-graph\">{\"@context\":\"https:\\\/\\\/schema.org\",\"@graph\":[{\"@type\":\"WebPage\",\"@id\":\"https:\\\/\\\/bogensportdiscount.ch\\\/produkt\\\/ekpoelang-handgelenk-release-zeigefinger-caliper-nylon-handgelenksband\\\/\",\"url\":\"https:\\\/\\\/bogensportdiscount.ch\\\/produkt\\\/ekpoelang-handgelenk-release-zeigefinger-caliper-nylon-handgelenksband\\\/\",\"name\":\"EK POELANG ZEIGEFINGER-RELEASE CALIPER MIT NYLON HANDGELENK - Bogensportdiscount \u2013 B\u00f6gen, Pfeile, Targets &amp; Zubeh\u00f6r\",\"isPartOf\":{\"@id\":\"https:\\\/\\\/bogensportdiscount.ch\\\/#website\"},\"primaryImageOfPage\":{\"@id\":\"https:\\\/\\\/bogensportdiscount.ch\\\/produkt\\\/ekpoelang-handgelenk-release-zeigefinger-caliper-nylon-handgelenksband\\\/#primaryimage\"},\"image\":{\"@id\":\"https:\\\/\\\/bogensportdiscount.ch\\\/produkt\\\/ekpoelang-handgelenk-release-zeigefinger-caliper-nylon-handgelenksband\\\/#primaryimage\"},\"thumbnailUrl\":\"https:\\\/\\\/bogensportdiscount.ch\\\/wp-content\\\/uploads\\\/bsm-images\\\/A016015_1.png\",\"datePublished\":\"2026-04-05T12:23:44+00:00\",\"dateModified\":\"2026-05-14T05:13:31+00:00\",\"description\":\"EK POELANG ZEIGEFINGER-RELEASE CALIPER MIT NYLON HANDGELENK g\u00fcnstig kaufen bei Bogensportdiscount \u2013 Top-Marken, schneller Versand aus der Schweiz.\",\"breadcrumb\":{\"@id\":\"https:\\\/\\\/bogensportdiscount.ch\\\/produkt\\\/ekpoelang-handgelenk-release-zeigefinger-caliper-nylon-handgelenksband\\\/#breadcrumb\"},\"inLanguage\":\"fr-FR\",\"potentialAction\":[{\"@type\":\"ReadAction\",\"target\":[\"https:\\\/\\\/bogensportdiscount.ch\\\/produkt\\\/ekpoelang-handgelenk-release-zeigefinger-caliper-nylon-handgelenksband\\\/\"]}]},{\"@type\":\"ImageObject\",\"inLanguage\":\"fr-FR\",\"@id\":\"https:\\\/\\\/bogensportdiscount.ch\\\/produkt\\\/ekpoelang-handgelenk-release-zeigefinger-caliper-nylon-handgelenksband\\\/#primaryimage\",\"url\":\"https:\\\/\\\/bogensportdiscount.ch\\\/wp-content\\\/uploads\\\/bsm-images\\\/A016015_1.png\",\"contentUrl\":\"https:\\\/\\\/bogensportdiscount.ch\\\/wp-content\\\/uploads\\\/bsm-images\\\/A016015_1.png\",\"width\":1772,\"height\":1181},{\"@type\":\"BreadcrumbList\",\"@id\":\"https:\\\/\\\/bogensportdiscount.ch\\\/produkt\\\/ekpoelang-handgelenk-release-zeigefinger-caliper-nylon-handgelenksband\\\/#breadcrumb\",\"itemListElement\":[{\"@type\":\"ListItem\",\"position\":1,\"name\":\"Home\",\"item\":\"https:\\\/\\\/bogensportdiscount.ch\\\/\"},{\"@type\":\"ListItem\",\"position\":2,\"name\":\"Shop\",\"item\":\"https:\\\/\\\/bogensportdiscount.ch\\\/shop\\\/\"},{\"@type\":\"ListItem\",\"position\":3,\"name\":\"EK POELANG INDEX FINGER RELEASES CALIPER WITH NYLON WRIST\"}]},{\"@type\":\"WebSite\",\"@id\":\"https:\\\/\\\/bogensportdiscount.ch\\\/#website\",\"url\":\"https:\\\/\\\/bogensportdiscount.ch\\\/\",\"name\":\"Bogensportdiscount\",\"description\":\"\",\"potentialAction\":[{\"@type\":\"SearchAction\",\"target\":{\"@type\":\"EntryPoint\",\"urlTemplate\":\"https:\\\/\\\/bogensportdiscount.ch\\\/?s={search_term_string}\"},\"query-input\":{\"@type\":\"PropertyValueSpecification\",\"valueRequired\":true,\"valueName\":\"search_term_string\"}}],\"inLanguage\":\"fr-FR\"}]}<\/script>\n<!-- \/ Yoast SEO plugin. -->","yoast_head_json":{"title":"EK POELANG ZEIGEFINGER-RELEASE CALIPER MIT NYLON HANDGELENK - Bogensportdiscount \u2013 B\u00f6gen, Pfeile, Targets &amp; Zubeh\u00f6r","description":"EK POELANG ZEIGEFINGER-RELEASE CALIPER MIT NYLON HANDGELENK g\u00fcnstig kaufen bei Bogensportdiscount \u2013 Top-Marken, schneller Versand aus der Schweiz.","robots":{"index":"index","follow":"follow","max-snippet":"max-snippet:-1","max-image-preview":"max-image-preview:large","max-video-preview":"max-video-preview:-1"},"canonical":"https:\/\/bogensportdiscount.ch\/fr\/produit\/ekpoelang-handgelenk-release-zeigefinger-caliper-nylon-handgelenksband\/","og_locale":"fr_FR","og_type":"article","og_title":"EK POELANG ZEIGEFINGER-RELEASE CALIPER MIT NYLON HANDGELENK - Bogensportdiscount \u2013 B\u00f6gen, Pfeile, Targets &amp; Zubeh\u00f6r","og_description":"EK POELANG ZEIGEFINGER-RELEASE CALIPER MIT NYLON HANDGELENK g\u00fcnstig kaufen bei Bogensportdiscount \u2013 Top-Marken, schneller Versand aus der Schweiz.","og_url":"https:\/\/bogensportdiscount.ch\/fr\/produit\/ekpoelang-handgelenk-release-zeigefinger-caliper-nylon-handgelenksband\/","og_site_name":"Bogensportdiscount \u2013 B\u00f6gen, Pfeile, Targets &amp; Zubeh\u00f6r","article_modified_time":"2026-05-14T05:13:31+00:00","og_image":[{"width":1772,"height":1181,"url":"https:\/\/bogensportdiscount.ch\/wp-content\/uploads\/bsm-images\/A016015_1.png","type":"image\/png"}],"twitter_card":"summary_large_image","schema":{"@context":"https:\/\/schema.org","@graph":[{"@type":"WebPage","@id":"https:\/\/bogensportdiscount.ch\/produkt\/ekpoelang-handgelenk-release-zeigefinger-caliper-nylon-handgelenksband\/","url":"https:\/\/bogensportdiscount.ch\/produkt\/ekpoelang-handgelenk-release-zeigefinger-caliper-nylon-handgelenksband\/","name":"EK POELANG ZEIGEFINGER-RELEASE CALIPER MIT NYLON HANDGELENK - Bogensportdiscount \u2013 B\u00f6gen, Pfeile, Targets &amp; Zubeh\u00f6r","isPartOf":{"@id":"https:\/\/bogensportdiscount.ch\/#website"},"primaryImageOfPage":{"@id":"https:\/\/bogensportdiscount.ch\/produkt\/ekpoelang-handgelenk-release-zeigefinger-caliper-nylon-handgelenksband\/#primaryimage"},"image":{"@id":"https:\/\/bogensportdiscount.ch\/produkt\/ekpoelang-handgelenk-release-zeigefinger-caliper-nylon-handgelenksband\/#primaryimage"},"thumbnailUrl":"https:\/\/bogensportdiscount.ch\/wp-content\/uploads\/bsm-images\/A016015_1.png","datePublished":"2026-04-05T12:23:44+00:00","dateModified":"2026-05-14T05:13:31+00:00","description":"EK POELANG ZEIGEFINGER-RELEASE CALIPER MIT NYLON HANDGELENK g\u00fcnstig kaufen bei Bogensportdiscount \u2013 Top-Marken, schneller Versand aus der Schweiz.","breadcrumb":{"@id":"https:\/\/bogensportdiscount.ch\/produkt\/ekpoelang-handgelenk-release-zeigefinger-caliper-nylon-handgelenksband\/#breadcrumb"},"inLanguage":"fr-FR","potentialAction":[{"@type":"ReadAction","target":["https:\/\/bogensportdiscount.ch\/produkt\/ekpoelang-handgelenk-release-zeigefinger-caliper-nylon-handgelenksband\/"]}]},{"@type":"ImageObject","inLanguage":"fr-FR","@id":"https:\/\/bogensportdiscount.ch\/produkt\/ekpoelang-handgelenk-release-zeigefinger-caliper-nylon-handgelenksband\/#primaryimage","url":"https:\/\/bogensportdiscount.ch\/wp-content\/uploads\/bsm-images\/A016015_1.png","contentUrl":"https:\/\/bogensportdiscount.ch\/wp-content\/uploads\/bsm-images\/A016015_1.png","width":1772,"height":1181},{"@type":"BreadcrumbList","@id":"https:\/\/bogensportdiscount.ch\/produkt\/ekpoelang-handgelenk-release-zeigefinger-caliper-nylon-handgelenksband\/#breadcrumb","itemListElement":[{"@type":"ListItem","position":1,"name":"Home","item":"https:\/\/bogensportdiscount.ch\/"},{"@type":"ListItem","position":2,"name":"Shop","item":"https:\/\/bogensportdiscount.ch\/shop\/"},{"@type":"ListItem","position":3,"name":"EK POELANG INDEX FINGER RELEASES CALIPER WITH NYLON WRIST"}]},{"@type":"WebSite","@id":"https:\/\/bogensportdiscount.ch\/#website","url":"https:\/\/bogensportdiscount.ch\/","name":"Bogensportdiscount","description":"","potentialAction":[{"@type":"SearchAction","target":{"@type":"EntryPoint","urlTemplate":"https:\/\/bogensportdiscount.ch\/?s={search_term_string}"},"query-input":{"@type":"PropertyValueSpecification","valueRequired":true,"valueName":"search_term_string"}}],"inLanguage":"fr-FR"}]}},"_links":{"self":[{"href":"https:\/\/bogensportdiscount.ch\/fr\/wp-json\/wp\/v2\/product\/391723","targetHints":{"allow":["GET"]}}],"collection":[{"href":"https:\/\/bogensportdiscount.ch\/fr\/wp-json\/wp\/v2\/product"}],"about":[{"href":"https:\/\/bogensportdiscount.ch\/fr\/wp-json\/wp\/v2\/types\/product"}],"replies":[{"embeddable":true,"href":"https:\/\/bogensportdiscount.ch\/fr\/wp-json\/wp\/v2\/comments?post=391723"}],"wp:featuredmedia":[{"embeddable":true,"href":"https:\/\/bogensportdiscount.ch\/fr\/wp-json\/wp\/v2\/media\/442931"}],"wp:attachment":[{"href":"https:\/\/bogensportdiscount.ch\/fr\/wp-json\/wp\/v2\/media?parent=391723"}],"wp:term":[{"taxonomy":"product_brand","embeddable":true,"href":"https:\/\/bogensportdiscount.ch\/fr\/wp-json\/wp\/v2\/product_brand?post=391723"},{"taxonomy":"product_cat","embeddable":true,"href":"https:\/\/bogensportdiscount.ch\/fr\/wp-json\/wp\/v2\/product_cat?post=391723"},{"taxonomy":"product_tag","embeddable":true,"href":"https:\/\/bogensportdiscount.ch\/fr\/wp-json\/wp\/v2\/product_tag?post=391723"}],"curies":[{"name":"wp","href":"https:\/\/api.w.org\/{rel}","templated":true}]}}