{"id":391714,"date":"2026-04-05T14:23:42","date_gmt":"2026-04-05T12:23:42","guid":{"rendered":"https:\/\/bogensportdiscount.ch\/produkt\/ek-poelang-recreational-bow-packages-crusader-44-12-lbs-rh-lh-black\/"},"modified":"2026-04-19T11:42:05","modified_gmt":"2026-04-19T09:42:05","slug":"ekpoelang-recurvebogen-set-crusader-44-12-lbs-rh-lh-schwarz","status":"publish","type":"product","link":"https:\/\/bogensportdiscount.ch\/fr\/produit\/ekpoelang-recurvebogen-set-crusader-44-12-lbs-rh-lh-schwarz\/","title":{"rendered":"EK POELANG KITS D&#x27;ARC DE LOISIRS CRUSADER 44\u2033 12 LBS DROITIER\/GAUCHER NOIR"},"content":{"rendered":"<p>Der EK Poelang Crusader ist ein Freizeit-Recurvebogen-Set, das speziell f\u00fcr Einsteiger und junge Bogensch\u00fctzen konzipiert wurde. Mit einer Bogenl\u00e4nge von 44 Zoll und einem leichten Zuggewicht von 12 lbs eignet er sich ideal f\u00fcr den ersten Einstieg in den Bogensport.<\/p>\n<p>Das Set ist universell einsetzbar und kann sowohl von Rechts- als auch von Linksh\u00e4ndern verwendet werden (RH\/LH). Die schlichte schwarze Ausf\u00fchrung macht den Bogen zu einem praktischen Begleiter f\u00fcr Freizeitaktivit\u00e4ten und erste Trainingseinheiten.<\/p>\n<ul>\n<li>Longueur de l'arc : 44 pouces<\/li>\n<li>Zuggewicht: 12 lbs<\/li>\n<li>Convient pour les droitiers et les gauchers<\/li>\n<li>Couleur : Noir<\/li>\n<\/ul>","protected":false},"excerpt":{"rendered":"<p><strong>Marque :<\/strong> EK &#8211; Poelang<br \/><strong>LH\/RH:<\/strong> Ambidextre<br \/><strong>Poids de tir (Lbs):<\/strong> 15<br \/><strong>Couleur:<\/strong> Noir<br \/><strong>Type :<\/strong> Longbow<br \/><strong>Longueur (pouces) :<\/strong> 44<\/p>","protected":false},"featured_media":452323,"comment_status":"open","ping_status":"closed","template":"","meta":[],"product_brand":[471],"product_cat":[4350],"product_tag":[3546],"class_list":{"0":"post-391714","1":"product","2":"type-product","3":"status-publish","4":"has-post-thumbnail","6":"product_brand-ekpoelang","7":"product_cat-freizeit-boegen-sets","8":"product_tag-neuheit","10":"first","11":"instock","12":"shipping-taxable","13":"purchasable","14":"product-type-simple"},"_links":{"self":[{"href":"https:\/\/bogensportdiscount.ch\/fr\/wp-json\/wp\/v2\/product\/391714","targetHints":{"allow":["GET"]}}],"collection":[{"href":"https:\/\/bogensportdiscount.ch\/fr\/wp-json\/wp\/v2\/product"}],"about":[{"href":"https:\/\/bogensportdiscount.ch\/fr\/wp-json\/wp\/v2\/types\/product"}],"replies":[{"embeddable":true,"href":"https:\/\/bogensportdiscount.ch\/fr\/wp-json\/wp\/v2\/comments?post=391714"}],"wp:featuredmedia":[{"embeddable":true,"href":"https:\/\/bogensportdiscount.ch\/fr\/wp-json\/wp\/v2\/media\/452323"}],"wp:attachment":[{"href":"https:\/\/bogensportdiscount.ch\/fr\/wp-json\/wp\/v2\/media?parent=391714"}],"wp:term":[{"taxonomy":"product_brand","embeddable":true,"href":"https:\/\/bogensportdiscount.ch\/fr\/wp-json\/wp\/v2\/product_brand?post=391714"},{"taxonomy":"product_cat","embeddable":true,"href":"https:\/\/bogensportdiscount.ch\/fr\/wp-json\/wp\/v2\/product_cat?post=391714"},{"taxonomy":"product_tag","embeddable":true,"href":"https:\/\/bogensportdiscount.ch\/fr\/wp-json\/wp\/v2\/product_tag?post=391714"}],"curies":[{"name":"wp","href":"https:\/\/api.w.org\/{rel}","templated":true}]}}