{"id":391702,"date":"2026-04-05T14:23:40","date_gmt":"2026-04-05T12:23:40","guid":{"rendered":"https:\/\/bogensportdiscount.ch\/produkt\/mtm-arrowcases-ultra-compact-33-x-5-9-x-3-black\/"},"modified":"2026-04-15T12:10:17","modified_gmt":"2026-04-15T10:10:17","slug":"mtm-pfeilroehre-ultra-compact-33-schwarz","status":"publish","type":"product","link":"https:\/\/bogensportdiscount.ch\/fr\/produit\/mtm-pfeilroehre-ultra-compact-33-schwarz\/","title":{"rendered":"MTM ARROWCASES ULTRA COMPACT 33\u2033 x 5.9\u2033 x 3\u2033 BLACK"},"content":{"rendered":"<p>Die MTM Ultra Compact Pfeilr\u00f6hre ist eine kompakte Transportl\u00f6sung f\u00fcr Bogenpfeile. Mit Abmessungen von 33&#8243; x 5.9&#8243; x 3&#8243; (ca. 84 x 15 x 7.5 cm) bietet sie ausreichend Platz f\u00fcr eine typische Pfeilausstattung und l\u00e4sst sich platzsparend verstauen oder transportieren.<\/p>\n<p>Die robuste Bauweise sch\u00fctzt die Pfeile zuverl\u00e4ssig vor Besch\u00e4digungen durch St\u00f6sse, Feuchtigkeit und Schmutz \u2013 ob auf dem Weg zum Schiessstand oder bei der Aufbewahrung zu Hause. Das schlichte schwarze Design ist unauff\u00e4llig und praktisch.<\/p>\n<ul>\n<li>Kompakte Abmessungen: 33&#8243; x 5.9&#8243; x 3&#8243;<\/li>\n<li>Geeignet f\u00fcr Pfeile bis 33 Zoll L\u00e4nge<\/li>\n<li>Stabile Konstruktion zum Schutz der Pfeile<\/li>\n<li>Farbe: Schwarz<\/li>\n<\/ul>","protected":false},"excerpt":{"rendered":"<p><strong>Marque :<\/strong> MTM Case-Gard<br \/><strong>Farbe:<\/strong> Schwarz<br \/><strong>GTIN:<\/strong> 026057853406<\/p>","protected":false},"featured_media":442952,"comment_status":"open","ping_status":"closed","template":"","meta":[],"product_brand":[805],"product_cat":[4206],"product_tag":[3546],"class_list":{"0":"post-391702","1":"product","2":"type-product","3":"status-publish","4":"has-post-thumbnail","6":"product_brand-mtm","7":"product_cat-pfeilekoffer-pfeiletube","8":"product_tag-neuheit","10":"first","11":"instock","12":"shipping-taxable","13":"purchasable","14":"product-type-simple"},"_links":{"self":[{"href":"https:\/\/bogensportdiscount.ch\/fr\/wp-json\/wp\/v2\/product\/391702","targetHints":{"allow":["GET"]}}],"collection":[{"href":"https:\/\/bogensportdiscount.ch\/fr\/wp-json\/wp\/v2\/product"}],"about":[{"href":"https:\/\/bogensportdiscount.ch\/fr\/wp-json\/wp\/v2\/types\/product"}],"replies":[{"embeddable":true,"href":"https:\/\/bogensportdiscount.ch\/fr\/wp-json\/wp\/v2\/comments?post=391702"}],"wp:featuredmedia":[{"embeddable":true,"href":"https:\/\/bogensportdiscount.ch\/fr\/wp-json\/wp\/v2\/media\/442952"}],"wp:attachment":[{"href":"https:\/\/bogensportdiscount.ch\/fr\/wp-json\/wp\/v2\/media?parent=391702"}],"wp:term":[{"taxonomy":"product_brand","embeddable":true,"href":"https:\/\/bogensportdiscount.ch\/fr\/wp-json\/wp\/v2\/product_brand?post=391702"},{"taxonomy":"product_cat","embeddable":true,"href":"https:\/\/bogensportdiscount.ch\/fr\/wp-json\/wp\/v2\/product_cat?post=391702"},{"taxonomy":"product_tag","embeddable":true,"href":"https:\/\/bogensportdiscount.ch\/fr\/wp-json\/wp\/v2\/product_tag?post=391702"}],"curies":[{"name":"wp","href":"https:\/\/api.w.org\/{rel}","templated":true}]}}