{"id":391699,"date":"2026-04-05T14:23:40","date_gmt":"2026-04-05T12:23:40","guid":{"rendered":"https:\/\/bogensportdiscount.ch\/produkt\/negrini-recurve-cases-4660vsec-r-with-wheels-l95xh45xd18-black\/"},"modified":"2026-05-14T07:13:30","modified_gmt":"2026-05-14T05:13:30","slug":"negrini-recurve-hartschalenkoffer-4660vsec-r-mit-rollen-schwarz","status":"publish","type":"product","link":"https:\/\/bogensportdiscount.ch\/fr\/produit\/negrini-recurve-hartschalenkoffer-4660vsec-r-mit-rollen-schwarz\/","title":{"rendered":"NEGRINI CARQUOIS ARC CLASSIQUE 4660VSEC-R &#8211; AVEC ROUES L95XH45XD18 NOIR"},"content":{"rendered":"<p>La mallette rigide Negrini 4660VSEC-R pour arc classique est sp\u00e9cialement con\u00e7ue pour le transport d'arcs classiques. Avec ses dimensions de L95 x H45 x D18 cm, elle offre suffisamment d'espace pour un arc classique d\u00e9mont\u00e9 ainsi que pour d'autres accessoires tels que stabilisateurs, viseurs et fl\u00e8ches.<\/p>\n<p>Les roulettes int\u00e9gr\u00e9es facilitent consid\u00e9rablement le transport lors de tournois, d'entra\u00eenements ou de voyages. La construction en coque rigide prot\u00e8ge de mani\u00e8re fiable l'\u00e9quipement de tir \u00e0 l'arc contre les chocs et les influences ext\u00e9rieures.<\/p>\n<ul>\n<li>Dimensions : L95 x H45 x D18 cm<\/li>\n<li>Roulettes int\u00e9gr\u00e9es pour un transport facile<\/li>\n<li>Bo\u00eetier en coque rigide pour une protection stable<\/li>\n<li>Couleur : Noir<\/li>\n<\/ul>","protected":false},"excerpt":{"rendered":"<table>\n<tr>\n<th>Propri\u00e9t\u00e9<\/th>\n<th>Valeur<\/th>\n<\/tr>\n<tr>\n<td>Marque<\/td>\n<td>Negrini<\/td>\n<\/tr>\n<tr>\n<td>Couleur<\/td>\n<td>Noir<\/td>\n<\/tr>\n<tr>\n<td>Pays d'origine<\/td>\n<td>Italie<\/td>\n<\/tr>\n<\/table>","protected":false},"featured_media":442955,"comment_status":"open","ping_status":"closed","template":"","meta":[],"product_brand":[808],"product_cat":[4124,4125,4177],"product_tag":[3546],"class_list":{"0":"post-391699","1":"product","2":"type-product","3":"status-publish","4":"has-post-thumbnail","6":"product_brand-negrini","7":"product_cat-bogenschuetzer-ausruestung","8":"product_cat-taschen-koffer","9":"product_cat-recurve-koffer","10":"product_tag-neuheit","11":"product_shipping_class-bsd-standard","13":"first","14":"instock","15":"shipping-taxable","16":"purchasable","17":"product-type-simple"},"yoast_head":"<!-- This site is optimized with the Yoast SEO plugin v27.6 - https:\/\/yoast.com\/product\/yoast-seo-wordpress\/ -->\n<title>NEGRINI RECURVEBOGEN-K\u00d6CHER 4660VSEC-R - MIT R\u00c4DERN L95XH45XD18 SCHWARZ - Bogensportdiscount \u2013 B\u00f6gen, Pfeile, Targets &amp; Zubeh\u00f6r<\/title>\n<meta name=\"description\" content=\"NEGRINI RECURVEBOGEN-K\u00d6CHER 4660VSEC-R - MIT R\u00c4DERN L95XH45XD18 SCHWARZ g\u00fcnstig kaufen bei Bogensportdiscount \u2013 Top-Marken, schneller Versand aus der Schweiz.\" \/>\n<meta name=\"robots\" content=\"index, follow, max-snippet:-1, max-image-preview:large, max-video-preview:-1\" \/>\n<link rel=\"canonical\" href=\"https:\/\/bogensportdiscount.ch\/fr\/produit\/negrini-recurve-hartschalenkoffer-4660vsec-r-mit-rollen-schwarz\/\" \/>\n<meta property=\"og:locale\" content=\"fr_FR\" \/>\n<meta property=\"og:type\" content=\"article\" \/>\n<meta property=\"og:title\" content=\"NEGRINI RECURVEBOGEN-K\u00d6CHER 4660VSEC-R - MIT R\u00c4DERN L95XH45XD18 SCHWARZ - Bogensportdiscount \u2013 B\u00f6gen, Pfeile, Targets &amp; Zubeh\u00f6r\" \/>\n<meta property=\"og:description\" content=\"NEGRINI RECURVEBOGEN-K\u00d6CHER 4660VSEC-R - MIT R\u00c4DERN L95XH45XD18 SCHWARZ g\u00fcnstig kaufen bei Bogensportdiscount \u2013 Top-Marken, schneller Versand aus der Schweiz.\" \/>\n<meta property=\"og:url\" content=\"https:\/\/bogensportdiscount.ch\/fr\/produit\/negrini-recurve-hartschalenkoffer-4660vsec-r-mit-rollen-schwarz\/\" \/>\n<meta property=\"og:site_name\" content=\"Bogensportdiscount \u2013 B\u00f6gen, Pfeile, Targets &amp; Zubeh\u00f6r\" \/>\n<meta property=\"article:modified_time\" content=\"2026-05-14T05:13:30+00:00\" \/>\n<meta property=\"og:image\" content=\"https:\/\/bogensportdiscount.ch\/wp-content\/uploads\/bsm-images\/A014808_1.png\" \/>\n\t<meta property=\"og:image:width\" content=\"1772\" \/>\n\t<meta property=\"og:image:height\" content=\"1181\" \/>\n\t<meta property=\"og:image:type\" content=\"image\/png\" \/>\n<meta name=\"twitter:card\" content=\"summary_large_image\" \/>\n<script type=\"application\/ld+json\" class=\"yoast-schema-graph\">{\"@context\":\"https:\\\/\\\/schema.org\",\"@graph\":[{\"@type\":\"WebPage\",\"@id\":\"https:\\\/\\\/bogensportdiscount.ch\\\/produkt\\\/negrini-recurve-hartschalenkoffer-4660vsec-r-mit-rollen-schwarz\\\/\",\"url\":\"https:\\\/\\\/bogensportdiscount.ch\\\/produkt\\\/negrini-recurve-hartschalenkoffer-4660vsec-r-mit-rollen-schwarz\\\/\",\"name\":\"NEGRINI RECURVEBOGEN-K\u00d6CHER 4660VSEC-R - MIT R\u00c4DERN L95XH45XD18 SCHWARZ - Bogensportdiscount \u2013 B\u00f6gen, Pfeile, Targets &amp; Zubeh\u00f6r\",\"isPartOf\":{\"@id\":\"https:\\\/\\\/bogensportdiscount.ch\\\/#website\"},\"primaryImageOfPage\":{\"@id\":\"https:\\\/\\\/bogensportdiscount.ch\\\/produkt\\\/negrini-recurve-hartschalenkoffer-4660vsec-r-mit-rollen-schwarz\\\/#primaryimage\"},\"image\":{\"@id\":\"https:\\\/\\\/bogensportdiscount.ch\\\/produkt\\\/negrini-recurve-hartschalenkoffer-4660vsec-r-mit-rollen-schwarz\\\/#primaryimage\"},\"thumbnailUrl\":\"https:\\\/\\\/bogensportdiscount.ch\\\/wp-content\\\/uploads\\\/bsm-images\\\/A014808_1.png\",\"datePublished\":\"2026-04-05T12:23:40+00:00\",\"dateModified\":\"2026-05-14T05:13:30+00:00\",\"description\":\"NEGRINI RECURVEBOGEN-K\u00d6CHER 4660VSEC-R - MIT R\u00c4DERN L95XH45XD18 SCHWARZ g\u00fcnstig kaufen bei Bogensportdiscount \u2013 Top-Marken, schneller Versand aus der Schweiz.\",\"breadcrumb\":{\"@id\":\"https:\\\/\\\/bogensportdiscount.ch\\\/produkt\\\/negrini-recurve-hartschalenkoffer-4660vsec-r-mit-rollen-schwarz\\\/#breadcrumb\"},\"inLanguage\":\"fr-FR\",\"potentialAction\":[{\"@type\":\"ReadAction\",\"target\":[\"https:\\\/\\\/bogensportdiscount.ch\\\/produkt\\\/negrini-recurve-hartschalenkoffer-4660vsec-r-mit-rollen-schwarz\\\/\"]}]},{\"@type\":\"ImageObject\",\"inLanguage\":\"fr-FR\",\"@id\":\"https:\\\/\\\/bogensportdiscount.ch\\\/produkt\\\/negrini-recurve-hartschalenkoffer-4660vsec-r-mit-rollen-schwarz\\\/#primaryimage\",\"url\":\"https:\\\/\\\/bogensportdiscount.ch\\\/wp-content\\\/uploads\\\/bsm-images\\\/A014808_1.png\",\"contentUrl\":\"https:\\\/\\\/bogensportdiscount.ch\\\/wp-content\\\/uploads\\\/bsm-images\\\/A014808_1.png\",\"width\":1772,\"height\":1181},{\"@type\":\"BreadcrumbList\",\"@id\":\"https:\\\/\\\/bogensportdiscount.ch\\\/produkt\\\/negrini-recurve-hartschalenkoffer-4660vsec-r-mit-rollen-schwarz\\\/#breadcrumb\",\"itemListElement\":[{\"@type\":\"ListItem\",\"position\":1,\"name\":\"Home\",\"item\":\"https:\\\/\\\/bogensportdiscount.ch\\\/\"},{\"@type\":\"ListItem\",\"position\":2,\"name\":\"Shop\",\"item\":\"https:\\\/\\\/bogensportdiscount.ch\\\/shop\\\/\"},{\"@type\":\"ListItem\",\"position\":3,\"name\":\"NEGRINI RECURVE CASES 4660VSEC-R &#8211; WITH WHEELS L95XH45XD18 BLACK\"}]},{\"@type\":\"WebSite\",\"@id\":\"https:\\\/\\\/bogensportdiscount.ch\\\/#website\",\"url\":\"https:\\\/\\\/bogensportdiscount.ch\\\/\",\"name\":\"Bogensportdiscount\",\"description\":\"\",\"potentialAction\":[{\"@type\":\"SearchAction\",\"target\":{\"@type\":\"EntryPoint\",\"urlTemplate\":\"https:\\\/\\\/bogensportdiscount.ch\\\/?s={search_term_string}\"},\"query-input\":{\"@type\":\"PropertyValueSpecification\",\"valueRequired\":true,\"valueName\":\"search_term_string\"}}],\"inLanguage\":\"fr-FR\"}]}<\/script>\n<!-- \/ Yoast SEO plugin. -->","yoast_head_json":{"title":"NEGRINI RECURVEBOGEN-K\u00d6CHER 4660VSEC-R - MIT R\u00c4DERN L95XH45XD18 SCHWARZ - Bogensportdiscount \u2013 B\u00f6gen, Pfeile, Targets &amp; Zubeh\u00f6r","description":"NEGRINI RECURVEBOGEN-K\u00d6CHER 4660VSEC-R - MIT R\u00c4DERN L95XH45XD18 SCHWARZ g\u00fcnstig kaufen bei Bogensportdiscount \u2013 Top-Marken, schneller Versand aus der Schweiz.","robots":{"index":"index","follow":"follow","max-snippet":"max-snippet:-1","max-image-preview":"max-image-preview:large","max-video-preview":"max-video-preview:-1"},"canonical":"https:\/\/bogensportdiscount.ch\/fr\/produit\/negrini-recurve-hartschalenkoffer-4660vsec-r-mit-rollen-schwarz\/","og_locale":"fr_FR","og_type":"article","og_title":"NEGRINI RECURVEBOGEN-K\u00d6CHER 4660VSEC-R - MIT R\u00c4DERN L95XH45XD18 SCHWARZ - Bogensportdiscount \u2013 B\u00f6gen, Pfeile, Targets &amp; Zubeh\u00f6r","og_description":"NEGRINI RECURVEBOGEN-K\u00d6CHER 4660VSEC-R - MIT R\u00c4DERN L95XH45XD18 SCHWARZ g\u00fcnstig kaufen bei Bogensportdiscount \u2013 Top-Marken, schneller Versand aus der Schweiz.","og_url":"https:\/\/bogensportdiscount.ch\/fr\/produit\/negrini-recurve-hartschalenkoffer-4660vsec-r-mit-rollen-schwarz\/","og_site_name":"Bogensportdiscount \u2013 B\u00f6gen, Pfeile, Targets &amp; Zubeh\u00f6r","article_modified_time":"2026-05-14T05:13:30+00:00","og_image":[{"width":1772,"height":1181,"url":"https:\/\/bogensportdiscount.ch\/wp-content\/uploads\/bsm-images\/A014808_1.png","type":"image\/png"}],"twitter_card":"summary_large_image","schema":{"@context":"https:\/\/schema.org","@graph":[{"@type":"WebPage","@id":"https:\/\/bogensportdiscount.ch\/produkt\/negrini-recurve-hartschalenkoffer-4660vsec-r-mit-rollen-schwarz\/","url":"https:\/\/bogensportdiscount.ch\/produkt\/negrini-recurve-hartschalenkoffer-4660vsec-r-mit-rollen-schwarz\/","name":"NEGRINI RECURVEBOGEN-K\u00d6CHER 4660VSEC-R - MIT R\u00c4DERN L95XH45XD18 SCHWARZ - Bogensportdiscount \u2013 B\u00f6gen, Pfeile, Targets &amp; Zubeh\u00f6r","isPartOf":{"@id":"https:\/\/bogensportdiscount.ch\/#website"},"primaryImageOfPage":{"@id":"https:\/\/bogensportdiscount.ch\/produkt\/negrini-recurve-hartschalenkoffer-4660vsec-r-mit-rollen-schwarz\/#primaryimage"},"image":{"@id":"https:\/\/bogensportdiscount.ch\/produkt\/negrini-recurve-hartschalenkoffer-4660vsec-r-mit-rollen-schwarz\/#primaryimage"},"thumbnailUrl":"https:\/\/bogensportdiscount.ch\/wp-content\/uploads\/bsm-images\/A014808_1.png","datePublished":"2026-04-05T12:23:40+00:00","dateModified":"2026-05-14T05:13:30+00:00","description":"NEGRINI RECURVEBOGEN-K\u00d6CHER 4660VSEC-R - MIT R\u00c4DERN L95XH45XD18 SCHWARZ g\u00fcnstig kaufen bei Bogensportdiscount \u2013 Top-Marken, schneller Versand aus der Schweiz.","breadcrumb":{"@id":"https:\/\/bogensportdiscount.ch\/produkt\/negrini-recurve-hartschalenkoffer-4660vsec-r-mit-rollen-schwarz\/#breadcrumb"},"inLanguage":"fr-FR","potentialAction":[{"@type":"ReadAction","target":["https:\/\/bogensportdiscount.ch\/produkt\/negrini-recurve-hartschalenkoffer-4660vsec-r-mit-rollen-schwarz\/"]}]},{"@type":"ImageObject","inLanguage":"fr-FR","@id":"https:\/\/bogensportdiscount.ch\/produkt\/negrini-recurve-hartschalenkoffer-4660vsec-r-mit-rollen-schwarz\/#primaryimage","url":"https:\/\/bogensportdiscount.ch\/wp-content\/uploads\/bsm-images\/A014808_1.png","contentUrl":"https:\/\/bogensportdiscount.ch\/wp-content\/uploads\/bsm-images\/A014808_1.png","width":1772,"height":1181},{"@type":"BreadcrumbList","@id":"https:\/\/bogensportdiscount.ch\/produkt\/negrini-recurve-hartschalenkoffer-4660vsec-r-mit-rollen-schwarz\/#breadcrumb","itemListElement":[{"@type":"ListItem","position":1,"name":"Home","item":"https:\/\/bogensportdiscount.ch\/"},{"@type":"ListItem","position":2,"name":"Shop","item":"https:\/\/bogensportdiscount.ch\/shop\/"},{"@type":"ListItem","position":3,"name":"NEGRINI RECURVE CASES 4660VSEC-R &#8211; WITH WHEELS L95XH45XD18 BLACK"}]},{"@type":"WebSite","@id":"https:\/\/bogensportdiscount.ch\/#website","url":"https:\/\/bogensportdiscount.ch\/","name":"Bogensportdiscount","description":"","potentialAction":[{"@type":"SearchAction","target":{"@type":"EntryPoint","urlTemplate":"https:\/\/bogensportdiscount.ch\/?s={search_term_string}"},"query-input":{"@type":"PropertyValueSpecification","valueRequired":true,"valueName":"search_term_string"}}],"inLanguage":"fr-FR"}]}},"_links":{"self":[{"href":"https:\/\/bogensportdiscount.ch\/fr\/wp-json\/wp\/v2\/product\/391699","targetHints":{"allow":["GET"]}}],"collection":[{"href":"https:\/\/bogensportdiscount.ch\/fr\/wp-json\/wp\/v2\/product"}],"about":[{"href":"https:\/\/bogensportdiscount.ch\/fr\/wp-json\/wp\/v2\/types\/product"}],"replies":[{"embeddable":true,"href":"https:\/\/bogensportdiscount.ch\/fr\/wp-json\/wp\/v2\/comments?post=391699"}],"wp:featuredmedia":[{"embeddable":true,"href":"https:\/\/bogensportdiscount.ch\/fr\/wp-json\/wp\/v2\/media\/442955"}],"wp:attachment":[{"href":"https:\/\/bogensportdiscount.ch\/fr\/wp-json\/wp\/v2\/media?parent=391699"}],"wp:term":[{"taxonomy":"product_brand","embeddable":true,"href":"https:\/\/bogensportdiscount.ch\/fr\/wp-json\/wp\/v2\/product_brand?post=391699"},{"taxonomy":"product_cat","embeddable":true,"href":"https:\/\/bogensportdiscount.ch\/fr\/wp-json\/wp\/v2\/product_cat?post=391699"},{"taxonomy":"product_tag","embeddable":true,"href":"https:\/\/bogensportdiscount.ch\/fr\/wp-json\/wp\/v2\/product_tag?post=391699"}],"curies":[{"name":"wp","href":"https:\/\/api.w.org\/{rel}","templated":true}]}}