{"id":391698,"date":"2026-04-05T14:23:39","date_gmt":"2026-04-05T12:23:39","guid":{"rendered":"https:\/\/bogensportdiscount.ch\/produkt\/negrini-recurve-cases-4683-polypropylene-l98xh25xd10\/"},"modified":"2026-05-14T07:13:30","modified_gmt":"2026-05-14T05:13:30","slug":"negrini-recurve-hartschalenkoffer-4683-polypropylen","status":"publish","type":"product","link":"https:\/\/bogensportdiscount.ch\/fr\/produit\/negrini-recurve-hartschalenkoffer-4683-polypropylen\/","title":{"rendered":"NEGRINI CARQUOIS ARC CLASSIQUE 4683 &#8211; POLYPROPYL\u00c8NE L98XH25XD10"},"content":{"rendered":"<p>La housse d'arc classique Negrini 4683 est fabriqu\u00e9e en polypropyl\u00e8ne robuste et prot\u00e8ge votre arc classique contre les chocs, l'humidit\u00e9 et les influences ext\u00e9rieures. Avec ses dimensions de 98 x 25 x 10 cm, elle offre suffisamment d'espace pour un arc classique d\u00e9mont\u00e9.<\/p>\n<p>Negrini est un fabricant italien sp\u00e9cialis\u00e9 dans la fabrication de housses de protection de haute qualit\u00e9 pour \u00e9quipements sportifs. Les housses rigides de la marque se distinguent par leur durabilit\u00e9 et leur finition solide.<\/p>\n<ul>\n<li>Mat\u00e9riau : polypropyl\u00e8ne (coque rigide)<\/li>\n<li>Dimensions : L 98 x H 25 x D 10 cm<\/li>\n<li>Convient pour l'arc classique<\/li>\n<li>Protection contre les chocs et les influences ext\u00e9rieures<\/li>\n<\/ul>","protected":false},"excerpt":{"rendered":"<table>\n<tr>\n<th>Propri\u00e9t\u00e9<\/th>\n<th>Valeur<\/th>\n<\/tr>\n<tr>\n<td>Marque<\/td>\n<td>Negrini<\/td>\n<\/tr>\n<tr>\n<td>Couleur<\/td>\n<td>Noir<\/td>\n<\/tr>\n<tr>\n<td>Pays d'origine<\/td>\n<td>Italie<\/td>\n<\/tr>\n<\/table>","protected":false},"featured_media":452318,"comment_status":"open","ping_status":"closed","template":"","meta":[],"product_brand":[808],"product_cat":[4124,4125,4177],"product_tag":[3546],"class_list":{"0":"post-391698","1":"product","2":"type-product","3":"status-publish","4":"has-post-thumbnail","6":"product_brand-negrini","7":"product_cat-bogenschuetzer-ausruestung","8":"product_cat-taschen-koffer","9":"product_cat-recurve-koffer","10":"product_tag-neuheit","11":"product_shipping_class-bsd-standard","13":"first","14":"instock","15":"shipping-taxable","16":"purchasable","17":"product-type-simple"},"yoast_head":"<!-- This site is optimized with the Yoast SEO plugin v27.6 - https:\/\/yoast.com\/product\/yoast-seo-wordpress\/ -->\n<title>NEGRINI RECURVEBOGEN-K\u00d6CHER 4683 - POLYPROPYLEN L98XH25XD10 - Bogensportdiscount \u2013 B\u00f6gen, Pfeile, Targets &amp; Zubeh\u00f6r<\/title>\n<meta name=\"description\" content=\"NEGRINI RECURVEBOGEN-K\u00d6CHER 4683 - POLYPROPYLEN L98XH25XD10 g\u00fcnstig kaufen bei Bogensportdiscount \u2013 Top-Marken, schneller Versand aus der Schweiz.\" \/>\n<meta name=\"robots\" content=\"index, follow, max-snippet:-1, max-image-preview:large, max-video-preview:-1\" \/>\n<link rel=\"canonical\" href=\"https:\/\/bogensportdiscount.ch\/fr\/produit\/negrini-recurve-hartschalenkoffer-4683-polypropylen\/\" \/>\n<meta property=\"og:locale\" content=\"fr_FR\" \/>\n<meta property=\"og:type\" content=\"article\" \/>\n<meta property=\"og:title\" content=\"NEGRINI RECURVEBOGEN-K\u00d6CHER 4683 - POLYPROPYLEN L98XH25XD10 - Bogensportdiscount \u2013 B\u00f6gen, Pfeile, Targets &amp; Zubeh\u00f6r\" \/>\n<meta property=\"og:description\" content=\"NEGRINI RECURVEBOGEN-K\u00d6CHER 4683 - POLYPROPYLEN L98XH25XD10 g\u00fcnstig kaufen bei Bogensportdiscount \u2013 Top-Marken, schneller Versand aus der Schweiz.\" \/>\n<meta property=\"og:url\" content=\"https:\/\/bogensportdiscount.ch\/fr\/produit\/negrini-recurve-hartschalenkoffer-4683-polypropylen\/\" \/>\n<meta property=\"og:site_name\" content=\"Bogensportdiscount \u2013 B\u00f6gen, Pfeile, Targets &amp; Zubeh\u00f6r\" \/>\n<meta property=\"article:modified_time\" content=\"2026-05-14T05:13:30+00:00\" \/>\n<meta property=\"og:image\" content=\"https:\/\/bogensportdiscount.ch\/wp-content\/uploads\/bsm-images\/a014806_1.jpg\" \/>\n\t<meta property=\"og:image:width\" content=\"399\" \/>\n\t<meta property=\"og:image:height\" content=\"146\" \/>\n\t<meta property=\"og:image:type\" content=\"image\/jpeg\" \/>\n<meta name=\"twitter:card\" content=\"summary_large_image\" \/>\n<script type=\"application\/ld+json\" class=\"yoast-schema-graph\">{\"@context\":\"https:\\\/\\\/schema.org\",\"@graph\":[{\"@type\":\"WebPage\",\"@id\":\"https:\\\/\\\/bogensportdiscount.ch\\\/produkt\\\/negrini-recurve-hartschalenkoffer-4683-polypropylen\\\/\",\"url\":\"https:\\\/\\\/bogensportdiscount.ch\\\/produkt\\\/negrini-recurve-hartschalenkoffer-4683-polypropylen\\\/\",\"name\":\"NEGRINI RECURVEBOGEN-K\u00d6CHER 4683 - POLYPROPYLEN L98XH25XD10 - Bogensportdiscount \u2013 B\u00f6gen, Pfeile, Targets &amp; Zubeh\u00f6r\",\"isPartOf\":{\"@id\":\"https:\\\/\\\/bogensportdiscount.ch\\\/#website\"},\"primaryImageOfPage\":{\"@id\":\"https:\\\/\\\/bogensportdiscount.ch\\\/produkt\\\/negrini-recurve-hartschalenkoffer-4683-polypropylen\\\/#primaryimage\"},\"image\":{\"@id\":\"https:\\\/\\\/bogensportdiscount.ch\\\/produkt\\\/negrini-recurve-hartschalenkoffer-4683-polypropylen\\\/#primaryimage\"},\"thumbnailUrl\":\"https:\\\/\\\/bogensportdiscount.ch\\\/wp-content\\\/uploads\\\/bsm-images\\\/a014806_1.jpg\",\"datePublished\":\"2026-04-05T12:23:39+00:00\",\"dateModified\":\"2026-05-14T05:13:30+00:00\",\"description\":\"NEGRINI RECURVEBOGEN-K\u00d6CHER 4683 - POLYPROPYLEN L98XH25XD10 g\u00fcnstig kaufen bei Bogensportdiscount \u2013 Top-Marken, schneller Versand aus der Schweiz.\",\"breadcrumb\":{\"@id\":\"https:\\\/\\\/bogensportdiscount.ch\\\/produkt\\\/negrini-recurve-hartschalenkoffer-4683-polypropylen\\\/#breadcrumb\"},\"inLanguage\":\"fr-FR\",\"potentialAction\":[{\"@type\":\"ReadAction\",\"target\":[\"https:\\\/\\\/bogensportdiscount.ch\\\/produkt\\\/negrini-recurve-hartschalenkoffer-4683-polypropylen\\\/\"]}]},{\"@type\":\"ImageObject\",\"inLanguage\":\"fr-FR\",\"@id\":\"https:\\\/\\\/bogensportdiscount.ch\\\/produkt\\\/negrini-recurve-hartschalenkoffer-4683-polypropylen\\\/#primaryimage\",\"url\":\"https:\\\/\\\/bogensportdiscount.ch\\\/wp-content\\\/uploads\\\/bsm-images\\\/a014806_1.jpg\",\"contentUrl\":\"https:\\\/\\\/bogensportdiscount.ch\\\/wp-content\\\/uploads\\\/bsm-images\\\/a014806_1.jpg\",\"width\":399,\"height\":146},{\"@type\":\"BreadcrumbList\",\"@id\":\"https:\\\/\\\/bogensportdiscount.ch\\\/produkt\\\/negrini-recurve-hartschalenkoffer-4683-polypropylen\\\/#breadcrumb\",\"itemListElement\":[{\"@type\":\"ListItem\",\"position\":1,\"name\":\"Home\",\"item\":\"https:\\\/\\\/bogensportdiscount.ch\\\/\"},{\"@type\":\"ListItem\",\"position\":2,\"name\":\"Shop\",\"item\":\"https:\\\/\\\/bogensportdiscount.ch\\\/shop\\\/\"},{\"@type\":\"ListItem\",\"position\":3,\"name\":\"NEGRINI RECURVE CASES 4683 &#8211; POLYPROPYLENE L98XH25XD10\"}]},{\"@type\":\"WebSite\",\"@id\":\"https:\\\/\\\/bogensportdiscount.ch\\\/#website\",\"url\":\"https:\\\/\\\/bogensportdiscount.ch\\\/\",\"name\":\"Bogensportdiscount\",\"description\":\"\",\"potentialAction\":[{\"@type\":\"SearchAction\",\"target\":{\"@type\":\"EntryPoint\",\"urlTemplate\":\"https:\\\/\\\/bogensportdiscount.ch\\\/?s={search_term_string}\"},\"query-input\":{\"@type\":\"PropertyValueSpecification\",\"valueRequired\":true,\"valueName\":\"search_term_string\"}}],\"inLanguage\":\"fr-FR\"}]}<\/script>\n<!-- \/ Yoast SEO plugin. -->","yoast_head_json":{"title":"NEGRINI RECURVEBOGEN-K\u00d6CHER 4683 - POLYPROPYLEN L98XH25XD10 - Bogensportdiscount \u2013 B\u00f6gen, Pfeile, Targets &amp; Zubeh\u00f6r","description":"NEGRINI RECURVEBOGEN-K\u00d6CHER 4683 - POLYPROPYLEN L98XH25XD10 g\u00fcnstig kaufen bei Bogensportdiscount \u2013 Top-Marken, schneller Versand aus der Schweiz.","robots":{"index":"index","follow":"follow","max-snippet":"max-snippet:-1","max-image-preview":"max-image-preview:large","max-video-preview":"max-video-preview:-1"},"canonical":"https:\/\/bogensportdiscount.ch\/fr\/produit\/negrini-recurve-hartschalenkoffer-4683-polypropylen\/","og_locale":"fr_FR","og_type":"article","og_title":"NEGRINI RECURVEBOGEN-K\u00d6CHER 4683 - POLYPROPYLEN L98XH25XD10 - Bogensportdiscount \u2013 B\u00f6gen, Pfeile, Targets &amp; Zubeh\u00f6r","og_description":"NEGRINI RECURVEBOGEN-K\u00d6CHER 4683 - POLYPROPYLEN L98XH25XD10 g\u00fcnstig kaufen bei Bogensportdiscount \u2013 Top-Marken, schneller Versand aus der Schweiz.","og_url":"https:\/\/bogensportdiscount.ch\/fr\/produit\/negrini-recurve-hartschalenkoffer-4683-polypropylen\/","og_site_name":"Bogensportdiscount \u2013 B\u00f6gen, Pfeile, Targets &amp; Zubeh\u00f6r","article_modified_time":"2026-05-14T05:13:30+00:00","og_image":[{"width":399,"height":146,"url":"https:\/\/bogensportdiscount.ch\/wp-content\/uploads\/bsm-images\/a014806_1.jpg","type":"image\/jpeg"}],"twitter_card":"summary_large_image","schema":{"@context":"https:\/\/schema.org","@graph":[{"@type":"WebPage","@id":"https:\/\/bogensportdiscount.ch\/produkt\/negrini-recurve-hartschalenkoffer-4683-polypropylen\/","url":"https:\/\/bogensportdiscount.ch\/produkt\/negrini-recurve-hartschalenkoffer-4683-polypropylen\/","name":"NEGRINI RECURVEBOGEN-K\u00d6CHER 4683 - POLYPROPYLEN L98XH25XD10 - Bogensportdiscount \u2013 B\u00f6gen, Pfeile, Targets &amp; Zubeh\u00f6r","isPartOf":{"@id":"https:\/\/bogensportdiscount.ch\/#website"},"primaryImageOfPage":{"@id":"https:\/\/bogensportdiscount.ch\/produkt\/negrini-recurve-hartschalenkoffer-4683-polypropylen\/#primaryimage"},"image":{"@id":"https:\/\/bogensportdiscount.ch\/produkt\/negrini-recurve-hartschalenkoffer-4683-polypropylen\/#primaryimage"},"thumbnailUrl":"https:\/\/bogensportdiscount.ch\/wp-content\/uploads\/bsm-images\/a014806_1.jpg","datePublished":"2026-04-05T12:23:39+00:00","dateModified":"2026-05-14T05:13:30+00:00","description":"NEGRINI RECURVEBOGEN-K\u00d6CHER 4683 - POLYPROPYLEN L98XH25XD10 g\u00fcnstig kaufen bei Bogensportdiscount \u2013 Top-Marken, schneller Versand aus der Schweiz.","breadcrumb":{"@id":"https:\/\/bogensportdiscount.ch\/produkt\/negrini-recurve-hartschalenkoffer-4683-polypropylen\/#breadcrumb"},"inLanguage":"fr-FR","potentialAction":[{"@type":"ReadAction","target":["https:\/\/bogensportdiscount.ch\/produkt\/negrini-recurve-hartschalenkoffer-4683-polypropylen\/"]}]},{"@type":"ImageObject","inLanguage":"fr-FR","@id":"https:\/\/bogensportdiscount.ch\/produkt\/negrini-recurve-hartschalenkoffer-4683-polypropylen\/#primaryimage","url":"https:\/\/bogensportdiscount.ch\/wp-content\/uploads\/bsm-images\/a014806_1.jpg","contentUrl":"https:\/\/bogensportdiscount.ch\/wp-content\/uploads\/bsm-images\/a014806_1.jpg","width":399,"height":146},{"@type":"BreadcrumbList","@id":"https:\/\/bogensportdiscount.ch\/produkt\/negrini-recurve-hartschalenkoffer-4683-polypropylen\/#breadcrumb","itemListElement":[{"@type":"ListItem","position":1,"name":"Home","item":"https:\/\/bogensportdiscount.ch\/"},{"@type":"ListItem","position":2,"name":"Shop","item":"https:\/\/bogensportdiscount.ch\/shop\/"},{"@type":"ListItem","position":3,"name":"NEGRINI RECURVE CASES 4683 &#8211; POLYPROPYLENE L98XH25XD10"}]},{"@type":"WebSite","@id":"https:\/\/bogensportdiscount.ch\/#website","url":"https:\/\/bogensportdiscount.ch\/","name":"Bogensportdiscount","description":"","potentialAction":[{"@type":"SearchAction","target":{"@type":"EntryPoint","urlTemplate":"https:\/\/bogensportdiscount.ch\/?s={search_term_string}"},"query-input":{"@type":"PropertyValueSpecification","valueRequired":true,"valueName":"search_term_string"}}],"inLanguage":"fr-FR"}]}},"_links":{"self":[{"href":"https:\/\/bogensportdiscount.ch\/fr\/wp-json\/wp\/v2\/product\/391698","targetHints":{"allow":["GET"]}}],"collection":[{"href":"https:\/\/bogensportdiscount.ch\/fr\/wp-json\/wp\/v2\/product"}],"about":[{"href":"https:\/\/bogensportdiscount.ch\/fr\/wp-json\/wp\/v2\/types\/product"}],"replies":[{"embeddable":true,"href":"https:\/\/bogensportdiscount.ch\/fr\/wp-json\/wp\/v2\/comments?post=391698"}],"wp:featuredmedia":[{"embeddable":true,"href":"https:\/\/bogensportdiscount.ch\/fr\/wp-json\/wp\/v2\/media\/452318"}],"wp:attachment":[{"href":"https:\/\/bogensportdiscount.ch\/fr\/wp-json\/wp\/v2\/media?parent=391698"}],"wp:term":[{"taxonomy":"product_brand","embeddable":true,"href":"https:\/\/bogensportdiscount.ch\/fr\/wp-json\/wp\/v2\/product_brand?post=391698"},{"taxonomy":"product_cat","embeddable":true,"href":"https:\/\/bogensportdiscount.ch\/fr\/wp-json\/wp\/v2\/product_cat?post=391698"},{"taxonomy":"product_tag","embeddable":true,"href":"https:\/\/bogensportdiscount.ch\/fr\/wp-json\/wp\/v2\/product_tag?post=391698"}],"curies":[{"name":"wp","href":"https:\/\/api.w.org\/{rel}","templated":true}]}}