{"id":391687,"date":"2026-04-05T14:23:37","date_gmt":"2026-04-05T12:23:37","guid":{"rendered":"https:\/\/bogensportdiscount.ch\/produkt\/plano-easyview-archery-box-11-1-2-x-8-1-4-x-5\/"},"modified":"2026-05-14T07:13:30","modified_gmt":"2026-05-14T05:13:30","slug":"plano-easyview-bogensport-box-11x8x5","status":"publish","type":"product","link":"https:\/\/bogensportdiscount.ch\/fr\/produit\/plano-easyview-bogensport-box-11x8x5\/","title":{"rendered":"PLANO EASYVIEW BO\u00ceTE DE TIR \u00c0 L'ARC 11 1\/2&#8243; x 8 1\/4&#8243; x 5&#8243;"},"content":{"rendered":"<p>La PLANO Easyview Archery Box offre une solution de rangement pratique pour les accessoires de tir \u00e0 l'arc. Avec ses dimensions de 11\u00bd&#8220; x 8\u00bc&#8220; x 5&#8243; (env. 29 x 21 x 13 cm), la bo\u00eete offre suffisamment de place pour les petites pi\u00e8ces telles que les encoches, les pointes, les restes et autres accessoires de tir.<\/p>\n<p>La bo\u00eete appartient \u00e0 la gamme Easyview de PLANO, connue pour sa conception claire. Gr\u00e2ce au couvercle transparent, le contenu est visible d'un seul coup d'\u0153il, sans avoir \u00e0 ouvrir la bo\u00eete. La construction robuste prot\u00e8ge les accessoires de mani\u00e8re fiable contre les dommages.<\/p>\n<ul>\n<li>Dimensions compactes : 11\u00bd&#8220; x 8\u00bc&#8220; x 5&#8243; (env. 29 x 21 x 13 cm)<\/li>\n<li>Rangement organis\u00e9 des petits accessoires de tir \u00e0 l'arc<\/li>\n<li>Construction robuste pour une utilisation durable<\/li>\n<li>Acc\u00e8s facile au contenu<\/li>\n<\/ul>","protected":false},"excerpt":{"rendered":"<table>\n<tr>\n<th>Propri\u00e9t\u00e9<\/th>\n<th>Valeur<\/th>\n<\/tr>\n<tr>\n<td>Marque<\/td>\n<td>Plano<\/td>\n<\/tr>\n<tr>\n<td>Pays d'origine<\/td>\n<td>USA<\/td>\n<\/tr>\n<tr>\n<td>GTIN<\/td>\n<td>24099513487<\/td>\n<\/tr>\n<\/table>","protected":false},"featured_media":452312,"comment_status":"open","ping_status":"closed","template":"","meta":[],"product_brand":[807],"product_cat":[4124,4125,4126],"product_tag":[3546],"class_list":{"0":"post-391687","1":"product","2":"type-product","3":"status-publish","4":"has-post-thumbnail","6":"product_brand-plano","7":"product_cat-bogenschuetzer-ausruestung","8":"product_cat-taschen-koffer","9":"product_cat-huellen","10":"product_tag-neuheit","11":"product_shipping_class-bsd-standard","13":"first","14":"instock","15":"shipping-taxable","16":"purchasable","17":"product-type-simple"},"yoast_head":"<!-- This site is optimized with the Yoast SEO plugin v27.6 - https:\/\/yoast.com\/product\/yoast-seo-wordpress\/ -->\n<title>PLANO EASYVIEW BOGENSPORT BOX 11 1\/2&quot; x 8 1\/4&quot; x 5&quot; - Bogensportdiscount \u2013 B\u00f6gen, Pfeile, Targets &amp; Zubeh\u00f6r<\/title>\n<meta name=\"description\" content=\"PLANO EASYVIEW BOGENSPORT BOX 11 1\/2&quot; x 8 1\/4&quot; x 5&quot; g\u00fcnstig kaufen bei Bogensportdiscount \u2013 Top-Marken, schneller Versand aus der Schweiz.\" \/>\n<meta name=\"robots\" content=\"index, follow, max-snippet:-1, max-image-preview:large, max-video-preview:-1\" \/>\n<link rel=\"canonical\" href=\"https:\/\/bogensportdiscount.ch\/fr\/produit\/plano-easyview-bogensport-box-11x8x5\/\" \/>\n<meta property=\"og:locale\" content=\"fr_FR\" \/>\n<meta property=\"og:type\" content=\"article\" \/>\n<meta property=\"og:title\" content=\"PLANO EASYVIEW BOGENSPORT BOX 11 1\/2&quot; x 8 1\/4&quot; x 5&quot; - Bogensportdiscount \u2013 B\u00f6gen, Pfeile, Targets &amp; Zubeh\u00f6r\" \/>\n<meta property=\"og:description\" content=\"PLANO EASYVIEW BOGENSPORT BOX 11 1\/2&quot; x 8 1\/4&quot; x 5&quot; g\u00fcnstig kaufen bei Bogensportdiscount \u2013 Top-Marken, schneller Versand aus der Schweiz.\" \/>\n<meta property=\"og:url\" content=\"https:\/\/bogensportdiscount.ch\/fr\/produit\/plano-easyview-bogensport-box-11x8x5\/\" \/>\n<meta property=\"og:site_name\" content=\"Bogensportdiscount \u2013 B\u00f6gen, Pfeile, Targets &amp; Zubeh\u00f6r\" \/>\n<meta property=\"article:modified_time\" content=\"2026-05-14T05:13:30+00:00\" \/>\n<meta property=\"og:image\" content=\"https:\/\/bogensportdiscount.ch\/wp-content\/uploads\/bsm-images\/a014785_1.jpg\" \/>\n\t<meta property=\"og:image:width\" content=\"400\" \/>\n\t<meta property=\"og:image:height\" content=\"266\" \/>\n\t<meta property=\"og:image:type\" content=\"image\/jpeg\" \/>\n<meta name=\"twitter:card\" content=\"summary_large_image\" \/>\n<meta name=\"twitter:label1\" content=\"Dur\u00e9e de lecture estim\u00e9e\" \/>\n\t<meta name=\"twitter:data1\" content=\"1 minute\" \/>\n<script type=\"application\/ld+json\" class=\"yoast-schema-graph\">{\"@context\":\"https:\\\/\\\/schema.org\",\"@graph\":[{\"@type\":\"WebPage\",\"@id\":\"https:\\\/\\\/bogensportdiscount.ch\\\/produkt\\\/plano-easyview-bogensport-box-11x8x5\\\/\",\"url\":\"https:\\\/\\\/bogensportdiscount.ch\\\/produkt\\\/plano-easyview-bogensport-box-11x8x5\\\/\",\"name\":\"PLANO EASYVIEW BOGENSPORT BOX 11 1\\\/2\\\" x 8 1\\\/4\\\" x 5\\\" - Bogensportdiscount \u2013 B\u00f6gen, Pfeile, Targets &amp; Zubeh\u00f6r\",\"isPartOf\":{\"@id\":\"https:\\\/\\\/bogensportdiscount.ch\\\/#website\"},\"primaryImageOfPage\":{\"@id\":\"https:\\\/\\\/bogensportdiscount.ch\\\/produkt\\\/plano-easyview-bogensport-box-11x8x5\\\/#primaryimage\"},\"image\":{\"@id\":\"https:\\\/\\\/bogensportdiscount.ch\\\/produkt\\\/plano-easyview-bogensport-box-11x8x5\\\/#primaryimage\"},\"thumbnailUrl\":\"https:\\\/\\\/bogensportdiscount.ch\\\/wp-content\\\/uploads\\\/bsm-images\\\/a014785_1.jpg\",\"datePublished\":\"2026-04-05T12:23:37+00:00\",\"dateModified\":\"2026-05-14T05:13:30+00:00\",\"description\":\"PLANO EASYVIEW BOGENSPORT BOX 11 1\\\/2\\\" x 8 1\\\/4\\\" x 5\\\" g\u00fcnstig kaufen bei Bogensportdiscount \u2013 Top-Marken, schneller Versand aus der Schweiz.\",\"breadcrumb\":{\"@id\":\"https:\\\/\\\/bogensportdiscount.ch\\\/produkt\\\/plano-easyview-bogensport-box-11x8x5\\\/#breadcrumb\"},\"inLanguage\":\"fr-FR\",\"potentialAction\":[{\"@type\":\"ReadAction\",\"target\":[\"https:\\\/\\\/bogensportdiscount.ch\\\/produkt\\\/plano-easyview-bogensport-box-11x8x5\\\/\"]}]},{\"@type\":\"ImageObject\",\"inLanguage\":\"fr-FR\",\"@id\":\"https:\\\/\\\/bogensportdiscount.ch\\\/produkt\\\/plano-easyview-bogensport-box-11x8x5\\\/#primaryimage\",\"url\":\"https:\\\/\\\/bogensportdiscount.ch\\\/wp-content\\\/uploads\\\/bsm-images\\\/a014785_1.jpg\",\"contentUrl\":\"https:\\\/\\\/bogensportdiscount.ch\\\/wp-content\\\/uploads\\\/bsm-images\\\/a014785_1.jpg\",\"width\":400,\"height\":266},{\"@type\":\"BreadcrumbList\",\"@id\":\"https:\\\/\\\/bogensportdiscount.ch\\\/produkt\\\/plano-easyview-bogensport-box-11x8x5\\\/#breadcrumb\",\"itemListElement\":[{\"@type\":\"ListItem\",\"position\":1,\"name\":\"Home\",\"item\":\"https:\\\/\\\/bogensportdiscount.ch\\\/\"},{\"@type\":\"ListItem\",\"position\":2,\"name\":\"Shop\",\"item\":\"https:\\\/\\\/bogensportdiscount.ch\\\/shop\\\/\"},{\"@type\":\"ListItem\",\"position\":3,\"name\":\"PLANO EASYVIEW ARCHERY BOX 11 1\\\/2&#8243; x 8 1\\\/4&#8243; x 5&#8243;\"}]},{\"@type\":\"WebSite\",\"@id\":\"https:\\\/\\\/bogensportdiscount.ch\\\/#website\",\"url\":\"https:\\\/\\\/bogensportdiscount.ch\\\/\",\"name\":\"Bogensportdiscount\",\"description\":\"\",\"potentialAction\":[{\"@type\":\"SearchAction\",\"target\":{\"@type\":\"EntryPoint\",\"urlTemplate\":\"https:\\\/\\\/bogensportdiscount.ch\\\/?s={search_term_string}\"},\"query-input\":{\"@type\":\"PropertyValueSpecification\",\"valueRequired\":true,\"valueName\":\"search_term_string\"}}],\"inLanguage\":\"fr-FR\"}]}<\/script>\n<!-- \/ Yoast SEO plugin. -->","yoast_head_json":{"title":"PLANO EASYVIEW BOGENSPORT BOX 11 1\/2\" x 8 1\/4\" x 5\" - Bogensportdiscount \u2013 B\u00f6gen, Pfeile, Targets &amp; Zubeh\u00f6r","description":"PLANO EASYVIEW BOGENSPORT BOX 11 1\/2\" x 8 1\/4\" x 5\" g\u00fcnstig kaufen bei Bogensportdiscount \u2013 Top-Marken, schneller Versand aus der Schweiz.","robots":{"index":"index","follow":"follow","max-snippet":"max-snippet:-1","max-image-preview":"max-image-preview:large","max-video-preview":"max-video-preview:-1"},"canonical":"https:\/\/bogensportdiscount.ch\/fr\/produit\/plano-easyview-bogensport-box-11x8x5\/","og_locale":"fr_FR","og_type":"article","og_title":"PLANO EASYVIEW BOGENSPORT BOX 11 1\/2\" x 8 1\/4\" x 5\" - Bogensportdiscount \u2013 B\u00f6gen, Pfeile, Targets &amp; Zubeh\u00f6r","og_description":"PLANO EASYVIEW BOGENSPORT BOX 11 1\/2\" x 8 1\/4\" x 5\" g\u00fcnstig kaufen bei Bogensportdiscount \u2013 Top-Marken, schneller Versand aus der Schweiz.","og_url":"https:\/\/bogensportdiscount.ch\/fr\/produit\/plano-easyview-bogensport-box-11x8x5\/","og_site_name":"Bogensportdiscount \u2013 B\u00f6gen, Pfeile, Targets &amp; Zubeh\u00f6r","article_modified_time":"2026-05-14T05:13:30+00:00","og_image":[{"width":400,"height":266,"url":"https:\/\/bogensportdiscount.ch\/wp-content\/uploads\/bsm-images\/a014785_1.jpg","type":"image\/jpeg"}],"twitter_card":"summary_large_image","twitter_misc":{"Dur\u00e9e de lecture estim\u00e9e":"1 minute"},"schema":{"@context":"https:\/\/schema.org","@graph":[{"@type":"WebPage","@id":"https:\/\/bogensportdiscount.ch\/produkt\/plano-easyview-bogensport-box-11x8x5\/","url":"https:\/\/bogensportdiscount.ch\/produkt\/plano-easyview-bogensport-box-11x8x5\/","name":"PLANO EASYVIEW BOGENSPORT BOX 11 1\/2\" x 8 1\/4\" x 5\" - Bogensportdiscount \u2013 B\u00f6gen, Pfeile, Targets &amp; Zubeh\u00f6r","isPartOf":{"@id":"https:\/\/bogensportdiscount.ch\/#website"},"primaryImageOfPage":{"@id":"https:\/\/bogensportdiscount.ch\/produkt\/plano-easyview-bogensport-box-11x8x5\/#primaryimage"},"image":{"@id":"https:\/\/bogensportdiscount.ch\/produkt\/plano-easyview-bogensport-box-11x8x5\/#primaryimage"},"thumbnailUrl":"https:\/\/bogensportdiscount.ch\/wp-content\/uploads\/bsm-images\/a014785_1.jpg","datePublished":"2026-04-05T12:23:37+00:00","dateModified":"2026-05-14T05:13:30+00:00","description":"PLANO EASYVIEW BOGENSPORT BOX 11 1\/2\" x 8 1\/4\" x 5\" g\u00fcnstig kaufen bei Bogensportdiscount \u2013 Top-Marken, schneller Versand aus der Schweiz.","breadcrumb":{"@id":"https:\/\/bogensportdiscount.ch\/produkt\/plano-easyview-bogensport-box-11x8x5\/#breadcrumb"},"inLanguage":"fr-FR","potentialAction":[{"@type":"ReadAction","target":["https:\/\/bogensportdiscount.ch\/produkt\/plano-easyview-bogensport-box-11x8x5\/"]}]},{"@type":"ImageObject","inLanguage":"fr-FR","@id":"https:\/\/bogensportdiscount.ch\/produkt\/plano-easyview-bogensport-box-11x8x5\/#primaryimage","url":"https:\/\/bogensportdiscount.ch\/wp-content\/uploads\/bsm-images\/a014785_1.jpg","contentUrl":"https:\/\/bogensportdiscount.ch\/wp-content\/uploads\/bsm-images\/a014785_1.jpg","width":400,"height":266},{"@type":"BreadcrumbList","@id":"https:\/\/bogensportdiscount.ch\/produkt\/plano-easyview-bogensport-box-11x8x5\/#breadcrumb","itemListElement":[{"@type":"ListItem","position":1,"name":"Home","item":"https:\/\/bogensportdiscount.ch\/"},{"@type":"ListItem","position":2,"name":"Shop","item":"https:\/\/bogensportdiscount.ch\/shop\/"},{"@type":"ListItem","position":3,"name":"PLANO EASYVIEW ARCHERY BOX 11 1\/2&#8243; x 8 1\/4&#8243; x 5&#8243;"}]},{"@type":"WebSite","@id":"https:\/\/bogensportdiscount.ch\/#website","url":"https:\/\/bogensportdiscount.ch\/","name":"Bogensportdiscount","description":"","potentialAction":[{"@type":"SearchAction","target":{"@type":"EntryPoint","urlTemplate":"https:\/\/bogensportdiscount.ch\/?s={search_term_string}"},"query-input":{"@type":"PropertyValueSpecification","valueRequired":true,"valueName":"search_term_string"}}],"inLanguage":"fr-FR"}]}},"_links":{"self":[{"href":"https:\/\/bogensportdiscount.ch\/fr\/wp-json\/wp\/v2\/product\/391687","targetHints":{"allow":["GET"]}}],"collection":[{"href":"https:\/\/bogensportdiscount.ch\/fr\/wp-json\/wp\/v2\/product"}],"about":[{"href":"https:\/\/bogensportdiscount.ch\/fr\/wp-json\/wp\/v2\/types\/product"}],"replies":[{"embeddable":true,"href":"https:\/\/bogensportdiscount.ch\/fr\/wp-json\/wp\/v2\/comments?post=391687"}],"wp:featuredmedia":[{"embeddable":true,"href":"https:\/\/bogensportdiscount.ch\/fr\/wp-json\/wp\/v2\/media\/452312"}],"wp:attachment":[{"href":"https:\/\/bogensportdiscount.ch\/fr\/wp-json\/wp\/v2\/media?parent=391687"}],"wp:term":[{"taxonomy":"product_brand","embeddable":true,"href":"https:\/\/bogensportdiscount.ch\/fr\/wp-json\/wp\/v2\/product_brand?post=391687"},{"taxonomy":"product_cat","embeddable":true,"href":"https:\/\/bogensportdiscount.ch\/fr\/wp-json\/wp\/v2\/product_cat?post=391687"},{"taxonomy":"product_tag","embeddable":true,"href":"https:\/\/bogensportdiscount.ch\/fr\/wp-json\/wp\/v2\/product_tag?post=391687"}],"curies":[{"name":"wp","href":"https:\/\/api.w.org\/{rel}","templated":true}]}}