{"id":391686,"date":"2026-04-05T14:23:37","date_gmt":"2026-04-05T12:23:37","guid":{"rendered":"https:\/\/bogensportdiscount.ch\/produkt\/mission-yokes-mxb-360-unit\/"},"modified":"2026-04-15T12:10:16","modified_gmt":"2026-04-15T10:10:16","slug":"mission-gabelschnuere-mxb-360-unit","status":"publish","type":"product","link":"https:\/\/bogensportdiscount.ch\/fr\/produit\/mission-gabelschnuere-mxb-360-unit\/","title":{"rendered":"MISSION YOKES MXB 360 UNIT"},"content":{"rendered":"<p>Die Mission Gabelschn\u00fcre f\u00fcr die MXB 360 sind als vollst\u00e4ndige Ersatzeinheit erh\u00e4ltlich und speziell auf diese Compound-Armbrust abgestimmt. Gabelschn\u00fcre (Yokes) verbinden die Sehne mit den Cams und sind ein wichtiges Element im Kabelsystem einer Compound-Armbrust.<\/p>\n<p>Ein regelm\u00e4ssiger Austausch der Gabelschn\u00fcre tr\u00e4gt zur Erhaltung der Leistung und Genauigkeit der Armbrust bei. Originale Ersatzteile von Mission stellen sicher, dass die Abstimmung des Kabel- und Sehnensystems erhalten bleibt.<\/p>\n<ul>\n<li>Passend f\u00fcr die Mission MXB 360 Compound-Armbrust<\/li>\n<li>Als komplette Unit geliefert<\/li>\n<li>Originales Ersatzteil f\u00fcr pr\u00e4zise Passform<\/li>\n<li>Wichtiger Bestandteil des Kabelsystems<\/li>\n<\/ul>","protected":false},"excerpt":{"rendered":"<p><strong>Marque :<\/strong> Mission<\/p>","protected":false},"featured_media":453631,"comment_status":"open","ping_status":"closed","template":"","meta":[],"product_brand":[610],"product_cat":[4175],"product_tag":[3546],"class_list":{"0":"post-391686","1":"product","2":"type-product","3":"status-publish","4":"has-post-thumbnail","6":"product_brand-mission","7":"product_cat-compound-strings-cables","8":"product_tag-neuheit","10":"first","11":"instock","12":"shipping-taxable","13":"purchasable","14":"product-type-simple"},"_links":{"self":[{"href":"https:\/\/bogensportdiscount.ch\/fr\/wp-json\/wp\/v2\/product\/391686","targetHints":{"allow":["GET"]}}],"collection":[{"href":"https:\/\/bogensportdiscount.ch\/fr\/wp-json\/wp\/v2\/product"}],"about":[{"href":"https:\/\/bogensportdiscount.ch\/fr\/wp-json\/wp\/v2\/types\/product"}],"replies":[{"embeddable":true,"href":"https:\/\/bogensportdiscount.ch\/fr\/wp-json\/wp\/v2\/comments?post=391686"}],"wp:featuredmedia":[{"embeddable":true,"href":"https:\/\/bogensportdiscount.ch\/fr\/wp-json\/wp\/v2\/media\/453631"}],"wp:attachment":[{"href":"https:\/\/bogensportdiscount.ch\/fr\/wp-json\/wp\/v2\/media?parent=391686"}],"wp:term":[{"taxonomy":"product_brand","embeddable":true,"href":"https:\/\/bogensportdiscount.ch\/fr\/wp-json\/wp\/v2\/product_brand?post=391686"},{"taxonomy":"product_cat","embeddable":true,"href":"https:\/\/bogensportdiscount.ch\/fr\/wp-json\/wp\/v2\/product_cat?post=391686"},{"taxonomy":"product_tag","embeddable":true,"href":"https:\/\/bogensportdiscount.ch\/fr\/wp-json\/wp\/v2\/product_tag?post=391686"}],"curies":[{"name":"wp","href":"https:\/\/api.w.org\/{rel}","templated":true}]}}