{"id":391681,"date":"2026-04-05T14:23:36","date_gmt":"2026-04-05T12:23:36","guid":{"rendered":"https:\/\/bogensportdiscount.ch\/produkt\/ek-poelang-crs-029-cables-for-cr-011-cheetah-pair\/"},"modified":"2026-05-14T07:13:30","modified_gmt":"2026-05-14T05:13:30","slug":"ek-poelang-armbrust-kabel-crs-029-fuer-cr-011-cheetah-paar","status":"publish","type":"product","link":"https:\/\/bogensportdiscount.ch\/fr\/produit\/ek-poelang-armbrust-kabel-crs-029-fuer-cr-011-cheetah-paar\/","title":{"rendered":"EK POELANG CRS-029 CORDES POUR CR-011 CHEETAH PAIRE"},"content":{"rendered":"<p>Les c\u00e2bles EK Poelang CRS-029 sont des c\u00e2bles de remplacement d'origine pour l'arbal\u00e8te \u00e0 poulies CR-011 Cheetah. Ils sont livr\u00e9s en paire et sont sp\u00e9cialement adapt\u00e9s aux exigences techniques de ce mod\u00e8le d'arbal\u00e8te.<\/p>\n<p>Un remplacement r\u00e9gulier des c\u00e2bles et des cordes est important pour les arbal\u00e8tes \u00e0 poulies afin de garantir des performances de tir constantes et la s\u00e9curit\u00e9 de fonctionnement. Ces c\u00e2bles sont con\u00e7us comme remplacement direct du syst\u00e8me de c\u00e2bles d'origine de la CR-011 Cheetah.<\/p>\n<ul>\n<li>C\u00e2bles de remplacement d'origine pour EK Poelang CR-011 Cheetah<\/li>\n<li>Mod\u00e8le : CRS-029<\/li>\n<li>Contenu de la livraison : 1 paire (2 c\u00e2bles)<\/li>\n<li>Ajustement parfait pour le syst\u00e8me \u00e0 poulies de la Cheetah<\/li>\n<\/ul>","protected":false},"excerpt":{"rendered":"<table>\n<tr>\n<th>Propri\u00e9t\u00e9<\/th>\n<th>Valeur<\/th>\n<\/tr>\n<tr>\n<td>Marque<\/td>\n<td>EK &#8211; Poelang<\/td>\n<\/tr>\n<tr>\n<td>Pays d'origine<\/td>\n<td>Taiwan<\/td>\n<\/tr>\n<\/table>","protected":false},"featured_media":446929,"comment_status":"open","ping_status":"closed","template":"","meta":[],"product_brand":[471],"product_cat":[4135,4174,4175],"product_tag":[3546],"class_list":{"0":"post-391681","1":"product","2":"type-product","3":"status-publish","4":"has-post-thumbnail","6":"product_brand-ekpoelang","7":"product_cat-armbrust-zubehoer","8":"product_cat-sehnen-kabel","9":"product_cat-compound-sehnen-kabel","10":"product_tag-neuheit","11":"product_shipping_class-bsd-standard","13":"first","14":"instock","15":"shipping-taxable","16":"purchasable","17":"product-type-simple"},"yoast_head":"<!-- This site is optimized with the Yoast SEO plugin v27.6 - https:\/\/yoast.com\/product\/yoast-seo-wordpress\/ -->\n<title>EK POELANG CRS-029 SEHNEN F\u00dcR CR-011 CHEETAH PAAR - Bogensportdiscount \u2013 B\u00f6gen, Pfeile, Targets &amp; Zubeh\u00f6r<\/title>\n<meta name=\"description\" content=\"EK POELANG CRS-029 SEHNEN F\u00dcR CR-011 CHEETAH PAAR g\u00fcnstig kaufen bei Bogensportdiscount \u2013 Top-Marken, schneller Versand aus der Schweiz.\" \/>\n<meta name=\"robots\" content=\"index, follow, max-snippet:-1, max-image-preview:large, max-video-preview:-1\" \/>\n<link rel=\"canonical\" href=\"https:\/\/bogensportdiscount.ch\/fr\/produit\/ek-poelang-armbrust-kabel-crs-029-fuer-cr-011-cheetah-paar\/\" \/>\n<meta property=\"og:locale\" content=\"fr_FR\" \/>\n<meta property=\"og:type\" content=\"article\" \/>\n<meta property=\"og:title\" content=\"EK POELANG CRS-029 SEHNEN F\u00dcR CR-011 CHEETAH PAAR - Bogensportdiscount \u2013 B\u00f6gen, Pfeile, Targets &amp; Zubeh\u00f6r\" \/>\n<meta property=\"og:description\" content=\"EK POELANG CRS-029 SEHNEN F\u00dcR CR-011 CHEETAH PAAR g\u00fcnstig kaufen bei Bogensportdiscount \u2013 Top-Marken, schneller Versand aus der Schweiz.\" \/>\n<meta property=\"og:url\" content=\"https:\/\/bogensportdiscount.ch\/fr\/produit\/ek-poelang-armbrust-kabel-crs-029-fuer-cr-011-cheetah-paar\/\" \/>\n<meta property=\"og:site_name\" content=\"Bogensportdiscount \u2013 B\u00f6gen, Pfeile, Targets &amp; Zubeh\u00f6r\" \/>\n<meta property=\"article:modified_time\" content=\"2026-05-14T05:13:30+00:00\" \/>\n<meta property=\"og:image\" content=\"https:\/\/bogensportdiscount.ch\/wp-content\/uploads\/bsm-images\/A014725_1.png\" \/>\n\t<meta property=\"og:image:width\" content=\"716\" \/>\n\t<meta property=\"og:image:height\" content=\"1396\" \/>\n\t<meta property=\"og:image:type\" content=\"image\/png\" \/>\n<meta name=\"twitter:card\" content=\"summary_large_image\" \/>\n<script type=\"application\/ld+json\" class=\"yoast-schema-graph\">{\"@context\":\"https:\\\/\\\/schema.org\",\"@graph\":[{\"@type\":\"WebPage\",\"@id\":\"https:\\\/\\\/bogensportdiscount.ch\\\/produkt\\\/ek-poelang-armbrust-kabel-crs-029-fuer-cr-011-cheetah-paar\\\/\",\"url\":\"https:\\\/\\\/bogensportdiscount.ch\\\/produkt\\\/ek-poelang-armbrust-kabel-crs-029-fuer-cr-011-cheetah-paar\\\/\",\"name\":\"EK POELANG CRS-029 SEHNEN F\u00dcR CR-011 CHEETAH PAAR - Bogensportdiscount \u2013 B\u00f6gen, Pfeile, Targets &amp; Zubeh\u00f6r\",\"isPartOf\":{\"@id\":\"https:\\\/\\\/bogensportdiscount.ch\\\/#website\"},\"primaryImageOfPage\":{\"@id\":\"https:\\\/\\\/bogensportdiscount.ch\\\/produkt\\\/ek-poelang-armbrust-kabel-crs-029-fuer-cr-011-cheetah-paar\\\/#primaryimage\"},\"image\":{\"@id\":\"https:\\\/\\\/bogensportdiscount.ch\\\/produkt\\\/ek-poelang-armbrust-kabel-crs-029-fuer-cr-011-cheetah-paar\\\/#primaryimage\"},\"thumbnailUrl\":\"https:\\\/\\\/bogensportdiscount.ch\\\/wp-content\\\/uploads\\\/bsm-images\\\/A014725_1.png\",\"datePublished\":\"2026-04-05T12:23:36+00:00\",\"dateModified\":\"2026-05-14T05:13:30+00:00\",\"description\":\"EK POELANG CRS-029 SEHNEN F\u00dcR CR-011 CHEETAH PAAR g\u00fcnstig kaufen bei Bogensportdiscount \u2013 Top-Marken, schneller Versand aus der Schweiz.\",\"breadcrumb\":{\"@id\":\"https:\\\/\\\/bogensportdiscount.ch\\\/produkt\\\/ek-poelang-armbrust-kabel-crs-029-fuer-cr-011-cheetah-paar\\\/#breadcrumb\"},\"inLanguage\":\"fr-FR\",\"potentialAction\":[{\"@type\":\"ReadAction\",\"target\":[\"https:\\\/\\\/bogensportdiscount.ch\\\/produkt\\\/ek-poelang-armbrust-kabel-crs-029-fuer-cr-011-cheetah-paar\\\/\"]}]},{\"@type\":\"ImageObject\",\"inLanguage\":\"fr-FR\",\"@id\":\"https:\\\/\\\/bogensportdiscount.ch\\\/produkt\\\/ek-poelang-armbrust-kabel-crs-029-fuer-cr-011-cheetah-paar\\\/#primaryimage\",\"url\":\"https:\\\/\\\/bogensportdiscount.ch\\\/wp-content\\\/uploads\\\/bsm-images\\\/A014725_1.png\",\"contentUrl\":\"https:\\\/\\\/bogensportdiscount.ch\\\/wp-content\\\/uploads\\\/bsm-images\\\/A014725_1.png\",\"width\":716,\"height\":1396},{\"@type\":\"BreadcrumbList\",\"@id\":\"https:\\\/\\\/bogensportdiscount.ch\\\/produkt\\\/ek-poelang-armbrust-kabel-crs-029-fuer-cr-011-cheetah-paar\\\/#breadcrumb\",\"itemListElement\":[{\"@type\":\"ListItem\",\"position\":1,\"name\":\"Home\",\"item\":\"https:\\\/\\\/bogensportdiscount.ch\\\/\"},{\"@type\":\"ListItem\",\"position\":2,\"name\":\"Shop\",\"item\":\"https:\\\/\\\/bogensportdiscount.ch\\\/shop\\\/\"},{\"@type\":\"ListItem\",\"position\":3,\"name\":\"EK POELANG CRS-029 CABLES FOR CR-011 CHEETAH PAIR\"}]},{\"@type\":\"WebSite\",\"@id\":\"https:\\\/\\\/bogensportdiscount.ch\\\/#website\",\"url\":\"https:\\\/\\\/bogensportdiscount.ch\\\/\",\"name\":\"Bogensportdiscount\",\"description\":\"\",\"potentialAction\":[{\"@type\":\"SearchAction\",\"target\":{\"@type\":\"EntryPoint\",\"urlTemplate\":\"https:\\\/\\\/bogensportdiscount.ch\\\/?s={search_term_string}\"},\"query-input\":{\"@type\":\"PropertyValueSpecification\",\"valueRequired\":true,\"valueName\":\"search_term_string\"}}],\"inLanguage\":\"fr-FR\"}]}<\/script>\n<!-- \/ Yoast SEO plugin. -->","yoast_head_json":{"title":"EK POELANG CRS-029 SEHNEN F\u00dcR CR-011 CHEETAH PAAR - Bogensportdiscount \u2013 B\u00f6gen, Pfeile, Targets &amp; Zubeh\u00f6r","description":"EK POELANG CRS-029 SEHNEN F\u00dcR CR-011 CHEETAH PAAR g\u00fcnstig kaufen bei Bogensportdiscount \u2013 Top-Marken, schneller Versand aus der Schweiz.","robots":{"index":"index","follow":"follow","max-snippet":"max-snippet:-1","max-image-preview":"max-image-preview:large","max-video-preview":"max-video-preview:-1"},"canonical":"https:\/\/bogensportdiscount.ch\/fr\/produit\/ek-poelang-armbrust-kabel-crs-029-fuer-cr-011-cheetah-paar\/","og_locale":"fr_FR","og_type":"article","og_title":"EK POELANG CRS-029 SEHNEN F\u00dcR CR-011 CHEETAH PAAR - Bogensportdiscount \u2013 B\u00f6gen, Pfeile, Targets &amp; Zubeh\u00f6r","og_description":"EK POELANG CRS-029 SEHNEN F\u00dcR CR-011 CHEETAH PAAR g\u00fcnstig kaufen bei Bogensportdiscount \u2013 Top-Marken, schneller Versand aus der Schweiz.","og_url":"https:\/\/bogensportdiscount.ch\/fr\/produit\/ek-poelang-armbrust-kabel-crs-029-fuer-cr-011-cheetah-paar\/","og_site_name":"Bogensportdiscount \u2013 B\u00f6gen, Pfeile, Targets &amp; Zubeh\u00f6r","article_modified_time":"2026-05-14T05:13:30+00:00","og_image":[{"width":716,"height":1396,"url":"https:\/\/bogensportdiscount.ch\/wp-content\/uploads\/bsm-images\/A014725_1.png","type":"image\/png"}],"twitter_card":"summary_large_image","schema":{"@context":"https:\/\/schema.org","@graph":[{"@type":"WebPage","@id":"https:\/\/bogensportdiscount.ch\/produkt\/ek-poelang-armbrust-kabel-crs-029-fuer-cr-011-cheetah-paar\/","url":"https:\/\/bogensportdiscount.ch\/produkt\/ek-poelang-armbrust-kabel-crs-029-fuer-cr-011-cheetah-paar\/","name":"EK POELANG CRS-029 SEHNEN F\u00dcR CR-011 CHEETAH PAAR - Bogensportdiscount \u2013 B\u00f6gen, Pfeile, Targets &amp; Zubeh\u00f6r","isPartOf":{"@id":"https:\/\/bogensportdiscount.ch\/#website"},"primaryImageOfPage":{"@id":"https:\/\/bogensportdiscount.ch\/produkt\/ek-poelang-armbrust-kabel-crs-029-fuer-cr-011-cheetah-paar\/#primaryimage"},"image":{"@id":"https:\/\/bogensportdiscount.ch\/produkt\/ek-poelang-armbrust-kabel-crs-029-fuer-cr-011-cheetah-paar\/#primaryimage"},"thumbnailUrl":"https:\/\/bogensportdiscount.ch\/wp-content\/uploads\/bsm-images\/A014725_1.png","datePublished":"2026-04-05T12:23:36+00:00","dateModified":"2026-05-14T05:13:30+00:00","description":"EK POELANG CRS-029 SEHNEN F\u00dcR CR-011 CHEETAH PAAR g\u00fcnstig kaufen bei Bogensportdiscount \u2013 Top-Marken, schneller Versand aus der Schweiz.","breadcrumb":{"@id":"https:\/\/bogensportdiscount.ch\/produkt\/ek-poelang-armbrust-kabel-crs-029-fuer-cr-011-cheetah-paar\/#breadcrumb"},"inLanguage":"fr-FR","potentialAction":[{"@type":"ReadAction","target":["https:\/\/bogensportdiscount.ch\/produkt\/ek-poelang-armbrust-kabel-crs-029-fuer-cr-011-cheetah-paar\/"]}]},{"@type":"ImageObject","inLanguage":"fr-FR","@id":"https:\/\/bogensportdiscount.ch\/produkt\/ek-poelang-armbrust-kabel-crs-029-fuer-cr-011-cheetah-paar\/#primaryimage","url":"https:\/\/bogensportdiscount.ch\/wp-content\/uploads\/bsm-images\/A014725_1.png","contentUrl":"https:\/\/bogensportdiscount.ch\/wp-content\/uploads\/bsm-images\/A014725_1.png","width":716,"height":1396},{"@type":"BreadcrumbList","@id":"https:\/\/bogensportdiscount.ch\/produkt\/ek-poelang-armbrust-kabel-crs-029-fuer-cr-011-cheetah-paar\/#breadcrumb","itemListElement":[{"@type":"ListItem","position":1,"name":"Home","item":"https:\/\/bogensportdiscount.ch\/"},{"@type":"ListItem","position":2,"name":"Shop","item":"https:\/\/bogensportdiscount.ch\/shop\/"},{"@type":"ListItem","position":3,"name":"EK POELANG CRS-029 CABLES FOR CR-011 CHEETAH PAIR"}]},{"@type":"WebSite","@id":"https:\/\/bogensportdiscount.ch\/#website","url":"https:\/\/bogensportdiscount.ch\/","name":"Bogensportdiscount","description":"","potentialAction":[{"@type":"SearchAction","target":{"@type":"EntryPoint","urlTemplate":"https:\/\/bogensportdiscount.ch\/?s={search_term_string}"},"query-input":{"@type":"PropertyValueSpecification","valueRequired":true,"valueName":"search_term_string"}}],"inLanguage":"fr-FR"}]}},"_links":{"self":[{"href":"https:\/\/bogensportdiscount.ch\/fr\/wp-json\/wp\/v2\/product\/391681","targetHints":{"allow":["GET"]}}],"collection":[{"href":"https:\/\/bogensportdiscount.ch\/fr\/wp-json\/wp\/v2\/product"}],"about":[{"href":"https:\/\/bogensportdiscount.ch\/fr\/wp-json\/wp\/v2\/types\/product"}],"replies":[{"embeddable":true,"href":"https:\/\/bogensportdiscount.ch\/fr\/wp-json\/wp\/v2\/comments?post=391681"}],"wp:featuredmedia":[{"embeddable":true,"href":"https:\/\/bogensportdiscount.ch\/fr\/wp-json\/wp\/v2\/media\/446929"}],"wp:attachment":[{"href":"https:\/\/bogensportdiscount.ch\/fr\/wp-json\/wp\/v2\/media?parent=391681"}],"wp:term":[{"taxonomy":"product_brand","embeddable":true,"href":"https:\/\/bogensportdiscount.ch\/fr\/wp-json\/wp\/v2\/product_brand?post=391681"},{"taxonomy":"product_cat","embeddable":true,"href":"https:\/\/bogensportdiscount.ch\/fr\/wp-json\/wp\/v2\/product_cat?post=391681"},{"taxonomy":"product_tag","embeddable":true,"href":"https:\/\/bogensportdiscount.ch\/fr\/wp-json\/wp\/v2\/product_tag?post=391681"}],"curies":[{"name":"wp","href":"https:\/\/api.w.org\/{rel}","templated":true}]}}