{"id":391678,"date":"2026-04-05T14:23:36","date_gmt":"2026-04-05T12:23:36","guid":{"rendered":"https:\/\/bogensportdiscount.ch\/produkt\/barnett-crosswire-bcx-365-set-of-2-cables-for-crossbows\/"},"modified":"2026-04-16T12:53:35","modified_gmt":"2026-04-16T10:53:35","slug":"barnett-compound-armbrustkabel-bcx-365-2er-set","status":"publish","type":"product","link":"https:\/\/bogensportdiscount.ch\/fr\/produit\/barnett-compound-armbrustkabel-bcx-365-2er-set\/","title":{"rendered":"BARNETT CROSSWIRE \u201aBCX 365\u2018 SET OF 2 CABLES FOR CROSSBOWS"},"content":{"rendered":"<p>Dieses 2er-Set Crosswire-Kabel von Barnett ist als Ersatz f\u00fcr die BCX 365 Compound-Armbrust konzipiert. Kabel sind ein sicherheitsrelevantes Bauteil und sollten regelm\u00e4ssig auf Verschleiss gepr\u00fcft und bei Bedarf ausgetauscht werden.<\/p>\n<p>Durch die Verwendung von original Barnett Ersatzkabeln wird sichergestellt, dass die Armbrust innerhalb der Herstellerspezifikationen betrieben wird. Das Set enth\u00e4lt beide ben\u00f6tigten Kabel f\u00fcr den vollst\u00e4ndigen Austausch.<\/p>\n<ul>\n<li>Passend f\u00fcr Barnett BCX 365 Compound-Armbrust<\/li>\n<li>Set mit 2 Kabeln<\/li>\n<li>Original Barnett Ersatzteil<\/li>\n<li>Sicherheitsrelevantes Bauteil \u2013 auf korrekten Einbau achten<\/li>\n<\/ul>","protected":false},"excerpt":{"rendered":"<p><strong>Marque :<\/strong> Barnett<\/p>","protected":false},"featured_media":448019,"comment_status":"open","ping_status":"closed","template":"","meta":[],"product_brand":[421],"product_cat":[4175],"product_tag":[3546],"class_list":{"0":"post-391678","1":"product","2":"type-product","3":"status-publish","4":"has-post-thumbnail","6":"product_brand-barnett","7":"product_cat-compound-strings-cables","8":"product_tag-neuheit","10":"first","11":"instock","12":"shipping-taxable","13":"purchasable","14":"product-type-simple"},"_links":{"self":[{"href":"https:\/\/bogensportdiscount.ch\/fr\/wp-json\/wp\/v2\/product\/391678","targetHints":{"allow":["GET"]}}],"collection":[{"href":"https:\/\/bogensportdiscount.ch\/fr\/wp-json\/wp\/v2\/product"}],"about":[{"href":"https:\/\/bogensportdiscount.ch\/fr\/wp-json\/wp\/v2\/types\/product"}],"replies":[{"embeddable":true,"href":"https:\/\/bogensportdiscount.ch\/fr\/wp-json\/wp\/v2\/comments?post=391678"}],"wp:featuredmedia":[{"embeddable":true,"href":"https:\/\/bogensportdiscount.ch\/fr\/wp-json\/wp\/v2\/media\/448019"}],"wp:attachment":[{"href":"https:\/\/bogensportdiscount.ch\/fr\/wp-json\/wp\/v2\/media?parent=391678"}],"wp:term":[{"taxonomy":"product_brand","embeddable":true,"href":"https:\/\/bogensportdiscount.ch\/fr\/wp-json\/wp\/v2\/product_brand?post=391678"},{"taxonomy":"product_cat","embeddable":true,"href":"https:\/\/bogensportdiscount.ch\/fr\/wp-json\/wp\/v2\/product_cat?post=391678"},{"taxonomy":"product_tag","embeddable":true,"href":"https:\/\/bogensportdiscount.ch\/fr\/wp-json\/wp\/v2\/product_tag?post=391678"}],"curies":[{"name":"wp","href":"https:\/\/api.w.org\/{rel}","templated":true}]}}