{"id":391675,"date":"2026-04-05T14:23:35","date_gmt":"2026-04-05T12:23:35","guid":{"rendered":"https:\/\/bogensportdiscount.ch\/produkt\/barnett-crosswire-zombie-350-set-of-2-cables-for-crossbows\/"},"modified":"2026-04-19T11:42:05","modified_gmt":"2026-04-19T09:42:05","slug":"barnett-crossbow-sehnen-crosswire-zombie-350-2er-set","status":"publish","type":"product","link":"https:\/\/bogensportdiscount.ch\/fr\/produit\/barnett-crossbow-sehnen-crosswire-zombie-350-2er-set\/","title":{"rendered":"BARNETT CROSSWIRE &#8218;ZOMBIE 350&#8216; SET VON 2 KABELN FUER ARMBRUESTE"},"content":{"rendered":"<p>Le Barnett Crosswire Zombie 350 est un lot de 2 cordes de rechange de haute qualit\u00e9 pour arbal\u00e8tes. Ces cordes sont sp\u00e9cialement con\u00e7ues pour \u00eatre compatibles avec les mod\u00e8les d&#x27;arbal\u00e8tes Barnett et offrent des performances et une fiabilit\u00e9 optimales.<\/p>\n<p>Les cordes sont fabriqu\u00e9es dans des mat\u00e9riaux r\u00e9sistants, con\u00e7us pour offrir une tension constante et une longue dur\u00e9e de vie. Le lot de 2 te permet d&#x27;avoir toujours une corde de rechange sous la main, afin de r\u00e9duire au minimum les temps d&#x27;arr\u00eat.<\/p>","protected":false},"excerpt":{"rendered":"<table>\n<tr>\n<th>Propri\u00e9t\u00e9<\/th>\n<th>Valeur<\/th>\n<\/tr>\n<tr>\n<td>Marque<\/td>\n<td>Barnett<\/td>\n<\/tr>\n<tr>\n<td>Mod\u00e8le<\/td>\n<td>Crosswire Zombie 350<\/td>\n<\/tr>\n<tr>\n<td>Contenu<\/td>\n<td>Lot de 2<\/td>\n<\/tr>\n<tr>\n<td>Pays d'origine<\/td>\n<td>USA<\/td>\n<\/tr>\n<\/table>","protected":false},"featured_media":452311,"comment_status":"open","ping_status":"closed","template":"","meta":[],"product_brand":[421],"product_cat":[4175],"product_tag":[3546],"class_list":{"0":"post-391675","1":"product","2":"type-product","3":"status-publish","4":"has-post-thumbnail","6":"product_brand-barnett","7":"product_cat-compound-strings-cables","8":"product_tag-neuheit","10":"first","11":"instock","12":"shipping-taxable","13":"purchasable","14":"product-type-simple"},"yoast_head":"<!-- This site is optimized with the Yoast SEO plugin v27.4 - https:\/\/yoast.com\/product\/yoast-seo-wordpress\/ -->\n<title>BARNETT CROSSWIRE &#039;ZOMBIE 350&#039; SET VON 2 KABELN FUER ARMBRUESTE - Bogensportdiscount \u2013 B\u00f6gen, Pfeile, Targets &amp; Zubeh\u00f6r<\/title>\n<meta name=\"robots\" content=\"noindex, follow, max-snippet:-1, max-image-preview:large, max-video-preview:-1\" \/>\n<meta property=\"og:locale\" content=\"fr_FR\" \/>\n<meta property=\"og:type\" content=\"article\" \/>\n<meta property=\"og:title\" content=\"BARNETT CROSSWIRE &#039;ZOMBIE 350&#039; SET VON 2 KABELN FUER ARMBRUESTE - Bogensportdiscount \u2013 B\u00f6gen, Pfeile, Targets &amp; Zubeh\u00f6r\" \/>\n<meta property=\"og:description\" content=\"EigenschaftWertMarkeBarnettModellCrosswire Zombie 350Inhalt2er SetHerkunftslandUSA\" \/>\n<meta property=\"og:url\" content=\"https:\/\/bogensportdiscount.ch\/fr\/prodotto\/barnett-crossbow-sehnen-crosswire-zombie-350-2er-set\/\" \/>\n<meta property=\"og:site_name\" content=\"Bogensportdiscount \u2013 B\u00f6gen, Pfeile, Targets &amp; Zubeh\u00f6r\" \/>\n<meta property=\"article:modified_time\" content=\"2026-04-19T09:42:05+00:00\" \/>\n<meta property=\"og:image\" content=\"https:\/\/bogensportdiscount.ch\/wp-content\/uploads\/bsm-images\/a014707_1.jpg\" \/>\n\t<meta property=\"og:image:width\" content=\"400\" \/>\n\t<meta property=\"og:image:height\" content=\"266\" \/>\n\t<meta property=\"og:image:type\" content=\"image\/jpeg\" \/>\n<meta name=\"twitter:card\" content=\"summary_large_image\" \/>\n<script type=\"application\/ld+json\" class=\"yoast-schema-graph\">{\"@context\":\"https:\\\/\\\/schema.org\",\"@graph\":[{\"@type\":\"WebPage\",\"@id\":\"https:\\\/\\\/bogensportdiscount.ch\\\/it\\\/prodotto\\\/barnett-crossbow-sehnen-crosswire-zombie-350-2er-set\\\/\",\"url\":\"https:\\\/\\\/bogensportdiscount.ch\\\/it\\\/prodotto\\\/barnett-crossbow-sehnen-crosswire-zombie-350-2er-set\\\/\",\"name\":\"BARNETT CROSSWIRE 'ZOMBIE 350' SET VON 2 KABELN FUER ARMBRUESTE - Bogensportdiscount \u2013 B\u00f6gen, Pfeile, Targets &amp; Zubeh\u00f6r\",\"isPartOf\":{\"@id\":\"https:\\\/\\\/bogensportdiscount.ch\\\/#website\"},\"primaryImageOfPage\":{\"@id\":\"https:\\\/\\\/bogensportdiscount.ch\\\/it\\\/prodotto\\\/barnett-crossbow-sehnen-crosswire-zombie-350-2er-set\\\/#primaryimage\"},\"image\":{\"@id\":\"https:\\\/\\\/bogensportdiscount.ch\\\/it\\\/prodotto\\\/barnett-crossbow-sehnen-crosswire-zombie-350-2er-set\\\/#primaryimage\"},\"thumbnailUrl\":\"https:\\\/\\\/bogensportdiscount.ch\\\/wp-content\\\/uploads\\\/bsm-images\\\/a014707_1.jpg\",\"datePublished\":\"2026-04-05T12:23:35+00:00\",\"dateModified\":\"2026-04-19T09:42:05+00:00\",\"breadcrumb\":{\"@id\":\"https:\\\/\\\/bogensportdiscount.ch\\\/it\\\/prodotto\\\/barnett-crossbow-sehnen-crosswire-zombie-350-2er-set\\\/#breadcrumb\"},\"inLanguage\":\"fr-FR\",\"potentialAction\":[{\"@type\":\"ReadAction\",\"target\":[\"https:\\\/\\\/bogensportdiscount.ch\\\/it\\\/prodotto\\\/barnett-crossbow-sehnen-crosswire-zombie-350-2er-set\\\/\"]}]},{\"@type\":\"ImageObject\",\"inLanguage\":\"fr-FR\",\"@id\":\"https:\\\/\\\/bogensportdiscount.ch\\\/it\\\/prodotto\\\/barnett-crossbow-sehnen-crosswire-zombie-350-2er-set\\\/#primaryimage\",\"url\":\"https:\\\/\\\/bogensportdiscount.ch\\\/wp-content\\\/uploads\\\/bsm-images\\\/a014707_1.jpg\",\"contentUrl\":\"https:\\\/\\\/bogensportdiscount.ch\\\/wp-content\\\/uploads\\\/bsm-images\\\/a014707_1.jpg\",\"width\":400,\"height\":266},{\"@type\":\"BreadcrumbList\",\"@id\":\"https:\\\/\\\/bogensportdiscount.ch\\\/it\\\/prodotto\\\/barnett-crossbow-sehnen-crosswire-zombie-350-2er-set\\\/#breadcrumb\",\"itemListElement\":[{\"@type\":\"ListItem\",\"position\":1,\"name\":\"Home\",\"item\":\"https:\\\/\\\/bogensportdiscount.ch\\\/\"},{\"@type\":\"ListItem\",\"position\":2,\"name\":\"Shop\",\"item\":\"https:\\\/\\\/bogensportdiscount.ch\\\/shop\\\/\"},{\"@type\":\"ListItem\",\"position\":3,\"name\":\"BARNETT CROSSWIRE &#8218;ZOMBIE 350&#8216; SET VON 2 KABELN FUER ARMBRUESTE\"}]},{\"@type\":\"WebSite\",\"@id\":\"https:\\\/\\\/bogensportdiscount.ch\\\/#website\",\"url\":\"https:\\\/\\\/bogensportdiscount.ch\\\/\",\"name\":\"Bogensportdiscount\",\"description\":\"\",\"potentialAction\":[{\"@type\":\"SearchAction\",\"target\":{\"@type\":\"EntryPoint\",\"urlTemplate\":\"https:\\\/\\\/bogensportdiscount.ch\\\/?s={search_term_string}\"},\"query-input\":{\"@type\":\"PropertyValueSpecification\",\"valueRequired\":true,\"valueName\":\"search_term_string\"}}],\"inLanguage\":\"fr-FR\"}]}<\/script>\n<!-- \/ Yoast SEO plugin. -->","yoast_head_json":{"title":"BARNETT CROSSWIRE 'ZOMBIE 350' SET VON 2 KABELN FUER ARMBRUESTE - Bogensportdiscount \u2013 B\u00f6gen, Pfeile, Targets &amp; Zubeh\u00f6r","robots":{"index":"noindex","follow":"follow","max-snippet":"max-snippet:-1","max-image-preview":"max-image-preview:large","max-video-preview":"max-video-preview:-1"},"og_locale":"fr_FR","og_type":"article","og_title":"BARNETT CROSSWIRE 'ZOMBIE 350' SET VON 2 KABELN FUER ARMBRUESTE - Bogensportdiscount \u2013 B\u00f6gen, Pfeile, Targets &amp; Zubeh\u00f6r","og_description":"EigenschaftWertMarkeBarnettModellCrosswire Zombie 350Inhalt2er SetHerkunftslandUSA","og_url":"https:\/\/bogensportdiscount.ch\/fr\/prodotto\/barnett-crossbow-sehnen-crosswire-zombie-350-2er-set\/","og_site_name":"Bogensportdiscount \u2013 B\u00f6gen, Pfeile, Targets &amp; Zubeh\u00f6r","article_modified_time":"2026-04-19T09:42:05+00:00","og_image":[{"width":400,"height":266,"url":"https:\/\/bogensportdiscount.ch\/wp-content\/uploads\/bsm-images\/a014707_1.jpg","type":"image\/jpeg"}],"twitter_card":"summary_large_image","schema":{"@context":"https:\/\/schema.org","@graph":[{"@type":"WebPage","@id":"https:\/\/bogensportdiscount.ch\/it\/prodotto\/barnett-crossbow-sehnen-crosswire-zombie-350-2er-set\/","url":"https:\/\/bogensportdiscount.ch\/it\/prodotto\/barnett-crossbow-sehnen-crosswire-zombie-350-2er-set\/","name":"BARNETT CROSSWIRE 'ZOMBIE 350' SET VON 2 KABELN FUER ARMBRUESTE - Bogensportdiscount \u2013 B\u00f6gen, Pfeile, Targets &amp; Zubeh\u00f6r","isPartOf":{"@id":"https:\/\/bogensportdiscount.ch\/#website"},"primaryImageOfPage":{"@id":"https:\/\/bogensportdiscount.ch\/it\/prodotto\/barnett-crossbow-sehnen-crosswire-zombie-350-2er-set\/#primaryimage"},"image":{"@id":"https:\/\/bogensportdiscount.ch\/it\/prodotto\/barnett-crossbow-sehnen-crosswire-zombie-350-2er-set\/#primaryimage"},"thumbnailUrl":"https:\/\/bogensportdiscount.ch\/wp-content\/uploads\/bsm-images\/a014707_1.jpg","datePublished":"2026-04-05T12:23:35+00:00","dateModified":"2026-04-19T09:42:05+00:00","breadcrumb":{"@id":"https:\/\/bogensportdiscount.ch\/it\/prodotto\/barnett-crossbow-sehnen-crosswire-zombie-350-2er-set\/#breadcrumb"},"inLanguage":"fr-FR","potentialAction":[{"@type":"ReadAction","target":["https:\/\/bogensportdiscount.ch\/it\/prodotto\/barnett-crossbow-sehnen-crosswire-zombie-350-2er-set\/"]}]},{"@type":"ImageObject","inLanguage":"fr-FR","@id":"https:\/\/bogensportdiscount.ch\/it\/prodotto\/barnett-crossbow-sehnen-crosswire-zombie-350-2er-set\/#primaryimage","url":"https:\/\/bogensportdiscount.ch\/wp-content\/uploads\/bsm-images\/a014707_1.jpg","contentUrl":"https:\/\/bogensportdiscount.ch\/wp-content\/uploads\/bsm-images\/a014707_1.jpg","width":400,"height":266},{"@type":"BreadcrumbList","@id":"https:\/\/bogensportdiscount.ch\/it\/prodotto\/barnett-crossbow-sehnen-crosswire-zombie-350-2er-set\/#breadcrumb","itemListElement":[{"@type":"ListItem","position":1,"name":"Home","item":"https:\/\/bogensportdiscount.ch\/"},{"@type":"ListItem","position":2,"name":"Shop","item":"https:\/\/bogensportdiscount.ch\/shop\/"},{"@type":"ListItem","position":3,"name":"BARNETT CROSSWIRE &#8218;ZOMBIE 350&#8216; SET VON 2 KABELN FUER ARMBRUESTE"}]},{"@type":"WebSite","@id":"https:\/\/bogensportdiscount.ch\/#website","url":"https:\/\/bogensportdiscount.ch\/","name":"Bogensportdiscount","description":"","potentialAction":[{"@type":"SearchAction","target":{"@type":"EntryPoint","urlTemplate":"https:\/\/bogensportdiscount.ch\/?s={search_term_string}"},"query-input":{"@type":"PropertyValueSpecification","valueRequired":true,"valueName":"search_term_string"}}],"inLanguage":"fr-FR"}]}},"_links":{"self":[{"href":"https:\/\/bogensportdiscount.ch\/fr\/wp-json\/wp\/v2\/product\/391675","targetHints":{"allow":["GET"]}}],"collection":[{"href":"https:\/\/bogensportdiscount.ch\/fr\/wp-json\/wp\/v2\/product"}],"about":[{"href":"https:\/\/bogensportdiscount.ch\/fr\/wp-json\/wp\/v2\/types\/product"}],"replies":[{"embeddable":true,"href":"https:\/\/bogensportdiscount.ch\/fr\/wp-json\/wp\/v2\/comments?post=391675"}],"wp:featuredmedia":[{"embeddable":true,"href":"https:\/\/bogensportdiscount.ch\/fr\/wp-json\/wp\/v2\/media\/452311"}],"wp:attachment":[{"href":"https:\/\/bogensportdiscount.ch\/fr\/wp-json\/wp\/v2\/media?parent=391675"}],"wp:term":[{"taxonomy":"product_brand","embeddable":true,"href":"https:\/\/bogensportdiscount.ch\/fr\/wp-json\/wp\/v2\/product_brand?post=391675"},{"taxonomy":"product_cat","embeddable":true,"href":"https:\/\/bogensportdiscount.ch\/fr\/wp-json\/wp\/v2\/product_cat?post=391675"},{"taxonomy":"product_tag","embeddable":true,"href":"https:\/\/bogensportdiscount.ch\/fr\/wp-json\/wp\/v2\/product_tag?post=391675"}],"curies":[{"name":"wp","href":"https:\/\/api.w.org\/{rel}","templated":true}]}}