{"id":391674,"date":"2026-04-05T14:23:35","date_gmt":"2026-04-05T12:23:35","guid":{"rendered":"https:\/\/bogensportdiscount.ch\/produkt\/barnett-commander-unit\/"},"modified":"2026-04-16T12:53:37","modified_gmt":"2026-04-16T10:53:37","slug":"barnett-compound-sehnensatz-commander-unit","status":"publish","type":"product","link":"https:\/\/bogensportdiscount.ch\/fr\/produit\/barnett-compound-sehnensatz-commander-unit\/","title":{"rendered":"UNIT\u00c9 DE COMMANDE BARNETT"},"content":{"rendered":"<p>Der BARNETT Commander Unit Sehnensatz ist ein Original-Ersatzteil f\u00fcr die BARNETT Commander Compound-Armbrust. Er stellt sicher, dass Ihre Armbrust mit den werksseitig vorgesehenen Sehnen und Kabeln betrieben wird.<\/p>\n<p>Ein regelm\u00e4ssiger Austausch von Sehnen und Kabeln ist ein wichtiger Teil der Armbrustwartung. Mit diesem Original-Satz von BARNETT erhalten Sie Komponenten, die speziell auf die Commander abgestimmt sind.<\/p>\n<ul>\n<li>Original BARNETT Ersatzteil<\/li>\n<li>Passend f\u00fcr das Commander Modell<\/li>\n<li>Sorgt f\u00fcr gleichbleibende Schussleistung<\/li>\n<li>Einfacher Austausch als vollst\u00e4ndiger Satz<\/li>\n<\/ul>","protected":false},"excerpt":{"rendered":"<p>Der BARNETT Commander Unit Sehnensatz ist ein Ersatzteil f\u00fcr die BARNETT Commander Armbrust. Der Satz enth\u00e4lt die passenden Sehnen und Kabel f\u00fcr eine zuverl\u00e4ssige Funktion der Armbrust.<\/p>","protected":false},"featured_media":447999,"comment_status":"open","ping_status":"closed","template":"","meta":[],"product_brand":[421],"product_cat":[4175],"product_tag":[3546],"class_list":{"0":"post-391674","1":"product","2":"type-product","3":"status-publish","4":"has-post-thumbnail","6":"product_brand-barnett","7":"product_cat-compound-strings-cables","8":"product_tag-neuheit","10":"first","11":"instock","12":"shipping-taxable","13":"purchasable","14":"product-type-simple"},"_links":{"self":[{"href":"https:\/\/bogensportdiscount.ch\/fr\/wp-json\/wp\/v2\/product\/391674","targetHints":{"allow":["GET"]}}],"collection":[{"href":"https:\/\/bogensportdiscount.ch\/fr\/wp-json\/wp\/v2\/product"}],"about":[{"href":"https:\/\/bogensportdiscount.ch\/fr\/wp-json\/wp\/v2\/types\/product"}],"replies":[{"embeddable":true,"href":"https:\/\/bogensportdiscount.ch\/fr\/wp-json\/wp\/v2\/comments?post=391674"}],"wp:featuredmedia":[{"embeddable":true,"href":"https:\/\/bogensportdiscount.ch\/fr\/wp-json\/wp\/v2\/media\/447999"}],"wp:attachment":[{"href":"https:\/\/bogensportdiscount.ch\/fr\/wp-json\/wp\/v2\/media?parent=391674"}],"wp:term":[{"taxonomy":"product_brand","embeddable":true,"href":"https:\/\/bogensportdiscount.ch\/fr\/wp-json\/wp\/v2\/product_brand?post=391674"},{"taxonomy":"product_cat","embeddable":true,"href":"https:\/\/bogensportdiscount.ch\/fr\/wp-json\/wp\/v2\/product_cat?post=391674"},{"taxonomy":"product_tag","embeddable":true,"href":"https:\/\/bogensportdiscount.ch\/fr\/wp-json\/wp\/v2\/product_tag?post=391674"}],"curies":[{"name":"wp","href":"https:\/\/api.w.org\/{rel}","templated":true}]}}