{"id":391670,"date":"2026-04-05T14:23:35","date_gmt":"2026-04-05T12:23:35","guid":{"rendered":"https:\/\/bogensportdiscount.ch\/produkt\/avalon-tec-arrowtubes-black-with-strap\/"},"modified":"2026-04-16T12:19:03","modified_gmt":"2026-04-16T10:19:03","slug":"avalon-tec-pfeilroehre-black-mit-tragegurt","status":"publish","type":"product","link":"https:\/\/bogensportdiscount.ch\/fr\/produit\/avalon-tec-pfeilroehre-black-mit-tragegurt\/","title":{"rendered":"AVALON TEC ARROWTUBES NOIR AVEC STRAP"},"content":{"rendered":"<p>Die AVALON Tec Pfeilr\u00f6hre in Schwarz ist eine robuste Transportl\u00f6sung f\u00fcr Bogensch\u00fctzen, die ihre Pfeile sicher und geordnet aufbewahren und mitnehmen m\u00f6chten. Der integrierte Tragegurt erleichtert den Transport auf dem Trainingsgel\u00e4nde oder beim Wettkampf.<\/p>\n<p>Die R\u00f6hre sch\u00fctzt die Pfeile zuverl\u00e4ssig vor Besch\u00e4digungen w\u00e4hrend des Transports und ist durch ihre schlichte schwarze Ausf\u00fchrung zeitlos und vielseitig einsetzbar.<\/p>\n<ul>\n<li>Sichere Aufbewahrung f\u00fcr Pfeile<\/li>\n<li>Integrierter Tragegurt f\u00fcr komfortablen Transport<\/li>\n<li>Schlichtes Design in Schwarz<\/li>\n<li>Geeignet f\u00fcr Training und Wettkampf<\/li>\n<\/ul>","protected":false},"excerpt":{"rendered":"<p><strong>Marque :<\/strong> Avalon<br \/><strong>Farbe:<\/strong> Schwarz<br \/><strong>GTIN:<\/strong> 6426012054048<\/p>","protected":false},"featured_media":447996,"comment_status":"open","ping_status":"closed","template":"","meta":[],"product_brand":[449],"product_cat":[4206],"product_tag":[3546],"class_list":{"0":"post-391670","1":"product","2":"type-product","3":"status-publish","4":"has-post-thumbnail","6":"product_brand-avalon","7":"product_cat-pfeilekoffer-pfeiletube","8":"product_tag-neuheit","10":"first","11":"instock","12":"shipping-taxable","13":"purchasable","14":"product-type-simple"},"_links":{"self":[{"href":"https:\/\/bogensportdiscount.ch\/fr\/wp-json\/wp\/v2\/product\/391670","targetHints":{"allow":["GET"]}}],"collection":[{"href":"https:\/\/bogensportdiscount.ch\/fr\/wp-json\/wp\/v2\/product"}],"about":[{"href":"https:\/\/bogensportdiscount.ch\/fr\/wp-json\/wp\/v2\/types\/product"}],"replies":[{"embeddable":true,"href":"https:\/\/bogensportdiscount.ch\/fr\/wp-json\/wp\/v2\/comments?post=391670"}],"wp:featuredmedia":[{"embeddable":true,"href":"https:\/\/bogensportdiscount.ch\/fr\/wp-json\/wp\/v2\/media\/447996"}],"wp:attachment":[{"href":"https:\/\/bogensportdiscount.ch\/fr\/wp-json\/wp\/v2\/media?parent=391670"}],"wp:term":[{"taxonomy":"product_brand","embeddable":true,"href":"https:\/\/bogensportdiscount.ch\/fr\/wp-json\/wp\/v2\/product_brand?post=391670"},{"taxonomy":"product_cat","embeddable":true,"href":"https:\/\/bogensportdiscount.ch\/fr\/wp-json\/wp\/v2\/product_cat?post=391670"},{"taxonomy":"product_tag","embeddable":true,"href":"https:\/\/bogensportdiscount.ch\/fr\/wp-json\/wp\/v2\/product_tag?post=391670"}],"curies":[{"name":"wp","href":"https:\/\/api.w.org\/{rel}","templated":true}]}}