{"id":391667,"date":"2026-04-05T14:23:34","date_gmt":"2026-04-05T12:23:34","guid":{"rendered":"https:\/\/bogensportdiscount.ch\/produkt\/ravin-crossbow-cocking-devices-cocking-handle-made-for-ravin-only\/"},"modified":"2026-05-14T07:13:30","modified_gmt":"2026-05-14T05:13:30","slug":"ravin-armbrust-spannhilfe-cocking-handle","status":"publish","type":"product","link":"https:\/\/bogensportdiscount.ch\/fr\/produit\/ravin-armbrust-spannhilfe-cocking-handle\/","title":{"rendered":"RAVIN SYST\u00c8MES D'ARMEMENT POUR ARBAL\u00c8TE POIGN\u00c9E D'ARMEMENT UNIQUEMENT POUR RAVIN"},"content":{"rendered":"<p>La poign\u00e9e d'armement RAVIN est une aide \u00e0 l'armement con\u00e7ue exclusivement pour les arbal\u00e8tes de la marque RAVIN. La conception est adapt\u00e9e aux exigences sp\u00e9cifiques des mod\u00e8les RAVIN et garantit une manipulation compatible et fiable.<\/p>\n<p>L'utilisation de cette aide \u00e0 l'armement facilite l'armement de l'arbal\u00e8te et assure une position uniforme de la corde, ce qui est important pour une performance de tir constante.<\/p>\n<ul>\n<li>Convient exclusivement aux arbal\u00e8tes RAVIN<\/li>\n<li>Facilite le processus d'armement<\/li>\n<li>Assure une position uniforme de la corde<\/li>\n<li>Accessoire RAVIN d'origine<\/li>\n<\/ul>","protected":false},"excerpt":{"rendered":"<table>\n<tr>\n<th>Propri\u00e9t\u00e9<\/th>\n<th>Valeur<\/th>\n<\/tr>\n<tr>\n<td>Marque<\/td>\n<td>Ravin<\/td>\n<\/tr>\n<tr>\n<td>Pays d'origine<\/td>\n<td>USA<\/td>\n<\/tr>\n<tr>\n<td>GTIN<\/td>\n<td>815942022108<\/td>\n<\/tr>\n<\/table>","protected":false},"featured_media":448001,"comment_status":"open","ping_status":"closed","template":"","meta":[],"product_brand":[527],"product_cat":[4135,4136,4345],"product_tag":[3546],"class_list":{"0":"post-391667","1":"product","2":"type-product","3":"status-publish","4":"has-post-thumbnail","6":"product_brand-ravin","7":"product_cat-armbrust-zubehoer","8":"product_cat-zubehoer-armbrust-zubehoer","9":"product_cat-spannhilfen","10":"product_tag-neuheit","11":"product_shipping_class-bsd-standard","13":"first","14":"instock","15":"shipping-taxable","16":"purchasable","17":"product-type-simple"},"yoast_head":"<!-- This site is optimized with the Yoast SEO plugin v27.6 - https:\/\/yoast.com\/product\/yoast-seo-wordpress\/ -->\n<title>RAVIN ARMBRUST SPANNSYSTEME SPANNGRIFF NUR F\u00dcR RAVIN - Bogensportdiscount \u2013 B\u00f6gen, Pfeile, Targets &amp; Zubeh\u00f6r<\/title>\n<meta name=\"description\" content=\"RAVIN ARMBRUST SPANNSYSTEME SPANNGRIFF NUR F\u00dcR RAVIN g\u00fcnstig kaufen bei Bogensportdiscount \u2013 Top-Marken, schneller Versand aus der Schweiz.\" \/>\n<meta name=\"robots\" content=\"index, follow, max-snippet:-1, max-image-preview:large, max-video-preview:-1\" \/>\n<link rel=\"canonical\" href=\"https:\/\/bogensportdiscount.ch\/fr\/produit\/ravin-armbrust-spannhilfe-cocking-handle\/\" \/>\n<meta property=\"og:locale\" content=\"fr_FR\" \/>\n<meta property=\"og:type\" content=\"article\" \/>\n<meta property=\"og:title\" content=\"RAVIN ARMBRUST SPANNSYSTEME SPANNGRIFF NUR F\u00dcR RAVIN - Bogensportdiscount \u2013 B\u00f6gen, Pfeile, Targets &amp; Zubeh\u00f6r\" \/>\n<meta property=\"og:description\" content=\"RAVIN ARMBRUST SPANNSYSTEME SPANNGRIFF NUR F\u00dcR RAVIN g\u00fcnstig kaufen bei Bogensportdiscount \u2013 Top-Marken, schneller Versand aus der Schweiz.\" \/>\n<meta property=\"og:url\" content=\"https:\/\/bogensportdiscount.ch\/fr\/produit\/ravin-armbrust-spannhilfe-cocking-handle\/\" \/>\n<meta property=\"og:site_name\" content=\"Bogensportdiscount \u2013 B\u00f6gen, Pfeile, Targets &amp; Zubeh\u00f6r\" \/>\n<meta property=\"article:modified_time\" content=\"2026-05-14T05:13:30+00:00\" \/>\n<meta property=\"og:image\" content=\"https:\/\/bogensportdiscount.ch\/wp-content\/uploads\/bsm-images\/A014624_1.png\" \/>\n\t<meta property=\"og:image:width\" content=\"990\" \/>\n\t<meta property=\"og:image:height\" content=\"523\" \/>\n\t<meta property=\"og:image:type\" content=\"image\/png\" \/>\n<meta name=\"twitter:card\" content=\"summary_large_image\" \/>\n<script type=\"application\/ld+json\" class=\"yoast-schema-graph\">{\"@context\":\"https:\\\/\\\/schema.org\",\"@graph\":[{\"@type\":\"WebPage\",\"@id\":\"https:\\\/\\\/bogensportdiscount.ch\\\/produkt\\\/ravin-armbrust-spannhilfe-cocking-handle\\\/\",\"url\":\"https:\\\/\\\/bogensportdiscount.ch\\\/produkt\\\/ravin-armbrust-spannhilfe-cocking-handle\\\/\",\"name\":\"RAVIN ARMBRUST SPANNSYSTEME SPANNGRIFF NUR F\u00dcR RAVIN - Bogensportdiscount \u2013 B\u00f6gen, Pfeile, Targets &amp; Zubeh\u00f6r\",\"isPartOf\":{\"@id\":\"https:\\\/\\\/bogensportdiscount.ch\\\/#website\"},\"primaryImageOfPage\":{\"@id\":\"https:\\\/\\\/bogensportdiscount.ch\\\/produkt\\\/ravin-armbrust-spannhilfe-cocking-handle\\\/#primaryimage\"},\"image\":{\"@id\":\"https:\\\/\\\/bogensportdiscount.ch\\\/produkt\\\/ravin-armbrust-spannhilfe-cocking-handle\\\/#primaryimage\"},\"thumbnailUrl\":\"https:\\\/\\\/bogensportdiscount.ch\\\/wp-content\\\/uploads\\\/bsm-images\\\/A014624_1.png\",\"datePublished\":\"2026-04-05T12:23:34+00:00\",\"dateModified\":\"2026-05-14T05:13:30+00:00\",\"description\":\"RAVIN ARMBRUST SPANNSYSTEME SPANNGRIFF NUR F\u00dcR RAVIN g\u00fcnstig kaufen bei Bogensportdiscount \u2013 Top-Marken, schneller Versand aus der Schweiz.\",\"breadcrumb\":{\"@id\":\"https:\\\/\\\/bogensportdiscount.ch\\\/produkt\\\/ravin-armbrust-spannhilfe-cocking-handle\\\/#breadcrumb\"},\"inLanguage\":\"fr-FR\",\"potentialAction\":[{\"@type\":\"ReadAction\",\"target\":[\"https:\\\/\\\/bogensportdiscount.ch\\\/produkt\\\/ravin-armbrust-spannhilfe-cocking-handle\\\/\"]}]},{\"@type\":\"ImageObject\",\"inLanguage\":\"fr-FR\",\"@id\":\"https:\\\/\\\/bogensportdiscount.ch\\\/produkt\\\/ravin-armbrust-spannhilfe-cocking-handle\\\/#primaryimage\",\"url\":\"https:\\\/\\\/bogensportdiscount.ch\\\/wp-content\\\/uploads\\\/bsm-images\\\/A014624_1.png\",\"contentUrl\":\"https:\\\/\\\/bogensportdiscount.ch\\\/wp-content\\\/uploads\\\/bsm-images\\\/A014624_1.png\",\"width\":990,\"height\":523},{\"@type\":\"BreadcrumbList\",\"@id\":\"https:\\\/\\\/bogensportdiscount.ch\\\/produkt\\\/ravin-armbrust-spannhilfe-cocking-handle\\\/#breadcrumb\",\"itemListElement\":[{\"@type\":\"ListItem\",\"position\":1,\"name\":\"Home\",\"item\":\"https:\\\/\\\/bogensportdiscount.ch\\\/\"},{\"@type\":\"ListItem\",\"position\":2,\"name\":\"Shop\",\"item\":\"https:\\\/\\\/bogensportdiscount.ch\\\/shop\\\/\"},{\"@type\":\"ListItem\",\"position\":3,\"name\":\"RAVIN CROSSBOW COCKING DEVICES COCKING HANDLE MADE FOR RAVIN ONLY\"}]},{\"@type\":\"WebSite\",\"@id\":\"https:\\\/\\\/bogensportdiscount.ch\\\/#website\",\"url\":\"https:\\\/\\\/bogensportdiscount.ch\\\/\",\"name\":\"Bogensportdiscount\",\"description\":\"\",\"potentialAction\":[{\"@type\":\"SearchAction\",\"target\":{\"@type\":\"EntryPoint\",\"urlTemplate\":\"https:\\\/\\\/bogensportdiscount.ch\\\/?s={search_term_string}\"},\"query-input\":{\"@type\":\"PropertyValueSpecification\",\"valueRequired\":true,\"valueName\":\"search_term_string\"}}],\"inLanguage\":\"fr-FR\"}]}<\/script>\n<!-- \/ Yoast SEO plugin. -->","yoast_head_json":{"title":"RAVIN ARMBRUST SPANNSYSTEME SPANNGRIFF NUR F\u00dcR RAVIN - Bogensportdiscount \u2013 B\u00f6gen, Pfeile, Targets &amp; Zubeh\u00f6r","description":"RAVIN ARMBRUST SPANNSYSTEME SPANNGRIFF NUR F\u00dcR RAVIN g\u00fcnstig kaufen bei Bogensportdiscount \u2013 Top-Marken, schneller Versand aus der Schweiz.","robots":{"index":"index","follow":"follow","max-snippet":"max-snippet:-1","max-image-preview":"max-image-preview:large","max-video-preview":"max-video-preview:-1"},"canonical":"https:\/\/bogensportdiscount.ch\/fr\/produit\/ravin-armbrust-spannhilfe-cocking-handle\/","og_locale":"fr_FR","og_type":"article","og_title":"RAVIN ARMBRUST SPANNSYSTEME SPANNGRIFF NUR F\u00dcR RAVIN - Bogensportdiscount \u2013 B\u00f6gen, Pfeile, Targets &amp; Zubeh\u00f6r","og_description":"RAVIN ARMBRUST SPANNSYSTEME SPANNGRIFF NUR F\u00dcR RAVIN g\u00fcnstig kaufen bei Bogensportdiscount \u2013 Top-Marken, schneller Versand aus der Schweiz.","og_url":"https:\/\/bogensportdiscount.ch\/fr\/produit\/ravin-armbrust-spannhilfe-cocking-handle\/","og_site_name":"Bogensportdiscount \u2013 B\u00f6gen, Pfeile, Targets &amp; Zubeh\u00f6r","article_modified_time":"2026-05-14T05:13:30+00:00","og_image":[{"width":990,"height":523,"url":"https:\/\/bogensportdiscount.ch\/wp-content\/uploads\/bsm-images\/A014624_1.png","type":"image\/png"}],"twitter_card":"summary_large_image","schema":{"@context":"https:\/\/schema.org","@graph":[{"@type":"WebPage","@id":"https:\/\/bogensportdiscount.ch\/produkt\/ravin-armbrust-spannhilfe-cocking-handle\/","url":"https:\/\/bogensportdiscount.ch\/produkt\/ravin-armbrust-spannhilfe-cocking-handle\/","name":"RAVIN ARMBRUST SPANNSYSTEME SPANNGRIFF NUR F\u00dcR RAVIN - Bogensportdiscount \u2013 B\u00f6gen, Pfeile, Targets &amp; Zubeh\u00f6r","isPartOf":{"@id":"https:\/\/bogensportdiscount.ch\/#website"},"primaryImageOfPage":{"@id":"https:\/\/bogensportdiscount.ch\/produkt\/ravin-armbrust-spannhilfe-cocking-handle\/#primaryimage"},"image":{"@id":"https:\/\/bogensportdiscount.ch\/produkt\/ravin-armbrust-spannhilfe-cocking-handle\/#primaryimage"},"thumbnailUrl":"https:\/\/bogensportdiscount.ch\/wp-content\/uploads\/bsm-images\/A014624_1.png","datePublished":"2026-04-05T12:23:34+00:00","dateModified":"2026-05-14T05:13:30+00:00","description":"RAVIN ARMBRUST SPANNSYSTEME SPANNGRIFF NUR F\u00dcR RAVIN g\u00fcnstig kaufen bei Bogensportdiscount \u2013 Top-Marken, schneller Versand aus der Schweiz.","breadcrumb":{"@id":"https:\/\/bogensportdiscount.ch\/produkt\/ravin-armbrust-spannhilfe-cocking-handle\/#breadcrumb"},"inLanguage":"fr-FR","potentialAction":[{"@type":"ReadAction","target":["https:\/\/bogensportdiscount.ch\/produkt\/ravin-armbrust-spannhilfe-cocking-handle\/"]}]},{"@type":"ImageObject","inLanguage":"fr-FR","@id":"https:\/\/bogensportdiscount.ch\/produkt\/ravin-armbrust-spannhilfe-cocking-handle\/#primaryimage","url":"https:\/\/bogensportdiscount.ch\/wp-content\/uploads\/bsm-images\/A014624_1.png","contentUrl":"https:\/\/bogensportdiscount.ch\/wp-content\/uploads\/bsm-images\/A014624_1.png","width":990,"height":523},{"@type":"BreadcrumbList","@id":"https:\/\/bogensportdiscount.ch\/produkt\/ravin-armbrust-spannhilfe-cocking-handle\/#breadcrumb","itemListElement":[{"@type":"ListItem","position":1,"name":"Home","item":"https:\/\/bogensportdiscount.ch\/"},{"@type":"ListItem","position":2,"name":"Shop","item":"https:\/\/bogensportdiscount.ch\/shop\/"},{"@type":"ListItem","position":3,"name":"RAVIN CROSSBOW COCKING DEVICES COCKING HANDLE MADE FOR RAVIN ONLY"}]},{"@type":"WebSite","@id":"https:\/\/bogensportdiscount.ch\/#website","url":"https:\/\/bogensportdiscount.ch\/","name":"Bogensportdiscount","description":"","potentialAction":[{"@type":"SearchAction","target":{"@type":"EntryPoint","urlTemplate":"https:\/\/bogensportdiscount.ch\/?s={search_term_string}"},"query-input":{"@type":"PropertyValueSpecification","valueRequired":true,"valueName":"search_term_string"}}],"inLanguage":"fr-FR"}]}},"_links":{"self":[{"href":"https:\/\/bogensportdiscount.ch\/fr\/wp-json\/wp\/v2\/product\/391667","targetHints":{"allow":["GET"]}}],"collection":[{"href":"https:\/\/bogensportdiscount.ch\/fr\/wp-json\/wp\/v2\/product"}],"about":[{"href":"https:\/\/bogensportdiscount.ch\/fr\/wp-json\/wp\/v2\/types\/product"}],"replies":[{"embeddable":true,"href":"https:\/\/bogensportdiscount.ch\/fr\/wp-json\/wp\/v2\/comments?post=391667"}],"wp:featuredmedia":[{"embeddable":true,"href":"https:\/\/bogensportdiscount.ch\/fr\/wp-json\/wp\/v2\/media\/448001"}],"wp:attachment":[{"href":"https:\/\/bogensportdiscount.ch\/fr\/wp-json\/wp\/v2\/media?parent=391667"}],"wp:term":[{"taxonomy":"product_brand","embeddable":true,"href":"https:\/\/bogensportdiscount.ch\/fr\/wp-json\/wp\/v2\/product_brand?post=391667"},{"taxonomy":"product_cat","embeddable":true,"href":"https:\/\/bogensportdiscount.ch\/fr\/wp-json\/wp\/v2\/product_cat?post=391667"},{"taxonomy":"product_tag","embeddable":true,"href":"https:\/\/bogensportdiscount.ch\/fr\/wp-json\/wp\/v2\/product_tag?post=391667"}],"curies":[{"name":"wp","href":"https:\/\/api.w.org\/{rel}","templated":true}]}}