{"id":391660,"date":"2026-04-05T14:23:33","date_gmt":"2026-04-05T12:23:33","guid":{"rendered":"https:\/\/bogensportdiscount.ch\/produkt\/excalibur-big-foot-stirrup-fits-all-excalibur-crossbows\/"},"modified":"2026-05-14T07:13:30","modified_gmt":"2026-05-14T05:13:30","slug":"excalibur-big-foot-steigbuegel-alle-armbrueste","status":"publish","type":"product","link":"https:\/\/bogensportdiscount.ch\/fr\/produit\/excalibur-big-foot-steigbuegel-alle-armbrueste\/","title":{"rendered":"EXCALIBUR BIG FOOT \u00c9TRIER &#8211; COMPATIBLE AVEC TOUTES LES ARBAL\u00c8TES EXCALIBUR"},"content":{"rendered":"<p>L'\u00e9trier EXCALIBUR Big Foot est un \u00e9trier de remplacement ou de mise \u00e0 niveau sp\u00e9cialement d\u00e9velopp\u00e9 pour les arbal\u00e8tes de la marque EXCALIBUR. Gr\u00e2ce \u00e0 sa compatibilit\u00e9 universelle, il s'adapte \u00e0 tous les mod\u00e8les d'arbal\u00e8tes EXCALIBUR et se monte facilement.<\/p>\n<p>L'\u00e9trier \u00e9largi offre une surface d'appui plus grande lors du bandage de l'arbal\u00e8te, ce qui rend l'op\u00e9ration plus s\u00fbre et plus stable. Cela est particuli\u00e8rement avantageux lors de l'utilisation en chasse ou en tournoi.<\/p>\n<ul>\n<li>Convient \u00e0 toutes les arbal\u00e8tes EXCALIBUR<\/li>\n<li>Surface d'appui \u00e9largie (Big Foot) pour une meilleure stabilit\u00e9<\/li>\n<li>Montage facile<\/li>\n<li>Convient comme \u00e9trier de remplacement ou de mise \u00e0 niveau<\/li>\n<\/ul>","protected":false},"excerpt":{"rendered":"<table>\n<tr>\n<th>Propri\u00e9t\u00e9<\/th>\n<th>Valeur<\/th>\n<\/tr>\n<tr>\n<td>Marque<\/td>\n<td>Excalibur<\/td>\n<\/tr>\n<tr>\n<td>Pays d'origine<\/td>\n<td>Canada<\/td>\n<\/tr>\n<tr>\n<td>GTIN<\/td>\n<td>626192740755<\/td>\n<\/tr>\n<\/table>","protected":false},"featured_media":447706,"comment_status":"open","ping_status":"closed","template":"","meta":[],"product_brand":[804],"product_cat":[4135,4136,4137],"product_tag":[3546],"class_list":{"0":"post-391660","1":"product","2":"type-product","3":"status-publish","4":"has-post-thumbnail","6":"product_brand-excalibur","7":"product_cat-armbrust-zubehoer","8":"product_cat-zubehoer-armbrust-zubehoer","9":"product_cat-weitere","10":"product_tag-neuheit","11":"product_shipping_class-bsd-standard","13":"first","14":"instock","15":"shipping-taxable","16":"purchasable","17":"product-type-simple"},"yoast_head":"<!-- This site is optimized with the Yoast SEO plugin v27.6 - https:\/\/yoast.com\/product\/yoast-seo-wordpress\/ -->\n<title>EXCALIBUR BIG FOOT STEIGB\u00dcGEL - PASST ZU ALLEN EXCALIBUR ARMBR\u00dcSTEN - Bogensportdiscount \u2013 B\u00f6gen, Pfeile, Targets &amp; Zubeh\u00f6r<\/title>\n<meta name=\"description\" content=\"EXCALIBUR BIG FOOT STEIGB\u00dcGEL - PASST ZU ALLEN EXCALIBUR ARMBR\u00dcSTEN g\u00fcnstig kaufen bei Bogensportdiscount \u2013 Top-Marken, schneller Versand aus der Schweiz.\" \/>\n<meta name=\"robots\" content=\"index, follow, max-snippet:-1, max-image-preview:large, max-video-preview:-1\" \/>\n<link rel=\"canonical\" href=\"https:\/\/bogensportdiscount.ch\/fr\/produit\/excalibur-big-foot-steigbuegel-alle-armbrueste\/\" \/>\n<meta property=\"og:locale\" content=\"fr_FR\" \/>\n<meta property=\"og:type\" content=\"article\" \/>\n<meta property=\"og:title\" content=\"EXCALIBUR BIG FOOT STEIGB\u00dcGEL - PASST ZU ALLEN EXCALIBUR ARMBR\u00dcSTEN - Bogensportdiscount \u2013 B\u00f6gen, Pfeile, Targets &amp; Zubeh\u00f6r\" \/>\n<meta property=\"og:description\" content=\"EXCALIBUR BIG FOOT STEIGB\u00dcGEL - PASST ZU ALLEN EXCALIBUR ARMBR\u00dcSTEN g\u00fcnstig kaufen bei Bogensportdiscount \u2013 Top-Marken, schneller Versand aus der Schweiz.\" \/>\n<meta property=\"og:url\" content=\"https:\/\/bogensportdiscount.ch\/fr\/produit\/excalibur-big-foot-steigbuegel-alle-armbrueste\/\" \/>\n<meta property=\"og:site_name\" content=\"Bogensportdiscount \u2013 B\u00f6gen, Pfeile, Targets &amp; Zubeh\u00f6r\" \/>\n<meta property=\"article:modified_time\" content=\"2026-05-14T05:13:30+00:00\" \/>\n<meta property=\"og:image\" content=\"https:\/\/bogensportdiscount.ch\/wp-content\/uploads\/bsm-images\/A014607_1.png\" \/>\n\t<meta property=\"og:image:width\" content=\"1181\" \/>\n\t<meta property=\"og:image:height\" content=\"1457\" \/>\n\t<meta property=\"og:image:type\" content=\"image\/png\" \/>\n<meta name=\"twitter:card\" content=\"summary_large_image\" \/>\n<script type=\"application\/ld+json\" class=\"yoast-schema-graph\">{\"@context\":\"https:\\\/\\\/schema.org\",\"@graph\":[{\"@type\":\"WebPage\",\"@id\":\"https:\\\/\\\/bogensportdiscount.ch\\\/produkt\\\/excalibur-big-foot-steigbuegel-alle-armbrueste\\\/\",\"url\":\"https:\\\/\\\/bogensportdiscount.ch\\\/produkt\\\/excalibur-big-foot-steigbuegel-alle-armbrueste\\\/\",\"name\":\"EXCALIBUR BIG FOOT STEIGB\u00dcGEL - PASST ZU ALLEN EXCALIBUR ARMBR\u00dcSTEN - Bogensportdiscount \u2013 B\u00f6gen, Pfeile, Targets &amp; Zubeh\u00f6r\",\"isPartOf\":{\"@id\":\"https:\\\/\\\/bogensportdiscount.ch\\\/#website\"},\"primaryImageOfPage\":{\"@id\":\"https:\\\/\\\/bogensportdiscount.ch\\\/produkt\\\/excalibur-big-foot-steigbuegel-alle-armbrueste\\\/#primaryimage\"},\"image\":{\"@id\":\"https:\\\/\\\/bogensportdiscount.ch\\\/produkt\\\/excalibur-big-foot-steigbuegel-alle-armbrueste\\\/#primaryimage\"},\"thumbnailUrl\":\"https:\\\/\\\/bogensportdiscount.ch\\\/wp-content\\\/uploads\\\/bsm-images\\\/A014607_1.png\",\"datePublished\":\"2026-04-05T12:23:33+00:00\",\"dateModified\":\"2026-05-14T05:13:30+00:00\",\"description\":\"EXCALIBUR BIG FOOT STEIGB\u00dcGEL - PASST ZU ALLEN EXCALIBUR ARMBR\u00dcSTEN g\u00fcnstig kaufen bei Bogensportdiscount \u2013 Top-Marken, schneller Versand aus der Schweiz.\",\"breadcrumb\":{\"@id\":\"https:\\\/\\\/bogensportdiscount.ch\\\/produkt\\\/excalibur-big-foot-steigbuegel-alle-armbrueste\\\/#breadcrumb\"},\"inLanguage\":\"fr-FR\",\"potentialAction\":[{\"@type\":\"ReadAction\",\"target\":[\"https:\\\/\\\/bogensportdiscount.ch\\\/produkt\\\/excalibur-big-foot-steigbuegel-alle-armbrueste\\\/\"]}]},{\"@type\":\"ImageObject\",\"inLanguage\":\"fr-FR\",\"@id\":\"https:\\\/\\\/bogensportdiscount.ch\\\/produkt\\\/excalibur-big-foot-steigbuegel-alle-armbrueste\\\/#primaryimage\",\"url\":\"https:\\\/\\\/bogensportdiscount.ch\\\/wp-content\\\/uploads\\\/bsm-images\\\/A014607_1.png\",\"contentUrl\":\"https:\\\/\\\/bogensportdiscount.ch\\\/wp-content\\\/uploads\\\/bsm-images\\\/A014607_1.png\",\"width\":1181,\"height\":1457},{\"@type\":\"BreadcrumbList\",\"@id\":\"https:\\\/\\\/bogensportdiscount.ch\\\/produkt\\\/excalibur-big-foot-steigbuegel-alle-armbrueste\\\/#breadcrumb\",\"itemListElement\":[{\"@type\":\"ListItem\",\"position\":1,\"name\":\"Home\",\"item\":\"https:\\\/\\\/bogensportdiscount.ch\\\/\"},{\"@type\":\"ListItem\",\"position\":2,\"name\":\"Shop\",\"item\":\"https:\\\/\\\/bogensportdiscount.ch\\\/shop\\\/\"},{\"@type\":\"ListItem\",\"position\":3,\"name\":\"EXCALIBUR BIG FOOT STIRRUP &#8211; FITS ALL EXCALIBUR CROSSBOWS\"}]},{\"@type\":\"WebSite\",\"@id\":\"https:\\\/\\\/bogensportdiscount.ch\\\/#website\",\"url\":\"https:\\\/\\\/bogensportdiscount.ch\\\/\",\"name\":\"Bogensportdiscount\",\"description\":\"\",\"potentialAction\":[{\"@type\":\"SearchAction\",\"target\":{\"@type\":\"EntryPoint\",\"urlTemplate\":\"https:\\\/\\\/bogensportdiscount.ch\\\/?s={search_term_string}\"},\"query-input\":{\"@type\":\"PropertyValueSpecification\",\"valueRequired\":true,\"valueName\":\"search_term_string\"}}],\"inLanguage\":\"fr-FR\"}]}<\/script>\n<!-- \/ Yoast SEO plugin. -->","yoast_head_json":{"title":"EXCALIBUR BIG FOOT STEIGB\u00dcGEL - PASST ZU ALLEN EXCALIBUR ARMBR\u00dcSTEN - Bogensportdiscount \u2013 B\u00f6gen, Pfeile, Targets &amp; Zubeh\u00f6r","description":"EXCALIBUR BIG FOOT STEIGB\u00dcGEL - PASST ZU ALLEN EXCALIBUR ARMBR\u00dcSTEN g\u00fcnstig kaufen bei Bogensportdiscount \u2013 Top-Marken, schneller Versand aus der Schweiz.","robots":{"index":"index","follow":"follow","max-snippet":"max-snippet:-1","max-image-preview":"max-image-preview:large","max-video-preview":"max-video-preview:-1"},"canonical":"https:\/\/bogensportdiscount.ch\/fr\/produit\/excalibur-big-foot-steigbuegel-alle-armbrueste\/","og_locale":"fr_FR","og_type":"article","og_title":"EXCALIBUR BIG FOOT STEIGB\u00dcGEL - PASST ZU ALLEN EXCALIBUR ARMBR\u00dcSTEN - Bogensportdiscount \u2013 B\u00f6gen, Pfeile, Targets &amp; Zubeh\u00f6r","og_description":"EXCALIBUR BIG FOOT STEIGB\u00dcGEL - PASST ZU ALLEN EXCALIBUR ARMBR\u00dcSTEN g\u00fcnstig kaufen bei Bogensportdiscount \u2013 Top-Marken, schneller Versand aus der Schweiz.","og_url":"https:\/\/bogensportdiscount.ch\/fr\/produit\/excalibur-big-foot-steigbuegel-alle-armbrueste\/","og_site_name":"Bogensportdiscount \u2013 B\u00f6gen, Pfeile, Targets &amp; Zubeh\u00f6r","article_modified_time":"2026-05-14T05:13:30+00:00","og_image":[{"url":"https:\/\/bogensportdiscount.ch\/wp-content\/uploads\/bsm-images\/A014607_1.png","width":1181,"height":1457,"type":"image\/png"}],"twitter_card":"summary_large_image","schema":{"@context":"https:\/\/schema.org","@graph":[{"@type":"WebPage","@id":"https:\/\/bogensportdiscount.ch\/produkt\/excalibur-big-foot-steigbuegel-alle-armbrueste\/","url":"https:\/\/bogensportdiscount.ch\/produkt\/excalibur-big-foot-steigbuegel-alle-armbrueste\/","name":"EXCALIBUR BIG FOOT STEIGB\u00dcGEL - PASST ZU ALLEN EXCALIBUR ARMBR\u00dcSTEN - Bogensportdiscount \u2013 B\u00f6gen, Pfeile, Targets &amp; Zubeh\u00f6r","isPartOf":{"@id":"https:\/\/bogensportdiscount.ch\/#website"},"primaryImageOfPage":{"@id":"https:\/\/bogensportdiscount.ch\/produkt\/excalibur-big-foot-steigbuegel-alle-armbrueste\/#primaryimage"},"image":{"@id":"https:\/\/bogensportdiscount.ch\/produkt\/excalibur-big-foot-steigbuegel-alle-armbrueste\/#primaryimage"},"thumbnailUrl":"https:\/\/bogensportdiscount.ch\/wp-content\/uploads\/bsm-images\/A014607_1.png","datePublished":"2026-04-05T12:23:33+00:00","dateModified":"2026-05-14T05:13:30+00:00","description":"EXCALIBUR BIG FOOT STEIGB\u00dcGEL - PASST ZU ALLEN EXCALIBUR ARMBR\u00dcSTEN g\u00fcnstig kaufen bei Bogensportdiscount \u2013 Top-Marken, schneller Versand aus der Schweiz.","breadcrumb":{"@id":"https:\/\/bogensportdiscount.ch\/produkt\/excalibur-big-foot-steigbuegel-alle-armbrueste\/#breadcrumb"},"inLanguage":"fr-FR","potentialAction":[{"@type":"ReadAction","target":["https:\/\/bogensportdiscount.ch\/produkt\/excalibur-big-foot-steigbuegel-alle-armbrueste\/"]}]},{"@type":"ImageObject","inLanguage":"fr-FR","@id":"https:\/\/bogensportdiscount.ch\/produkt\/excalibur-big-foot-steigbuegel-alle-armbrueste\/#primaryimage","url":"https:\/\/bogensportdiscount.ch\/wp-content\/uploads\/bsm-images\/A014607_1.png","contentUrl":"https:\/\/bogensportdiscount.ch\/wp-content\/uploads\/bsm-images\/A014607_1.png","width":1181,"height":1457},{"@type":"BreadcrumbList","@id":"https:\/\/bogensportdiscount.ch\/produkt\/excalibur-big-foot-steigbuegel-alle-armbrueste\/#breadcrumb","itemListElement":[{"@type":"ListItem","position":1,"name":"Home","item":"https:\/\/bogensportdiscount.ch\/"},{"@type":"ListItem","position":2,"name":"Shop","item":"https:\/\/bogensportdiscount.ch\/shop\/"},{"@type":"ListItem","position":3,"name":"EXCALIBUR BIG FOOT STIRRUP &#8211; FITS ALL EXCALIBUR CROSSBOWS"}]},{"@type":"WebSite","@id":"https:\/\/bogensportdiscount.ch\/#website","url":"https:\/\/bogensportdiscount.ch\/","name":"Bogensportdiscount","description":"","potentialAction":[{"@type":"SearchAction","target":{"@type":"EntryPoint","urlTemplate":"https:\/\/bogensportdiscount.ch\/?s={search_term_string}"},"query-input":{"@type":"PropertyValueSpecification","valueRequired":true,"valueName":"search_term_string"}}],"inLanguage":"fr-FR"}]}},"_links":{"self":[{"href":"https:\/\/bogensportdiscount.ch\/fr\/wp-json\/wp\/v2\/product\/391660","targetHints":{"allow":["GET"]}}],"collection":[{"href":"https:\/\/bogensportdiscount.ch\/fr\/wp-json\/wp\/v2\/product"}],"about":[{"href":"https:\/\/bogensportdiscount.ch\/fr\/wp-json\/wp\/v2\/types\/product"}],"replies":[{"embeddable":true,"href":"https:\/\/bogensportdiscount.ch\/fr\/wp-json\/wp\/v2\/comments?post=391660"}],"wp:featuredmedia":[{"embeddable":true,"href":"https:\/\/bogensportdiscount.ch\/fr\/wp-json\/wp\/v2\/media\/447706"}],"wp:attachment":[{"href":"https:\/\/bogensportdiscount.ch\/fr\/wp-json\/wp\/v2\/media?parent=391660"}],"wp:term":[{"taxonomy":"product_brand","embeddable":true,"href":"https:\/\/bogensportdiscount.ch\/fr\/wp-json\/wp\/v2\/product_brand?post=391660"},{"taxonomy":"product_cat","embeddable":true,"href":"https:\/\/bogensportdiscount.ch\/fr\/wp-json\/wp\/v2\/product_cat?post=391660"},{"taxonomy":"product_tag","embeddable":true,"href":"https:\/\/bogensportdiscount.ch\/fr\/wp-json\/wp\/v2\/product_tag?post=391660"}],"curies":[{"name":"wp","href":"https:\/\/api.w.org\/{rel}","templated":true}]}}