{"id":391659,"date":"2026-04-05T14:23:33","date_gmt":"2026-04-05T12:23:33","guid":{"rendered":"https:\/\/bogensportdiscount.ch\/produkt\/excalibur-air-brakes-and-dissipater-bars-micro-matrix\/"},"modified":"2026-05-14T07:13:30","modified_gmt":"2026-05-14T05:13:30","slug":"excalibur-air-brakes-dissipater-bars-micro-matrix","status":"publish","type":"product","link":"https:\/\/bogensportdiscount.ch\/fr\/produit\/excalibur-air-brakes-dissipater-bars-micro-matrix\/","title":{"rendered":"EXCALIBUR FREINS \u00c0 AIR ET TIGES AMORTISSEURS (MICRO \/ MATRIX)"},"content":{"rendered":"<p>Les Excalibur Air Brakes et Dissipater Bars sont sp\u00e9cialement con\u00e7ues pour les mod\u00e8les d'arbal\u00e8tes des s\u00e9ries Micro et Matrix d'Excalibur. Elles se montent sur l'arbal\u00e8te et r\u00e9duisent les vibrations et le recul produits apr\u00e8s le tir, ce qui contribue \u00e0 un d\u00e9part plus calme et \u00e0 une dur\u00e9e de vie plus longue de l'arbal\u00e8te.<\/p>\n<p>En tant qu'accessoires originaux Excalibur, les pi\u00e8ces sont parfaitement adapt\u00e9es aux mod\u00e8les correspondants et peuvent \u00eatre mont\u00e9es sans effort important. Le set convient aussi bien \u00e0 la chasse qu'au sport.<\/p>\n<ul>\n<li>Compatible avec les arbal\u00e8tes Excalibur Micro et Matrix<\/li>\n<li>R\u00e9duction des vibrations et du recul apr\u00e8s le tir<\/li>\n<li>Accessoire Excalibur original pour un montage pr\u00e9cis<\/li>\n<li>Adapt\u00e9 \u00e0 la chasse et au sport<\/li>\n<\/ul>","protected":false},"excerpt":{"rendered":"<table>\n<tr>\n<th>Propri\u00e9t\u00e9<\/th>\n<th>Valeur<\/th>\n<\/tr>\n<tr>\n<td>Marque<\/td>\n<td>Excalibur<\/td>\n<\/tr>\n<tr>\n<td>Pays d'origine<\/td>\n<td>Canada<\/td>\n<\/tr>\n<tr>\n<td>GTIN<\/td>\n<td>626192070173<\/td>\n<\/tr>\n<\/table>","protected":false},"featured_media":447705,"comment_status":"open","ping_status":"closed","template":"","meta":[],"product_brand":[804],"product_cat":[4135,4136,4137],"product_tag":[3546],"class_list":{"0":"post-391659","1":"product","2":"type-product","3":"status-publish","4":"has-post-thumbnail","6":"product_brand-excalibur","7":"product_cat-armbrust-zubehoer","8":"product_cat-zubehoer-armbrust-zubehoer","9":"product_cat-weitere","10":"product_tag-neuheit","11":"product_shipping_class-bsd-standard","13":"first","14":"instock","15":"shipping-taxable","16":"purchasable","17":"product-type-simple"},"yoast_head":"<!-- This site is optimized with the Yoast SEO plugin v27.6 - https:\/\/yoast.com\/product\/yoast-seo-wordpress\/ -->\n<title>EXCALIBUR LUFTBREMSEN UND PUFFERST\u00c4BE (MICRO \/ MATRIX) - Bogensportdiscount \u2013 B\u00f6gen, Pfeile, Targets &amp; Zubeh\u00f6r<\/title>\n<meta name=\"description\" content=\"EXCALIBUR LUFTBREMSEN UND PUFFERST\u00c4BE (MICRO \/ MATRIX) g\u00fcnstig kaufen bei Bogensportdiscount \u2013 Top-Marken, schneller Versand aus der Schweiz.\" \/>\n<meta name=\"robots\" content=\"index, follow, max-snippet:-1, max-image-preview:large, max-video-preview:-1\" \/>\n<link rel=\"canonical\" href=\"https:\/\/bogensportdiscount.ch\/fr\/produit\/excalibur-air-brakes-dissipater-bars-micro-matrix\/\" \/>\n<meta property=\"og:locale\" content=\"fr_FR\" \/>\n<meta property=\"og:type\" content=\"article\" \/>\n<meta property=\"og:title\" content=\"EXCALIBUR LUFTBREMSEN UND PUFFERST\u00c4BE (MICRO \/ MATRIX) - Bogensportdiscount \u2013 B\u00f6gen, Pfeile, Targets &amp; Zubeh\u00f6r\" \/>\n<meta property=\"og:description\" content=\"EXCALIBUR LUFTBREMSEN UND PUFFERST\u00c4BE (MICRO \/ MATRIX) g\u00fcnstig kaufen bei Bogensportdiscount \u2013 Top-Marken, schneller Versand aus der Schweiz.\" \/>\n<meta property=\"og:url\" content=\"https:\/\/bogensportdiscount.ch\/fr\/produit\/excalibur-air-brakes-dissipater-bars-micro-matrix\/\" \/>\n<meta property=\"og:site_name\" content=\"Bogensportdiscount \u2013 B\u00f6gen, Pfeile, Targets &amp; Zubeh\u00f6r\" \/>\n<meta property=\"article:modified_time\" content=\"2026-05-14T05:13:30+00:00\" \/>\n<meta property=\"og:image\" content=\"https:\/\/bogensportdiscount.ch\/wp-content\/uploads\/bsm-images\/A014606_1.png\" \/>\n\t<meta property=\"og:image:width\" content=\"822\" \/>\n\t<meta property=\"og:image:height\" content=\"542\" \/>\n\t<meta property=\"og:image:type\" content=\"image\/png\" \/>\n<meta name=\"twitter:card\" content=\"summary_large_image\" \/>\n<meta name=\"twitter:label1\" content=\"Dur\u00e9e de lecture estim\u00e9e\" \/>\n\t<meta name=\"twitter:data1\" content=\"1 minute\" \/>\n<script type=\"application\/ld+json\" class=\"yoast-schema-graph\">{\"@context\":\"https:\\\/\\\/schema.org\",\"@graph\":[{\"@type\":\"WebPage\",\"@id\":\"https:\\\/\\\/bogensportdiscount.ch\\\/produkt\\\/excalibur-air-brakes-dissipater-bars-micro-matrix\\\/\",\"url\":\"https:\\\/\\\/bogensportdiscount.ch\\\/produkt\\\/excalibur-air-brakes-dissipater-bars-micro-matrix\\\/\",\"name\":\"EXCALIBUR LUFTBREMSEN UND PUFFERST\u00c4BE (MICRO \\\/ MATRIX) - Bogensportdiscount \u2013 B\u00f6gen, Pfeile, Targets &amp; Zubeh\u00f6r\",\"isPartOf\":{\"@id\":\"https:\\\/\\\/bogensportdiscount.ch\\\/#website\"},\"primaryImageOfPage\":{\"@id\":\"https:\\\/\\\/bogensportdiscount.ch\\\/produkt\\\/excalibur-air-brakes-dissipater-bars-micro-matrix\\\/#primaryimage\"},\"image\":{\"@id\":\"https:\\\/\\\/bogensportdiscount.ch\\\/produkt\\\/excalibur-air-brakes-dissipater-bars-micro-matrix\\\/#primaryimage\"},\"thumbnailUrl\":\"https:\\\/\\\/bogensportdiscount.ch\\\/wp-content\\\/uploads\\\/bsm-images\\\/A014606_1.png\",\"datePublished\":\"2026-04-05T12:23:33+00:00\",\"dateModified\":\"2026-05-14T05:13:30+00:00\",\"description\":\"EXCALIBUR LUFTBREMSEN UND PUFFERST\u00c4BE (MICRO \\\/ MATRIX) g\u00fcnstig kaufen bei Bogensportdiscount \u2013 Top-Marken, schneller Versand aus der Schweiz.\",\"breadcrumb\":{\"@id\":\"https:\\\/\\\/bogensportdiscount.ch\\\/produkt\\\/excalibur-air-brakes-dissipater-bars-micro-matrix\\\/#breadcrumb\"},\"inLanguage\":\"fr-FR\",\"potentialAction\":[{\"@type\":\"ReadAction\",\"target\":[\"https:\\\/\\\/bogensportdiscount.ch\\\/produkt\\\/excalibur-air-brakes-dissipater-bars-micro-matrix\\\/\"]}]},{\"@type\":\"ImageObject\",\"inLanguage\":\"fr-FR\",\"@id\":\"https:\\\/\\\/bogensportdiscount.ch\\\/produkt\\\/excalibur-air-brakes-dissipater-bars-micro-matrix\\\/#primaryimage\",\"url\":\"https:\\\/\\\/bogensportdiscount.ch\\\/wp-content\\\/uploads\\\/bsm-images\\\/A014606_1.png\",\"contentUrl\":\"https:\\\/\\\/bogensportdiscount.ch\\\/wp-content\\\/uploads\\\/bsm-images\\\/A014606_1.png\",\"width\":822,\"height\":542},{\"@type\":\"BreadcrumbList\",\"@id\":\"https:\\\/\\\/bogensportdiscount.ch\\\/produkt\\\/excalibur-air-brakes-dissipater-bars-micro-matrix\\\/#breadcrumb\",\"itemListElement\":[{\"@type\":\"ListItem\",\"position\":1,\"name\":\"Home\",\"item\":\"https:\\\/\\\/bogensportdiscount.ch\\\/\"},{\"@type\":\"ListItem\",\"position\":2,\"name\":\"Shop\",\"item\":\"https:\\\/\\\/bogensportdiscount.ch\\\/shop\\\/\"},{\"@type\":\"ListItem\",\"position\":3,\"name\":\"EXCALIBUR AIR BRAKES AND DISSIPATER BARS (MICRO \\\/ MATRIX)\"}]},{\"@type\":\"WebSite\",\"@id\":\"https:\\\/\\\/bogensportdiscount.ch\\\/#website\",\"url\":\"https:\\\/\\\/bogensportdiscount.ch\\\/\",\"name\":\"Bogensportdiscount\",\"description\":\"\",\"potentialAction\":[{\"@type\":\"SearchAction\",\"target\":{\"@type\":\"EntryPoint\",\"urlTemplate\":\"https:\\\/\\\/bogensportdiscount.ch\\\/?s={search_term_string}\"},\"query-input\":{\"@type\":\"PropertyValueSpecification\",\"valueRequired\":true,\"valueName\":\"search_term_string\"}}],\"inLanguage\":\"fr-FR\"}]}<\/script>\n<!-- \/ Yoast SEO plugin. -->","yoast_head_json":{"title":"EXCALIBUR LUFTBREMSEN UND PUFFERST\u00c4BE (MICRO \/ MATRIX) - Bogensportdiscount \u2013 B\u00f6gen, Pfeile, Targets &amp; Zubeh\u00f6r","description":"EXCALIBUR LUFTBREMSEN UND PUFFERST\u00c4BE (MICRO \/ MATRIX) g\u00fcnstig kaufen bei Bogensportdiscount \u2013 Top-Marken, schneller Versand aus der Schweiz.","robots":{"index":"index","follow":"follow","max-snippet":"max-snippet:-1","max-image-preview":"max-image-preview:large","max-video-preview":"max-video-preview:-1"},"canonical":"https:\/\/bogensportdiscount.ch\/fr\/produit\/excalibur-air-brakes-dissipater-bars-micro-matrix\/","og_locale":"fr_FR","og_type":"article","og_title":"EXCALIBUR LUFTBREMSEN UND PUFFERST\u00c4BE (MICRO \/ MATRIX) - Bogensportdiscount \u2013 B\u00f6gen, Pfeile, Targets &amp; Zubeh\u00f6r","og_description":"EXCALIBUR LUFTBREMSEN UND PUFFERST\u00c4BE (MICRO \/ MATRIX) g\u00fcnstig kaufen bei Bogensportdiscount \u2013 Top-Marken, schneller Versand aus der Schweiz.","og_url":"https:\/\/bogensportdiscount.ch\/fr\/produit\/excalibur-air-brakes-dissipater-bars-micro-matrix\/","og_site_name":"Bogensportdiscount \u2013 B\u00f6gen, Pfeile, Targets &amp; Zubeh\u00f6r","article_modified_time":"2026-05-14T05:13:30+00:00","og_image":[{"width":822,"height":542,"url":"https:\/\/bogensportdiscount.ch\/wp-content\/uploads\/bsm-images\/A014606_1.png","type":"image\/png"}],"twitter_card":"summary_large_image","twitter_misc":{"Dur\u00e9e de lecture estim\u00e9e":"1 minute"},"schema":{"@context":"https:\/\/schema.org","@graph":[{"@type":"WebPage","@id":"https:\/\/bogensportdiscount.ch\/produkt\/excalibur-air-brakes-dissipater-bars-micro-matrix\/","url":"https:\/\/bogensportdiscount.ch\/produkt\/excalibur-air-brakes-dissipater-bars-micro-matrix\/","name":"EXCALIBUR LUFTBREMSEN UND PUFFERST\u00c4BE (MICRO \/ MATRIX) - Bogensportdiscount \u2013 B\u00f6gen, Pfeile, Targets &amp; Zubeh\u00f6r","isPartOf":{"@id":"https:\/\/bogensportdiscount.ch\/#website"},"primaryImageOfPage":{"@id":"https:\/\/bogensportdiscount.ch\/produkt\/excalibur-air-brakes-dissipater-bars-micro-matrix\/#primaryimage"},"image":{"@id":"https:\/\/bogensportdiscount.ch\/produkt\/excalibur-air-brakes-dissipater-bars-micro-matrix\/#primaryimage"},"thumbnailUrl":"https:\/\/bogensportdiscount.ch\/wp-content\/uploads\/bsm-images\/A014606_1.png","datePublished":"2026-04-05T12:23:33+00:00","dateModified":"2026-05-14T05:13:30+00:00","description":"EXCALIBUR LUFTBREMSEN UND PUFFERST\u00c4BE (MICRO \/ MATRIX) g\u00fcnstig kaufen bei Bogensportdiscount \u2013 Top-Marken, schneller Versand aus der Schweiz.","breadcrumb":{"@id":"https:\/\/bogensportdiscount.ch\/produkt\/excalibur-air-brakes-dissipater-bars-micro-matrix\/#breadcrumb"},"inLanguage":"fr-FR","potentialAction":[{"@type":"ReadAction","target":["https:\/\/bogensportdiscount.ch\/produkt\/excalibur-air-brakes-dissipater-bars-micro-matrix\/"]}]},{"@type":"ImageObject","inLanguage":"fr-FR","@id":"https:\/\/bogensportdiscount.ch\/produkt\/excalibur-air-brakes-dissipater-bars-micro-matrix\/#primaryimage","url":"https:\/\/bogensportdiscount.ch\/wp-content\/uploads\/bsm-images\/A014606_1.png","contentUrl":"https:\/\/bogensportdiscount.ch\/wp-content\/uploads\/bsm-images\/A014606_1.png","width":822,"height":542},{"@type":"BreadcrumbList","@id":"https:\/\/bogensportdiscount.ch\/produkt\/excalibur-air-brakes-dissipater-bars-micro-matrix\/#breadcrumb","itemListElement":[{"@type":"ListItem","position":1,"name":"Home","item":"https:\/\/bogensportdiscount.ch\/"},{"@type":"ListItem","position":2,"name":"Shop","item":"https:\/\/bogensportdiscount.ch\/shop\/"},{"@type":"ListItem","position":3,"name":"EXCALIBUR AIR BRAKES AND DISSIPATER BARS (MICRO \/ MATRIX)"}]},{"@type":"WebSite","@id":"https:\/\/bogensportdiscount.ch\/#website","url":"https:\/\/bogensportdiscount.ch\/","name":"Bogensportdiscount","description":"","potentialAction":[{"@type":"SearchAction","target":{"@type":"EntryPoint","urlTemplate":"https:\/\/bogensportdiscount.ch\/?s={search_term_string}"},"query-input":{"@type":"PropertyValueSpecification","valueRequired":true,"valueName":"search_term_string"}}],"inLanguage":"fr-FR"}]}},"_links":{"self":[{"href":"https:\/\/bogensportdiscount.ch\/fr\/wp-json\/wp\/v2\/product\/391659","targetHints":{"allow":["GET"]}}],"collection":[{"href":"https:\/\/bogensportdiscount.ch\/fr\/wp-json\/wp\/v2\/product"}],"about":[{"href":"https:\/\/bogensportdiscount.ch\/fr\/wp-json\/wp\/v2\/types\/product"}],"replies":[{"embeddable":true,"href":"https:\/\/bogensportdiscount.ch\/fr\/wp-json\/wp\/v2\/comments?post=391659"}],"wp:featuredmedia":[{"embeddable":true,"href":"https:\/\/bogensportdiscount.ch\/fr\/wp-json\/wp\/v2\/media\/447705"}],"wp:attachment":[{"href":"https:\/\/bogensportdiscount.ch\/fr\/wp-json\/wp\/v2\/media?parent=391659"}],"wp:term":[{"taxonomy":"product_brand","embeddable":true,"href":"https:\/\/bogensportdiscount.ch\/fr\/wp-json\/wp\/v2\/product_brand?post=391659"},{"taxonomy":"product_cat","embeddable":true,"href":"https:\/\/bogensportdiscount.ch\/fr\/wp-json\/wp\/v2\/product_cat?post=391659"},{"taxonomy":"product_tag","embeddable":true,"href":"https:\/\/bogensportdiscount.ch\/fr\/wp-json\/wp\/v2\/product_tag?post=391659"}],"curies":[{"name":"wp","href":"https:\/\/api.w.org\/{rel}","templated":true}]}}