{"id":391655,"date":"2026-04-05T14:23:32","date_gmt":"2026-04-05T12:23:32","guid":{"rendered":"https:\/\/bogensportdiscount.ch\/produkt\/saunders-slingshot-accessories-protective-goggles\/"},"modified":"2026-04-13T20:51:32","modified_gmt":"2026-04-13T18:51:32","slug":"saunders-schleuder-zubehoer-schutzbrille","status":"publish","type":"product","link":"https:\/\/bogensportdiscount.ch\/fr\/produit\/saunders-schleuder-zubehoer-schutzbrille\/","title":{"rendered":"Accessoires de fronde Saunders Lunettes de protection"},"content":{"rendered":"<p>Die Saunders Schutzbrille ist Teil des Zubeh\u00f6r-Sortiments f\u00fcr Schleudern und bietet zuverl\u00e4ssigen Augenschutz beim Schleudersport. Sie ist f\u00fcr den Einsatz im Freien sowie bei Jagdaktivit\u00e4ten geeignet.<\/p>\n<p>Das Tragen einer Schutzbrille geh\u00f6rt zur grundlegenden Sicherheitsausr\u00fcstung beim Schleudern, um die Augen vor zur\u00fcckprallenden Projektilen oder Fremdk\u00f6rpern zu sch\u00fctzen.<\/p>\n<ul>\n<li>Augenschutz f\u00fcr den Schleuder-Einsatz<\/li>\n<li>Geeignet f\u00fcr Training und Freizeit<\/li>\n<li>Von Saunders, einem bekannten Hersteller im Bereich Schleudern<\/li>\n<\/ul>","protected":false},"excerpt":{"rendered":"<p><strong>Marque :<\/strong> Saunders<\/p>","protected":false},"featured_media":446943,"comment_status":"open","ping_status":"closed","template":"","meta":[],"product_brand":[779],"product_cat":[17964],"product_tag":[3546],"class_list":{"0":"post-391655","1":"product","2":"type-product","3":"status-publish","4":"has-post-thumbnail","6":"product_brand-saunders","7":"product_cat-schleudern-zubehoer-zubehoer","8":"product_tag-neuheit","10":"first","11":"instock","12":"shipping-taxable","13":"purchasable","14":"product-type-simple"},"_links":{"self":[{"href":"https:\/\/bogensportdiscount.ch\/fr\/wp-json\/wp\/v2\/product\/391655","targetHints":{"allow":["GET"]}}],"collection":[{"href":"https:\/\/bogensportdiscount.ch\/fr\/wp-json\/wp\/v2\/product"}],"about":[{"href":"https:\/\/bogensportdiscount.ch\/fr\/wp-json\/wp\/v2\/types\/product"}],"replies":[{"embeddable":true,"href":"https:\/\/bogensportdiscount.ch\/fr\/wp-json\/wp\/v2\/comments?post=391655"}],"wp:featuredmedia":[{"embeddable":true,"href":"https:\/\/bogensportdiscount.ch\/fr\/wp-json\/wp\/v2\/media\/446943"}],"wp:attachment":[{"href":"https:\/\/bogensportdiscount.ch\/fr\/wp-json\/wp\/v2\/media?parent=391655"}],"wp:term":[{"taxonomy":"product_brand","embeddable":true,"href":"https:\/\/bogensportdiscount.ch\/fr\/wp-json\/wp\/v2\/product_brand?post=391655"},{"taxonomy":"product_cat","embeddable":true,"href":"https:\/\/bogensportdiscount.ch\/fr\/wp-json\/wp\/v2\/product_cat?post=391655"},{"taxonomy":"product_tag","embeddable":true,"href":"https:\/\/bogensportdiscount.ch\/fr\/wp-json\/wp\/v2\/product_tag?post=391655"}],"curies":[{"name":"wp","href":"https:\/\/api.w.org\/{rel}","templated":true}]}}