{"id":391631,"date":"2026-04-05T14:23:28","date_gmt":"2026-04-05T12:23:28","guid":{"rendered":"https:\/\/bogensportdiscount.ch\/produkt\/avalon-cover-for-limbs-honeycomb-fits-all-limbs-per-pair\/"},"modified":"2026-05-14T07:13:30","modified_gmt":"2026-05-14T05:13:30","slug":"avalon-wurfarm-schutzhuelle-honeycomb-paar","status":"publish","type":"product","link":"https:\/\/bogensportdiscount.ch\/fr\/produit\/avalon-wurfarm-schutzhuelle-honeycomb-paar\/","title":{"rendered":"AVALON HOUSSE DE PROTECTION POUR BRANCHES STRUCTURE EN NIDS D'ABEILLES \/ CONVIENT \u00c0 TOUTES LES BRANCHES \/ PAR PAIRE"},"content":{"rendered":"<p>La housse de protection pour branches AVALON Honeycomb est une solution simple et pratique pour prot\u00e9ger les branches de votre arc classique ou arc long lors du transport et du stockage. Le motif Honeycomb assure une structure robuste pour un poids minimal.<\/p>\n<p>La housse est universelle et convient \u00e0 toutes les tailles de branches courantes. Elle est livr\u00e9e par paire, afin que les deux branches soient couvertes.<\/p>\n<ul>\n<li>Convient \u00e0 toutes les branches<\/li>\n<li>Structure Honeycomb pour la stabilit\u00e9<\/li>\n<li>Protection contre les rayures et les dommages lors du transport<\/li>\n<li>Livraison en paire (2 pi\u00e8ces)<\/li>\n<\/ul>","protected":false},"excerpt":{"rendered":"<table>\n<tr>\n<th>Propri\u00e9t\u00e9<\/th>\n<th>Valeur<\/th>\n<\/tr>\n<tr>\n<td>Marque<\/td>\n<td>Avalon<\/td>\n<\/tr>\n<tr>\n<td>Couleur<\/td>\n<td>Noir<\/td>\n<\/tr>\n<tr>\n<td>Pays d'origine<\/td>\n<td>Chine<\/td>\n<\/tr>\n<tr>\n<td>GTIN<\/td>\n<td>6426016914904<\/td>\n<\/tr>\n<\/table>","protected":false},"featured_media":442995,"comment_status":"open","ping_status":"closed","template":"","meta":[],"product_brand":[449],"product_cat":[4124,4125,4126],"product_tag":[3546],"class_list":{"0":"post-391631","1":"product","2":"type-product","3":"status-publish","4":"has-post-thumbnail","6":"product_brand-avalon","7":"product_cat-bogenschuetzer-ausruestung","8":"product_cat-taschen-koffer","9":"product_cat-huellen","10":"product_tag-neuheit","11":"product_shipping_class-bsd-standard","13":"first","14":"instock","15":"shipping-taxable","16":"purchasable","17":"product-type-simple"},"yoast_head":"<!-- This site is optimized with the Yoast SEO plugin v27.6 - https:\/\/yoast.com\/product\/yoast-seo-wordpress\/ -->\n<title>AVALON SCHUTZH\u00dcLLE F\u00dcR WURFARME WABENSTRUKTUR \/ PASST AUF ALLE WURFARME \/ PRO PAAR - Bogensportdiscount \u2013 B\u00f6gen, Pfeile, Targets &amp; Zubeh\u00f6r<\/title>\n<meta name=\"description\" content=\"AVALON SCHUTZH\u00dcLLE F\u00dcR WURFARME WABENSTRUKTUR \/ PASST AUF ALLE WURFARME \/ PRO PAAR g\u00fcnstig kaufen bei Bogensportdiscount \u2013 Top-Marken, schneller Versand aus der Schweiz.\" \/>\n<meta name=\"robots\" content=\"index, follow, max-snippet:-1, max-image-preview:large, max-video-preview:-1\" \/>\n<link rel=\"canonical\" href=\"https:\/\/bogensportdiscount.ch\/fr\/produit\/avalon-wurfarm-schutzhuelle-honeycomb-paar\/\" \/>\n<meta property=\"og:locale\" content=\"fr_FR\" \/>\n<meta property=\"og:type\" content=\"article\" \/>\n<meta property=\"og:title\" content=\"AVALON SCHUTZH\u00dcLLE F\u00dcR WURFARME WABENSTRUKTUR \/ PASST AUF ALLE WURFARME \/ PRO PAAR - Bogensportdiscount \u2013 B\u00f6gen, Pfeile, Targets &amp; Zubeh\u00f6r\" \/>\n<meta property=\"og:description\" content=\"AVALON SCHUTZH\u00dcLLE F\u00dcR WURFARME WABENSTRUKTUR \/ PASST AUF ALLE WURFARME \/ PRO PAAR g\u00fcnstig kaufen bei Bogensportdiscount \u2013 Top-Marken, schneller Versand aus der Schweiz.\" \/>\n<meta property=\"og:url\" content=\"https:\/\/bogensportdiscount.ch\/fr\/produit\/avalon-wurfarm-schutzhuelle-honeycomb-paar\/\" \/>\n<meta property=\"og:site_name\" content=\"Bogensportdiscount \u2013 B\u00f6gen, Pfeile, Targets &amp; Zubeh\u00f6r\" \/>\n<meta property=\"article:modified_time\" content=\"2026-05-14T05:13:30+00:00\" \/>\n<meta property=\"og:image\" content=\"https:\/\/bogensportdiscount.ch\/wp-content\/uploads\/bsm-images\/A014053_1.png\" \/>\n\t<meta property=\"og:image:width\" content=\"4895\" \/>\n\t<meta property=\"og:image:height\" content=\"1395\" \/>\n\t<meta property=\"og:image:type\" content=\"image\/png\" \/>\n<meta name=\"twitter:card\" content=\"summary_large_image\" \/>\n<script type=\"application\/ld+json\" class=\"yoast-schema-graph\">{\"@context\":\"https:\\\/\\\/schema.org\",\"@graph\":[{\"@type\":\"WebPage\",\"@id\":\"https:\\\/\\\/bogensportdiscount.ch\\\/produkt\\\/avalon-wurfarm-schutzhuelle-honeycomb-paar\\\/\",\"url\":\"https:\\\/\\\/bogensportdiscount.ch\\\/produkt\\\/avalon-wurfarm-schutzhuelle-honeycomb-paar\\\/\",\"name\":\"AVALON SCHUTZH\u00dcLLE F\u00dcR WURFARME WABENSTRUKTUR \\\/ PASST AUF ALLE WURFARME \\\/ PRO PAAR - Bogensportdiscount \u2013 B\u00f6gen, Pfeile, Targets &amp; Zubeh\u00f6r\",\"isPartOf\":{\"@id\":\"https:\\\/\\\/bogensportdiscount.ch\\\/#website\"},\"primaryImageOfPage\":{\"@id\":\"https:\\\/\\\/bogensportdiscount.ch\\\/produkt\\\/avalon-wurfarm-schutzhuelle-honeycomb-paar\\\/#primaryimage\"},\"image\":{\"@id\":\"https:\\\/\\\/bogensportdiscount.ch\\\/produkt\\\/avalon-wurfarm-schutzhuelle-honeycomb-paar\\\/#primaryimage\"},\"thumbnailUrl\":\"https:\\\/\\\/bogensportdiscount.ch\\\/wp-content\\\/uploads\\\/bsm-images\\\/A014053_1.png\",\"datePublished\":\"2026-04-05T12:23:28+00:00\",\"dateModified\":\"2026-05-14T05:13:30+00:00\",\"description\":\"AVALON SCHUTZH\u00dcLLE F\u00dcR WURFARME WABENSTRUKTUR \\\/ PASST AUF ALLE WURFARME \\\/ PRO PAAR g\u00fcnstig kaufen bei Bogensportdiscount \u2013 Top-Marken, schneller Versand aus der Schweiz.\",\"breadcrumb\":{\"@id\":\"https:\\\/\\\/bogensportdiscount.ch\\\/produkt\\\/avalon-wurfarm-schutzhuelle-honeycomb-paar\\\/#breadcrumb\"},\"inLanguage\":\"fr-FR\",\"potentialAction\":[{\"@type\":\"ReadAction\",\"target\":[\"https:\\\/\\\/bogensportdiscount.ch\\\/produkt\\\/avalon-wurfarm-schutzhuelle-honeycomb-paar\\\/\"]}]},{\"@type\":\"ImageObject\",\"inLanguage\":\"fr-FR\",\"@id\":\"https:\\\/\\\/bogensportdiscount.ch\\\/produkt\\\/avalon-wurfarm-schutzhuelle-honeycomb-paar\\\/#primaryimage\",\"url\":\"https:\\\/\\\/bogensportdiscount.ch\\\/wp-content\\\/uploads\\\/bsm-images\\\/A014053_1.png\",\"contentUrl\":\"https:\\\/\\\/bogensportdiscount.ch\\\/wp-content\\\/uploads\\\/bsm-images\\\/A014053_1.png\",\"width\":4895,\"height\":1395},{\"@type\":\"BreadcrumbList\",\"@id\":\"https:\\\/\\\/bogensportdiscount.ch\\\/produkt\\\/avalon-wurfarm-schutzhuelle-honeycomb-paar\\\/#breadcrumb\",\"itemListElement\":[{\"@type\":\"ListItem\",\"position\":1,\"name\":\"Home\",\"item\":\"https:\\\/\\\/bogensportdiscount.ch\\\/\"},{\"@type\":\"ListItem\",\"position\":2,\"name\":\"Shop\",\"item\":\"https:\\\/\\\/bogensportdiscount.ch\\\/shop\\\/\"},{\"@type\":\"ListItem\",\"position\":3,\"name\":\"AVALON COVER FOR LIMBS HONEYCOMB \\\/ FITS ALL LIMBS \\\/ PER PAIR\"}]},{\"@type\":\"WebSite\",\"@id\":\"https:\\\/\\\/bogensportdiscount.ch\\\/#website\",\"url\":\"https:\\\/\\\/bogensportdiscount.ch\\\/\",\"name\":\"Bogensportdiscount\",\"description\":\"\",\"potentialAction\":[{\"@type\":\"SearchAction\",\"target\":{\"@type\":\"EntryPoint\",\"urlTemplate\":\"https:\\\/\\\/bogensportdiscount.ch\\\/?s={search_term_string}\"},\"query-input\":{\"@type\":\"PropertyValueSpecification\",\"valueRequired\":true,\"valueName\":\"search_term_string\"}}],\"inLanguage\":\"fr-FR\"}]}<\/script>\n<!-- \/ Yoast SEO plugin. -->","yoast_head_json":{"title":"AVALON SCHUTZH\u00dcLLE F\u00dcR WURFARME WABENSTRUKTUR \/ PASST AUF ALLE WURFARME \/ PRO PAAR - Bogensportdiscount \u2013 B\u00f6gen, Pfeile, Targets &amp; Zubeh\u00f6r","description":"AVALON SCHUTZH\u00dcLLE F\u00dcR WURFARME WABENSTRUKTUR \/ PASST AUF ALLE WURFARME \/ PRO PAAR g\u00fcnstig kaufen bei Bogensportdiscount \u2013 Top-Marken, schneller Versand aus der Schweiz.","robots":{"index":"index","follow":"follow","max-snippet":"max-snippet:-1","max-image-preview":"max-image-preview:large","max-video-preview":"max-video-preview:-1"},"canonical":"https:\/\/bogensportdiscount.ch\/fr\/produit\/avalon-wurfarm-schutzhuelle-honeycomb-paar\/","og_locale":"fr_FR","og_type":"article","og_title":"AVALON SCHUTZH\u00dcLLE F\u00dcR WURFARME WABENSTRUKTUR \/ PASST AUF ALLE WURFARME \/ PRO PAAR - Bogensportdiscount \u2013 B\u00f6gen, Pfeile, Targets &amp; Zubeh\u00f6r","og_description":"AVALON SCHUTZH\u00dcLLE F\u00dcR WURFARME WABENSTRUKTUR \/ PASST AUF ALLE WURFARME \/ PRO PAAR g\u00fcnstig kaufen bei Bogensportdiscount \u2013 Top-Marken, schneller Versand aus der Schweiz.","og_url":"https:\/\/bogensportdiscount.ch\/fr\/produit\/avalon-wurfarm-schutzhuelle-honeycomb-paar\/","og_site_name":"Bogensportdiscount \u2013 B\u00f6gen, Pfeile, Targets &amp; Zubeh\u00f6r","article_modified_time":"2026-05-14T05:13:30+00:00","og_image":[{"url":"https:\/\/bogensportdiscount.ch\/wp-content\/uploads\/bsm-images\/A014053_1.png","width":4895,"height":1395,"type":"image\/png"}],"twitter_card":"summary_large_image","schema":{"@context":"https:\/\/schema.org","@graph":[{"@type":"WebPage","@id":"https:\/\/bogensportdiscount.ch\/produkt\/avalon-wurfarm-schutzhuelle-honeycomb-paar\/","url":"https:\/\/bogensportdiscount.ch\/produkt\/avalon-wurfarm-schutzhuelle-honeycomb-paar\/","name":"AVALON SCHUTZH\u00dcLLE F\u00dcR WURFARME WABENSTRUKTUR \/ PASST AUF ALLE WURFARME \/ PRO PAAR - Bogensportdiscount \u2013 B\u00f6gen, Pfeile, Targets &amp; Zubeh\u00f6r","isPartOf":{"@id":"https:\/\/bogensportdiscount.ch\/#website"},"primaryImageOfPage":{"@id":"https:\/\/bogensportdiscount.ch\/produkt\/avalon-wurfarm-schutzhuelle-honeycomb-paar\/#primaryimage"},"image":{"@id":"https:\/\/bogensportdiscount.ch\/produkt\/avalon-wurfarm-schutzhuelle-honeycomb-paar\/#primaryimage"},"thumbnailUrl":"https:\/\/bogensportdiscount.ch\/wp-content\/uploads\/bsm-images\/A014053_1.png","datePublished":"2026-04-05T12:23:28+00:00","dateModified":"2026-05-14T05:13:30+00:00","description":"AVALON SCHUTZH\u00dcLLE F\u00dcR WURFARME WABENSTRUKTUR \/ PASST AUF ALLE WURFARME \/ PRO PAAR g\u00fcnstig kaufen bei Bogensportdiscount \u2013 Top-Marken, schneller Versand aus der Schweiz.","breadcrumb":{"@id":"https:\/\/bogensportdiscount.ch\/produkt\/avalon-wurfarm-schutzhuelle-honeycomb-paar\/#breadcrumb"},"inLanguage":"fr-FR","potentialAction":[{"@type":"ReadAction","target":["https:\/\/bogensportdiscount.ch\/produkt\/avalon-wurfarm-schutzhuelle-honeycomb-paar\/"]}]},{"@type":"ImageObject","inLanguage":"fr-FR","@id":"https:\/\/bogensportdiscount.ch\/produkt\/avalon-wurfarm-schutzhuelle-honeycomb-paar\/#primaryimage","url":"https:\/\/bogensportdiscount.ch\/wp-content\/uploads\/bsm-images\/A014053_1.png","contentUrl":"https:\/\/bogensportdiscount.ch\/wp-content\/uploads\/bsm-images\/A014053_1.png","width":4895,"height":1395},{"@type":"BreadcrumbList","@id":"https:\/\/bogensportdiscount.ch\/produkt\/avalon-wurfarm-schutzhuelle-honeycomb-paar\/#breadcrumb","itemListElement":[{"@type":"ListItem","position":1,"name":"Home","item":"https:\/\/bogensportdiscount.ch\/"},{"@type":"ListItem","position":2,"name":"Shop","item":"https:\/\/bogensportdiscount.ch\/shop\/"},{"@type":"ListItem","position":3,"name":"AVALON COVER FOR LIMBS HONEYCOMB \/ FITS ALL LIMBS \/ PER PAIR"}]},{"@type":"WebSite","@id":"https:\/\/bogensportdiscount.ch\/#website","url":"https:\/\/bogensportdiscount.ch\/","name":"Bogensportdiscount","description":"","potentialAction":[{"@type":"SearchAction","target":{"@type":"EntryPoint","urlTemplate":"https:\/\/bogensportdiscount.ch\/?s={search_term_string}"},"query-input":{"@type":"PropertyValueSpecification","valueRequired":true,"valueName":"search_term_string"}}],"inLanguage":"fr-FR"}]}},"_links":{"self":[{"href":"https:\/\/bogensportdiscount.ch\/fr\/wp-json\/wp\/v2\/product\/391631","targetHints":{"allow":["GET"]}}],"collection":[{"href":"https:\/\/bogensportdiscount.ch\/fr\/wp-json\/wp\/v2\/product"}],"about":[{"href":"https:\/\/bogensportdiscount.ch\/fr\/wp-json\/wp\/v2\/types\/product"}],"replies":[{"embeddable":true,"href":"https:\/\/bogensportdiscount.ch\/fr\/wp-json\/wp\/v2\/comments?post=391631"}],"wp:featuredmedia":[{"embeddable":true,"href":"https:\/\/bogensportdiscount.ch\/fr\/wp-json\/wp\/v2\/media\/442995"}],"wp:attachment":[{"href":"https:\/\/bogensportdiscount.ch\/fr\/wp-json\/wp\/v2\/media?parent=391631"}],"wp:term":[{"taxonomy":"product_brand","embeddable":true,"href":"https:\/\/bogensportdiscount.ch\/fr\/wp-json\/wp\/v2\/product_brand?post=391631"},{"taxonomy":"product_cat","embeddable":true,"href":"https:\/\/bogensportdiscount.ch\/fr\/wp-json\/wp\/v2\/product_cat?post=391631"},{"taxonomy":"product_tag","embeddable":true,"href":"https:\/\/bogensportdiscount.ch\/fr\/wp-json\/wp\/v2\/product_tag?post=391631"}],"curies":[{"name":"wp","href":"https:\/\/api.w.org\/{rel}","templated":true}]}}