{"id":391630,"date":"2026-04-05T14:23:28","date_gmt":"2026-04-05T12:23:28","guid":{"rendered":"https:\/\/bogensportdiscount.ch\/produkt\/avalon-covers-for-risers-honeycomb-75cm-x-18cm-fits-all-risers\/"},"modified":"2026-05-14T07:13:30","modified_gmt":"2026-05-14T05:13:30","slug":"avalon-griffstueck-schutzhuelle-honeycomb-75cm-x-18cm","status":"publish","type":"product","link":"https:\/\/bogensportdiscount.ch\/fr\/produit\/avalon-griffstueck-schutzhuelle-honeycomb-75cm-x-18cm\/","title":{"rendered":"AVALON HOUSSES DE PROTECTION POUR POIGN\u00c9ES STRUCTURE ALV\u00c9OLAIRE \/ 75cm x 18cm \/ CONVIENT \u00c0 TOUTES LES POIGN\u00c9ES"},"content":{"rendered":"<p>La housse de protection AVALON au design Honeycomb prot\u00e8ge la poign\u00e9e de l'arc contre les rayures, la poussi\u00e8re et les chocs l\u00e9gers lors du transport et du stockage. Avec des dimensions de 75 cm x 18 cm, elle couvre une large gamme de poign\u00e9es et est, selon le fabricant, d'utilisation universelle.<\/p>\n<p>Gr\u00e2ce au motif Honeycomb, la housse offre une surface structur\u00e9e qui apporte une stabilit\u00e9 suppl\u00e9mentaire. Elle convient aussi bien aux poign\u00e9es d'arcs classiques que d'arcs \u00e0 poulies et constitue un compl\u00e9ment pratique pour une utilisation quotidienne \u00e0 l'entra\u00eenement et en comp\u00e9tition.<\/p>\n<ul>\n<li>Dimensions : 75 cm x 18 cm<\/li>\n<li>Motif Honeycomb pour une stabilit\u00e9 accrue<\/li>\n<li>Compatible avec toutes les poign\u00e9es courantes<\/li>\n<li>Protection contre les rayures et la poussi\u00e8re<\/li>\n<\/ul>","protected":false},"excerpt":{"rendered":"<table>\n<tr>\n<th>Propri\u00e9t\u00e9<\/th>\n<th>Valeur<\/th>\n<\/tr>\n<tr>\n<td>Marque<\/td>\n<td>Avalon<\/td>\n<\/tr>\n<tr>\n<td>Couleur<\/td>\n<td>Noir<\/td>\n<\/tr>\n<tr>\n<td>Pays d'origine<\/td>\n<td>Chine<\/td>\n<\/tr>\n<\/table>","protected":false},"featured_media":442993,"comment_status":"open","ping_status":"closed","template":"","meta":[],"product_brand":[449],"product_cat":[4124,4125,4126],"product_tag":[3546],"class_list":{"0":"post-391630","1":"product","2":"type-product","3":"status-publish","4":"has-post-thumbnail","6":"product_brand-avalon","7":"product_cat-bogenschuetzer-ausruestung","8":"product_cat-taschen-koffer","9":"product_cat-huellen","10":"product_tag-neuheit","11":"product_shipping_class-bsd-standard","13":"first","14":"instock","15":"shipping-taxable","16":"purchasable","17":"product-type-simple"},"yoast_head":"<!-- This site is optimized with the Yoast SEO plugin v27.6 - https:\/\/yoast.com\/product\/yoast-seo-wordpress\/ -->\n<title>AVALON SCHUTZH\u00dcLLEN F\u00dcR MITTELTEILE WABENSTRUKTUR \/ 75cm x 18cm \/ PASST AUF ALLE MITTELTEILE - Bogensportdiscount \u2013 B\u00f6gen, Pfeile, Targets &amp; Zubeh\u00f6r<\/title>\n<meta name=\"description\" content=\"AVALON SCHUTZH\u00dcLLEN F\u00dcR MITTELTEILE WABENSTRUKTUR \/ 75cm x 18cm \/ PASST AUF ALLE MITTELTEILE g\u00fcnstig kaufen bei Bogensportdiscount \u2013 Top-Marken, schneller Versand aus der Schweiz.\" \/>\n<meta name=\"robots\" content=\"index, follow, max-snippet:-1, max-image-preview:large, max-video-preview:-1\" \/>\n<link rel=\"canonical\" href=\"https:\/\/bogensportdiscount.ch\/fr\/produit\/avalon-griffstueck-schutzhuelle-honeycomb-75cm-x-18cm\/\" \/>\n<meta property=\"og:locale\" content=\"fr_FR\" \/>\n<meta property=\"og:type\" content=\"article\" \/>\n<meta property=\"og:title\" content=\"AVALON SCHUTZH\u00dcLLEN F\u00dcR MITTELTEILE WABENSTRUKTUR \/ 75cm x 18cm \/ PASST AUF ALLE MITTELTEILE - Bogensportdiscount \u2013 B\u00f6gen, Pfeile, Targets &amp; Zubeh\u00f6r\" \/>\n<meta property=\"og:description\" content=\"AVALON SCHUTZH\u00dcLLEN F\u00dcR MITTELTEILE WABENSTRUKTUR \/ 75cm x 18cm \/ PASST AUF ALLE MITTELTEILE g\u00fcnstig kaufen bei Bogensportdiscount \u2013 Top-Marken, schneller Versand aus der Schweiz.\" \/>\n<meta property=\"og:url\" content=\"https:\/\/bogensportdiscount.ch\/fr\/produit\/avalon-griffstueck-schutzhuelle-honeycomb-75cm-x-18cm\/\" \/>\n<meta property=\"og:site_name\" content=\"Bogensportdiscount \u2013 B\u00f6gen, Pfeile, Targets &amp; Zubeh\u00f6r\" \/>\n<meta property=\"article:modified_time\" content=\"2026-05-14T05:13:30+00:00\" \/>\n<meta property=\"og:image\" content=\"https:\/\/bogensportdiscount.ch\/wp-content\/uploads\/bsm-images\/A014051_1.png\" \/>\n\t<meta property=\"og:image:width\" content=\"4395\" \/>\n\t<meta property=\"og:image:height\" content=\"1486\" \/>\n\t<meta property=\"og:image:type\" content=\"image\/png\" \/>\n<meta name=\"twitter:card\" content=\"summary_large_image\" \/>\n<meta name=\"twitter:label1\" content=\"Dur\u00e9e de lecture estim\u00e9e\" \/>\n\t<meta name=\"twitter:data1\" content=\"1 minute\" \/>\n<script type=\"application\/ld+json\" class=\"yoast-schema-graph\">{\"@context\":\"https:\\\/\\\/schema.org\",\"@graph\":[{\"@type\":\"WebPage\",\"@id\":\"https:\\\/\\\/bogensportdiscount.ch\\\/produkt\\\/avalon-griffstueck-schutzhuelle-honeycomb-75cm-x-18cm\\\/\",\"url\":\"https:\\\/\\\/bogensportdiscount.ch\\\/produkt\\\/avalon-griffstueck-schutzhuelle-honeycomb-75cm-x-18cm\\\/\",\"name\":\"AVALON SCHUTZH\u00dcLLEN F\u00dcR MITTELTEILE WABENSTRUKTUR \\\/ 75cm x 18cm \\\/ PASST AUF ALLE MITTELTEILE - Bogensportdiscount \u2013 B\u00f6gen, Pfeile, Targets &amp; Zubeh\u00f6r\",\"isPartOf\":{\"@id\":\"https:\\\/\\\/bogensportdiscount.ch\\\/#website\"},\"primaryImageOfPage\":{\"@id\":\"https:\\\/\\\/bogensportdiscount.ch\\\/produkt\\\/avalon-griffstueck-schutzhuelle-honeycomb-75cm-x-18cm\\\/#primaryimage\"},\"image\":{\"@id\":\"https:\\\/\\\/bogensportdiscount.ch\\\/produkt\\\/avalon-griffstueck-schutzhuelle-honeycomb-75cm-x-18cm\\\/#primaryimage\"},\"thumbnailUrl\":\"https:\\\/\\\/bogensportdiscount.ch\\\/wp-content\\\/uploads\\\/bsm-images\\\/A014051_1.png\",\"datePublished\":\"2026-04-05T12:23:28+00:00\",\"dateModified\":\"2026-05-14T05:13:30+00:00\",\"description\":\"AVALON SCHUTZH\u00dcLLEN F\u00dcR MITTELTEILE WABENSTRUKTUR \\\/ 75cm x 18cm \\\/ PASST AUF ALLE MITTELTEILE g\u00fcnstig kaufen bei Bogensportdiscount \u2013 Top-Marken, schneller Versand aus der Schweiz.\",\"breadcrumb\":{\"@id\":\"https:\\\/\\\/bogensportdiscount.ch\\\/produkt\\\/avalon-griffstueck-schutzhuelle-honeycomb-75cm-x-18cm\\\/#breadcrumb\"},\"inLanguage\":\"fr-FR\",\"potentialAction\":[{\"@type\":\"ReadAction\",\"target\":[\"https:\\\/\\\/bogensportdiscount.ch\\\/produkt\\\/avalon-griffstueck-schutzhuelle-honeycomb-75cm-x-18cm\\\/\"]}]},{\"@type\":\"ImageObject\",\"inLanguage\":\"fr-FR\",\"@id\":\"https:\\\/\\\/bogensportdiscount.ch\\\/produkt\\\/avalon-griffstueck-schutzhuelle-honeycomb-75cm-x-18cm\\\/#primaryimage\",\"url\":\"https:\\\/\\\/bogensportdiscount.ch\\\/wp-content\\\/uploads\\\/bsm-images\\\/A014051_1.png\",\"contentUrl\":\"https:\\\/\\\/bogensportdiscount.ch\\\/wp-content\\\/uploads\\\/bsm-images\\\/A014051_1.png\",\"width\":4395,\"height\":1486},{\"@type\":\"BreadcrumbList\",\"@id\":\"https:\\\/\\\/bogensportdiscount.ch\\\/produkt\\\/avalon-griffstueck-schutzhuelle-honeycomb-75cm-x-18cm\\\/#breadcrumb\",\"itemListElement\":[{\"@type\":\"ListItem\",\"position\":1,\"name\":\"Home\",\"item\":\"https:\\\/\\\/bogensportdiscount.ch\\\/\"},{\"@type\":\"ListItem\",\"position\":2,\"name\":\"Shop\",\"item\":\"https:\\\/\\\/bogensportdiscount.ch\\\/shop\\\/\"},{\"@type\":\"ListItem\",\"position\":3,\"name\":\"AVALON COVERS FOR RISERS HONEYCOMB \\\/ 75cm x 18cm \\\/ FITS ALL RISERS\"}]},{\"@type\":\"WebSite\",\"@id\":\"https:\\\/\\\/bogensportdiscount.ch\\\/#website\",\"url\":\"https:\\\/\\\/bogensportdiscount.ch\\\/\",\"name\":\"Bogensportdiscount\",\"description\":\"\",\"potentialAction\":[{\"@type\":\"SearchAction\",\"target\":{\"@type\":\"EntryPoint\",\"urlTemplate\":\"https:\\\/\\\/bogensportdiscount.ch\\\/?s={search_term_string}\"},\"query-input\":{\"@type\":\"PropertyValueSpecification\",\"valueRequired\":true,\"valueName\":\"search_term_string\"}}],\"inLanguage\":\"fr-FR\"}]}<\/script>\n<!-- \/ Yoast SEO plugin. -->","yoast_head_json":{"title":"AVALON SCHUTZH\u00dcLLEN F\u00dcR MITTELTEILE WABENSTRUKTUR \/ 75cm x 18cm \/ PASST AUF ALLE MITTELTEILE - Bogensportdiscount \u2013 B\u00f6gen, Pfeile, Targets &amp; Zubeh\u00f6r","description":"AVALON SCHUTZH\u00dcLLEN F\u00dcR MITTELTEILE WABENSTRUKTUR \/ 75cm x 18cm \/ PASST AUF ALLE MITTELTEILE g\u00fcnstig kaufen bei Bogensportdiscount \u2013 Top-Marken, schneller Versand aus der Schweiz.","robots":{"index":"index","follow":"follow","max-snippet":"max-snippet:-1","max-image-preview":"max-image-preview:large","max-video-preview":"max-video-preview:-1"},"canonical":"https:\/\/bogensportdiscount.ch\/fr\/produit\/avalon-griffstueck-schutzhuelle-honeycomb-75cm-x-18cm\/","og_locale":"fr_FR","og_type":"article","og_title":"AVALON SCHUTZH\u00dcLLEN F\u00dcR MITTELTEILE WABENSTRUKTUR \/ 75cm x 18cm \/ PASST AUF ALLE MITTELTEILE - Bogensportdiscount \u2013 B\u00f6gen, Pfeile, Targets &amp; Zubeh\u00f6r","og_description":"AVALON SCHUTZH\u00dcLLEN F\u00dcR MITTELTEILE WABENSTRUKTUR \/ 75cm x 18cm \/ PASST AUF ALLE MITTELTEILE g\u00fcnstig kaufen bei Bogensportdiscount \u2013 Top-Marken, schneller Versand aus der Schweiz.","og_url":"https:\/\/bogensportdiscount.ch\/fr\/produit\/avalon-griffstueck-schutzhuelle-honeycomb-75cm-x-18cm\/","og_site_name":"Bogensportdiscount \u2013 B\u00f6gen, Pfeile, Targets &amp; Zubeh\u00f6r","article_modified_time":"2026-05-14T05:13:30+00:00","og_image":[{"url":"https:\/\/bogensportdiscount.ch\/wp-content\/uploads\/bsm-images\/A014051_1.png","width":4395,"height":1486,"type":"image\/png"}],"twitter_card":"summary_large_image","twitter_misc":{"Dur\u00e9e de lecture estim\u00e9e":"1 minute"},"schema":{"@context":"https:\/\/schema.org","@graph":[{"@type":"WebPage","@id":"https:\/\/bogensportdiscount.ch\/produkt\/avalon-griffstueck-schutzhuelle-honeycomb-75cm-x-18cm\/","url":"https:\/\/bogensportdiscount.ch\/produkt\/avalon-griffstueck-schutzhuelle-honeycomb-75cm-x-18cm\/","name":"AVALON SCHUTZH\u00dcLLEN F\u00dcR MITTELTEILE WABENSTRUKTUR \/ 75cm x 18cm \/ PASST AUF ALLE MITTELTEILE - Bogensportdiscount \u2013 B\u00f6gen, Pfeile, Targets &amp; Zubeh\u00f6r","isPartOf":{"@id":"https:\/\/bogensportdiscount.ch\/#website"},"primaryImageOfPage":{"@id":"https:\/\/bogensportdiscount.ch\/produkt\/avalon-griffstueck-schutzhuelle-honeycomb-75cm-x-18cm\/#primaryimage"},"image":{"@id":"https:\/\/bogensportdiscount.ch\/produkt\/avalon-griffstueck-schutzhuelle-honeycomb-75cm-x-18cm\/#primaryimage"},"thumbnailUrl":"https:\/\/bogensportdiscount.ch\/wp-content\/uploads\/bsm-images\/A014051_1.png","datePublished":"2026-04-05T12:23:28+00:00","dateModified":"2026-05-14T05:13:30+00:00","description":"AVALON SCHUTZH\u00dcLLEN F\u00dcR MITTELTEILE WABENSTRUKTUR \/ 75cm x 18cm \/ PASST AUF ALLE MITTELTEILE g\u00fcnstig kaufen bei Bogensportdiscount \u2013 Top-Marken, schneller Versand aus der Schweiz.","breadcrumb":{"@id":"https:\/\/bogensportdiscount.ch\/produkt\/avalon-griffstueck-schutzhuelle-honeycomb-75cm-x-18cm\/#breadcrumb"},"inLanguage":"fr-FR","potentialAction":[{"@type":"ReadAction","target":["https:\/\/bogensportdiscount.ch\/produkt\/avalon-griffstueck-schutzhuelle-honeycomb-75cm-x-18cm\/"]}]},{"@type":"ImageObject","inLanguage":"fr-FR","@id":"https:\/\/bogensportdiscount.ch\/produkt\/avalon-griffstueck-schutzhuelle-honeycomb-75cm-x-18cm\/#primaryimage","url":"https:\/\/bogensportdiscount.ch\/wp-content\/uploads\/bsm-images\/A014051_1.png","contentUrl":"https:\/\/bogensportdiscount.ch\/wp-content\/uploads\/bsm-images\/A014051_1.png","width":4395,"height":1486},{"@type":"BreadcrumbList","@id":"https:\/\/bogensportdiscount.ch\/produkt\/avalon-griffstueck-schutzhuelle-honeycomb-75cm-x-18cm\/#breadcrumb","itemListElement":[{"@type":"ListItem","position":1,"name":"Home","item":"https:\/\/bogensportdiscount.ch\/"},{"@type":"ListItem","position":2,"name":"Shop","item":"https:\/\/bogensportdiscount.ch\/shop\/"},{"@type":"ListItem","position":3,"name":"AVALON COVERS FOR RISERS HONEYCOMB \/ 75cm x 18cm \/ FITS ALL RISERS"}]},{"@type":"WebSite","@id":"https:\/\/bogensportdiscount.ch\/#website","url":"https:\/\/bogensportdiscount.ch\/","name":"Bogensportdiscount","description":"","potentialAction":[{"@type":"SearchAction","target":{"@type":"EntryPoint","urlTemplate":"https:\/\/bogensportdiscount.ch\/?s={search_term_string}"},"query-input":{"@type":"PropertyValueSpecification","valueRequired":true,"valueName":"search_term_string"}}],"inLanguage":"fr-FR"}]}},"_links":{"self":[{"href":"https:\/\/bogensportdiscount.ch\/fr\/wp-json\/wp\/v2\/product\/391630","targetHints":{"allow":["GET"]}}],"collection":[{"href":"https:\/\/bogensportdiscount.ch\/fr\/wp-json\/wp\/v2\/product"}],"about":[{"href":"https:\/\/bogensportdiscount.ch\/fr\/wp-json\/wp\/v2\/types\/product"}],"replies":[{"embeddable":true,"href":"https:\/\/bogensportdiscount.ch\/fr\/wp-json\/wp\/v2\/comments?post=391630"}],"wp:featuredmedia":[{"embeddable":true,"href":"https:\/\/bogensportdiscount.ch\/fr\/wp-json\/wp\/v2\/media\/442993"}],"wp:attachment":[{"href":"https:\/\/bogensportdiscount.ch\/fr\/wp-json\/wp\/v2\/media?parent=391630"}],"wp:term":[{"taxonomy":"product_brand","embeddable":true,"href":"https:\/\/bogensportdiscount.ch\/fr\/wp-json\/wp\/v2\/product_brand?post=391630"},{"taxonomy":"product_cat","embeddable":true,"href":"https:\/\/bogensportdiscount.ch\/fr\/wp-json\/wp\/v2\/product_cat?post=391630"},{"taxonomy":"product_tag","embeddable":true,"href":"https:\/\/bogensportdiscount.ch\/fr\/wp-json\/wp\/v2\/product_tag?post=391630"}],"curies":[{"name":"wp","href":"https:\/\/api.w.org\/{rel}","templated":true}]}}