{"id":391629,"date":"2026-04-05T14:23:28","date_gmt":"2026-04-05T12:23:28","guid":{"rendered":"https:\/\/bogensportdiscount.ch\/produkt\/avalon-covers-for-cam-string-protect-upgraded-neoprene-with-carrier-30-44-bows\/"},"modified":"2026-05-14T07:13:30","modified_gmt":"2026-05-14T05:13:30","slug":"avalon-neopren-cam-string-schutzabdeckung-traeger-30-44-zoll","status":"publish","type":"product","link":"https:\/\/bogensportdiscount.ch\/fr\/produit\/avalon-neopren-cam-string-schutzabdeckung-traeger-30-44-zoll\/","title":{"rendered":"AVALON HOUSSES DE PROTECTION POUR PROT\u00c8GE-NOD-\/CORDE AM\u00c9LIOR\u00c9E- N\u00c9OPR\u00c8NE AVEC SANGLES \/ 30&#8243;-44&#8243; ARCS"},"content":{"rendered":"<p>La housse de protection Cam\/Corde AVALON est sp\u00e9cialement con\u00e7ue pour les arcs \u00e0 poulies d'une longueur de 30 \u00e0 44 pouces. Le mat\u00e9riau en n\u00e9opr\u00e8ne prot\u00e8ge efficacement les cames et la corde de l'arc contre les rayures, les chocs et les salissures \u2013 id\u00e9al pour le transport et le stockage.<\/p>\n<p>Par rapport au mod\u00e8le pr\u00e9c\u00e9dent, cette version a \u00e9t\u00e9 am\u00e9lior\u00e9e avec un support (carrier) int\u00e9gr\u00e9, qui facilite la manipulation et garantit un maintien s\u00e9curis\u00e9 sur l'arc.<\/p>\n<ul>\n<li>Mat\u00e9riau : n\u00e9opr\u00e8ne<\/li>\n<li>Adapt\u00e9 aux arcs de 30&#8243; \u00e0 44&#8243;<\/li>\n<li>Prot\u00e8ge les cames (Cam) et la corde de l'arc (String)<\/li>\n<li>Inclus support pour un maintien s\u00e9curis\u00e9<\/li>\n<\/ul>","protected":false},"excerpt":{"rendered":"<table>\n<tr>\n<th>Propri\u00e9t\u00e9<\/th>\n<th>Valeur<\/th>\n<\/tr>\n<tr>\n<td>Marque<\/td>\n<td>Avalon<\/td>\n<\/tr>\n<tr>\n<td>Couleur<\/td>\n<td>Noir<\/td>\n<\/tr>\n<tr>\n<td>Pays d'origine<\/td>\n<td>Chine<\/td>\n<\/tr>\n<tr>\n<td>GTIN<\/td>\n<td>6017411447427<\/td>\n<\/tr>\n<\/table>","protected":false},"featured_media":442992,"comment_status":"open","ping_status":"closed","template":"","meta":[],"product_brand":[449],"product_cat":[4124,4125,4126],"product_tag":[3546],"class_list":{"0":"post-391629","1":"product","2":"type-product","3":"status-publish","4":"has-post-thumbnail","6":"product_brand-avalon","7":"product_cat-bogenschuetzer-ausruestung","8":"product_cat-taschen-koffer","9":"product_cat-huellen","10":"product_tag-neuheit","11":"product_shipping_class-bsd-standard","13":"first","14":"instock","15":"shipping-taxable","16":"purchasable","17":"product-type-simple"},"yoast_head":"<!-- This site is optimized with the Yoast SEO plugin v27.6 - https:\/\/yoast.com\/product\/yoast-seo-wordpress\/ -->\n<title>AVALON SCHUTZH\u00dcLLEN F\u00dcR NOD-\/SEHNENSCHUTZ VERBESSERT- NEOPREN MIT TR\u00c4GER \/ 30&quot;-44&quot; B\u00d6GEN - Bogensportdiscount \u2013 B\u00f6gen, Pfeile, Targets &amp; Zubeh\u00f6r<\/title>\n<meta name=\"description\" content=\"AVALON SCHUTZH\u00dcLLEN F\u00dcR NOD-\/SEHNENSCHUTZ VERBESSERT- NEOPREN MIT TR\u00c4GER \/ 30&quot;-44&quot; B\u00d6GEN g\u00fcnstig kaufen bei Bogensportdiscount \u2013 Top-Marken, schneller Versand aus der Schweiz.\" \/>\n<meta name=\"robots\" content=\"index, follow, max-snippet:-1, max-image-preview:large, max-video-preview:-1\" \/>\n<link rel=\"canonical\" href=\"https:\/\/bogensportdiscount.ch\/fr\/produit\/avalon-neopren-cam-string-schutzabdeckung-traeger-30-44-zoll\/\" \/>\n<meta property=\"og:locale\" content=\"fr_FR\" \/>\n<meta property=\"og:type\" content=\"article\" \/>\n<meta property=\"og:title\" content=\"AVALON SCHUTZH\u00dcLLEN F\u00dcR NOD-\/SEHNENSCHUTZ VERBESSERT- NEOPREN MIT TR\u00c4GER \/ 30&quot;-44&quot; B\u00d6GEN - Bogensportdiscount \u2013 B\u00f6gen, Pfeile, Targets &amp; Zubeh\u00f6r\" \/>\n<meta property=\"og:description\" content=\"AVALON SCHUTZH\u00dcLLEN F\u00dcR NOD-\/SEHNENSCHUTZ VERBESSERT- NEOPREN MIT TR\u00c4GER \/ 30&quot;-44&quot; B\u00d6GEN g\u00fcnstig kaufen bei Bogensportdiscount \u2013 Top-Marken, schneller Versand aus der Schweiz.\" \/>\n<meta property=\"og:url\" content=\"https:\/\/bogensportdiscount.ch\/fr\/produit\/avalon-neopren-cam-string-schutzabdeckung-traeger-30-44-zoll\/\" \/>\n<meta property=\"og:site_name\" content=\"Bogensportdiscount \u2013 B\u00f6gen, Pfeile, Targets &amp; Zubeh\u00f6r\" \/>\n<meta property=\"article:modified_time\" content=\"2026-05-14T05:13:30+00:00\" \/>\n<meta property=\"og:image\" content=\"https:\/\/bogensportdiscount.ch\/wp-content\/uploads\/bsm-images\/A014050_1.png\" \/>\n\t<meta property=\"og:image:width\" content=\"632\" \/>\n\t<meta property=\"og:image:height\" content=\"2049\" \/>\n\t<meta property=\"og:image:type\" content=\"image\/png\" \/>\n<meta name=\"twitter:card\" content=\"summary_large_image\" \/>\n<script type=\"application\/ld+json\" class=\"yoast-schema-graph\">{\"@context\":\"https:\\\/\\\/schema.org\",\"@graph\":[{\"@type\":\"WebPage\",\"@id\":\"https:\\\/\\\/bogensportdiscount.ch\\\/produkt\\\/avalon-neopren-cam-string-schutzabdeckung-traeger-30-44-zoll\\\/\",\"url\":\"https:\\\/\\\/bogensportdiscount.ch\\\/produkt\\\/avalon-neopren-cam-string-schutzabdeckung-traeger-30-44-zoll\\\/\",\"name\":\"AVALON SCHUTZH\u00dcLLEN F\u00dcR NOD-\\\/SEHNENSCHUTZ VERBESSERT- NEOPREN MIT TR\u00c4GER \\\/ 30\\\"-44\\\" B\u00d6GEN - Bogensportdiscount \u2013 B\u00f6gen, Pfeile, Targets &amp; Zubeh\u00f6r\",\"isPartOf\":{\"@id\":\"https:\\\/\\\/bogensportdiscount.ch\\\/#website\"},\"primaryImageOfPage\":{\"@id\":\"https:\\\/\\\/bogensportdiscount.ch\\\/produkt\\\/avalon-neopren-cam-string-schutzabdeckung-traeger-30-44-zoll\\\/#primaryimage\"},\"image\":{\"@id\":\"https:\\\/\\\/bogensportdiscount.ch\\\/produkt\\\/avalon-neopren-cam-string-schutzabdeckung-traeger-30-44-zoll\\\/#primaryimage\"},\"thumbnailUrl\":\"https:\\\/\\\/bogensportdiscount.ch\\\/wp-content\\\/uploads\\\/bsm-images\\\/A014050_1.png\",\"datePublished\":\"2026-04-05T12:23:28+00:00\",\"dateModified\":\"2026-05-14T05:13:30+00:00\",\"description\":\"AVALON SCHUTZH\u00dcLLEN F\u00dcR NOD-\\\/SEHNENSCHUTZ VERBESSERT- NEOPREN MIT TR\u00c4GER \\\/ 30\\\"-44\\\" B\u00d6GEN g\u00fcnstig kaufen bei Bogensportdiscount \u2013 Top-Marken, schneller Versand aus der Schweiz.\",\"breadcrumb\":{\"@id\":\"https:\\\/\\\/bogensportdiscount.ch\\\/produkt\\\/avalon-neopren-cam-string-schutzabdeckung-traeger-30-44-zoll\\\/#breadcrumb\"},\"inLanguage\":\"fr-FR\",\"potentialAction\":[{\"@type\":\"ReadAction\",\"target\":[\"https:\\\/\\\/bogensportdiscount.ch\\\/produkt\\\/avalon-neopren-cam-string-schutzabdeckung-traeger-30-44-zoll\\\/\"]}]},{\"@type\":\"ImageObject\",\"inLanguage\":\"fr-FR\",\"@id\":\"https:\\\/\\\/bogensportdiscount.ch\\\/produkt\\\/avalon-neopren-cam-string-schutzabdeckung-traeger-30-44-zoll\\\/#primaryimage\",\"url\":\"https:\\\/\\\/bogensportdiscount.ch\\\/wp-content\\\/uploads\\\/bsm-images\\\/A014050_1.png\",\"contentUrl\":\"https:\\\/\\\/bogensportdiscount.ch\\\/wp-content\\\/uploads\\\/bsm-images\\\/A014050_1.png\",\"width\":632,\"height\":2049},{\"@type\":\"BreadcrumbList\",\"@id\":\"https:\\\/\\\/bogensportdiscount.ch\\\/produkt\\\/avalon-neopren-cam-string-schutzabdeckung-traeger-30-44-zoll\\\/#breadcrumb\",\"itemListElement\":[{\"@type\":\"ListItem\",\"position\":1,\"name\":\"Home\",\"item\":\"https:\\\/\\\/bogensportdiscount.ch\\\/\"},{\"@type\":\"ListItem\",\"position\":2,\"name\":\"Shop\",\"item\":\"https:\\\/\\\/bogensportdiscount.ch\\\/shop\\\/\"},{\"@type\":\"ListItem\",\"position\":3,\"name\":\"AVALON COVERS FOR CAM\\\/STRING PROTECT upgraded- NEOPRENE WITH CARRIER \\\/ 30&#8243;-44&#8243; BOWS\"}]},{\"@type\":\"WebSite\",\"@id\":\"https:\\\/\\\/bogensportdiscount.ch\\\/#website\",\"url\":\"https:\\\/\\\/bogensportdiscount.ch\\\/\",\"name\":\"Bogensportdiscount\",\"description\":\"\",\"potentialAction\":[{\"@type\":\"SearchAction\",\"target\":{\"@type\":\"EntryPoint\",\"urlTemplate\":\"https:\\\/\\\/bogensportdiscount.ch\\\/?s={search_term_string}\"},\"query-input\":{\"@type\":\"PropertyValueSpecification\",\"valueRequired\":true,\"valueName\":\"search_term_string\"}}],\"inLanguage\":\"fr-FR\"}]}<\/script>\n<!-- \/ Yoast SEO plugin. -->","yoast_head_json":{"title":"AVALON SCHUTZH\u00dcLLEN F\u00dcR NOD-\/SEHNENSCHUTZ VERBESSERT- NEOPREN MIT TR\u00c4GER \/ 30\"-44\" B\u00d6GEN - Bogensportdiscount \u2013 B\u00f6gen, Pfeile, Targets &amp; Zubeh\u00f6r","description":"AVALON SCHUTZH\u00dcLLEN F\u00dcR NOD-\/SEHNENSCHUTZ VERBESSERT- NEOPREN MIT TR\u00c4GER \/ 30\"-44\" B\u00d6GEN g\u00fcnstig kaufen bei Bogensportdiscount \u2013 Top-Marken, schneller Versand aus der Schweiz.","robots":{"index":"index","follow":"follow","max-snippet":"max-snippet:-1","max-image-preview":"max-image-preview:large","max-video-preview":"max-video-preview:-1"},"canonical":"https:\/\/bogensportdiscount.ch\/fr\/produit\/avalon-neopren-cam-string-schutzabdeckung-traeger-30-44-zoll\/","og_locale":"fr_FR","og_type":"article","og_title":"AVALON SCHUTZH\u00dcLLEN F\u00dcR NOD-\/SEHNENSCHUTZ VERBESSERT- NEOPREN MIT TR\u00c4GER \/ 30\"-44\" B\u00d6GEN - Bogensportdiscount \u2013 B\u00f6gen, Pfeile, Targets &amp; Zubeh\u00f6r","og_description":"AVALON SCHUTZH\u00dcLLEN F\u00dcR NOD-\/SEHNENSCHUTZ VERBESSERT- NEOPREN MIT TR\u00c4GER \/ 30\"-44\" B\u00d6GEN g\u00fcnstig kaufen bei Bogensportdiscount \u2013 Top-Marken, schneller Versand aus der Schweiz.","og_url":"https:\/\/bogensportdiscount.ch\/fr\/produit\/avalon-neopren-cam-string-schutzabdeckung-traeger-30-44-zoll\/","og_site_name":"Bogensportdiscount \u2013 B\u00f6gen, Pfeile, Targets &amp; Zubeh\u00f6r","article_modified_time":"2026-05-14T05:13:30+00:00","og_image":[{"width":632,"height":2049,"url":"https:\/\/bogensportdiscount.ch\/wp-content\/uploads\/bsm-images\/A014050_1.png","type":"image\/png"}],"twitter_card":"summary_large_image","schema":{"@context":"https:\/\/schema.org","@graph":[{"@type":"WebPage","@id":"https:\/\/bogensportdiscount.ch\/produkt\/avalon-neopren-cam-string-schutzabdeckung-traeger-30-44-zoll\/","url":"https:\/\/bogensportdiscount.ch\/produkt\/avalon-neopren-cam-string-schutzabdeckung-traeger-30-44-zoll\/","name":"AVALON SCHUTZH\u00dcLLEN F\u00dcR NOD-\/SEHNENSCHUTZ VERBESSERT- NEOPREN MIT TR\u00c4GER \/ 30\"-44\" B\u00d6GEN - Bogensportdiscount \u2013 B\u00f6gen, Pfeile, Targets &amp; Zubeh\u00f6r","isPartOf":{"@id":"https:\/\/bogensportdiscount.ch\/#website"},"primaryImageOfPage":{"@id":"https:\/\/bogensportdiscount.ch\/produkt\/avalon-neopren-cam-string-schutzabdeckung-traeger-30-44-zoll\/#primaryimage"},"image":{"@id":"https:\/\/bogensportdiscount.ch\/produkt\/avalon-neopren-cam-string-schutzabdeckung-traeger-30-44-zoll\/#primaryimage"},"thumbnailUrl":"https:\/\/bogensportdiscount.ch\/wp-content\/uploads\/bsm-images\/A014050_1.png","datePublished":"2026-04-05T12:23:28+00:00","dateModified":"2026-05-14T05:13:30+00:00","description":"AVALON SCHUTZH\u00dcLLEN F\u00dcR NOD-\/SEHNENSCHUTZ VERBESSERT- NEOPREN MIT TR\u00c4GER \/ 30\"-44\" B\u00d6GEN g\u00fcnstig kaufen bei Bogensportdiscount \u2013 Top-Marken, schneller Versand aus der Schweiz.","breadcrumb":{"@id":"https:\/\/bogensportdiscount.ch\/produkt\/avalon-neopren-cam-string-schutzabdeckung-traeger-30-44-zoll\/#breadcrumb"},"inLanguage":"fr-FR","potentialAction":[{"@type":"ReadAction","target":["https:\/\/bogensportdiscount.ch\/produkt\/avalon-neopren-cam-string-schutzabdeckung-traeger-30-44-zoll\/"]}]},{"@type":"ImageObject","inLanguage":"fr-FR","@id":"https:\/\/bogensportdiscount.ch\/produkt\/avalon-neopren-cam-string-schutzabdeckung-traeger-30-44-zoll\/#primaryimage","url":"https:\/\/bogensportdiscount.ch\/wp-content\/uploads\/bsm-images\/A014050_1.png","contentUrl":"https:\/\/bogensportdiscount.ch\/wp-content\/uploads\/bsm-images\/A014050_1.png","width":632,"height":2049},{"@type":"BreadcrumbList","@id":"https:\/\/bogensportdiscount.ch\/produkt\/avalon-neopren-cam-string-schutzabdeckung-traeger-30-44-zoll\/#breadcrumb","itemListElement":[{"@type":"ListItem","position":1,"name":"Home","item":"https:\/\/bogensportdiscount.ch\/"},{"@type":"ListItem","position":2,"name":"Shop","item":"https:\/\/bogensportdiscount.ch\/shop\/"},{"@type":"ListItem","position":3,"name":"AVALON COVERS FOR CAM\/STRING PROTECT upgraded- NEOPRENE WITH CARRIER \/ 30&#8243;-44&#8243; BOWS"}]},{"@type":"WebSite","@id":"https:\/\/bogensportdiscount.ch\/#website","url":"https:\/\/bogensportdiscount.ch\/","name":"Bogensportdiscount","description":"","potentialAction":[{"@type":"SearchAction","target":{"@type":"EntryPoint","urlTemplate":"https:\/\/bogensportdiscount.ch\/?s={search_term_string}"},"query-input":{"@type":"PropertyValueSpecification","valueRequired":true,"valueName":"search_term_string"}}],"inLanguage":"fr-FR"}]}},"_links":{"self":[{"href":"https:\/\/bogensportdiscount.ch\/fr\/wp-json\/wp\/v2\/product\/391629","targetHints":{"allow":["GET"]}}],"collection":[{"href":"https:\/\/bogensportdiscount.ch\/fr\/wp-json\/wp\/v2\/product"}],"about":[{"href":"https:\/\/bogensportdiscount.ch\/fr\/wp-json\/wp\/v2\/types\/product"}],"replies":[{"embeddable":true,"href":"https:\/\/bogensportdiscount.ch\/fr\/wp-json\/wp\/v2\/comments?post=391629"}],"wp:featuredmedia":[{"embeddable":true,"href":"https:\/\/bogensportdiscount.ch\/fr\/wp-json\/wp\/v2\/media\/442992"}],"wp:attachment":[{"href":"https:\/\/bogensportdiscount.ch\/fr\/wp-json\/wp\/v2\/media?parent=391629"}],"wp:term":[{"taxonomy":"product_brand","embeddable":true,"href":"https:\/\/bogensportdiscount.ch\/fr\/wp-json\/wp\/v2\/product_brand?post=391629"},{"taxonomy":"product_cat","embeddable":true,"href":"https:\/\/bogensportdiscount.ch\/fr\/wp-json\/wp\/v2\/product_cat?post=391629"},{"taxonomy":"product_tag","embeddable":true,"href":"https:\/\/bogensportdiscount.ch\/fr\/wp-json\/wp\/v2\/product_tag?post=391629"}],"curies":[{"name":"wp","href":"https:\/\/api.w.org\/{rel}","templated":true}]}}