{"id":391623,"date":"2026-04-05T14:23:27","date_gmt":"2026-04-05T12:23:27","guid":{"rendered":"https:\/\/bogensportdiscount.ch\/produkt\/wiawis-wooden-grip-exfeel-striker-winstar-rh\/"},"modified":"2026-04-15T12:10:13","modified_gmt":"2026-04-15T10:10:13","slug":"wiawis-holzgriff-exfeel-striker-winstar-rh","status":"publish","type":"product","link":"https:\/\/bogensportdiscount.ch\/fr\/produit\/wiawis-holzgriff-exfeel-striker-winstar-rh\/","title":{"rendered":"WIAWIS WOODEN GRIP EXFEEL\/STRIKER\/WINSTAR RH"},"content":{"rendered":"<p>Dieser Holzgriff von WIAWIS ist speziell f\u00fcr die Recurve-B\u00f6gen der Serien Exfeel, Striker und Winstar konzipiert und bietet eine direkte Passform ohne Anpassungsaufwand. Die Rechtsh\u00e4nder-Ausf\u00fchrung (RH) sorgt f\u00fcr eine ergonomisch auf die rechte Hand abgestimmte Geometrie.<\/p>\n<p>Holzgriffe bieten gegen\u00fcber Kunststoffgriffen ein nat\u00fcrlicheres Griffgef\u00fchl und werden von vielen Sch\u00fctzen als angenehmer in der Hand empfunden. Der Griff l\u00e4sst sich als Ersatz oder Alternative zum originalen Griff des jeweiligen Bogenmodells einsetzen.<\/p>\n<ul>\n<li>Kompatibel mit Exfeel, Striker und Winstar<\/li>\n<li>Rechtsh\u00e4nder-Ausf\u00fchrung (RH)<\/li>\n<li>Material: Holz<\/li>\n<li>Direkter Austausch ohne Modifikation<\/li>\n<\/ul>","protected":false},"excerpt":{"rendered":"<p><strong>Marque :<\/strong> Wiawis<br \/><strong>LH\/RH:<\/strong> RH<br \/><strong>Farbe:<\/strong> Wood<\/p>","protected":false},"featured_media":443000,"comment_status":"open","ping_status":"closed","template":"","meta":[],"product_brand":[473],"product_cat":[4201],"product_tag":[3546],"class_list":{"0":"post-391623","1":"product","2":"type-product","3":"status-publish","4":"has-post-thumbnail","6":"product_brand-wiawis","7":"product_cat-recurve-griffe-griffe-bogen-zubehoer","8":"product_tag-neuheit","10":"first","11":"instock","12":"shipping-taxable","13":"purchasable","14":"product-type-simple"},"_links":{"self":[{"href":"https:\/\/bogensportdiscount.ch\/fr\/wp-json\/wp\/v2\/product\/391623","targetHints":{"allow":["GET"]}}],"collection":[{"href":"https:\/\/bogensportdiscount.ch\/fr\/wp-json\/wp\/v2\/product"}],"about":[{"href":"https:\/\/bogensportdiscount.ch\/fr\/wp-json\/wp\/v2\/types\/product"}],"replies":[{"embeddable":true,"href":"https:\/\/bogensportdiscount.ch\/fr\/wp-json\/wp\/v2\/comments?post=391623"}],"wp:featuredmedia":[{"embeddable":true,"href":"https:\/\/bogensportdiscount.ch\/fr\/wp-json\/wp\/v2\/media\/443000"}],"wp:attachment":[{"href":"https:\/\/bogensportdiscount.ch\/fr\/wp-json\/wp\/v2\/media?parent=391623"}],"wp:term":[{"taxonomy":"product_brand","embeddable":true,"href":"https:\/\/bogensportdiscount.ch\/fr\/wp-json\/wp\/v2\/product_brand?post=391623"},{"taxonomy":"product_cat","embeddable":true,"href":"https:\/\/bogensportdiscount.ch\/fr\/wp-json\/wp\/v2\/product_cat?post=391623"},{"taxonomy":"product_tag","embeddable":true,"href":"https:\/\/bogensportdiscount.ch\/fr\/wp-json\/wp\/v2\/product_tag?post=391623"}],"curies":[{"name":"wp","href":"https:\/\/api.w.org\/{rel}","templated":true}]}}