{"id":391579,"date":"2026-04-05T14:23:20","date_gmt":"2026-04-05T12:23:20","guid":{"rendered":"https:\/\/bogensportdiscount.ch\/produkt\/doinker-supreme-7-8-damper-1-4\/"},"modified":"2026-05-14T07:13:29","modified_gmt":"2026-05-14T05:13:29","slug":"doinker-stabilisatordaempfer-supreme-7-8-zoll-1-4","status":"publish","type":"product","link":"https:\/\/bogensportdiscount.ch\/fr\/produit\/doinker-stabilisatordaempfer-supreme-7-8-zoll-1-4\/","title":{"rendered":"DOINKER SUPREME 7\/8&#8243; AMORTISSEUR 1\/4"},"content":{"rendered":"<p>Le Doinker Supreme est un amortisseur de stabilisateur destin\u00e9 aux archers souhaitant r\u00e9duire les vibrations et les chocs dans leur syst\u00e8me de stabilisation. Avec un diam\u00e8tre de 7\/8 Zoll et un filetage de 1\/4&#8243;, il peut \u00eatre mont\u00e9 sur les stabilisateurs compatibles.<\/p>\n<p>Doinker est un fabricant reconnu d'amortisseurs de vibrations pour le tir \u00e0 l'arc. L'amortisseur Supreme est compos\u00e9 d'un \u00e9lastom\u00e8re sp\u00e9cial qui absorbe efficacement les vibrations et contribue ainsi \u00e0 la stabilit\u00e9 de l'arc apr\u00e8s le tir.<\/p>\n<ul>\n<li>Diam\u00e8tre : 7\/8&#8243;<\/li>\n<li>Filetage : 1\/4&#8243;<\/li>\n<li>Convient aux stabilisateurs pour arcs classiques et \u00e0 poulies<\/li>\n<li>R\u00e9duit les vibrations et les chocs sur le stabilisateur<\/li>\n<\/ul>","protected":false},"excerpt":{"rendered":"<p><strong>Marque :<\/strong> T\u00e9tine<br \/><strong>Couleur:<\/strong> Silbe<br \/><strong>Tailles :<\/strong> 1\/4&quot;<br \/><strong>GTIN:<\/strong> 655468900128<\/p>","protected":false},"featured_media":452295,"comment_status":"open","ping_status":"closed","template":"","meta":[],"product_brand":[785],"product_cat":[4128,4195,4197],"product_tag":[3546],"class_list":{"0":"post-391579","1":"product","2":"type-product","3":"status-publish","4":"has-post-thumbnail","6":"product_brand-doinker","7":"product_cat-bogen-zubehoer","8":"product_cat-daempfer","9":"product_cat-stabilisations-daempfer","10":"product_tag-neuheit","11":"product_shipping_class-bsd-standard","13":"first","14":"instock","15":"shipping-taxable","16":"purchasable","17":"product-type-simple"},"yoast_head":"<!-- This site is optimized with the Yoast SEO plugin v27.6 - https:\/\/yoast.com\/product\/yoast-seo-wordpress\/ -->\n<title>DOINKER SUPREME 7\/8&quot; D\u00c4MPFER 1\/4 - Bogensportdiscount \u2013 B\u00f6gen, Pfeile, Targets &amp; Zubeh\u00f6r<\/title>\n<meta name=\"description\" content=\"DOINKER SUPREME 7\/8&quot; D\u00c4MPFER 1\/4 g\u00fcnstig kaufen bei Bogensportdiscount \u2013 Top-Marken, schneller Versand aus der Schweiz.\" \/>\n<meta name=\"robots\" content=\"index, follow, max-snippet:-1, max-image-preview:large, max-video-preview:-1\" \/>\n<link rel=\"canonical\" href=\"https:\/\/bogensportdiscount.ch\/fr\/produit\/doinker-stabilisatordaempfer-supreme-7-8-zoll-1-4\/\" \/>\n<meta property=\"og:locale\" content=\"fr_FR\" \/>\n<meta property=\"og:type\" content=\"article\" \/>\n<meta property=\"og:title\" content=\"DOINKER SUPREME 7\/8&quot; D\u00c4MPFER 1\/4 - Bogensportdiscount \u2013 B\u00f6gen, Pfeile, Targets &amp; Zubeh\u00f6r\" \/>\n<meta property=\"og:description\" content=\"DOINKER SUPREME 7\/8&quot; D\u00c4MPFER 1\/4 g\u00fcnstig kaufen bei Bogensportdiscount \u2013 Top-Marken, schneller Versand aus der Schweiz.\" \/>\n<meta property=\"og:url\" content=\"https:\/\/bogensportdiscount.ch\/fr\/produit\/doinker-stabilisatordaempfer-supreme-7-8-zoll-1-4\/\" \/>\n<meta property=\"og:site_name\" content=\"Bogensportdiscount \u2013 B\u00f6gen, Pfeile, Targets &amp; Zubeh\u00f6r\" \/>\n<meta property=\"article:modified_time\" content=\"2026-05-14T05:13:29+00:00\" \/>\n<meta property=\"og:image\" content=\"https:\/\/bogensportdiscount.ch\/wp-content\/uploads\/bsm-images\/a011305_1.jpg\" \/>\n\t<meta property=\"og:image:width\" content=\"400\" \/>\n\t<meta property=\"og:image:height\" content=\"320\" \/>\n\t<meta property=\"og:image:type\" content=\"image\/jpeg\" \/>\n<meta name=\"twitter:card\" content=\"summary_large_image\" \/>\n<script type=\"application\/ld+json\" class=\"yoast-schema-graph\">{\"@context\":\"https:\\\/\\\/schema.org\",\"@graph\":[{\"@type\":\"WebPage\",\"@id\":\"https:\\\/\\\/bogensportdiscount.ch\\\/produkt\\\/doinker-stabilisatordaempfer-supreme-7-8-zoll-1-4\\\/\",\"url\":\"https:\\\/\\\/bogensportdiscount.ch\\\/produkt\\\/doinker-stabilisatordaempfer-supreme-7-8-zoll-1-4\\\/\",\"name\":\"DOINKER SUPREME 7\\\/8\\\" D\u00c4MPFER 1\\\/4 - Bogensportdiscount \u2013 B\u00f6gen, Pfeile, Targets &amp; Zubeh\u00f6r\",\"isPartOf\":{\"@id\":\"https:\\\/\\\/bogensportdiscount.ch\\\/#website\"},\"primaryImageOfPage\":{\"@id\":\"https:\\\/\\\/bogensportdiscount.ch\\\/produkt\\\/doinker-stabilisatordaempfer-supreme-7-8-zoll-1-4\\\/#primaryimage\"},\"image\":{\"@id\":\"https:\\\/\\\/bogensportdiscount.ch\\\/produkt\\\/doinker-stabilisatordaempfer-supreme-7-8-zoll-1-4\\\/#primaryimage\"},\"thumbnailUrl\":\"https:\\\/\\\/bogensportdiscount.ch\\\/wp-content\\\/uploads\\\/bsm-images\\\/a011305_1.jpg\",\"datePublished\":\"2026-04-05T12:23:20+00:00\",\"dateModified\":\"2026-05-14T05:13:29+00:00\",\"description\":\"DOINKER SUPREME 7\\\/8\\\" D\u00c4MPFER 1\\\/4 g\u00fcnstig kaufen bei Bogensportdiscount \u2013 Top-Marken, schneller Versand aus der Schweiz.\",\"breadcrumb\":{\"@id\":\"https:\\\/\\\/bogensportdiscount.ch\\\/produkt\\\/doinker-stabilisatordaempfer-supreme-7-8-zoll-1-4\\\/#breadcrumb\"},\"inLanguage\":\"fr-FR\",\"potentialAction\":[{\"@type\":\"ReadAction\",\"target\":[\"https:\\\/\\\/bogensportdiscount.ch\\\/produkt\\\/doinker-stabilisatordaempfer-supreme-7-8-zoll-1-4\\\/\"]}]},{\"@type\":\"ImageObject\",\"inLanguage\":\"fr-FR\",\"@id\":\"https:\\\/\\\/bogensportdiscount.ch\\\/produkt\\\/doinker-stabilisatordaempfer-supreme-7-8-zoll-1-4\\\/#primaryimage\",\"url\":\"https:\\\/\\\/bogensportdiscount.ch\\\/wp-content\\\/uploads\\\/bsm-images\\\/a011305_1.jpg\",\"contentUrl\":\"https:\\\/\\\/bogensportdiscount.ch\\\/wp-content\\\/uploads\\\/bsm-images\\\/a011305_1.jpg\",\"width\":400,\"height\":320},{\"@type\":\"BreadcrumbList\",\"@id\":\"https:\\\/\\\/bogensportdiscount.ch\\\/produkt\\\/doinker-stabilisatordaempfer-supreme-7-8-zoll-1-4\\\/#breadcrumb\",\"itemListElement\":[{\"@type\":\"ListItem\",\"position\":1,\"name\":\"Home\",\"item\":\"https:\\\/\\\/bogensportdiscount.ch\\\/\"},{\"@type\":\"ListItem\",\"position\":2,\"name\":\"Shop\",\"item\":\"https:\\\/\\\/bogensportdiscount.ch\\\/shop\\\/\"},{\"@type\":\"ListItem\",\"position\":3,\"name\":\"DOINKER SUPREME 7\\\/8&#8243; DAMPER 1\\\/4\"}]},{\"@type\":\"WebSite\",\"@id\":\"https:\\\/\\\/bogensportdiscount.ch\\\/#website\",\"url\":\"https:\\\/\\\/bogensportdiscount.ch\\\/\",\"name\":\"Bogensportdiscount\",\"description\":\"\",\"potentialAction\":[{\"@type\":\"SearchAction\",\"target\":{\"@type\":\"EntryPoint\",\"urlTemplate\":\"https:\\\/\\\/bogensportdiscount.ch\\\/?s={search_term_string}\"},\"query-input\":{\"@type\":\"PropertyValueSpecification\",\"valueRequired\":true,\"valueName\":\"search_term_string\"}}],\"inLanguage\":\"fr-FR\"}]}<\/script>\n<!-- \/ Yoast SEO plugin. -->","yoast_head_json":{"title":"DOINKER SUPREME 7\/8\" D\u00c4MPFER 1\/4 - Bogensportdiscount \u2013 B\u00f6gen, Pfeile, Targets &amp; Zubeh\u00f6r","description":"DOINKER SUPREME 7\/8\" D\u00c4MPFER 1\/4 g\u00fcnstig kaufen bei Bogensportdiscount \u2013 Top-Marken, schneller Versand aus der Schweiz.","robots":{"index":"index","follow":"follow","max-snippet":"max-snippet:-1","max-image-preview":"max-image-preview:large","max-video-preview":"max-video-preview:-1"},"canonical":"https:\/\/bogensportdiscount.ch\/fr\/produit\/doinker-stabilisatordaempfer-supreme-7-8-zoll-1-4\/","og_locale":"fr_FR","og_type":"article","og_title":"DOINKER SUPREME 7\/8\" D\u00c4MPFER 1\/4 - Bogensportdiscount \u2013 B\u00f6gen, Pfeile, Targets &amp; Zubeh\u00f6r","og_description":"DOINKER SUPREME 7\/8\" D\u00c4MPFER 1\/4 g\u00fcnstig kaufen bei Bogensportdiscount \u2013 Top-Marken, schneller Versand aus der Schweiz.","og_url":"https:\/\/bogensportdiscount.ch\/fr\/produit\/doinker-stabilisatordaempfer-supreme-7-8-zoll-1-4\/","og_site_name":"Bogensportdiscount \u2013 B\u00f6gen, Pfeile, Targets &amp; Zubeh\u00f6r","article_modified_time":"2026-05-14T05:13:29+00:00","og_image":[{"width":400,"height":320,"url":"https:\/\/bogensportdiscount.ch\/wp-content\/uploads\/bsm-images\/a011305_1.jpg","type":"image\/jpeg"}],"twitter_card":"summary_large_image","schema":{"@context":"https:\/\/schema.org","@graph":[{"@type":"WebPage","@id":"https:\/\/bogensportdiscount.ch\/produkt\/doinker-stabilisatordaempfer-supreme-7-8-zoll-1-4\/","url":"https:\/\/bogensportdiscount.ch\/produkt\/doinker-stabilisatordaempfer-supreme-7-8-zoll-1-4\/","name":"DOINKER SUPREME 7\/8\" D\u00c4MPFER 1\/4 - Bogensportdiscount \u2013 B\u00f6gen, Pfeile, Targets &amp; Zubeh\u00f6r","isPartOf":{"@id":"https:\/\/bogensportdiscount.ch\/#website"},"primaryImageOfPage":{"@id":"https:\/\/bogensportdiscount.ch\/produkt\/doinker-stabilisatordaempfer-supreme-7-8-zoll-1-4\/#primaryimage"},"image":{"@id":"https:\/\/bogensportdiscount.ch\/produkt\/doinker-stabilisatordaempfer-supreme-7-8-zoll-1-4\/#primaryimage"},"thumbnailUrl":"https:\/\/bogensportdiscount.ch\/wp-content\/uploads\/bsm-images\/a011305_1.jpg","datePublished":"2026-04-05T12:23:20+00:00","dateModified":"2026-05-14T05:13:29+00:00","description":"DOINKER SUPREME 7\/8\" D\u00c4MPFER 1\/4 g\u00fcnstig kaufen bei Bogensportdiscount \u2013 Top-Marken, schneller Versand aus der Schweiz.","breadcrumb":{"@id":"https:\/\/bogensportdiscount.ch\/produkt\/doinker-stabilisatordaempfer-supreme-7-8-zoll-1-4\/#breadcrumb"},"inLanguage":"fr-FR","potentialAction":[{"@type":"ReadAction","target":["https:\/\/bogensportdiscount.ch\/produkt\/doinker-stabilisatordaempfer-supreme-7-8-zoll-1-4\/"]}]},{"@type":"ImageObject","inLanguage":"fr-FR","@id":"https:\/\/bogensportdiscount.ch\/produkt\/doinker-stabilisatordaempfer-supreme-7-8-zoll-1-4\/#primaryimage","url":"https:\/\/bogensportdiscount.ch\/wp-content\/uploads\/bsm-images\/a011305_1.jpg","contentUrl":"https:\/\/bogensportdiscount.ch\/wp-content\/uploads\/bsm-images\/a011305_1.jpg","width":400,"height":320},{"@type":"BreadcrumbList","@id":"https:\/\/bogensportdiscount.ch\/produkt\/doinker-stabilisatordaempfer-supreme-7-8-zoll-1-4\/#breadcrumb","itemListElement":[{"@type":"ListItem","position":1,"name":"Home","item":"https:\/\/bogensportdiscount.ch\/"},{"@type":"ListItem","position":2,"name":"Shop","item":"https:\/\/bogensportdiscount.ch\/shop\/"},{"@type":"ListItem","position":3,"name":"DOINKER SUPREME 7\/8&#8243; DAMPER 1\/4"}]},{"@type":"WebSite","@id":"https:\/\/bogensportdiscount.ch\/#website","url":"https:\/\/bogensportdiscount.ch\/","name":"Bogensportdiscount","description":"","potentialAction":[{"@type":"SearchAction","target":{"@type":"EntryPoint","urlTemplate":"https:\/\/bogensportdiscount.ch\/?s={search_term_string}"},"query-input":{"@type":"PropertyValueSpecification","valueRequired":true,"valueName":"search_term_string"}}],"inLanguage":"fr-FR"}]}},"_links":{"self":[{"href":"https:\/\/bogensportdiscount.ch\/fr\/wp-json\/wp\/v2\/product\/391579","targetHints":{"allow":["GET"]}}],"collection":[{"href":"https:\/\/bogensportdiscount.ch\/fr\/wp-json\/wp\/v2\/product"}],"about":[{"href":"https:\/\/bogensportdiscount.ch\/fr\/wp-json\/wp\/v2\/types\/product"}],"replies":[{"embeddable":true,"href":"https:\/\/bogensportdiscount.ch\/fr\/wp-json\/wp\/v2\/comments?post=391579"}],"wp:featuredmedia":[{"embeddable":true,"href":"https:\/\/bogensportdiscount.ch\/fr\/wp-json\/wp\/v2\/media\/452295"}],"wp:attachment":[{"href":"https:\/\/bogensportdiscount.ch\/fr\/wp-json\/wp\/v2\/media?parent=391579"}],"wp:term":[{"taxonomy":"product_brand","embeddable":true,"href":"https:\/\/bogensportdiscount.ch\/fr\/wp-json\/wp\/v2\/product_brand?post=391579"},{"taxonomy":"product_cat","embeddable":true,"href":"https:\/\/bogensportdiscount.ch\/fr\/wp-json\/wp\/v2\/product_cat?post=391579"},{"taxonomy":"product_tag","embeddable":true,"href":"https:\/\/bogensportdiscount.ch\/fr\/wp-json\/wp\/v2\/product_tag?post=391579"}],"curies":[{"name":"wp","href":"https:\/\/api.w.org\/{rel}","templated":true}]}}