{"id":391576,"date":"2026-04-05T14:23:19","date_gmt":"2026-04-05T12:23:19","guid":{"rendered":"https:\/\/bogensportdiscount.ch\/produkt\/limbsaver-rubber-insulator-strip\/"},"modified":"2026-05-14T07:13:29","modified_gmt":"2026-05-14T05:13:29","slug":"limbsaver-gummi-isolierstreifen","status":"publish","type":"product","link":"https:\/\/bogensportdiscount.ch\/fr\/produit\/limbsaver-gummi-isolierstreifen\/","title":{"rendered":"BANDES ISOLANTES EN CAOUTCHOUC LIMBSAVER"},"content":{"rendered":"<p>La bande isolante en caoutchouc LIMBSAVER est un accessoire d'amortissement de la marque LIMBSAVER, fabricant sp\u00e9cialis\u00e9 dans les amortisseurs de vibrations pour le tir \u00e0 l'arc. La bande en caoutchouc flexible peut \u00eatre fix\u00e9e \u00e0 diff\u00e9rentes positions sur l'arc et absorbe les chocs ainsi que les vibrations g\u00e9n\u00e9r\u00e9s apr\u00e8s le tir.<\/p>\n<p>Gr\u00e2ce au mat\u00e9riau en caoutchouc LIMBSAVER utilis\u00e9, les vibrations sont efficacement amorties et les bruits g\u00eanants sont r\u00e9duits. Le produit convient comme compl\u00e9ment \u00e0 un syst\u00e8me d'amortissement existant ou comme mesure individuelle simple pour stabiliser l'arc.<\/p>\n<ul>\n<li>Amortissement des vibrations et des bruits sur l'arc<\/li>\n<li>Bande en caoutchouc flexible pour un montage facile<\/li>\n<li>De LIMBSAVER, fabricant sp\u00e9cialis\u00e9 dans les solutions d'amortissement<\/li>\n<li>Convient comme compl\u00e9ment au syst\u00e8me d'amortissement existant<\/li>\n<\/ul>","protected":false},"excerpt":{"rendered":"<table>\n<tr>\n<th>Propri\u00e9t\u00e9<\/th>\n<th>Valeur<\/th>\n<\/tr>\n<tr>\n<td>Marque<\/td>\n<td>Limbsaver<\/td>\n<\/tr>\n<tr>\n<td>Couleur<\/td>\n<td>Noir<\/td>\n<\/tr>\n<tr>\n<td>Pays d'origine<\/td>\n<td>USA<\/td>\n<\/tr>\n<tr>\n<td>GTIN<\/td>\n<td>697438034105<\/td>\n<\/tr>\n<\/table>","protected":false},"featured_media":447002,"comment_status":"open","ping_status":"closed","template":"","meta":[],"product_brand":[801],"product_cat":[4128,4195,4341],"product_tag":[3546],"class_list":{"0":"post-391576","1":"product","2":"type-product","3":"status-publish","4":"has-post-thumbnail","6":"product_brand-limbsaver","7":"product_cat-bogen-zubehoer","8":"product_cat-daempfer","9":"product_cat-mittelteil-daempfer","10":"product_tag-neuheit","11":"product_shipping_class-bsd-standard","13":"first","14":"instock","15":"shipping-taxable","16":"purchasable","17":"product-type-simple"},"yoast_head":"<!-- This site is optimized with the Yoast SEO plugin v27.6 - https:\/\/yoast.com\/product\/yoast-seo-wordpress\/ -->\n<title>Bandes isolantes en caoutchouc LIMBSAVER - Bogensportdiscount \u2013 Arcs, fl\u00e8ches, cibles et accessoires<\/title>\n<meta name=\"description\" content=\"Achetez les bandes isolantes en caoutchouc LIMBSAVER \u00e0 prix avantageux chez Bogensportdiscount \u2013 Les meilleures marques, livraison rapide depuis la Suisse.\" \/>\n<meta name=\"robots\" content=\"index, follow, max-snippet:-1, max-image-preview:large, max-video-preview:-1\" \/>\n<link rel=\"canonical\" href=\"https:\/\/bogensportdiscount.ch\/fr\/produit\/limbsaver-gummi-isolierstreifen\/\" \/>\n<meta property=\"og:locale\" content=\"fr_FR\" \/>\n<meta property=\"og:type\" content=\"article\" \/>\n<meta property=\"og:title\" content=\"BANDES ISOLANTES EN CAOUTCHOUC LIMBSAVER - Bogensportdiscount \u2013 Arcs, fl\u00e8ches, cibles et accessoires\" \/>\n<meta property=\"og:description\" content=\"Achetez les bandes isolantes en caoutchouc LIMBSAVER \u00e0 prix avantageux chez Bogensportdiscount \u2013 Les meilleures marques, livraison rapide depuis la Suisse.\" \/>\n<meta property=\"og:url\" content=\"https:\/\/bogensportdiscount.ch\/fr\/produit\/limbsaver-gummi-isolierstreifen\/\" \/>\n<meta property=\"og:site_name\" content=\"Bogensportdiscount \u2013 B\u00f6gen, Pfeile, Targets &amp; Zubeh\u00f6r\" \/>\n<meta property=\"article:modified_time\" content=\"2026-05-14T05:13:29+00:00\" \/>\n<meta property=\"og:image\" content=\"https:\/\/bogensportdiscount.ch\/wp-content\/uploads\/bsm-images\/A011288_1.png\" \/>\n\t<meta property=\"og:image:width\" content=\"1230\" \/>\n\t<meta property=\"og:image:height\" content=\"577\" \/>\n\t<meta property=\"og:image:type\" content=\"image\/png\" \/>\n<meta name=\"twitter:card\" content=\"summary_large_image\" \/>\n<meta name=\"twitter:label1\" content=\"Dur\u00e9e de lecture estim\u00e9e\" \/>\n\t<meta name=\"twitter:data1\" content=\"1 minute\" \/>\n<script type=\"application\/ld+json\" class=\"yoast-schema-graph\">{\"@context\":\"https:\\\/\\\/schema.org\",\"@graph\":[{\"@type\":\"WebPage\",\"@id\":\"https:\\\/\\\/bogensportdiscount.ch\\\/produkt\\\/limbsaver-gummi-isolierstreifen\\\/\",\"url\":\"https:\\\/\\\/bogensportdiscount.ch\\\/produkt\\\/limbsaver-gummi-isolierstreifen\\\/\",\"name\":\"LIMBSAVER GUMMI ISOLIERSTREIFEN - Bogensportdiscount \u2013 B\u00f6gen, Pfeile, Targets &amp; Zubeh\u00f6r\",\"isPartOf\":{\"@id\":\"https:\\\/\\\/bogensportdiscount.ch\\\/#website\"},\"primaryImageOfPage\":{\"@id\":\"https:\\\/\\\/bogensportdiscount.ch\\\/produkt\\\/limbsaver-gummi-isolierstreifen\\\/#primaryimage\"},\"image\":{\"@id\":\"https:\\\/\\\/bogensportdiscount.ch\\\/produkt\\\/limbsaver-gummi-isolierstreifen\\\/#primaryimage\"},\"thumbnailUrl\":\"https:\\\/\\\/bogensportdiscount.ch\\\/wp-content\\\/uploads\\\/bsm-images\\\/A011288_1.png\",\"datePublished\":\"2026-04-05T12:23:19+00:00\",\"dateModified\":\"2026-05-14T05:13:29+00:00\",\"description\":\"LIMBSAVER GUMMI ISOLIERSTREIFEN g\u00fcnstig kaufen bei Bogensportdiscount \u2013 Top-Marken, schneller Versand aus der Schweiz.\",\"breadcrumb\":{\"@id\":\"https:\\\/\\\/bogensportdiscount.ch\\\/produkt\\\/limbsaver-gummi-isolierstreifen\\\/#breadcrumb\"},\"inLanguage\":\"fr-FR\",\"potentialAction\":[{\"@type\":\"ReadAction\",\"target\":[\"https:\\\/\\\/bogensportdiscount.ch\\\/produkt\\\/limbsaver-gummi-isolierstreifen\\\/\"]}]},{\"@type\":\"ImageObject\",\"inLanguage\":\"fr-FR\",\"@id\":\"https:\\\/\\\/bogensportdiscount.ch\\\/produkt\\\/limbsaver-gummi-isolierstreifen\\\/#primaryimage\",\"url\":\"https:\\\/\\\/bogensportdiscount.ch\\\/wp-content\\\/uploads\\\/bsm-images\\\/A011288_1.png\",\"contentUrl\":\"https:\\\/\\\/bogensportdiscount.ch\\\/wp-content\\\/uploads\\\/bsm-images\\\/A011288_1.png\",\"width\":1230,\"height\":577},{\"@type\":\"BreadcrumbList\",\"@id\":\"https:\\\/\\\/bogensportdiscount.ch\\\/produkt\\\/limbsaver-gummi-isolierstreifen\\\/#breadcrumb\",\"itemListElement\":[{\"@type\":\"ListItem\",\"position\":1,\"name\":\"Home\",\"item\":\"https:\\\/\\\/bogensportdiscount.ch\\\/\"},{\"@type\":\"ListItem\",\"position\":2,\"name\":\"Shop\",\"item\":\"https:\\\/\\\/bogensportdiscount.ch\\\/shop\\\/\"},{\"@type\":\"ListItem\",\"position\":3,\"name\":\"LIMBSAVER RUBBER INSULATOR STRIP\"}]},{\"@type\":\"WebSite\",\"@id\":\"https:\\\/\\\/bogensportdiscount.ch\\\/#website\",\"url\":\"https:\\\/\\\/bogensportdiscount.ch\\\/\",\"name\":\"Bogensportdiscount\",\"description\":\"\",\"potentialAction\":[{\"@type\":\"SearchAction\",\"target\":{\"@type\":\"EntryPoint\",\"urlTemplate\":\"https:\\\/\\\/bogensportdiscount.ch\\\/?s={search_term_string}\"},\"query-input\":{\"@type\":\"PropertyValueSpecification\",\"valueRequired\":true,\"valueName\":\"search_term_string\"}}],\"inLanguage\":\"fr-FR\"}]}<\/script>\n<!-- \/ Yoast SEO plugin. -->","yoast_head_json":{"title":"Bandes isolantes en caoutchouc LIMBSAVER - Bogensportdiscount \u2013 Arcs, fl\u00e8ches, cibles et accessoires","description":"Achetez les bandes isolantes en caoutchouc LIMBSAVER \u00e0 prix avantageux chez Bogensportdiscount \u2013 Les meilleures marques, livraison rapide depuis la Suisse.","robots":{"index":"index","follow":"follow","max-snippet":"max-snippet:-1","max-image-preview":"max-image-preview:large","max-video-preview":"max-video-preview:-1"},"canonical":"https:\/\/bogensportdiscount.ch\/fr\/produit\/limbsaver-gummi-isolierstreifen\/","og_locale":"fr_FR","og_type":"article","og_title":"BANDES ISOLANTES EN CAOUTCHOUC LIMBSAVER - Bogensportdiscount \u2013 Arcs, fl\u00e8ches, cibles et accessoires","og_description":"Achetez les bandes isolantes en caoutchouc LIMBSAVER \u00e0 prix avantageux chez Bogensportdiscount \u2013 Les meilleures marques, livraison rapide depuis la Suisse.","og_url":"https:\/\/bogensportdiscount.ch\/fr\/produit\/limbsaver-gummi-isolierstreifen\/","og_site_name":"Bogensportdiscount \u2013 B\u00f6gen, Pfeile, Targets &amp; Zubeh\u00f6r","article_modified_time":"2026-05-14T05:13:29+00:00","og_image":[{"width":1230,"height":577,"url":"https:\/\/bogensportdiscount.ch\/wp-content\/uploads\/bsm-images\/A011288_1.png","type":"image\/png"}],"twitter_card":"summary_large_image","twitter_misc":{"Dur\u00e9e de lecture estim\u00e9e":"1 minute"},"schema":{"@context":"https:\/\/schema.org","@graph":[{"@type":"WebPage","@id":"https:\/\/bogensportdiscount.ch\/produkt\/limbsaver-gummi-isolierstreifen\/","url":"https:\/\/bogensportdiscount.ch\/produkt\/limbsaver-gummi-isolierstreifen\/","name":"BANDES ISOLANTES EN CAOUTCHOUC LIMBSAVER - Bogensportdiscount \u2013 Arcs, fl\u00e8ches, cibles et accessoires","isPartOf":{"@id":"https:\/\/bogensportdiscount.ch\/#website"},"primaryImageOfPage":{"@id":"https:\/\/bogensportdiscount.ch\/produkt\/limbsaver-gummi-isolierstreifen\/#primaryimage"},"image":{"@id":"https:\/\/bogensportdiscount.ch\/produkt\/limbsaver-gummi-isolierstreifen\/#primaryimage"},"thumbnailUrl":"https:\/\/bogensportdiscount.ch\/wp-content\/uploads\/bsm-images\/A011288_1.png","datePublished":"2026-04-05T12:23:19+00:00","dateModified":"2026-05-14T05:13:29+00:00","description":"Achetez les bandes isolantes en caoutchouc LIMBSAVER \u00e0 prix avantageux chez Bogensportdiscount \u2013 Les meilleures marques, livraison rapide depuis la Suisse.","breadcrumb":{"@id":"https:\/\/bogensportdiscount.ch\/produkt\/limbsaver-gummi-isolierstreifen\/#breadcrumb"},"inLanguage":"fr-FR","potentialAction":[{"@type":"ReadAction","target":["https:\/\/bogensportdiscount.ch\/produkt\/limbsaver-gummi-isolierstreifen\/"]}]},{"@type":"ImageObject","inLanguage":"fr-FR","@id":"https:\/\/bogensportdiscount.ch\/produkt\/limbsaver-gummi-isolierstreifen\/#primaryimage","url":"https:\/\/bogensportdiscount.ch\/wp-content\/uploads\/bsm-images\/A011288_1.png","contentUrl":"https:\/\/bogensportdiscount.ch\/wp-content\/uploads\/bsm-images\/A011288_1.png","width":1230,"height":577},{"@type":"BreadcrumbList","@id":"https:\/\/bogensportdiscount.ch\/produkt\/limbsaver-gummi-isolierstreifen\/#breadcrumb","itemListElement":[{"@type":"ListItem","position":1,"name":"Home","item":"https:\/\/bogensportdiscount.ch\/"},{"@type":"ListItem","position":2,"name":"Shop","item":"https:\/\/bogensportdiscount.ch\/shop\/"},{"@type":"ListItem","position":3,"name":"LIMBSAVER RUBBER INSULATOR STRIP"}]},{"@type":"WebSite","@id":"https:\/\/bogensportdiscount.ch\/#website","url":"https:\/\/bogensportdiscount.ch\/","name":"Bogensportdiscount","description":"","potentialAction":[{"@type":"SearchAction","target":{"@type":"EntryPoint","urlTemplate":"https:\/\/bogensportdiscount.ch\/?s={search_term_string}"},"query-input":{"@type":"PropertyValueSpecification","valueRequired":true,"valueName":"search_term_string"}}],"inLanguage":"fr-FR"}]}},"_links":{"self":[{"href":"https:\/\/bogensportdiscount.ch\/fr\/wp-json\/wp\/v2\/product\/391576","targetHints":{"allow":["GET"]}}],"collection":[{"href":"https:\/\/bogensportdiscount.ch\/fr\/wp-json\/wp\/v2\/product"}],"about":[{"href":"https:\/\/bogensportdiscount.ch\/fr\/wp-json\/wp\/v2\/types\/product"}],"replies":[{"embeddable":true,"href":"https:\/\/bogensportdiscount.ch\/fr\/wp-json\/wp\/v2\/comments?post=391576"}],"wp:featuredmedia":[{"embeddable":true,"href":"https:\/\/bogensportdiscount.ch\/fr\/wp-json\/wp\/v2\/media\/447002"}],"wp:attachment":[{"href":"https:\/\/bogensportdiscount.ch\/fr\/wp-json\/wp\/v2\/media?parent=391576"}],"wp:term":[{"taxonomy":"product_brand","embeddable":true,"href":"https:\/\/bogensportdiscount.ch\/fr\/wp-json\/wp\/v2\/product_brand?post=391576"},{"taxonomy":"product_cat","embeddable":true,"href":"https:\/\/bogensportdiscount.ch\/fr\/wp-json\/wp\/v2\/product_cat?post=391576"},{"taxonomy":"product_tag","embeddable":true,"href":"https:\/\/bogensportdiscount.ch\/fr\/wp-json\/wp\/v2\/product_tag?post=391576"}],"curies":[{"name":"wp","href":"https:\/\/api.w.org\/{rel}","templated":true}]}}